{"id":23660,"date":"2023-06-14T16:25:40","date_gmt":"2023-06-14T19:25:40","guid":{"rendered":"https:\/\/wp.ufpel.edu.br\/progep\/?page_id=23660"},"modified":"2025-06-30T14:35:28","modified_gmt":"2025-06-30T17:35:28","slug":"capacita-na-web-treinamento-siads-para-requisitantes-de-itens-em-estoque-no-almoxarifado","status":"publish","type":"page","link":"https:\/\/wp.ufpel.edu.br\/progep\/capacita-na-web-treinamento-siads-para-requisitantes-de-itens-em-estoque-no-almoxarifado\/","title":{"rendered":"Capacita\u00e7\u00e3o: Capacita na Web &#8211; Treinamento SIADS para requisitantes de itens em estoque no Almoxarifado"},"content":{"rendered":"<p style=\"text-align: left\"><span style=\"font-size: 12pt\"><strong>Facilitadoras: <\/strong><\/span><br \/>\n<span style=\"font-size: 12pt\">&#8211; Eliara Santos da Silva (Coordenadora de Material e Patrim\u00f4nio &#8211; PRA\/UFPel)<\/span><br \/>\n<span style=\"font-size: 12pt\">&#8211; Jessica Roberta da Silva Gomes (Servidora T\u00e9c. Administrativa da Unidade de Almoxarifado Central\/Coordena\u00e7\u00e3o de Material e Patrim\u00f4nio da UFPel)<\/span><\/p>\n<p><span style=\"font-size: 12pt\"><strong>Data:<\/strong><\/span><br \/>\n<span style=\"font-size: 12pt\">\u2022 <span style=\"text-decoration: underline\">Turma 1<\/span> &#8211; 27\/06 (Ter\u00e7a-feira, das 09:00 \u00e0s 10:30)<\/span><br \/>\n<span style=\"font-size: 12pt\">\u2022 <span style=\"text-decoration: underline\">Turma 2<\/span> &#8211; 29\/06 (Quinta-feira, das 14:00 \u00e0s 15:30)<\/span><\/p>\n<p><span style=\"font-size: 12pt\"><strong>Carga hor\u00e1ria total<\/strong>: 1 hora e 30 minutos<\/span><\/p>\n<p><span style=\"font-size: 12pt\"><strong>Realiza\u00e7\u00e3o:<\/strong> Plataforma Webconf da UFPel (na modalidade\u00a0<em>online)<\/em><\/span><\/p>\n<p><span style=\"font-size: 12pt\"><strong>Ementa:<\/strong><\/span><br \/>\n<span style=\"font-size: 12pt\">\u2022 Introdu\u00e7\u00e3o;<\/span><br \/>\n<span style=\"font-size: 12pt\">\u2022 Legisla\u00e7\u00e3o;<\/span><br \/>\n<span style=\"font-size: 12pt\">\u2022 Apresenta\u00e7\u00e3o do sistema e suas funcionalidades.<\/span><\/p>\n<p><span style=\"font-size: 12pt\"><strong>P\u00fablico Alvo<\/strong>: <span style=\"color: #ff6600\"><strong>Todos os servidores da UFPel que realizam a inclus\u00e3o da requisi\u00e7\u00e3o dos materiais em estoque no Almoxarifado Central.<\/strong><\/span>*<\/span><\/p>\n<p><span style=\"font-size: 12pt\"><strong>Vagas<\/strong>: Limite de 20 vagas por turma<\/span><\/p>\n<p><span style=\"font-size: 12pt\"><strong>Per\u00edodo de inscri\u00e7\u00e3o<\/strong>: 14 a 25\/06\/2023<\/span><\/p>\n<p><span style=\"font-size: 12pt\"><strong>Divulga\u00e7\u00e3o das inscri\u00e7\u00f5es homologadas<\/strong>: 26\/06**, nesta p\u00e1gina.<\/span><\/p>\n<p><span style=\"font-size: 12pt\">*Considerando a Pol\u00edtica Nacional de Desenvolvimento de Pessoas, conforme Decreto n\u00ba 9.991\/19, somente ser\u00e3o certificados os servidores p\u00fablicos pertencentes ao Quadro Efetivo da UFPel.<\/span><\/p>\n<p><span style=\"font-size: 12pt\">**Quando homologadas as inscri\u00e7\u00f5es, os selecionados receber\u00e3o e-mail com instru\u00e7\u00f5es de acesso \u00e0 sala de Webconf da UFPel.<\/span><\/p>\n<p><span style=\"font-size: 12pt\"><a href=\"https:\/\/wp.ufpel.edu.br\/progep\/files\/2023\/06\/Treinamento-SIADS-para-requisitantes-de-itens-em-estoque-no-Almoxarifado-TURMA-1-27-06-2023.pdf\" target=\"_blank\" rel=\"noopener\"><span style=\"color: #ff6600\"><strong>INSCRI\u00c7\u00d5ES HOMOLOGADAS &#8211; TURMA 1 (27\/06 &#8211; 9h)<\/strong><\/span><\/a><\/span><\/p>\n<p><span style=\"font-size: 12pt\"><a href=\"https:\/\/wp.ufpel.edu.br\/progep\/files\/2023\/06\/Treinamento-SIADS-para-requisitantes-de-itens-em-estoque-no-Almoxarifado-TURMA-2-29-06-2023.pdf\" target=\"_blank\" rel=\"noopener\"><span style=\"color: #ff6600\"><strong><span style=\"color: #ff6600\">INSCRI\u00c7\u00d5ES HOMOLOGADAS &#8211; TURMA 2 (29\/06 &#8211; 14h)<\/span><\/strong><\/span><\/a><\/span><\/p>\n","protected":false},"excerpt":{"rendered":"<p>Facilitadoras: &#8211; Eliara Santos da Silva (Coordenadora de Material e Patrim\u00f4nio &#8211; PRA\/UFPel) &#8211; Jessica Roberta da Silva Gomes (Servidora T\u00e9c. Administrativa da Unidade de Almoxarifado Central\/Coordena\u00e7\u00e3o de Material e Patrim\u00f4nio da UFPel) Data: \u2022 Turma 1 &#8211; 27\/06 (Ter\u00e7a-feira, das 09:00 \u00e0s 10:30) \u2022 Turma 2 &#8211; 29\/06 (Quinta-feira, das 14:00 \u00e0s 15:30) Carga [&hellip;]<\/p>\n","protected":false},"author":21,"featured_media":0,"parent":0,"menu_order":0,"comment_status":"closed","ping_status":"closed","template":"","meta":{"footnotes":""},"class_list":["post-23660","page","type-page","status-publish","hentry"],"_links":{"self":[{"href":"https:\/\/wp.ufpel.edu.br\/progep\/wp-json\/wp\/v2\/pages\/23660","targetHints":{"allow":["GET"]}}],"collection":[{"href":"https:\/\/wp.ufpel.edu.br\/progep\/wp-json\/wp\/v2\/pages"}],"about":[{"href":"https:\/\/wp.ufpel.edu.br\/progep\/wp-json\/wp\/v2\/types\/page"}],"author":[{"embeddable":true,"href":"https:\/\/wp.ufpel.edu.br\/progep\/wp-json\/wp\/v2\/users\/21"}],"replies":[{"embeddable":true,"href":"https:\/\/wp.ufpel.edu.br\/progep\/wp-json\/wp\/v2\/comments?post=23660"}],"version-history":[{"count":8,"href":"https:\/\/wp.ufpel.edu.br\/progep\/wp-json\/wp\/v2\/pages\/23660\/revisions"}],"predecessor-version":[{"id":34096,"href":"https:\/\/wp.ufpel.edu.br\/progep\/wp-json\/wp\/v2\/pages\/23660\/revisions\/34096"}],"wp:attachment":[{"href":"https:\/\/wp.ufpel.edu.br\/progep\/wp-json\/wp\/v2\/media?parent=23660"}],"curies":[{"name":"wp","href":"https:\/\/api.w.org\/{rel}","templated":true}]}}