{"id":23637,"date":"2023-06-14T11:47:23","date_gmt":"2023-06-14T14:47:23","guid":{"rendered":"https:\/\/wp.ufpel.edu.br\/progep\/?page_id=23637"},"modified":"2025-06-30T14:34:59","modified_gmt":"2025-06-30T17:34:59","slug":"palestra-ciencia-e-sociedade-liderancas-femininas-onde-estao-e-quais-os-desafios-na-atualidade","status":"publish","type":"page","link":"https:\/\/wp.ufpel.edu.br\/progep\/palestra-ciencia-e-sociedade-liderancas-femininas-onde-estao-e-quais-os-desafios-na-atualidade\/","title":{"rendered":"Capacita\u00e7\u00e3o: Palestra: Ci\u00eancia e Sociedade: lideran\u00e7as femininas, onde est\u00e3o e quais os desafios na atualidade?"},"content":{"rendered":"<p><span style=\"font-size: 12pt\"><strong>Palestrante: <\/strong>M\u00e1rcia Foster Mesko (Docente &#8211; Centro de Ci\u00eancias Qu\u00edmicas, Farmac\u00eauticas e de Alimentos\/ UFPEL)<\/span><\/p>\n<p><span style=\"font-size: 12pt\"><strong>Data:<\/strong> 05\/07\/2023 (quarta-feira)<\/span><\/p>\n<p><span style=\"font-size: 12pt\"><strong>Hor\u00e1rio: <\/strong>das 14h \u00e0s 16h<\/span><\/p>\n<p><span style=\"font-size: 12pt\"><strong>Realiza\u00e7\u00e3o:<\/strong> <del>Audit\u00f3rio da Reitoria &#8211; 4\u00b0 andar do Campus Anglo da UFPel<\/del> \u00a0<span style=\"color: #ff6600\"><strong>Online &#8211; Webconf<\/strong><\/span><\/span><br \/>\n<span style=\"font-size: 12pt\"><span style=\"text-decoration: underline\">Aten\u00e7\u00e3o<\/span>: Informamos que houve altera\u00e7\u00e3o na modalidade de realiza\u00e7\u00e3o da capacita\u00e7\u00e3o. Em vez de presencial, a capacita\u00e7\u00e3o <span style=\"text-decoration: underline\">ser\u00e1\u00a0 realizada no formato online<\/span> atrav\u00e9s da plataforma Webconf da UFPel, no mesmo dia e hor\u00e1rio.<\/span><\/p>\n<p><span style=\"font-size: 12pt\"><strong>Ementa:\u00a0<\/strong><\/span><\/p>\n<ul>\n<li><span style=\"font-size: 12pt\">Hist\u00f3rico e panorama atual da atua\u00e7\u00e3o feminina na ci\u00eancia e na sociedade<\/span><\/li>\n<li class=\"v1ydp8fa866b7MsoListParagraphCxSpMiddle\"><span style=\"font-size: 12pt\">Impactos da diversidade de g\u00eanero no desenvolvimento cient\u00edfico, tecnol\u00f3gico e social<\/span><\/li>\n<li class=\"v1ydp8fa866b7MsoListParagraphCxSpMiddle\"><span style=\"font-size: 12pt\">Desafios e perspectivas para as meninas e mulheres no contexto atual<\/span><\/li>\n<li class=\"v1ydp8fa866b7MsoListParagraphCxSpMiddle\"><span style=\"font-size: 12pt\">Ambientes de trabalho: onde est\u00e1 a sororidade?<\/span><\/li>\n<li class=\"v1ydp8fa866b7MsoListParagraphCxSpMiddle\"><span style=\"font-size: 12pt\">S\u00edndrome ou fen\u00f4meno da impostora?<\/span><\/li>\n<li class=\"v1ydp8fa866b7MsoListParagraphCxSpLast\"><span style=\"font-size: 12pt\">A\u00e7\u00f5es para motivar e promover lideran\u00e7as femininas na sociedade contempor\u00e2nea<\/span><\/li>\n<\/ul>\n<p><span style=\"font-size: 12pt\"><strong>P\u00fablico Alvo<\/strong>: Servidores docentes e TAE\u2019s ativos*<\/span><\/p>\n<p><span style=\"font-size: 12pt\"><strong>Per\u00edodo de inscri\u00e7\u00e3o<\/strong>: 14\/06 a 02\/07\/2023<\/span><\/p>\n<p><span style=\"font-size: 12pt\"><strong>Divulga\u00e7\u00e3o das inscri\u00e7\u00f5es homologadas<\/strong>: 03\/07**, nesta p\u00e1gina.<\/span><\/p>\n<p><span style=\"font-size: 12pt\">*Considerando a Pol\u00edtica Nacional de Desenvolvimento de Pessoas, conforme Decreto n\u00ba 9.991\/19, somente ser\u00e3o certificados os servidores p\u00fablicos pertencentes ao Quadro Efetivo da UFPel.<\/span><\/p>\n<p><span style=\"font-size: 12pt\">**Quando homologadas as inscri\u00e7\u00f5es, os selecionados receber\u00e3o e-mail com instru\u00e7\u00f5es de acesso \u00e0 sala de Webconf da UFPel.<\/span><\/p>\n<p><span style=\"color: #ff6600;font-size: 12pt\"><strong><span style=\"color: #ff6600\"><a style=\"color: #ff6600\" href=\"https:\/\/wp.ufpel.edu.br\/progep\/files\/2023\/07\/Homologados-Palestra-Ciencia-e-Sociedade-Liderancas-femininas-onde-estao-e-quais-os-desafios-na-atualidade-05-07-2023.pdf\" target=\"_blank\" rel=\"noopener\">INSCRI\u00c7\u00d5ES HOMOLOGADAS<\/a><\/span><\/strong><\/span><\/p>\n<p>&nbsp;<\/p>\n","protected":false},"excerpt":{"rendered":"<p>Palestrante: M\u00e1rcia Foster Mesko (Docente &#8211; Centro de Ci\u00eancias Qu\u00edmicas, Farmac\u00eauticas e de Alimentos\/ UFPEL) Data: 05\/07\/2023 (quarta-feira) Hor\u00e1rio: das 14h \u00e0s 16h Realiza\u00e7\u00e3o: Audit\u00f3rio da Reitoria &#8211; 4\u00b0 andar do Campus Anglo da UFPel \u00a0Online &#8211; Webconf Aten\u00e7\u00e3o: Informamos que houve altera\u00e7\u00e3o na modalidade de realiza\u00e7\u00e3o da capacita\u00e7\u00e3o. Em vez de presencial, a capacita\u00e7\u00e3o [&hellip;]<\/p>\n","protected":false},"author":21,"featured_media":0,"parent":0,"menu_order":0,"comment_status":"closed","ping_status":"closed","template":"","meta":{"footnotes":""},"class_list":["post-23637","page","type-page","status-publish","hentry"],"_links":{"self":[{"href":"https:\/\/wp.ufpel.edu.br\/progep\/wp-json\/wp\/v2\/pages\/23637","targetHints":{"allow":["GET"]}}],"collection":[{"href":"https:\/\/wp.ufpel.edu.br\/progep\/wp-json\/wp\/v2\/pages"}],"about":[{"href":"https:\/\/wp.ufpel.edu.br\/progep\/wp-json\/wp\/v2\/types\/page"}],"author":[{"embeddable":true,"href":"https:\/\/wp.ufpel.edu.br\/progep\/wp-json\/wp\/v2\/users\/21"}],"replies":[{"embeddable":true,"href":"https:\/\/wp.ufpel.edu.br\/progep\/wp-json\/wp\/v2\/comments?post=23637"}],"version-history":[{"count":14,"href":"https:\/\/wp.ufpel.edu.br\/progep\/wp-json\/wp\/v2\/pages\/23637\/revisions"}],"predecessor-version":[{"id":34093,"href":"https:\/\/wp.ufpel.edu.br\/progep\/wp-json\/wp\/v2\/pages\/23637\/revisions\/34093"}],"wp:attachment":[{"href":"https:\/\/wp.ufpel.edu.br\/progep\/wp-json\/wp\/v2\/media?parent=23637"}],"curies":[{"name":"wp","href":"https:\/\/api.w.org\/{rel}","templated":true}]}}