{"id":23593,"date":"2023-06-12T15:18:55","date_gmt":"2023-06-12T18:18:55","guid":{"rendered":"https:\/\/wp.ufpel.edu.br\/progep\/?page_id=23593"},"modified":"2025-12-26T18:46:31","modified_gmt":"2025-12-26T21:46:31","slug":"convocacoes-edital-08-2023","status":"publish","type":"page","link":"https:\/\/wp.ufpel.edu.br\/progep\/convocacoes-edital-08-2023\/","title":{"rendered":"Convoca\u00e7\u00f5es \u2013 Edital 08\/2023"},"content":{"rendered":"\n<div class=\"wp-block-group\"><div class=\"wp-block-group__inner-container is-layout-constrained wp-block-group-is-layout-constrained\">\n<div class=\"logoTituloModelStyle\"><img class=\"size-medium wp-image-27184 alignleft\" src=\"https:\/\/wp.ufpel.edu.br\/progep\/files\/2025\/03\/logo-progep_atualizacao-nome_AZUL.png\" style=\"padding:0\" alt=\"\" \/><\/p>\n<div style=\"padding: 2rem 0\"><strong>Convoca\u00e7\u00f5es- Edital 08\/2023<\/strong><\/div>\n<\/div>\n<hr class=\"hrModelStyle\" \/>\n<div class=\"descriptionModelStyle\">Acompanhe nesta p\u00e1gina a publica\u00e7\u00e3o dos\/as nomeados\/as para servidores\/as docentes na UFPEL.<\/div>\n<\/div><\/div>\n\n\n<div class=\"pagNomeacoesStyle\">\n<p> Confira a p\u00e1gina com as informa\u00e7\u00f5es a respeito do certame: <\/p>\n<p><a href=\"https:\/\/ces.ufpel.edu.br\/conctecadmed0008_2023\/\" target=\"_blank\">Certame do Edital 08\/2023<\/a><\/p>\n<div class=\"titleStyle\"><strong>Ampla Concorr\u00eancia<\/strong><\/div> \n\n<table id=\"tablepress-187\" class=\"tablepress tablepress-id-187\">\n<thead>\n<tr class=\"row-1\">\n\t<th class=\"column-1\">UNIDADE\/\u00c1REA\/PROCESSO<\/th><th class=\"column-2\">VAGAS\/CH<\/th><th class=\"column-3\">APROVADOS<br \/>\nCLASSIFICA\u00c7\u00c3O \/ NOME \/RESULTADO FINAL<\/th><th class=\"column-4\">SITUA\u00c7\u00c3O<\/th>\n<\/tr>\n<\/thead>\n<tbody class=\"row-striping row-hover\">\n<tr class=\"row-2\">\n\t<td class=\"column-1\">Centro de Artes \u2013 CA<br \/>\nDesenho da Figura Humana<br \/>\n<strong>23110.002483\/2023-30<\/strong><\/td><td class=\"column-2\">01\/40h<\/td><td class=\"column-3\">1\u00ba ALICE PORTO DOS SANTOS<\/td><td class=\"column-4\">Convocada em 14\/06\/2023<\/td>\n<\/tr>\n<tr class=\"row-3\">\n\t<td class=\"column-1\">Centro de Artes \u2013 CA<br \/>\nFilosofia da Arte OU Hist\u00f3ria da Arte<br \/>\n<strong>23110.003103\/2023-84<\/strong><\/td><td class=\"column-2\">01\/40h<\/td><td class=\"column-3\">1\u00ba RODRIGO MONTERO<\/td><td class=\"column-4\">Convocado em 14\/06\/2023<\/td>\n<\/tr>\n<tr class=\"row-4\">\n\t<td class=\"column-1\"><\/td><td class=\"column-2\"><\/td><td class=\"column-3\">2\u00ba ANA CARLA DE BRITO<\/td><td class=\"column-4\">Convocada em 16\/11\/2023<\/td>\n<\/tr>\n<tr class=\"row-5\">\n\t<td class=\"column-1\">Centro de Artes \u2013 CA<br \/>\nEnsino da Arte<br \/>\n<strong>23110.003033\/2023-64<\/strong><\/td><td class=\"column-2\">01\/40h<\/td><td class=\"column-3\">1\u00ba FABIANA LOPES DE SOUZA<\/td><td class=\"column-4\">Convocada em 14\/06\/2023<\/td>\n<\/tr>\n<tr class=\"row-6\">\n\t<td class=\"column-1\"><\/td><td class=\"column-2\"><\/td><td class=\"column-3\">2\u00ba KARINE FERREIRA SANCHEZ<\/td><td class=\"column-4\"><\/td>\n<\/tr>\n<tr class=\"row-7\">\n\t<td class=\"column-1\">Centro de Artes \u2013 CA<br \/>\nCanto<br \/>\n<strong>23110.033603\/2022-60<\/strong><\/td><td class=\"column-2\">01\/40h<\/td><td class=\"column-3\">1\u00ba LAZLO RAHMEIER<\/td><td class=\"column-4\">Convocado em 15\/06\/2023<\/td>\n<\/tr>\n<tr class=\"row-8\">\n\t<td class=\"column-1\">Centro de Engenharias \u2013 CENG<br \/>\nGeologia<br \/>\n<strong>23110.046418\/2022-35<\/strong><\/td><td class=\"column-2\">01\/40h<\/td><td class=\"column-3\">1\u00ba LUCIANO MARQUETTO<\/td><td class=\"column-4\">Convocado em 14\/06\/2023<\/td>\n<\/tr>\n<tr class=\"row-9\">\n\t<td class=\"column-1\"><\/td><td class=\"column-2\"><\/td><td class=\"column-3\">2\u00ba RAFAEL GORDILHO BARBOSA<\/td><td class=\"column-4\">Convocado em 21\/06\/2023<\/td>\n<\/tr>\n<tr class=\"row-10\">\n\t<td class=\"column-1\"><\/td><td class=\"column-2\"><\/td><td class=\"column-3\">3\u00ba JULIANA MACIEL BICCA<\/td><td class=\"column-4\">Convocada em 14\/08\/2023<\/td>\n<\/tr>\n<tr class=\"row-11\">\n\t<td class=\"column-1\">Centro de Engenharias \u2013 CENG<br \/>\nEstruturas e Matem\u00e1tica<br \/>\n<strong>23110.003217\/2023-24<\/strong><\/td><td class=\"column-2\">01\/40h<\/td><td class=\"column-3\">1\u00ba MARCO PAULSEN RODRIGUES<\/td><td class=\"column-4\">Convocado em 15\/06\/2023<\/td>\n<\/tr>\n<tr class=\"row-12\">\n\t<td class=\"column-1\">Centro de Integra\u00e7\u00e3o do Mercosul \u2013 CIM<br \/>\nCi\u00eancias Biol\u00f3gicas<br \/>\n<strong>23110.042677\/2022-97<\/strong><\/td><td class=\"column-2\">01\/40h<\/td><td class=\"column-3\">1\u00ba DARLAN RUTZ REDU<\/td><td class=\"column-4\">Convocado em 21\/06\/2023<\/td>\n<\/tr>\n<tr class=\"row-13\">\n\t<td class=\"column-1\"><\/td><td class=\"column-2\"><\/td><td class=\"column-3\">2\u00ba MAYARA FERREIRA MENDES<\/td><td class=\"column-4\">Desist\u00eancia<\/td>\n<\/tr>\n<tr class=\"row-14\">\n\t<td class=\"column-1\"><\/td><td class=\"column-2\"><\/td><td class=\"column-3\">3\u00ba PAULO HENRIQUE MATTOS<\/td><td class=\"column-4\"><\/td>\n<\/tr>\n<tr class=\"row-15\">\n\t<td class=\"column-1\"><\/td><td class=\"column-2\"><\/td><td class=\"column-3\">4\u00ba \u2013 ELIANA APARECIDA CADONA<\/td><td class=\"column-4\"><\/td>\n<\/tr>\n<tr class=\"row-16\">\n\t<td class=\"column-1\">Escola Superior de Educa\u00e7\u00e3o F\u00edsica \u2013 ESEF<br \/>\nEsportes<br \/>\n<strong>23110.003910\/2023-05<\/strong><\/td><td class=\"column-2\">01\/40h<\/td><td class=\"column-3\">1\u00ba CAMILA BORGES MULLER<\/td><td class=\"column-4\">Convocada em 11\/07\/2023<\/td>\n<\/tr>\n<tr class=\"row-17\">\n\t<td class=\"column-1\"><\/td><td class=\"column-2\"><\/td><td class=\"column-3\">2\u00ba MARCIO BOTELHO PEIXOTO<\/td><td class=\"column-4\"><\/td>\n<\/tr>\n<tr class=\"row-18\">\n\t<td class=\"column-1\"><\/td><td class=\"column-2\"><\/td><td class=\"column-3\">3\u00ba DAIANA LOPES DA ROSA LEAL<\/td><td class=\"column-4\">Convocada pela reserva de cotas em 14\/06\/2023<\/td>\n<\/tr>\n<tr class=\"row-19\">\n\t<td class=\"column-1\">Faculdade de Agronomia Eliseu Maciel \u2013 FAEM<br \/>\nSistemas de Produ\u00e7\u00e3o de Ruminantes<br \/>\n<strong>23110.002514\/2023-52<\/strong><\/td><td class=\"column-2\">01\/40h<\/td><td class=\"column-3\">1\u00ba ANT\u00d4NIO AMARAL BARBOSA<\/td><td class=\"column-4\">Convocado em 14\/06\/2023<\/td>\n<\/tr>\n<tr class=\"row-20\">\n\t<td class=\"column-1\"><\/td><td class=\"column-2\"><\/td><td class=\"column-3\">2\u00ba PABLO TAVARES COSTA<\/td><td class=\"column-4\"><\/td>\n<\/tr>\n<tr class=\"row-21\">\n\t<td class=\"column-1\">Faculdade de Enfermagem \u2013 FE<br \/>\nEnfermagem M\u00e9dico-Cir\u00fargica<br \/>\n<strong>23110.003552\/2023-22<\/strong><\/td><td class=\"column-2\">01\/40h<\/td><td class=\"column-3\">1\u00ba MARCOS AURELIO LEMOES<\/td><td class=\"column-4\">Convocado em 15\/06\/2023<\/td>\n<\/tr>\n<tr class=\"row-22\">\n\t<td class=\"column-1\"><\/td><td class=\"column-2\"><\/td><td class=\"column-3\">2\u00ba J\u00c9SSICA STRAGLIOTTO BAZZAN<\/td><td class=\"column-4\"><\/td>\n<\/tr>\n<tr class=\"row-23\">\n\t<td class=\"column-1\"><\/td><td class=\"column-2\"><\/td><td class=\"column-3\">3\u00ba J\u00c9SSICA SIQUEIRA PERBONI<\/td><td class=\"column-4\"><\/td>\n<\/tr>\n<tr class=\"row-24\">\n\t<td class=\"column-1\"><\/td><td class=\"column-2\"><\/td><td class=\"column-3\">4\u00ba LIENI FREDO HERRERA<\/td><td class=\"column-4\"><\/td>\n<\/tr>\n<tr class=\"row-25\">\n\t<td class=\"column-1\">Faculdade de Medicina \u2013 FAMED<br \/>\nTratamento e Preven\u00e7\u00e3o Psicol\u00f3gica (Psicologia e Rela\u00e7\u00f5es Sociais)<br \/>\n<strong>23110.033615\/2022-94<\/strong><\/td><td class=\"column-2\">01\/40h<\/td><td class=\"column-3\">1\u00ba MARIANE RICARDO ACOSTA LOPEZ MOLINA<\/td><td class=\"column-4\">Convocada em 25\/10\/2023<\/td>\n<\/tr>\n<tr class=\"row-26\">\n\t<td class=\"column-1\"><\/td><td class=\"column-2\"><\/td><td class=\"column-3\">2\u00ba THA\u00cdSE MENDES FARIAS<\/td><td class=\"column-4\">Convocada pela reserva de cotas em 25\/10\/2023<\/td>\n<\/tr>\n<tr class=\"row-27\">\n\t<td class=\"column-1\"><\/td><td class=\"column-2\"><\/td><td class=\"column-3\">3\u00ba DI\u00d4NVERA COELHO DA SILVA<\/td><td class=\"column-4\">Convocada em 25\/10\/2023<\/td>\n<\/tr>\n<tr class=\"row-28\">\n\t<td class=\"column-1\"><\/td><td class=\"column-2\"><\/td><td class=\"column-3\">4\u00ba LA\u00cdS VARGAS RAMM<\/td><td class=\"column-4\">Convocada em 06\/11\/2023<\/td>\n<\/tr>\n<tr class=\"row-29\">\n\t<td class=\"column-1\">Faculdade de Medicina \u2013 FAMED<br \/>\nTerapia Ocupacional Social<br \/>\n<strong>23110.003094\/2023-21<\/strong><\/td><td class=\"column-2\">01\/40h<\/td><td class=\"column-3\">1\u00ba CASSANDRA DA SILVA FONSECA<\/td><td class=\"column-4\">Convocada em 13\/11\/2023<\/td>\n<\/tr>\n<tr class=\"row-30\">\n\t<td class=\"column-1\"><\/td><td class=\"column-2\"><\/td><td class=\"column-3\">2\u00ba ANA CLAUDIA PEREIRA DE MEDEIROS<\/td><td class=\"column-4\">Convocada pela reserva de cotas em 15\/06\/2023<\/td>\n<\/tr>\n<tr class=\"row-31\">\n\t<td class=\"column-1\">Faculdade de Medicina \u2013 FAMED<br \/>\nTerapia Ocupacional na Sa\u00fade Mental<br \/>\n<strong>23110.003233\/2023-17<\/strong><\/td><td class=\"column-2\">01\/40h<\/td><td class=\"column-3\">1\u00ba TACIANA PY DE OLIVEIRA OSIELSKI<\/td><td class=\"column-4\">Convocada em 15\/06\/2023<\/td>\n<\/tr>\n<tr class=\"row-32\">\n\t<td class=\"column-1\"><\/td><td class=\"column-2\"><\/td><td class=\"column-3\">2\u00ba AGNES RODRIGUES DA CUNHA<\/td><td class=\"column-4\">Convocada em 13\/11\/2023<\/td>\n<\/tr>\n<tr class=\"row-33\">\n\t<td class=\"column-1\">Faculdade de Nutri\u00e7\u00e3o \u2013 FN<br \/>\nAlimentos<br \/>\n<strong>23110.003566\/2023-46<\/strong><\/td><td class=\"column-2\">02\/40h<\/td><td class=\"column-3\">1\u00ba MARJANA RADUNZ<\/td><td class=\"column-4\">Convocada em 19\/06\/2023<\/td>\n<\/tr>\n<tr class=\"row-34\">\n\t<td class=\"column-1\"><\/td><td class=\"column-2\"><\/td><td class=\"column-3\">2\u00ba JULIA OLIVEIRA PENTEADO<\/td><td class=\"column-4\">Convocada dia 19\/07\/2023<\/td>\n<\/tr>\n<tr class=\"row-35\">\n\t<td class=\"column-1\"><\/td><td class=\"column-2\"><\/td><td class=\"column-3\">3\u00ba KHADIJA BEZERRA MASSAUT<\/td><td class=\"column-4\">Convocada dia 02\/08\/2023<\/td>\n<\/tr>\n<tr class=\"row-36\">\n\t<td class=\"column-1\">Faculdade de Odontologia \u2013 FO<br \/>\nPr\u00f3tese Dent\u00e1ria OU Reabilita\u00e7\u00e3o Oral<br \/>\n<strong>23110.047349\/2022-87<\/strong><\/td><td class=\"column-2\">01\/40h<\/td><td class=\"column-3\">1\u00ba AM\u00c1LIA MACHADO BIELEMANN<\/td><td class=\"column-4\">Convocada em 15\/06\/2023<\/td>\n<\/tr>\n<tr class=\"row-37\">\n\t<td class=\"column-1\">Faculdade de Odontologia \u2013 FO<br \/>\nPeriodontia<br \/>\n<strong>23110.039127\/2022-91<\/strong><\/td><td class=\"column-2\">01\/40h<\/td><td class=\"column-3\">1\u00ba ROBERTO PEREIRA PIMENTEL<\/td><td class=\"column-4\">Convocado em 14\/06\/2023<\/td>\n<\/tr>\n<tr class=\"row-38\">\n\t<td class=\"column-1\">Instituto de Ci\u00eancias Humanas \u2013 ICH<br \/>\nCi\u00eancia da Conserva\u00e7\u00e3o<br \/>\n<strong>23110.031736\/2022-00<\/strong><\/td><td class=\"column-2\">01\/40h<\/td><td class=\"column-3\">1\u00ba BRUNO DA SILVEIRA NOREMBERG<\/td><td class=\"column-4\">Convocado em 15\/06\/2023<\/td>\n<\/tr>\n<tr class=\"row-39\">\n\t<td class=\"column-1\"><\/td><td class=\"column-2\"><\/td><td class=\"column-3\">2\u00ba CAMILA CORREA PEREIRA<\/td><td class=\"column-4\"><\/td>\n<\/tr>\n<tr class=\"row-40\">\n\t<td class=\"column-1\">Instituto de Filosofia, Sociologia e Pol\u00edtica \u2013 IFISP<br \/>\nRela\u00e7\u00f5es Internacionais<br \/>\n<strong>23110.003222\/2023-37<\/strong><\/td><td class=\"column-2\">01\/40h<\/td><td class=\"column-3\">1\u00ba FABIANA FREITAS SANDER<\/td><td class=\"column-4\">Desist\u00eancia<\/td>\n<\/tr>\n<tr class=\"row-41\">\n\t<td class=\"column-1\"><\/td><td class=\"column-2\"><\/td><td class=\"column-3\">2\u00ba FERNANDO BOTAFOGO DE OLIVEIRA<\/td><td class=\"column-4\">Desist\u00eancia<\/td>\n<\/tr>\n<tr class=\"row-42\">\n\t<td class=\"column-1\">Instituto de F\u00edsica e Matem\u00e1tica<br \/>\nProbabilidade e Estat\u00edstica<br \/>\n<strong>23110.002983\/2023-71<\/strong><\/td><td class=\"column-2\">01\/40h<\/td><td class=\"column-3\">1\u00ba ROGER VASQUES MARQUES<\/td><td class=\"column-4\">Convocado em 15\/06\/2023<\/td>\n<\/tr>\n<tr class=\"row-43\">\n\t<td class=\"column-1\"><\/td><td class=\"column-2\"><\/td><td class=\"column-3\">2\u00ba VILIAM CARDOSO DA SILVEIRA<\/td><td class=\"column-4\">Convocado em 04\/08\/2023<\/td>\n<\/tr>\n<tr class=\"row-44\">\n\t<td class=\"column-1\"><\/td><td class=\"column-2\"><\/td><td class=\"column-3\">3\u00ba DANIELA DALLA CHIESA<\/td><td class=\"column-4\"><\/td>\n<\/tr>\n<tr class=\"row-45\">\n\t<td class=\"column-1\"><\/td><td class=\"column-2\"><\/td><td class=\"column-3\">4\u00ba LUAN PORTELLA DA SILVA<\/td><td class=\"column-4\"><\/td>\n<\/tr>\n<\/tbody>\n<\/table>\n<!-- #tablepress-187 from cache -->\n<div class=\"titleStyle\"><strong> COTAS RACIAIS<\/strong><\/div>\n\n<table id=\"tablepress-188\" class=\"tablepress tablepress-id-188\">\n<thead>\n<tr class=\"row-1\">\n\t<th class=\"column-1\">UNIDADE\/\u00c1REA\/PROCESSO<\/th><th class=\"column-2\">Classif.<\/th><th class=\"column-3\">Nome<\/th><th class=\"column-4\">Situa\u00e7\u00e3o<\/th>\n<\/tr>\n<\/thead>\n<tbody class=\"row-striping row-hover\">\n<tr class=\"row-2\">\n\t<td class=\"column-1\">Centro de Integra\u00e7\u00e3o do Mercosul \u2013 CIM<br \/>\nCi\u00eancias Biol\u00f3gicas<br \/>\n<strong>23110.042677\/2022-97<\/strong><\/td><td class=\"column-2\">1\u00ba<\/td><td class=\"column-3\">MAYARA FERREIRA MENDES<\/td><td class=\"column-4\">Desist\u00eancia<\/td>\n<\/tr>\n<tr class=\"row-3\">\n\t<td class=\"column-1\">Faculdade de Medicina \u2013 FAMED<br \/>\nTratamento e Preven\u00e7\u00e3o Psicol\u00f3gica (Psicologia e Rela\u00e7\u00f5es Sociais)<br \/>\n<strong>23110.033615\/2022-94<\/strong><\/td><td class=\"column-2\">2\u00ba<\/td><td class=\"column-3\">THAISE MENDES FARIAS<\/td><td class=\"column-4\">Convocada pela reserva de cotas em 25\/10\/2023<\/td>\n<\/tr>\n<tr class=\"row-4\">\n\t<td class=\"column-1\">Escola Superior de Educa\u00e7\u00e3o F\u00edsica \u2013 ESEF<br \/>\nEsportes<br \/>\n<strong>23110.003910\/2023-05<\/strong><\/td><td class=\"column-2\">3\u00ba<\/td><td class=\"column-3\">DAIANA LOPES DA ROSA LEAL<\/td><td class=\"column-4\">Convocada em 14\/06\/2023<\/td>\n<\/tr>\n<tr class=\"row-5\">\n\t<td class=\"column-1\">Faculdade de Medicina \u2013 FAMED<br \/>\nTerapia Ocupacional Social<br \/>\n<strong>23110.003094\/2023-21<strong><\/td><td class=\"column-2\">4\u00ba<\/td><td class=\"column-3\">ANA CLAUDIA PEREIRA DE MEDEIROS<\/td><td class=\"column-4\">Convocada em 15\/06\/2023<\/td>\n<\/tr>\n<\/tbody>\n<\/table>\n<!-- #tablepress-188 from cache -->\n<div class=\"titleStyle\"><strong> COTAS PCD<\/strong><\/div>\n<p style=\"text-align:center\">N\u00e3o h\u00e1.<\/p>\n<\/div>\n\n","protected":false},"excerpt":{"rendered":"<p>Convoca\u00e7\u00f5es- Edital 08\/2023 Acompanhe nesta p\u00e1gina a publica\u00e7\u00e3o dos\/as nomeados\/as para servidores\/as docentes na UFPEL. Confira a p\u00e1gina com as informa\u00e7\u00f5es a respeito do certame: Certame do Edital 08\/2023 Ampla Concorr\u00eancia COTAS RACIAIS COTAS PCD N\u00e3o h\u00e1.<\/p>\n","protected":false},"author":52,"featured_media":0,"parent":0,"menu_order":0,"comment_status":"closed","ping_status":"closed","template":"","meta":{"footnotes":""},"class_list":["post-23593","page","type-page","status-publish","hentry"],"_links":{"self":[{"href":"https:\/\/wp.ufpel.edu.br\/progep\/wp-json\/wp\/v2\/pages\/23593","targetHints":{"allow":["GET"]}}],"collection":[{"href":"https:\/\/wp.ufpel.edu.br\/progep\/wp-json\/wp\/v2\/pages"}],"about":[{"href":"https:\/\/wp.ufpel.edu.br\/progep\/wp-json\/wp\/v2\/types\/page"}],"author":[{"embeddable":true,"href":"https:\/\/wp.ufpel.edu.br\/progep\/wp-json\/wp\/v2\/users\/52"}],"replies":[{"embeddable":true,"href":"https:\/\/wp.ufpel.edu.br\/progep\/wp-json\/wp\/v2\/comments?post=23593"}],"version-history":[{"count":3,"href":"https:\/\/wp.ufpel.edu.br\/progep\/wp-json\/wp\/v2\/pages\/23593\/revisions"}],"predecessor-version":[{"id":39819,"href":"https:\/\/wp.ufpel.edu.br\/progep\/wp-json\/wp\/v2\/pages\/23593\/revisions\/39819"}],"wp:attachment":[{"href":"https:\/\/wp.ufpel.edu.br\/progep\/wp-json\/wp\/v2\/media?parent=23593"}],"curies":[{"name":"wp","href":"https:\/\/api.w.org\/{rel}","templated":true}]}}