{"id":23557,"date":"2023-06-14T14:03:57","date_gmt":"2023-06-14T17:03:57","guid":{"rendered":"https:\/\/wp.ufpel.edu.br\/progep\/?page_id=23557"},"modified":"2025-06-30T14:35:04","modified_gmt":"2025-06-30T17:35:04","slug":"capacita-na-web-comunicacao-cientifica-e-divulgacao-nas-redes-sociais","status":"publish","type":"page","link":"https:\/\/wp.ufpel.edu.br\/progep\/capacita-na-web-comunicacao-cientifica-e-divulgacao-nas-redes-sociais\/","title":{"rendered":"Capacita\u00e7\u00e3o: Capacita na Web: Comunica\u00e7\u00e3o Cient\u00edfica e Divulga\u00e7\u00e3o nas Redes Sociais"},"content":{"rendered":"<table style=\"border-collapse: collapse;width: 100%\" border=\"1\">\n<tbody>\n<tr>\n<td style=\"width: 100%;text-align: justify;background-color: #f0f0f0\"><span style=\"color: #ff0000;font-size: 12pt\"><strong>Em raz\u00e3o dos impactos do ciclone extratropical que atingiu o estado e a regi\u00e3o de Pelotas, a UFPel suspendeu as atividades acad\u00eamicas e administrativas na sexta-feira, dia 14\/07, nos 3 turnos (<a style=\"color: #ff0000\" href=\"https:\/\/sei.ufpel.edu.br\/sei\/publicacoes\/controlador_publicacoes.php?acao=publicacao_visualizar&amp;id_documento=2540502&amp;id_orgao_publicacao=0\" target=\"_blank\" rel=\"noopener\">Portaria n\u00ba 45, de 13 de julho de 2023<\/a>).<\/strong><\/span><br \/>\n<span style=\"color: #ff0000;font-size: 12pt\"><strong>Por este motivo, a capacita\u00e7\u00e3o necessitou ser remarcada para nova data. Em breve, mais informa\u00e7\u00f5es.<\/strong><\/span><\/td>\n<\/tr>\n<\/tbody>\n<\/table>\n<p style=\"text-align: justify\"><span style=\"font-size: 12pt\"><strong>Facilitador:<\/strong> Rafael Ratto de Moraes (Docente &#8211; Faculdade de Odontologia &#8211; FO\/UFPel)<\/span><\/p>\n<p style=\"text-align: justify\"><span style=\"font-size: 12pt\"><strong>Data:<\/strong> <del>14\/07\/2023 (sexta-feira)<\/del><\/span><\/p>\n<p style=\"text-align: justify\"><span style=\"font-size: 12pt\"><strong>Hor\u00e1rio: <\/strong>das 10:00 \u00e0s 12:00<\/span><\/p>\n<p style=\"text-align: justify\"><span style=\"font-size: 12pt\"><strong>Realiza\u00e7\u00e3o:<\/strong>\u00a0plataforma Webconf da UFPel (na modalidade\u00a0<em>online)<\/em><\/span><\/p>\n<p style=\"text-align: justify\"><span style=\"font-size: 12pt\"><strong>Ementa:<\/strong><\/span><br \/>\n<span style=\"font-size: 12pt\">1. O que \u00e9 comunica\u00e7\u00e3o cient\u00edfica e sua import\u00e2ncia;<\/span><br \/>\n<span style=\"font-size: 12pt\">2. O papel das redes sociais na divulga\u00e7\u00e3o de ci\u00eancia;<\/span><br \/>\n<span style=\"font-size: 12pt\">3. Identifica\u00e7\u00e3o do p\u00fablico-alvo, adapta\u00e7\u00e3o de linguagem e conte\u00fado;<\/span><br \/>\n<span style=\"font-size: 12pt\">4. Estrat\u00e9gias eficazes de comunica\u00e7\u00e3o nas redes sociais;<\/span><br \/>\n<span style=\"font-size: 12pt\">5. M\u00e9tricas e avalia\u00e7\u00e3o de impacto;<\/span><br \/>\n<span style=\"font-size: 12pt\">6. Oportunidades e desafios.<\/span><\/p>\n<p style=\"text-align: justify\"><span style=\"font-size: 12pt\"><strong>P\u00fablico Alvo<\/strong>: Servidores docentes e TAEs ativos da UFPel*<\/span><\/p>\n<p style=\"text-align: justify\"><span style=\"font-size: 12pt\"><strong>Per\u00edodo de inscri\u00e7\u00e3o<\/strong>: 14\/06 a 11\/07\/2023<\/span><\/p>\n<p style=\"text-align: justify\"><span style=\"font-size: 12pt\"><strong>Divulga\u00e7\u00e3o das inscri\u00e7\u00f5es homologadas<\/strong>: 12\/07**, nesta p\u00e1gina.<\/span><\/p>\n<p style=\"text-align: justify\"><span style=\"font-size: 12pt\">*Considerando a Pol\u00edtica Nacional de Desenvolvimento de Pessoas, conforme Decreto n\u00ba 9.991\/19, somente ser\u00e3o certificados os servidores p\u00fablicos pertencentes ao Quadro Efetivo da UFPel.<\/span><br \/>\n<span style=\"font-size: 12pt\">**Quando homologadas as inscri\u00e7\u00f5es, os selecionados receber\u00e3o e-mail de confirma\u00e7\u00e3o com instru\u00e7\u00f5es de acesso \u00e0 sala de Webconf da UFPel.<\/span><\/p>\n<p style=\"text-align: justify\"><span style=\"color: #ff6600;font-size: 12pt\"><strong><a style=\"color: #ff6600\" href=\"https:\/\/wp.ufpel.edu.br\/progep\/files\/2023\/07\/Homologados-Capacita-na-Web-Comunicacao-Cientifica-14-07-2023.pdf\" target=\"_blank\" rel=\"noopener\">INSCRI\u00c7\u00d5ES HOMOLOGADAS<\/a><\/strong><\/span><\/p>\n<p style=\"text-align: justify\">\n","protected":false},"excerpt":{"rendered":"<p>Em raz\u00e3o dos impactos do ciclone extratropical que atingiu o estado e a regi\u00e3o de Pelotas, a UFPel suspendeu as atividades acad\u00eamicas e administrativas na sexta-feira, dia 14\/07, nos 3 turnos (Portaria n\u00ba 45, de 13 de julho de 2023). Por este motivo, a capacita\u00e7\u00e3o necessitou ser remarcada para nova data. Em breve, mais informa\u00e7\u00f5es. [&hellip;]<\/p>\n","protected":false},"author":21,"featured_media":0,"parent":0,"menu_order":0,"comment_status":"closed","ping_status":"closed","template":"","meta":{"footnotes":""},"class_list":["post-23557","page","type-page","status-publish","hentry"],"_links":{"self":[{"href":"https:\/\/wp.ufpel.edu.br\/progep\/wp-json\/wp\/v2\/pages\/23557","targetHints":{"allow":["GET"]}}],"collection":[{"href":"https:\/\/wp.ufpel.edu.br\/progep\/wp-json\/wp\/v2\/pages"}],"about":[{"href":"https:\/\/wp.ufpel.edu.br\/progep\/wp-json\/wp\/v2\/types\/page"}],"author":[{"embeddable":true,"href":"https:\/\/wp.ufpel.edu.br\/progep\/wp-json\/wp\/v2\/users\/21"}],"replies":[{"embeddable":true,"href":"https:\/\/wp.ufpel.edu.br\/progep\/wp-json\/wp\/v2\/comments?post=23557"}],"version-history":[{"count":10,"href":"https:\/\/wp.ufpel.edu.br\/progep\/wp-json\/wp\/v2\/pages\/23557\/revisions"}],"predecessor-version":[{"id":34094,"href":"https:\/\/wp.ufpel.edu.br\/progep\/wp-json\/wp\/v2\/pages\/23557\/revisions\/34094"}],"wp:attachment":[{"href":"https:\/\/wp.ufpel.edu.br\/progep\/wp-json\/wp\/v2\/media?parent=23557"}],"curies":[{"name":"wp","href":"https:\/\/api.w.org\/{rel}","templated":true}]}}