{"id":23538,"date":"2023-06-22T11:05:59","date_gmt":"2023-06-22T14:05:59","guid":{"rendered":"https:\/\/wp.ufpel.edu.br\/progep\/?page_id=23538"},"modified":"2025-05-16T11:14:08","modified_gmt":"2025-05-16T14:14:08","slug":"capacita-curso-crie-e-gerencie-projetos-de-forma-agil-visual-e-colaborativa","status":"publish","type":"page","link":"https:\/\/wp.ufpel.edu.br\/progep\/capacita-curso-crie-e-gerencie-projetos-de-forma-agil-visual-e-colaborativa\/","title":{"rendered":"Capacita\u00e7\u00e3o: Curso &#8211; Crie e Gerencie Projetos de forma \u00e1gil, visual e colaborativa"},"content":{"rendered":"<table style=\"border-collapse: collapse;width: 100%\" border=\"1\">\n<tbody>\n<tr>\n<td style=\"width: 100%;text-align: justify;background-color: #f0f0f0\"><span style=\"color: #ff6600;font-size: 12pt\"><strong>Aten\u00e7\u00e3o: Tendo em vista que o n\u00famero de inscritos para o curso n\u00e3o atingiu o m\u00ednimo necess\u00e1rio para a realiza\u00e7\u00e3o (metade das vagas oferecidas) na data de homologa\u00e7\u00e3o, a capacita\u00e7\u00e3o foi cancelada.<\/strong><\/span><\/td>\n<\/tr>\n<\/tbody>\n<\/table>\n<p><span style=\"font-size: 12pt\"><strong>Ministrante:<\/strong> Simone Portella Teixeira de Mello (Docente &#8211; Centro de Ci\u00eancias Socio-Organizacionais &#8211; CCSO\/UFPel)<\/span><\/p>\n<p><span style=\"font-size: 12pt\"><strong>Per\u00edodo de realiza\u00e7\u00e3o<\/strong>:<\/span><br \/>\n<span style=\"font-size: 12pt\">&#8211;<del> <span style=\"text-decoration: underline\">17 de julho de 2023<\/span> (Segunda-feira) &#8211; das 08:30 \u00e0s 12h e das 14:00 \u00e0s 17:30 (7 horas)<\/del><\/span><br \/>\n<span style=\"font-size: 12pt\"><del>&#8211; <span style=\"text-decoration: underline\">18 de julho de 2023<\/span> (Ter\u00e7a-feira) &#8211; das 08:30 \u00e0s 12h e das 14:00 \u00e0s 17:30 (7 horas)<\/del><\/span><br \/>\n<span style=\"font-size: 12pt\">&#8211; <span style=\"text-decoration: underline\">Atividade ass\u00edncrona<\/span>: Leitura dirigida e desenvolvimento de atividades constantes na apostila conforme orienta\u00e7\u00e3o da docente, 1 hora por dia (totalizando 2 horas).<\/span><\/p>\n<p><span style=\"font-size: 12pt\"><strong>Carga hor\u00e1ria total do curso:<\/strong> 16 horas<\/span><\/p>\n<p><span style=\"font-size: 12pt\"><strong><b>Modalidade:<\/b><\/strong> Presencial<\/span><\/p>\n<p><span style=\"font-size: 12pt\"><strong>Local<\/strong>:<br \/>\n\u2022 17\/07: Sala 204 &#8211; Campus II da UFPel (Rua Almirante Barroso, 1202 &#8211; Centro)<br \/>\n\u2022 18\/07: Sala 205 &#8211; Campus II da UFPel (Rua Almirante Barroso, 1202 &#8211; Centro)<\/span><\/p>\n<p><span style=\"font-size: 12pt\"><strong>S\u00famula<\/strong>:<\/span><br \/>\n<span style=\"font-size: 12pt\">&#8211; Canvas de Projeto &#8211; Fundamentos e Idea\u00e7\u00e3o;<\/span><br \/>\n<span style=\"font-size: 12pt\">&#8211; Pitch do Canvas de Projeto\/Shark Tank;<\/span><br \/>\n<span style=\"font-size: 12pt\">&#8211; Princ\u00edpios de gerenciamento de projetos;<\/span><br \/>\n<span style=\"font-size: 12pt\">&#8211; Dom\u00ednios de desempenho;<\/span><br \/>\n<span style=\"font-size: 12pt\">&#8211; Estrat\u00e9gias para gerenciar projetos;<\/span><br \/>\n<span style=\"font-size: 12pt\">&#8211; Dicas Finais.<\/span><\/p>\n<p class=\"Texto_Justificado\"><span style=\"font-size: 12pt\"><strong>Avalia\u00e7\u00e3o<\/strong>: Frequ\u00eancia m\u00ednima de 75%. (E aproveitamento mensurado conforme crit\u00e9rios definidos pela ministrante)<\/span><\/p>\n<p class=\"v1MsoNormal\"><span style=\"font-size: 12pt\"><strong>P\u00fablico Alvo<\/strong>: Servidores docentes e TAEs ativos da UFPel*<\/span><\/p>\n<p><span style=\"font-size: 12pt\"><strong>N\u00famero de vagas:<\/strong> 30 vagas (limitadas por ordem de inscri\u00e7\u00e3o)**<\/span><\/p>\n<p><span style=\"font-size: 12pt\"><strong>Per\u00edodo de inscri\u00e7\u00e3o<\/strong>: 22\/06 a 12\/07\/2023<\/span><\/p>\n<p><span style=\"font-size: 12pt\"><strong>Divulga\u00e7\u00e3o das inscri\u00e7\u00f5es homologadas<\/strong>: 13\/07\/2023***, nesta p\u00e1gina.<\/span><\/p>\n<p><span style=\"font-size: 12pt\">*Considerando a Pol\u00edtica Nacional de Desenvolvimento de Pessoas, conforme Decreto n\u00ba 9.991\/19, somente ser\u00e3o certificados os servidores p\u00fablicos pertencentes ao Quadro Efetivo da UFPel.<\/span><\/p>\n<p><span style=\"font-size: 12pt\">**Vagas destinadas \u00e0 servidores pertencentes ao Quadro Efetivo da UFPel, preferencialmente.<\/span><\/p>\n<p><span style=\"font-size: 12pt\">***Quando homologadas as inscri\u00e7\u00f5es, os selecionados receber\u00e3o e-mail de confirma\u00e7\u00e3o com instru\u00e7\u00f5es.<\/span><\/p>\n<p>&nbsp;<\/p>\n","protected":false},"excerpt":{"rendered":"<p>Aten\u00e7\u00e3o: Tendo em vista que o n\u00famero de inscritos para o curso n\u00e3o atingiu o m\u00ednimo necess\u00e1rio para a realiza\u00e7\u00e3o (metade das vagas oferecidas) na data de homologa\u00e7\u00e3o, a capacita\u00e7\u00e3o foi cancelada. Ministrante: Simone Portella Teixeira de Mello (Docente &#8211; Centro de Ci\u00eancias Socio-Organizacionais &#8211; CCSO\/UFPel) Per\u00edodo de realiza\u00e7\u00e3o: &#8211; 17 de julho de 2023 [&hellip;]<\/p>\n","protected":false},"author":21,"featured_media":0,"parent":0,"menu_order":0,"comment_status":"closed","ping_status":"closed","template":"","meta":{"footnotes":""},"class_list":["post-23538","page","type-page","status-publish","hentry"],"_links":{"self":[{"href":"https:\/\/wp.ufpel.edu.br\/progep\/wp-json\/wp\/v2\/pages\/23538","targetHints":{"allow":["GET"]}}],"collection":[{"href":"https:\/\/wp.ufpel.edu.br\/progep\/wp-json\/wp\/v2\/pages"}],"about":[{"href":"https:\/\/wp.ufpel.edu.br\/progep\/wp-json\/wp\/v2\/types\/page"}],"author":[{"embeddable":true,"href":"https:\/\/wp.ufpel.edu.br\/progep\/wp-json\/wp\/v2\/users\/21"}],"replies":[{"embeddable":true,"href":"https:\/\/wp.ufpel.edu.br\/progep\/wp-json\/wp\/v2\/comments?post=23538"}],"version-history":[{"count":18,"href":"https:\/\/wp.ufpel.edu.br\/progep\/wp-json\/wp\/v2\/pages\/23538\/revisions"}],"predecessor-version":[{"id":32628,"href":"https:\/\/wp.ufpel.edu.br\/progep\/wp-json\/wp\/v2\/pages\/23538\/revisions\/32628"}],"wp:attachment":[{"href":"https:\/\/wp.ufpel.edu.br\/progep\/wp-json\/wp\/v2\/media?parent=23538"}],"curies":[{"name":"wp","href":"https:\/\/api.w.org\/{rel}","templated":true}]}}