{"id":23493,"date":"2023-06-14T14:15:24","date_gmt":"2023-06-14T17:15:24","guid":{"rendered":"https:\/\/wp.ufpel.edu.br\/progep\/?page_id=23493"},"modified":"2025-06-30T14:35:09","modified_gmt":"2025-06-30T17:35:09","slug":"capacita-na-web-por-que-nao-atribuimos-a-nos-mesmas-o-sucesso-que-temos","status":"publish","type":"page","link":"https:\/\/wp.ufpel.edu.br\/progep\/capacita-na-web-por-que-nao-atribuimos-a-nos-mesmas-o-sucesso-que-temos\/","title":{"rendered":"Capacita\u00e7\u00e3o: Capacita na Web &#8211; Por que n\u00e3o atribu\u00edmos a n\u00f3s mesmas o sucesso que temos?"},"content":{"rendered":"<p><span style=\"font-size: 12pt\"><strong>Facilitadora:<\/strong> Simone Portella Teixeira de Mello (Docente &#8211; Centro de Ci\u00eancias Socio-Organizacionais &#8211; CCSO\/UFPel)<\/span><\/p>\n<p><span style=\"font-size: 12pt\"><strong>Data:<\/strong> 12\/07\/2023 (quarta-feira)<\/span><\/p>\n<p><span style=\"font-size: 12pt\"><strong>Hor\u00e1rio: <\/strong>das 09h \u00e0s 11h<\/span><\/p>\n<p><span style=\"font-size: 12pt\"><strong>Realiza\u00e7\u00e3o:<\/strong>\u00a0plataforma Webconf da UFPel (na modalidade\u00a0<em>online)<\/em><\/span><\/p>\n<p><span style=\"font-size: 12pt\"><strong>Ementa:<\/strong><\/span><br \/>\n<span style=\"font-size: 12pt\">1. Conceito do Fen\u00f4meno da Impostora (FI), a partir da reflex\u00e3o &#8220;Apesar de possu\u00edrem trajet\u00f3rias profissionais bem-sucedidas, existem mulheres que n\u00e3o veem em si o qu\u00e3o capazes e qualificadas s\u00e3o. Elas atribuem seus sucessos a fatores exteriores e n\u00e3o \u00e0s pr\u00f3prias compet\u00eancias e aos seus esfor\u00e7os pessoais&#8221;;<\/span><br \/>\n<span style=\"font-size: 12pt\">2. Caracter\u00edsticas impostoras;<\/span><br \/>\n<span style=\"font-size: 12pt\">3. Pesquisas desenvolvidas sobre o tema;<\/span><br \/>\n<span style=\"font-size: 12pt\">4. Aplica\u00e7\u00e3o da CIPS &#8211; Escala do Fen\u00f4meno da Impostora de Clance;<\/span><br \/>\n<span style=\"font-size: 12pt\">5. Supera\u00e7\u00f5es ao FI.<\/span><\/p>\n<p><span style=\"font-size: 12pt\"><strong>P\u00fablico Alvo<\/strong>: Servidores docentes e TAE\u2019s ativos da UFPel*<\/span><\/p>\n<p><span style=\"font-size: 12pt\"><strong>Vagas<\/strong>: 50 vagas<\/span><\/p>\n<p><span style=\"font-size: 12pt\"><strong>Observa\u00e7\u00e3o:<\/strong> Qualquer pessoa que se identifique com a tem\u00e1tica ou tenha curiosidade a respeito dela \u00e9 bem-vinda.<\/span><\/p>\n<p><span style=\"font-size: 12pt\"><strong>Per\u00edodo de inscri\u00e7\u00e3o<\/strong>: 14\/06 a 09\/07\/2023<\/span><\/p>\n<p><span style=\"font-size: 12pt\"><strong>Divulga\u00e7\u00e3o das inscri\u00e7\u00f5es homologadas<\/strong>: 10\/07**, nesta p\u00e1gina.<\/span><\/p>\n<p><span style=\"font-size: 12pt\">*Considerando a Pol\u00edtica Nacional de Desenvolvimento de Pessoas, conforme Decreto n\u00ba 9.991\/19, somente ser\u00e3o certificados os servidores p\u00fablicos pertencentes ao Quadro Efetivo da UFPel.<\/span><\/p>\n<p><span style=\"font-size: 12pt\">**Quando homologadas as inscri\u00e7\u00f5es, os selecionados receber\u00e3o e-mail de confirma\u00e7\u00e3o com instru\u00e7\u00f5es de acesso \u00e0 sala de Webconf da UFPel.<\/span><\/p>\n<p><span style=\"color: #ff6600;font-size: 12pt\"><strong><a style=\"color: #ff6600\" href=\"https:\/\/wp.ufpel.edu.br\/progep\/files\/2023\/07\/Homologados-Capacita-na-Web-Por-que-nao-atribuimos-a-nos-mesmas-o-sucesso-que-temos-12-07-2023.pdf\" target=\"_blank\" rel=\"noopener\">INSCRI\u00c7\u00d5ES HOMOLOGADAS<\/a><\/strong><\/span><\/p>\n","protected":false},"excerpt":{"rendered":"<p>Facilitadora: Simone Portella Teixeira de Mello (Docente &#8211; Centro de Ci\u00eancias Socio-Organizacionais &#8211; CCSO\/UFPel) Data: 12\/07\/2023 (quarta-feira) Hor\u00e1rio: das 09h \u00e0s 11h Realiza\u00e7\u00e3o:\u00a0plataforma Webconf da UFPel (na modalidade\u00a0online) Ementa: 1. Conceito do Fen\u00f4meno da Impostora (FI), a partir da reflex\u00e3o &#8220;Apesar de possu\u00edrem trajet\u00f3rias profissionais bem-sucedidas, existem mulheres que n\u00e3o veem em si o qu\u00e3o [&hellip;]<\/p>\n","protected":false},"author":21,"featured_media":0,"parent":0,"menu_order":0,"comment_status":"closed","ping_status":"closed","template":"","meta":{"footnotes":""},"class_list":["post-23493","page","type-page","status-publish","hentry"],"_links":{"self":[{"href":"https:\/\/wp.ufpel.edu.br\/progep\/wp-json\/wp\/v2\/pages\/23493","targetHints":{"allow":["GET"]}}],"collection":[{"href":"https:\/\/wp.ufpel.edu.br\/progep\/wp-json\/wp\/v2\/pages"}],"about":[{"href":"https:\/\/wp.ufpel.edu.br\/progep\/wp-json\/wp\/v2\/types\/page"}],"author":[{"embeddable":true,"href":"https:\/\/wp.ufpel.edu.br\/progep\/wp-json\/wp\/v2\/users\/21"}],"replies":[{"embeddable":true,"href":"https:\/\/wp.ufpel.edu.br\/progep\/wp-json\/wp\/v2\/comments?post=23493"}],"version-history":[{"count":13,"href":"https:\/\/wp.ufpel.edu.br\/progep\/wp-json\/wp\/v2\/pages\/23493\/revisions"}],"predecessor-version":[{"id":34095,"href":"https:\/\/wp.ufpel.edu.br\/progep\/wp-json\/wp\/v2\/pages\/23493\/revisions\/34095"}],"wp:attachment":[{"href":"https:\/\/wp.ufpel.edu.br\/progep\/wp-json\/wp\/v2\/media?parent=23493"}],"curies":[{"name":"wp","href":"https:\/\/api.w.org\/{rel}","templated":true}]}}