{"id":23430,"date":"2023-05-24T09:07:41","date_gmt":"2023-05-24T12:07:41","guid":{"rendered":"https:\/\/wp.ufpel.edu.br\/progep\/?page_id=23430"},"modified":"2025-06-30T14:34:50","modified_gmt":"2025-06-30T17:34:50","slug":"capacita-na-web-avaliacao-do-ensino-e-aprendizagem-na-graduacao-pistas-para-refletirmos-sobre-as-nossas-praticas-pedagogicas","status":"publish","type":"page","link":"https:\/\/wp.ufpel.edu.br\/progep\/capacita-na-web-avaliacao-do-ensino-e-aprendizagem-na-graduacao-pistas-para-refletirmos-sobre-as-nossas-praticas-pedagogicas\/","title":{"rendered":"Capacita\u00e7\u00e3o: Capacita na Web &#8211; Avalia\u00e7\u00e3o do ensino e aprendizagem na gradua\u00e7\u00e3o: pistas para refletirmos sobre as nossas pr\u00e1ticas pedag\u00f3gicas"},"content":{"rendered":"<p><span style=\"font-size: 12pt\"><strong>Facilitadora: <\/strong>Fl\u00e1via Marchi Nascimento (Docente &#8211; Centro de Artes &#8211; CA\/UFPel)<\/span><\/p>\n<p><span style=\"font-size: 12pt\"><strong>Data:<\/strong> 16\/06\/2023 (Sexta-feira)<\/span><\/p>\n<p><span style=\"font-size: 12pt\"><strong>Hor\u00e1rio: <\/strong>das 9h \u00e0s 11h<\/span><\/p>\n<p><span style=\"font-size: 12pt\"><strong>Realiza\u00e7\u00e3o:<\/strong>\u00a0plataforma Webconf da UFPel (na modalidade\u00a0<em>online)<\/em><\/span><\/p>\n<p><span style=\"font-size: 12pt\"><strong>Ementa:<\/strong><\/span><br \/>\n<span style=\"font-size: 12pt\">&#8211; Avalia\u00e7\u00e3o: pistas sobre nossas concep\u00e7\u00f5es e pr\u00e1ticas avaliativas;<\/span><br \/>\n<span style=\"font-size: 12pt\">&#8211; Plano de ensino: um acordo pedag\u00f3gico?;<\/span><br \/>\n<span style=\"font-size: 12pt\">&#8211; Crit\u00e9rios de avalia\u00e7\u00e3o: sabemos o que avaliamos?<\/span><\/p>\n<p><span style=\"font-size: 12pt\"><strong>P\u00fablico Alvo<\/strong>: Servidores docentes e TAE\u2019s ativos da UFPel*<\/span><\/p>\n<p><span style=\"font-size: 12pt\"><strong>Per\u00edodo de inscri\u00e7\u00e3o<\/strong>: 24\/05 a 13\/06\/2023<\/span><\/p>\n<p><span style=\"font-size: 12pt\"><strong>Divulga\u00e7\u00e3o das inscri\u00e7\u00f5es homologadas<\/strong>: 14\/06**, nesta p\u00e1gina.<\/span><\/p>\n<p><span style=\"font-size: 12pt\">*Considerando a Pol\u00edtica Nacional de Desenvolvimento de Pessoas, conforme Decreto n\u00ba 9.991\/19, somente ser\u00e3o certificados os servidores p\u00fablicos pertencentes ao Quadro Efetivo da UFPel.<\/span><\/p>\n<p><span style=\"font-size: 12pt\">**Quando homologadas as inscri\u00e7\u00f5es, os selecionados receber\u00e3o e-mail de confirma\u00e7\u00e3o e instru\u00e7\u00f5es de acesso \u00e0 sala de Webconf da UFPel.<\/span><\/p>\n<p><span style=\"color: #ff6600;font-size: 12pt\"><strong><a style=\"color: #ff6600\" href=\"https:\/\/wp.ufpel.edu.br\/progep\/files\/2023\/06\/Homologados-Capacita-na-Web-Avaliacao-do-ensino-e-aprendizagem-na-graduacao-pistas-para-refletirmos-sobre-as-nossas-praticas-pedagogicas-16-06-2023.pdf\" target=\"_blank\" rel=\"noopener\">INSCRI\u00c7\u00d5ES HOMOLOGADAS<\/a><\/strong><\/span><\/p>\n","protected":false},"excerpt":{"rendered":"<p>Facilitadora: Fl\u00e1via Marchi Nascimento (Docente &#8211; Centro de Artes &#8211; CA\/UFPel) Data: 16\/06\/2023 (Sexta-feira) Hor\u00e1rio: das 9h \u00e0s 11h Realiza\u00e7\u00e3o:\u00a0plataforma Webconf da UFPel (na modalidade\u00a0online) Ementa: &#8211; Avalia\u00e7\u00e3o: pistas sobre nossas concep\u00e7\u00f5es e pr\u00e1ticas avaliativas; &#8211; Plano de ensino: um acordo pedag\u00f3gico?; &#8211; Crit\u00e9rios de avalia\u00e7\u00e3o: sabemos o que avaliamos? P\u00fablico Alvo: Servidores docentes e [&hellip;]<\/p>\n","protected":false},"author":21,"featured_media":0,"parent":0,"menu_order":0,"comment_status":"closed","ping_status":"closed","template":"","meta":{"footnotes":""},"class_list":["post-23430","page","type-page","status-publish","hentry"],"_links":{"self":[{"href":"https:\/\/wp.ufpel.edu.br\/progep\/wp-json\/wp\/v2\/pages\/23430","targetHints":{"allow":["GET"]}}],"collection":[{"href":"https:\/\/wp.ufpel.edu.br\/progep\/wp-json\/wp\/v2\/pages"}],"about":[{"href":"https:\/\/wp.ufpel.edu.br\/progep\/wp-json\/wp\/v2\/types\/page"}],"author":[{"embeddable":true,"href":"https:\/\/wp.ufpel.edu.br\/progep\/wp-json\/wp\/v2\/users\/21"}],"replies":[{"embeddable":true,"href":"https:\/\/wp.ufpel.edu.br\/progep\/wp-json\/wp\/v2\/comments?post=23430"}],"version-history":[{"count":12,"href":"https:\/\/wp.ufpel.edu.br\/progep\/wp-json\/wp\/v2\/pages\/23430\/revisions"}],"predecessor-version":[{"id":34091,"href":"https:\/\/wp.ufpel.edu.br\/progep\/wp-json\/wp\/v2\/pages\/23430\/revisions\/34091"}],"wp:attachment":[{"href":"https:\/\/wp.ufpel.edu.br\/progep\/wp-json\/wp\/v2\/media?parent=23430"}],"curies":[{"name":"wp","href":"https:\/\/api.w.org\/{rel}","templated":true}]}}