{"id":23370,"date":"2023-05-22T10:33:13","date_gmt":"2023-05-22T13:33:13","guid":{"rendered":"https:\/\/wp.ufpel.edu.br\/progep\/?page_id=23370"},"modified":"2025-06-30T14:34:32","modified_gmt":"2025-06-30T17:34:32","slug":"oficina-introducao-ao-mapeamento-de-processos","status":"publish","type":"page","link":"https:\/\/wp.ufpel.edu.br\/progep\/oficina-introducao-ao-mapeamento-de-processos\/","title":{"rendered":"Capacita\u00e7\u00e3o: Oficina: Introdu\u00e7\u00e3o ao Mapeamento de Processos"},"content":{"rendered":"<p><span style=\"font-size: 12pt\"><strong>Ministrante(s): <\/strong>Clara Denise Kegles Porto, Eduardo Barros da Cunha e Milton Luis Rodrigues Bresque (Servidores T\u00e9cnico Administrativos do Escrit\u00f3rio de Processos da UFPel)<\/span><\/p>\n<p><span style=\"font-size: 12pt\"><strong>Carga hor\u00e1ria:<\/strong> 12 horas<\/span><\/p>\n<p class=\"v1MsoNormal\"><span style=\"font-size: 12pt\"><strong>Per\u00edodo de realiza\u00e7\u00e3o<\/strong>: 05 a 07 de junho de 2023<\/span><\/p>\n<p class=\"v1MsoNormal\"><span style=\"font-size: 12pt\"><strong>Hor\u00e1rio:<\/strong> das 8:00 \u00e0s 12:00<\/span><\/p>\n<p><span style=\"font-size: 12pt\"><b>Modalidade: <\/b>Presencial<\/span><\/p>\n<p class=\"v1MsoNormal\"><span style=\"font-size: 12pt\"><strong>Local<\/strong>: Laborat\u00f3rio\/Sala 117, do Centro de Letras e Comunica\u00e7\u00e3o &#8211; CLC, Campus Anglo<\/span><\/p>\n<p><span style=\"font-size: 12pt\"><strong>S\u00famula<\/strong>:<\/span><\/p>\n<p class=\"Texto_Justificado\"><span style=\"font-size: 12pt\">1. Apresenta\u00e7\u00e3o do EP da UFPel<\/span><br \/>\n<span style=\"font-size: 12pt\">1.1 Hist\u00f3rico<\/span><br \/>\n<span style=\"font-size: 12pt\">1.2 Servi\u00e7os<\/span><br \/>\n<span style=\"font-size: 12pt\">1.3 Ferramentas Utilizadas<\/span><br \/>\n<span style=\"font-size: 12pt\">2. Gest\u00e3o por processos<\/span><br \/>\n<span style=\"font-size: 12pt\">2.1 Conceitos B\u00e1sicos<\/span><br \/>\n<span style=\"font-size: 12pt\">2.2 Vis\u00e3o por processos<\/span><br \/>\n<span style=\"font-size: 12pt\">2.3 BPM<\/span><br \/>\n<span style=\"font-size: 12pt\">2.4 BPMN<\/span><br \/>\n<span style=\"font-size: 12pt\">3. Introdu\u00e7\u00e3o ao Bizagi<\/span><br \/>\n<span style=\"font-size: 12pt\">3.1 Nota\u00e7\u00e3o B\u00e1sica<\/span><br \/>\n<span style=\"font-size: 12pt\">3.2 Nota\u00e7\u00e3o Avan\u00e7ada<\/span><br \/>\n<span style=\"font-size: 12pt\">3.3 Elementos avan\u00e7ados do Bizagi<\/span><br \/>\n<span style=\"font-size: 12pt\">3.4 Erros comuns na diagrama\u00e7\u00e3o<\/span><br \/>\n<span style=\"font-size: 12pt\">4. Oportunidade de Melhorias<\/span><br \/>\n<span style=\"font-size: 12pt\">5. Introdu\u00e7\u00e3o ao FreeMind<\/span><\/p>\n<p><span style=\"font-size: 12pt\"><b><strong>Avalia\u00e7\u00e3o: <\/strong><\/b>Frequ\u00eancia m\u00ednima de 75% e realiza\u00e7\u00e3o das atividades propostas pelo ministrante.<\/span><\/p>\n<p class=\"v1MsoNormal\"><span style=\"font-size: 12pt\"><strong>P\u00fablico Alvo<\/strong>: Servidores docentes e TAE\u2019s ativos*<\/span><\/p>\n<p><span style=\"font-size: 12pt\"><strong>N\u00famero de vagas:<\/strong> <span style=\"color: #ff6600\"><strong>20 vagas<\/strong><\/span> (limitadas por ordem de inscri\u00e7\u00e3o)**<\/span><\/p>\n<p><span style=\"font-size: 12pt\"><strong>Per\u00edodo de inscri\u00e7\u00e3o<\/strong>: 22\/05 a 01\/06\/2023<\/span><\/p>\n<p><span style=\"font-size: 12pt\"><strong>Divulga\u00e7\u00e3o das inscri\u00e7\u00f5es homologadas<\/strong>: 02\/06***, nesta p\u00e1gina.<\/span><\/p>\n<p><span style=\"font-size: 12pt\">*Considerando a Pol\u00edtica Nacional de Desenvolvimento de Pessoas, conforme Decreto n\u00ba 9.991\/19, somente ser\u00e3o certificados os servidores p\u00fablicos pertencentes ao Quadro Efetivo da UFPel.<\/span><\/p>\n<p><span style=\"font-size: 12pt\">**Vagas destinadas \u00e0 servidores pertencentes ao Quadro Efetivo da UFPel, preferencialmente.<\/span><\/p>\n<p><span style=\"font-size: 12pt\">*** Quando homologadas as inscri\u00e7\u00f5es, os selecionados receber\u00e3o e-mail de confirma\u00e7\u00e3o.<\/span><\/p>\n<p><span style=\"color: #ff6600;font-size: 12pt\"><strong><a style=\"color: #ff6600\" href=\"https:\/\/wp.ufpel.edu.br\/progep\/files\/2023\/06\/Homologados-Oficina-Introducao-ao-Mapeamento-de-Processos-05-a-07-junho.pdf\" target=\"_blank\" rel=\"noopener\">INSCRI\u00c7\u00d5ES HOMOLOGADAS<\/a><\/strong><\/span><\/p>\n","protected":false},"excerpt":{"rendered":"<p>Ministrante(s): Clara Denise Kegles Porto, Eduardo Barros da Cunha e Milton Luis Rodrigues Bresque (Servidores T\u00e9cnico Administrativos do Escrit\u00f3rio de Processos da UFPel) Carga hor\u00e1ria: 12 horas Per\u00edodo de realiza\u00e7\u00e3o: 05 a 07 de junho de 2023 Hor\u00e1rio: das 8:00 \u00e0s 12:00 Modalidade: Presencial Local: Laborat\u00f3rio\/Sala 117, do Centro de Letras e Comunica\u00e7\u00e3o &#8211; CLC, [&hellip;]<\/p>\n","protected":false},"author":21,"featured_media":0,"parent":0,"menu_order":0,"comment_status":"closed","ping_status":"closed","template":"","meta":{"footnotes":""},"class_list":["post-23370","page","type-page","status-publish","hentry"],"_links":{"self":[{"href":"https:\/\/wp.ufpel.edu.br\/progep\/wp-json\/wp\/v2\/pages\/23370","targetHints":{"allow":["GET"]}}],"collection":[{"href":"https:\/\/wp.ufpel.edu.br\/progep\/wp-json\/wp\/v2\/pages"}],"about":[{"href":"https:\/\/wp.ufpel.edu.br\/progep\/wp-json\/wp\/v2\/types\/page"}],"author":[{"embeddable":true,"href":"https:\/\/wp.ufpel.edu.br\/progep\/wp-json\/wp\/v2\/users\/21"}],"replies":[{"embeddable":true,"href":"https:\/\/wp.ufpel.edu.br\/progep\/wp-json\/wp\/v2\/comments?post=23370"}],"version-history":[{"count":19,"href":"https:\/\/wp.ufpel.edu.br\/progep\/wp-json\/wp\/v2\/pages\/23370\/revisions"}],"predecessor-version":[{"id":34088,"href":"https:\/\/wp.ufpel.edu.br\/progep\/wp-json\/wp\/v2\/pages\/23370\/revisions\/34088"}],"wp:attachment":[{"href":"https:\/\/wp.ufpel.edu.br\/progep\/wp-json\/wp\/v2\/media?parent=23370"}],"curies":[{"name":"wp","href":"https:\/\/api.w.org\/{rel}","templated":true}]}}