{"id":23363,"date":"2023-05-19T11:09:06","date_gmt":"2023-05-19T14:09:06","guid":{"rendered":"https:\/\/wp.ufpel.edu.br\/progep\/?page_id=23363"},"modified":"2025-06-30T14:34:26","modified_gmt":"2025-06-30T17:34:26","slug":"capacita-na-web-o-que-sua-postura-diz-sobre-voce-descubra-como-a-ergonomia-se-conecta-com-a-sua-vida","status":"publish","type":"page","link":"https:\/\/wp.ufpel.edu.br\/progep\/capacita-na-web-o-que-sua-postura-diz-sobre-voce-descubra-como-a-ergonomia-se-conecta-com-a-sua-vida\/","title":{"rendered":"Capacita\u00e7\u00e3o: Capacita na Web &#8211; O que sua postura diz sobre voc\u00ea? Descubra como a ergonomia se conecta com a sua vida"},"content":{"rendered":"<p><span style=\"font-size: 12pt\">A Ergonomia \u00e9 o estudo que busca criar condi\u00e7\u00f5es de trabalho adequadas \u00e0s necessidades e caracter\u00edsticas humanas. Pra isso ela concilia efici\u00eancia e seguran\u00e7a do trabalho com o bem-estar das pessoas envolvidas.<\/span><\/p>\n<p><span style=\"font-size: 12pt\"><strong>Facilitadora:<\/strong> Danielle Furtado dos Santos (servidora T\u00e9c. Administrativa da PROGEP\/UFPel)<\/span><\/p>\n<p><span style=\"font-size: 12pt\"><strong>Data:<\/strong> 20\/06\/2023 (ter\u00e7a-feira)<\/span><\/p>\n<p><span style=\"font-size: 12pt\"><strong>Hor\u00e1rio: <\/strong>das 14:00 \u00e0s 17:00 (carga hor\u00e1ria 3 horas)<\/span><\/p>\n<p><span style=\"font-size: 12pt\"><strong>Realiza\u00e7\u00e3o:<\/strong>\u00a0plataforma Webconf da UFPel (na modalidade\u00a0<em>online)<\/em><\/span><\/p>\n<p><span style=\"font-size: 12pt\"><b><strong>Ementa:<\/strong><br \/>\n<\/b>I. Introdu\u00e7\u00e3o<br \/>\nII. A Ergonomia<br \/>\nIII. Dom\u00ednios da Ergonomia<br \/>\nIV. Legisla\u00e7\u00e3o sobre ergonomia<br \/>\nV. Preven\u00e7\u00e3o de les\u00f5es ocupacionais<br \/>\nVI. Considera\u00e7\u00f5es finais<br \/>\n<\/span><\/p>\n<p class=\"v1MsoNormal\"><span style=\"font-size: 12pt\"><strong>P\u00fablico Alvo<\/strong>: Servidores docentes e TAE\u2019s ativos da UFPel*<\/span><\/p>\n<p><span style=\"font-size: 12pt\"><strong>Per\u00edodo de inscri\u00e7\u00f5es<\/strong>: 19\/05 a 15\/06\/2023<\/span><\/p>\n<p><span style=\"font-size: 12pt\"><strong>Divulga\u00e7\u00e3o das inscri\u00e7\u00f5es homologadas<\/strong>: 16\/06**, nesta p\u00e1gina.<\/span><\/p>\n<p><span style=\"font-size: 12pt\">*Considerando a Pol\u00edtica Nacional de Desenvolvimento de Pessoas, conforme Decreto n\u00ba 9.991\/19, somente ser\u00e3o certificados os servidores p\u00fablicos pertencentes ao Quadro Efetivo da UFPel.<\/span><\/p>\n<p><span style=\"font-size: 12pt\">**Quando homologadas as inscri\u00e7\u00f5es, os selecionados receber\u00e3o e-mail de confirma\u00e7\u00e3o e instru\u00e7\u00f5es de acesso \u00e0 sala virtual no Webconf da UFPel.<\/span><\/p>\n<p><span style=\"color: #ff6600;font-size: 12pt\"><strong><a style=\"color: #ff6600\" href=\"https:\/\/wp.ufpel.edu.br\/progep\/files\/2023\/06\/Homologados-Capacita-na-Web-O-que-sua-postura-diz-sobre-voce-Descubra-como-a-ergonomia-se-conecta-com-a-sua-vida-16-06-2023.pdf\" target=\"_blank\" rel=\"noopener\">INSCRI\u00c7\u00d5ES HOMOLOGADAS<\/a><\/strong><\/span><\/p>\n","protected":false},"excerpt":{"rendered":"<p>A Ergonomia \u00e9 o estudo que busca criar condi\u00e7\u00f5es de trabalho adequadas \u00e0s necessidades e caracter\u00edsticas humanas. Pra isso ela concilia efici\u00eancia e seguran\u00e7a do trabalho com o bem-estar das pessoas envolvidas. Facilitadora: Danielle Furtado dos Santos (servidora T\u00e9c. Administrativa da PROGEP\/UFPel) Data: 20\/06\/2023 (ter\u00e7a-feira) Hor\u00e1rio: das 14:00 \u00e0s 17:00 (carga hor\u00e1ria 3 horas) Realiza\u00e7\u00e3o:\u00a0plataforma [&hellip;]<\/p>\n","protected":false},"author":21,"featured_media":0,"parent":0,"menu_order":0,"comment_status":"closed","ping_status":"closed","template":"","meta":{"footnotes":""},"class_list":["post-23363","page","type-page","status-publish","hentry"],"_links":{"self":[{"href":"https:\/\/wp.ufpel.edu.br\/progep\/wp-json\/wp\/v2\/pages\/23363","targetHints":{"allow":["GET"]}}],"collection":[{"href":"https:\/\/wp.ufpel.edu.br\/progep\/wp-json\/wp\/v2\/pages"}],"about":[{"href":"https:\/\/wp.ufpel.edu.br\/progep\/wp-json\/wp\/v2\/types\/page"}],"author":[{"embeddable":true,"href":"https:\/\/wp.ufpel.edu.br\/progep\/wp-json\/wp\/v2\/users\/21"}],"replies":[{"embeddable":true,"href":"https:\/\/wp.ufpel.edu.br\/progep\/wp-json\/wp\/v2\/comments?post=23363"}],"version-history":[{"count":12,"href":"https:\/\/wp.ufpel.edu.br\/progep\/wp-json\/wp\/v2\/pages\/23363\/revisions"}],"predecessor-version":[{"id":34087,"href":"https:\/\/wp.ufpel.edu.br\/progep\/wp-json\/wp\/v2\/pages\/23363\/revisions\/34087"}],"wp:attachment":[{"href":"https:\/\/wp.ufpel.edu.br\/progep\/wp-json\/wp\/v2\/media?parent=23363"}],"curies":[{"name":"wp","href":"https:\/\/api.w.org\/{rel}","templated":true}]}}