{"id":23307,"date":"2023-05-15T11:13:11","date_gmt":"2023-05-15T14:13:11","guid":{"rendered":"https:\/\/wp.ufpel.edu.br\/progep\/?page_id=23307"},"modified":"2025-06-30T14:34:19","modified_gmt":"2025-06-30T17:34:19","slug":"trilhas-de-formacao-avaliacao-de-desempenho-para-que-para-quem-e-por-que","status":"publish","type":"page","link":"https:\/\/wp.ufpel.edu.br\/progep\/trilhas-de-formacao-avaliacao-de-desempenho-para-que-para-quem-e-por-que\/","title":{"rendered":"Capacita\u00e7\u00e3o: Trilhas de Forma\u00e7\u00e3o: Avalia\u00e7\u00e3o de Desempenho Para Que, Para Quem e Por Qu\u00ea?"},"content":{"rendered":"<p><span style=\"font-size: 12pt\"><strong>Facilitadora:<\/strong> Francielle Molon da Silva (Docente &#8211; Centro de Ci\u00eancias S\u00f3cio-Organizacionais &#8211; CCSO\/UFPel)<\/span><\/p>\n<p><span style=\"font-size: 12pt\"><strong>Data:<\/strong> 13\/06\/2023 (ter\u00e7a-feira)<\/span><\/p>\n<p><span style=\"font-size: 12pt\"><strong>Hor\u00e1rio:\u00a0 <\/strong>das 14h \u00e0s 16h<\/span><\/p>\n<p><span style=\"font-size: 12pt\"><strong>Realiza\u00e7\u00e3o:<\/strong>\u00a0plataforma Webconf da UFPel (na modalidade\u00a0<em>online)<\/em><\/span><\/p>\n<p><span style=\"font-size: 12pt\"><strong>Ementa:<\/strong><\/span><br \/>\n<span style=\"font-size: 12pt\">\u2022 Discuss\u00e3o do conceito de desempenho;<\/span><br \/>\n<span style=\"font-size: 12pt\">\u2022 Compreens\u00e3o do car\u00e1ter processual da avalia\u00e7\u00e3o de desempenho;<\/span><br \/>\n<span style=\"font-size: 12pt\">\u2022 Debate sobre os cuidados a serem considerados quando trata-se de avalia\u00e7\u00e3o de desempenho.<\/span><\/p>\n<p><span style=\"font-size: 12pt\"><strong>P\u00fablico Alvo:<\/strong> Servidores docentes e TAE\u2019s ativos*<\/span><\/p>\n<p><span style=\"font-size: 12pt\"><strong>Per\u00edodo de inscri\u00e7\u00f5es<\/strong>: 15\/05 a 05\/06\/2023<\/span><\/p>\n<p><span style=\"font-size: 12pt\"><strong>Divulga\u00e7\u00e3o das inscri\u00e7\u00f5es homologadas<\/strong>: 06\/06\/2023**, nesta p\u00e1gina.<\/span><\/p>\n<p><span style=\"font-size: 12pt\">*Considerando a Pol\u00edtica Nacional de Desenvolvimento de Pessoas, conforme Decreto n\u00ba 9.991\/19, somente ser\u00e3o certificados os servidores p\u00fablicos pertencentes ao Quadro Efetivo da UFPel.<\/span><\/p>\n<p><span style=\"font-size: 12pt\">**Quando homologadas as inscri\u00e7\u00f5es, os selecionados receber\u00e3o e-mail com instru\u00e7\u00f5es de acesso \u00e0 sala de Webconf da UFPel.<\/span><\/p>\n<p><span style=\"color: #ff6600;font-size: 12pt\"><strong><a style=\"color: #ff6600\" href=\"https:\/\/wp.ufpel.edu.br\/progep\/files\/2023\/06\/Homologados-Trilhas-de-Formacao-Avaliacao-de-Desempenho-Para-Que-Para-Quem-e-Por-Que-13-06-2023.pdf\" target=\"_blank\" rel=\"noopener\">INSCRI\u00c7\u00d5ES HOMOLOGADAS<\/a><\/strong><\/span><\/p>\n<p>&nbsp;<\/p>\n","protected":false},"excerpt":{"rendered":"<p>Facilitadora: Francielle Molon da Silva (Docente &#8211; Centro de Ci\u00eancias S\u00f3cio-Organizacionais &#8211; CCSO\/UFPel) Data: 13\/06\/2023 (ter\u00e7a-feira) Hor\u00e1rio:\u00a0 das 14h \u00e0s 16h Realiza\u00e7\u00e3o:\u00a0plataforma Webconf da UFPel (na modalidade\u00a0online) Ementa: \u2022 Discuss\u00e3o do conceito de desempenho; \u2022 Compreens\u00e3o do car\u00e1ter processual da avalia\u00e7\u00e3o de desempenho; \u2022 Debate sobre os cuidados a serem considerados quando trata-se de avalia\u00e7\u00e3o [&hellip;]<\/p>\n","protected":false},"author":21,"featured_media":0,"parent":0,"menu_order":0,"comment_status":"closed","ping_status":"closed","template":"","meta":{"footnotes":""},"class_list":["post-23307","page","type-page","status-publish","hentry"],"_links":{"self":[{"href":"https:\/\/wp.ufpel.edu.br\/progep\/wp-json\/wp\/v2\/pages\/23307","targetHints":{"allow":["GET"]}}],"collection":[{"href":"https:\/\/wp.ufpel.edu.br\/progep\/wp-json\/wp\/v2\/pages"}],"about":[{"href":"https:\/\/wp.ufpel.edu.br\/progep\/wp-json\/wp\/v2\/types\/page"}],"author":[{"embeddable":true,"href":"https:\/\/wp.ufpel.edu.br\/progep\/wp-json\/wp\/v2\/users\/21"}],"replies":[{"embeddable":true,"href":"https:\/\/wp.ufpel.edu.br\/progep\/wp-json\/wp\/v2\/comments?post=23307"}],"version-history":[{"count":18,"href":"https:\/\/wp.ufpel.edu.br\/progep\/wp-json\/wp\/v2\/pages\/23307\/revisions"}],"predecessor-version":[{"id":34086,"href":"https:\/\/wp.ufpel.edu.br\/progep\/wp-json\/wp\/v2\/pages\/23307\/revisions\/34086"}],"wp:attachment":[{"href":"https:\/\/wp.ufpel.edu.br\/progep\/wp-json\/wp\/v2\/media?parent=23307"}],"curies":[{"name":"wp","href":"https:\/\/api.w.org\/{rel}","templated":true}]}}