{"id":23225,"date":"2023-04-28T09:35:40","date_gmt":"2023-04-28T12:35:40","guid":{"rendered":"https:\/\/wp.ufpel.edu.br\/progep\/?page_id=23225"},"modified":"2025-10-20T11:05:22","modified_gmt":"2025-10-20T14:05:22","slug":"progep-pro-reitoria-de-gestao-de-pessoas","status":"publish","type":"page","link":"https:\/\/wp.ufpel.edu.br\/progep\/","title":{"rendered":"PROGEP &#8211; Pr\u00f3-Reitoria de Gest\u00e3o com Pessoas"},"content":{"rendered":"<div class=\"pagInicialHeaderStyle\">\n<div class=\"logoPagInicialHeaderStyle\">\n<p><img class=\"responsive\" src=\"https:\/\/wp.ufpel.edu.br\/progep\/files\/2025\/03\/marca-ufpel-BRANCA.png\" alt=\"Logo da UFPEL\" \/><\/p>\n<p class=\"nomeProgep\">Seja bem-vindo(a) \u00e0 <strong>Pr\u00f3-Reitoria de Gest\u00e3o com Pessoas!<\/strong><\/p>\n<p><img class=\"responsive\" style=\"margin: 0\" src=\"https:\/\/wp.ufpel.edu.br\/progep\/files\/2025\/03\/logo-progep_atualizacao-nome_BRANCO-1.png\" alt=\"Logo da PROGEP - Pr\u00f3Reitoria de Gest\u00e3o com Pessoas\" \/><\/p>\n<\/div>\n<p class=\"nomeProgepMobile\">Seja bem-vindo(a) \u00e0 <strong>Pr\u00f3-Reitoria de Gest\u00e3o com Pessoas!<\/strong><\/p>\n<p class=\"apresentacaoPagInicial\">Como podemos te ajudar?<br \/>\nClique nos \u00edcones abaixo e encontre informa\u00e7\u00f5es a respeito das atividades realizadas pela PROGEP.<\/p>\n<\/div>\n<hr class=\"hrModelStyle\" \/>\n<div class=\"pagInicialStyle\">\n<a class=\"cardPagInicial cardAposentados\" href=\"https:\/\/wp.ufpel.edu.br\/progep\/aposentados-e-pensionistas_nova\/\"><br \/>\n<img class=\"wp-image-23230\" src=\"https:\/\/wp.ufpel.edu.br\/progep\/files\/2023\/04\/WhatsApp-Image-2023-01-05-at-15.47.03-3-200x200-1.jpeg\" alt=\"\" width=\"150\" height=\"150\" \/><br \/>\n<strong>Aposentados e Pensionistas<\/strong><br \/>\n<\/a><br \/>\n<a class=\"cardPagInicial cardIngresso\" href=\"https:\/\/wp.ufpel.edu.br\/progep\/ingresso-e-movimentacao-de-pessoal\/\"><br \/>\n<img class=\"wp-image-23230\" src=\"https:\/\/wp.ufpel.edu.br\/progep\/files\/2023\/04\/WhatsApp-Image-2023-01-05-at-15.47.03-7-1-200x200-1.jpeg\" alt=\"\" width=\"150\" height=\"150\" \/><br \/>\n<strong> Ingresso e Movimenta\u00e7\u00e3o <\/strong><br \/>\n<\/a><br \/>\n<a class=\"cardPagInicial cardConcursos\" href=\"https:\/\/wp.ufpel.edu.br\/progep\/concursos_publicos_processos_seletivos_nova\"><br \/>\n<img class=\"wp-image-23230\" src=\"https:\/\/wp.ufpel.edu.br\/progep\/files\/2023\/04\/WhatsApp-Image-2023-01-05-at-15.47.03-6-200x200-1.jpeg\" alt=\"\" width=\"150\" height=\"150\" \/><br \/>\n<strong>Concursos P\u00fablicos e Processos Seletivos<\/strong><br \/>\n<\/a><br \/>\n<a class=\"cardPagInicial cardSaude\" href=\"https:\/\/wp.ufpel.edu.br\/progep\/saude-e-qualidade-de-vida_nova\/\"><br \/>\n<img class=\"wp-image-23230\" src=\"https:\/\/wp.ufpel.edu.br\/progep\/files\/2023\/04\/WhatsApp-Image-2023-01-05-at-15.47.03-1-200x200-1.jpeg\" alt=\"\" width=\"150\" height=\"150\" \/><br \/>\n<strong>Sa\u00fade, Qualidade de Vida e Seguran\u00e7a no Trabalho<\/strong><br \/>\n<\/a><br \/>\n<a class=\"cardPagInicial cardCarreira\" href=\"https:\/\/wp.ufpel.edu.br\/progep\/carreira_nova\/\"><br \/>\n<img class=\"wp-image-23230\" src=\"https:\/\/wp.ufpel.edu.br\/progep\/files\/2023\/04\/WhatsApp-Image-2023-01-05-at-15.47.03-4-200x200-1.jpeg\" alt=\"\" width=\"150\" height=\"150\" \/><br \/>\n<strong>Carreira <\/strong><br \/>\n<\/a><br \/>\n<a class=\"cardPagInicial cardCapacitacao\" href=\"https:\/\/wp.ufpel.edu.br\/progep\/capacitacao\"><br \/>\n<img class=\"wp-image-23230\" src=\"https:\/\/wp.ufpel.edu.br\/progep\/files\/2023\/04\/WhatsApp-Image-2023-04-27-at-09.59.10-200x200-1.jpeg\" alt=\"\" width=\"150\" height=\"150\" \/><br \/>\n<strong>Capacita\u00e7\u00e3o<\/strong><br \/>\n<\/a><br \/>\n<a class=\"cardPagInicial cardDireitosEDeveres\" href=\"https:\/\/wp.ufpel.edu.br\/progep\/direitos_e_deveres_nova\/\"><br \/>\n<img class=\"wp-image-23230\" src=\"https:\/\/wp.ufpel.edu.br\/progep\/files\/2023\/04\/WhatsApp-Image-2023-01-05-at-15.47.03-5-200x200-1.jpeg\" alt=\"\" width=\"150\" height=\"150\" \/><br \/>\n<strong>Direitos e Vantagens<\/strong><br \/>\n<\/a><br \/>\n<a class=\"cardPagInicial cardPGD\" href=\"https:\/\/wp.ufpel.edu.br\/progep\/pgd\/\"><br \/>\n<img class=\"wp-image-23230\" src=\"https:\/\/wp.ufpel.edu.br\/progep\/files\/2023\/04\/WhatsApp-Image-2023-01-05-at-15.47.03-200x200-1.jpeg\" alt=\"\" width=\"150\" height=\"150\" \/><br \/>\n<strong>Programa de Gest\u00e3o e Desempenho <\/strong><br \/>\n<\/a><br \/>\n<a class=\"cardPagInicial cardClubeBeneficios\" href=\"https:\/\/wp.ufpel.edu.br\/progep\/edital-clube-de-beneficios\/\"><br \/>\n<img class=\"wp-image-23230\" src=\"https:\/\/wp.ufpel.edu.br\/progep\/files\/2025\/09\/clube-de-beneficios.png\" alt=\"\" width=\"200\" height=\"200\" \/><br \/>\n<strong>Clube de Benef\u00edcios<\/strong><br \/>\n<\/a><br \/>\n<a class=\"cardPagInicial cardGalery\" href=\"https:\/\/wp.ufpel.edu.br\/progep\/galeria-da-progep\"><br \/>\n<img class=\"wp-image-23230\" src=\"https:\/\/wp.ufpel.edu.br\/progep\/files\/2025\/10\/Design-sem-nome-4.png\" alt=\"\" width=\"150\" height=\"150\" \/><br \/>\n<strong style=\"color: white\">Galeria da PROGEP<\/strong><br \/>\n<\/a><br \/>\n<a class=\"noticias\" href=\"https:\/\/wp.ufpel.edu.br\/progep\/noticias\/\"><br \/>\n<img class=\"wp-image-23230\" src=\"https:\/\/wp.ufpel.edu.br\/progep\/files\/2023\/04\/WhatsApp-Image-2023-01-05-at-15.47.03-2-200x200-1.jpeg\" alt=\"\" width=\"150\" height=\"150\" \/><br \/>\n<strong>Confira as \u00faltimas<br \/>\nnot\u00edcias da PROGEP<\/strong><br \/>\n<strong class=\"botao-noticias\">Not\u00edcias<\/strong><br \/>\n<\/a>\n<\/div>\n","protected":false},"excerpt":{"rendered":"<p>Seja bem-vindo(a) \u00e0 Pr\u00f3-Reitoria de Gest\u00e3o com Pessoas! Seja bem-vindo(a) \u00e0 Pr\u00f3-Reitoria de Gest\u00e3o com Pessoas! Como podemos te ajudar? Clique nos \u00edcones abaixo e encontre informa\u00e7\u00f5es a respeito das atividades realizadas pela PROGEP. Aposentados e Pensionistas Ingresso e Movimenta\u00e7\u00e3o Concursos P\u00fablicos e Processos Seletivos Sa\u00fade, Qualidade de Vida e Seguran\u00e7a no Trabalho Carreira Capacita\u00e7\u00e3o [&hellip;]<\/p>\n","protected":false},"author":20,"featured_media":0,"parent":0,"menu_order":0,"comment_status":"closed","ping_status":"closed","template":"page-sem-sidebar.php","meta":{"footnotes":""},"class_list":["post-23225","page","type-page","status-publish","hentry"],"_links":{"self":[{"href":"https:\/\/wp.ufpel.edu.br\/progep\/wp-json\/wp\/v2\/pages\/23225","targetHints":{"allow":["GET"]}}],"collection":[{"href":"https:\/\/wp.ufpel.edu.br\/progep\/wp-json\/wp\/v2\/pages"}],"about":[{"href":"https:\/\/wp.ufpel.edu.br\/progep\/wp-json\/wp\/v2\/types\/page"}],"author":[{"embeddable":true,"href":"https:\/\/wp.ufpel.edu.br\/progep\/wp-json\/wp\/v2\/users\/20"}],"replies":[{"embeddable":true,"href":"https:\/\/wp.ufpel.edu.br\/progep\/wp-json\/wp\/v2\/comments?post=23225"}],"version-history":[{"count":4,"href":"https:\/\/wp.ufpel.edu.br\/progep\/wp-json\/wp\/v2\/pages\/23225\/revisions"}],"predecessor-version":[{"id":38274,"href":"https:\/\/wp.ufpel.edu.br\/progep\/wp-json\/wp\/v2\/pages\/23225\/revisions\/38274"}],"wp:attachment":[{"href":"https:\/\/wp.ufpel.edu.br\/progep\/wp-json\/wp\/v2\/media?parent=23225"}],"curies":[{"name":"wp","href":"https:\/\/api.w.org\/{rel}","templated":true}]}}