{"id":23200,"date":"2023-04-27T12:00:48","date_gmt":"2023-04-27T15:00:48","guid":{"rendered":"https:\/\/wp.ufpel.edu.br\/progep\/?page_id=23200"},"modified":"2025-06-30T14:34:01","modified_gmt":"2025-06-30T17:34:01","slug":"formacao-para-gestores-3a-edicao-modulo-3-gestao-do-sei-mapeamento-de-processos-servicos-e-ferramentas-de-tecnologia-da-informacao-t-i","status":"publish","type":"page","link":"https:\/\/wp.ufpel.edu.br\/progep\/formacao-para-gestores-3a-edicao-modulo-3-gestao-do-sei-mapeamento-de-processos-servicos-e-ferramentas-de-tecnologia-da-informacao-t-i\/","title":{"rendered":"Capacita\u00e7\u00e3o: Forma\u00e7\u00e3o para Gestores 3\u00aa Edi\u00e7\u00e3o \u2013 M\u00f3dulo 3: Gest\u00e3o do SEI, Mapeamento de Processos e Servi\u00e7os e Ferramentas de Tecnologia da Informa\u00e7\u00e3o (T.I.)"},"content":{"rendered":"<p style=\"font-size: 11pt\"><span style=\"font-size: 12pt\"><strong>Realiza\u00e7\u00e3o:<\/strong> dias 15 e 18 de maio de 2023<\/span><\/p>\n<p style=\"font-size: 11pt\"><span style=\"font-size: 12pt\"><strong>Carga hor\u00e1ria:<\/strong> 6 horas no total (3 horas por dia)<\/span><\/p>\n<p style=\"font-size: 11pt\"><span style=\"font-size: 12pt\"><strong>Modalidade:<\/strong> Presencial<\/span><\/p>\n<p style=\"font-size: 11pt\"><span style=\"font-size: 12pt\"><strong>Local:<\/strong> Audit\u00f3rio da Reitoria, 4\u00ba andar do Campus Anglo da UFPel<\/span><\/p>\n<p style=\"font-size: 11pt\"><span style=\"font-size: 12pt\"><strong>Avalia\u00e7\u00e3o<\/strong>: Frequ\u00eancia m\u00ednima de 75%<\/span><\/p>\n<p style=\"font-size: 11pt\"><span style=\"font-size: 12pt\"><strong>P\u00fablico Alvo<\/strong>: Chefes de N\u00facleo das Unidades Administrativas*<\/span><\/p>\n<p style=\"font-size: 11pt\"><span style=\"font-size: 12pt\"><strong>Per\u00edodo de inscri\u00e7\u00e3o<\/strong>: 27\/04 a 11\/05<\/span><\/p>\n<p style=\"font-size: 11pt\"><span style=\"font-size: 12pt\"><strong>Divulga\u00e7\u00e3o das inscri\u00e7\u00f5es homologadas<\/strong>: 12\/05**, nesta p\u00e1gina.<\/span><\/p>\n<hr \/>\n<p><span style=\"font-size: 12pt\"><strong>PROGRAMA\u00c7\u00c3O<\/strong>:<\/span><\/p>\n<p style=\"line-height: 35px;text-align: left\"><span style=\"font-size: 12pt\"><strong>Tema<\/strong>: <span style=\"color: #ff6600\"><strong>Uso e Gest\u00e3o do Sistema Eletr\u00f4nico de Informa\u00e7\u00f5es (SEI)<\/strong><\/span><\/span><\/p>\n<p style=\"line-height: 15px;text-align: left\"><span style=\"font-size: 12pt\"><strong>Data\/hor\u00e1rio: <\/strong>15 de maio de 2023 (Segunda-feira) &#8211; das 14:00 \u00e0s 17:00<\/span><\/p>\n<p style=\"line-height: 15px;text-align: left\"><span style=\"font-size: 12pt\"><strong>Ministrante:<\/strong> J\u00falio Carlos Balzano de Mattos (Docente do Centro de Desenvolvimento Tecnol\u00f3gico &#8211; CDTEC\/UFPel)<\/span><\/p>\n<p style=\"line-height: 15px\"><span style=\"font-size: 12pt\"><strong>Ementa<\/strong>:<\/span><\/p>\n<p style=\"line-height: 15px;padding-left: 1px\"><span style=\"font-size: 12pt\">\u2022 Recursos do SEI:<\/span><\/p>\n<p style=\"line-height: 25px;padding-left: 20px\"><span style=\"font-size: 12pt\">Bloco de assinatura;<br \/>\nAcompanhamento especial;<br \/>\nBusca e uso da base de conhecimento;<br \/>\nAndamento do processo;<br \/>\nRelacionamento e anexa\u00e7\u00e3o de processos;<br \/>\nSobrestamento de processos;<br \/>\nUso do recurso de pesquisa e estat\u00edsticas;<br \/>\nUso do grupo de envio (e-mail, envio e contatos);<br \/>\nEnvio de e-mail;<br \/>\nCadastro de usu\u00e1rio externo e disponibiliza\u00e7\u00e3o de documentos para usu\u00e1rio externo;<br \/>\nTexto padr\u00e3o;<br \/>\nDocumento modelo;<br \/>\nSEI++;<br \/>\nUso aplicativo.<\/span><\/p>\n<p style=\"line-height: 0px\"><span style=\"font-size: 12pt\">.<\/span><\/p>\n<p style=\"line-height: 1px;padding-left: 1px\"><span style=\"font-size: 12pt\">\u2022 Boas Pr\u00e1ticas no uso do SEI:<\/span><\/p>\n<p style=\"line-height: 25px;padding-left: 20px\"><span style=\"font-size: 12pt\">Uso do SEI: qual finalidade;<\/span><br \/>\n<span style=\"font-size: 12pt\">A import\u00e2ncia da classifica\u00e7\u00e3o de processos;<\/span><br \/>\n<span style=\"font-size: 12pt\">A import\u00e2ncia da especifica\u00e7\u00e3o do processo;<\/span><br \/>\n<span style=\"font-size: 12pt\">Interessado no processo\/documento;<\/span><br \/>\n<span style=\"font-size: 12pt\">Retorno de bloco de assinatura; N\u00e3o utilizar o retorno programado;<\/span><br \/>\n<span style=\"font-size: 12pt\">Problema de processo abertos em Unidades, sem necessidade;<\/span><br \/>\n<span style=\"font-size: 12pt\">Quest\u00f5es de seguran\u00e7a;<\/span><br \/>\n<span style=\"font-size: 12pt\">Link de documentos no SEI;<\/span><br \/>\n<span style=\"font-size: 12pt\">D\u00ea prefer\u00eancia ao editor do SEI;<\/span><br \/>\n<span style=\"font-size: 12pt\">N\u00e3o reinserir um arquivo nativo SEI novamente;<\/span><br \/>\n<span style=\"font-size: 12pt\">Uso da atualiza\u00e7\u00e3o de andamento para registro de informa\u00e7\u00f5es relevantes.<\/span><\/p>\n<p style=\"line-height: 3px\"><span style=\"font-size: 12pt\">&#8212;&#8211;<\/span><\/p>\n<p style=\"line-height: 35px;text-align: left\"><span style=\"font-size: 12pt\"><strong>Tema<\/strong>: <span style=\"color: #ff6600\"><strong>Mapeamento de Processos no aprimoramento das atividades administrativas da UFPel<\/strong><\/span><\/span><\/p>\n<p style=\"line-height: 15px;text-align: left\"><span style=\"font-size: 12pt\"><strong>Data\/hor\u00e1rio: <\/strong>18\/05 (Quinta-feira) &#8211; das 14:00 \u00e0s 15:30<\/span><\/p>\n<p style=\"line-height: 15px;text-align: left\"><span style=\"font-size: 12pt\"><strong>Ministrante:<\/strong> Milton Luis Rodrigues Bresque (Servidor T\u00e9cnico-Administrativo e Chefe do Escrit\u00f3rio de Processos da UFPel)<\/span><\/p>\n<p style=\"line-height: 15px\"><span style=\"font-size: 12pt\"><strong>Ementa<\/strong>:<\/span><\/p>\n<p style=\"line-height: 15px;padding-left: 0px\"><span style=\"font-size: 12pt\">\u2022 Escrit\u00f3rio de Processos:<\/span><\/p>\n<p style=\"line-height: 25px;padding-left: 10px\"><span style=\"font-size: 12pt\">1. Hist\u00f3rico<br \/>\n2. Miss\u00e3o, Vis\u00e3o, Valores<br \/>\n3. Objetivos<br \/>\n4. Servi\u00e7os<br \/>\n4.1 Mapeamento de Processos no aprimoramento das atividades administrativas da UFPel<br \/>\n4.1.1 Conceito<br \/>\n4.1.2 Metodologia (Levantamento de Rotinas; Diagrama\u00e7\u00e3o AS IS; An\u00e1lise e Pesquisa; Oportunidade de Melhorias; Diagrama\u00e7\u00e3o TO BE; Publica\u00e7\u00e3o; Acompanhamento)<br \/>\n4.1.3 Ferramentas Utilizadas<br \/>\n4.2 Mapeamento de Processos para desenvolvimento de sistemas (Conceito; Metodologia; Ferramentas Utilizadas)<br \/>\n4.3 SEI<br \/>\n4.4 Capacita\u00e7\u00e3o<\/span><\/p>\n<p><span style=\"font-size: 12pt\">&#8212;&#8211;<\/span><\/p>\n<p style=\"line-height: 35px;text-align: left\"><span style=\"font-size: 12pt\"><strong>Tema<\/strong>: <span style=\"color: #ff6600\"><strong>Servi\u00e7os e Ferramentas de Tecnologia da Informa\u00e7\u00e3o na UFPEL<\/strong><\/span><\/span><\/p>\n<p style=\"line-height: 15px;text-align: left\"><span style=\"font-size: 12pt\"><strong>Data\/hor\u00e1rio: <\/strong>18\/05 (Quinta-feira) &#8211; das 15:30 \u00e0s 17:00<\/span><\/p>\n<p style=\"line-height: 15px;text-align: left\"><span style=\"font-size: 12pt\"><strong>Ministrante:<\/strong> Eduardo Maro\u00f1as Monks (Coordenador de Redes e Infraestrutura da UFPel)<\/span><\/p>\n<p style=\"line-height: 15px\"><span style=\"font-size: 12pt\"><strong>Ementa<\/strong>: Ser\u00e3o apresentados os principais servi\u00e7os e ferramentas de Tecnologia da Informa\u00e7\u00e3o (T.I.) para facilitar as tarefas administrativas. Entre os servi\u00e7os e ferramentas pode-se citar:<\/span><\/p>\n<p style=\"line-height: 25px;padding-left: 10px\"><span style=\"font-size: 12pt\">&#8211; Atendimento e Suporte;<br \/>\n&#8211; Webmail;<br \/>\n&#8211; Listas de e-mails;<br \/>\n&#8211; Docs;<br \/>\n&#8211; Webconf;<br \/>\n&#8211; Encurtador de Links;<br \/>\n&#8211; Outsourcing de Impress\u00e3o;<br \/>\n&#8211; Survey\/Redcap;<br \/>\n&#8211; WUFPel;<br \/>\n&#8211; Vota\u00e7\u00e3o Online;<br \/>\n&#8211; Projetos de rede l\u00f3gica;<br \/>\n&#8211; Acesso \u00e0 Internet.<\/span><\/p>\n<hr \/>\n<p><span style=\"font-size: 12pt\">*Considerando a Pol\u00edtica Nacional de Desenvolvimento de Pessoas, conforme Decreto n\u00ba 9.991\/19, somente ser\u00e3o certificados os servidores p\u00fablicos pertencentes ao Quadro Efetivo da UFPel.<\/span><\/p>\n<p><span style=\"font-size: 12pt\">**Quando homologadas as inscri\u00e7\u00f5es, os selecionados receber\u00e3o confirma\u00e7\u00e3o no e-mail cadastrado no ato da inscri\u00e7\u00e3o.<\/span><\/p>\n<p><span style=\"color: #ff6600;font-size: 12pt\"><strong><a style=\"color: #ff6600\" href=\"https:\/\/wp.ufpel.edu.br\/progep\/files\/2023\/05\/Homologacao-Formacao-Gestores-3-Edicao-Modulo-3-Gestao-do-SEI-Mapeamento-de-Processos-Servicos-e-Ferramentas-de-TI.pdf\" target=\"_blank\" rel=\"noopener\">INSCRI\u00c7\u00d5ES HOMOLOGADAS<\/a><\/strong><\/span><\/p>\n","protected":false},"excerpt":{"rendered":"<p>Realiza\u00e7\u00e3o: dias 15 e 18 de maio de 2023 Carga hor\u00e1ria: 6 horas no total (3 horas por dia) Modalidade: Presencial Local: Audit\u00f3rio da Reitoria, 4\u00ba andar do Campus Anglo da UFPel Avalia\u00e7\u00e3o: Frequ\u00eancia m\u00ednima de 75% P\u00fablico Alvo: Chefes de N\u00facleo das Unidades Administrativas* Per\u00edodo de inscri\u00e7\u00e3o: 27\/04 a 11\/05 Divulga\u00e7\u00e3o das inscri\u00e7\u00f5es homologadas: [&hellip;]<\/p>\n","protected":false},"author":21,"featured_media":0,"parent":0,"menu_order":0,"comment_status":"closed","ping_status":"closed","template":"","meta":{"footnotes":""},"class_list":["post-23200","page","type-page","status-publish","hentry"],"_links":{"self":[{"href":"https:\/\/wp.ufpel.edu.br\/progep\/wp-json\/wp\/v2\/pages\/23200","targetHints":{"allow":["GET"]}}],"collection":[{"href":"https:\/\/wp.ufpel.edu.br\/progep\/wp-json\/wp\/v2\/pages"}],"about":[{"href":"https:\/\/wp.ufpel.edu.br\/progep\/wp-json\/wp\/v2\/types\/page"}],"author":[{"embeddable":true,"href":"https:\/\/wp.ufpel.edu.br\/progep\/wp-json\/wp\/v2\/users\/21"}],"replies":[{"embeddable":true,"href":"https:\/\/wp.ufpel.edu.br\/progep\/wp-json\/wp\/v2\/comments?post=23200"}],"version-history":[{"count":9,"href":"https:\/\/wp.ufpel.edu.br\/progep\/wp-json\/wp\/v2\/pages\/23200\/revisions"}],"predecessor-version":[{"id":34084,"href":"https:\/\/wp.ufpel.edu.br\/progep\/wp-json\/wp\/v2\/pages\/23200\/revisions\/34084"}],"wp:attachment":[{"href":"https:\/\/wp.ufpel.edu.br\/progep\/wp-json\/wp\/v2\/media?parent=23200"}],"curies":[{"name":"wp","href":"https:\/\/api.w.org\/{rel}","templated":true}]}}