{"id":23176,"date":"2023-04-28T15:09:04","date_gmt":"2023-04-28T18:09:04","guid":{"rendered":"https:\/\/wp.ufpel.edu.br\/progep\/?page_id=23176"},"modified":"2023-04-28T15:09:04","modified_gmt":"2023-04-28T18:09:04","slug":"cedencia-e-requisicao","status":"publish","type":"page","link":"https:\/\/wp.ufpel.edu.br\/progep\/cedencia-e-requisicao\/","title":{"rendered":"Ced\u00eancia e Requisi\u00e7\u00e3o"},"content":{"rendered":"<p style=\"text-align: center\"><span style=\"color: #ff6600;font-size: 36pt\"><strong>P\u00c1GINA EM CONSTRU\u00c7\u00c3O<\/strong><\/span><\/p>\n<p style=\"text-align: center\">Em breve disponibilizaremos as informa\u00e7\u00f5es.<\/p>\n","protected":false},"excerpt":{"rendered":"<p>P\u00c1GINA EM CONSTRU\u00c7\u00c3O Em breve disponibilizaremos as informa\u00e7\u00f5es.<\/p>\n","protected":false},"author":52,"featured_media":0,"parent":0,"menu_order":0,"comment_status":"closed","ping_status":"closed","template":"","meta":{"footnotes":""},"class_list":["post-23176","page","type-page","status-publish","hentry"],"_links":{"self":[{"href":"https:\/\/wp.ufpel.edu.br\/progep\/wp-json\/wp\/v2\/pages\/23176","targetHints":{"allow":["GET"]}}],"collection":[{"href":"https:\/\/wp.ufpel.edu.br\/progep\/wp-json\/wp\/v2\/pages"}],"about":[{"href":"https:\/\/wp.ufpel.edu.br\/progep\/wp-json\/wp\/v2\/types\/page"}],"author":[{"embeddable":true,"href":"https:\/\/wp.ufpel.edu.br\/progep\/wp-json\/wp\/v2\/users\/52"}],"replies":[{"embeddable":true,"href":"https:\/\/wp.ufpel.edu.br\/progep\/wp-json\/wp\/v2\/comments?post=23176"}],"version-history":[{"count":1,"href":"https:\/\/wp.ufpel.edu.br\/progep\/wp-json\/wp\/v2\/pages\/23176\/revisions"}],"predecessor-version":[{"id":23178,"href":"https:\/\/wp.ufpel.edu.br\/progep\/wp-json\/wp\/v2\/pages\/23176\/revisions\/23178"}],"wp:attachment":[{"href":"https:\/\/wp.ufpel.edu.br\/progep\/wp-json\/wp\/v2\/media?parent=23176"}],"curies":[{"name":"wp","href":"https:\/\/api.w.org\/{rel}","templated":true}]}}