{"id":23136,"date":"2023-04-27T09:10:42","date_gmt":"2023-04-27T12:10:42","guid":{"rendered":"https:\/\/wp.ufpel.edu.br\/progep\/?page_id=23136"},"modified":"2024-10-15T15:02:13","modified_gmt":"2024-10-15T18:02:13","slug":"auxilio-natalidade","status":"publish","type":"page","link":"https:\/\/wp.ufpel.edu.br\/progep\/auxilio-natalidade\/","title":{"rendered":"Aux\u00edlio Natalidade"},"content":{"rendered":"<p style=\"text-align: justify\"><span style=\"font-size: 10pt;color: #000000\"><a href=\"https:\/\/wp.ufpel.edu.br\/sei\/files\/2023\/03\/Auxilio-Natalidade.pdf\">Solicita\u00e7\u00e3o do benef\u00edcio de aux\u00edlio-natalidade concedido \u00e0 servidora \u2013 ou ao pai servidor, quando a m\u00e3e n\u00e3o for servidora \u2013 por motivo de nascimento de filho, inclusive natimorto, ou da ado\u00e7\u00e3o, em quantia equivalente ao menor vencimento do servi\u00e7o p\u00fablico federal vigente na data do nascimento, sendo acrescido de 50% (cinquenta por cento), por nascituro, na hip\u00f3tese de parto m\u00faltiplo.<\/a>\u00a0<\/span><\/p>\n","protected":false},"excerpt":{"rendered":"<p>Solicita\u00e7\u00e3o do benef\u00edcio de aux\u00edlio-natalidade concedido \u00e0 servidora \u2013 ou ao pai servidor, quando a m\u00e3e n\u00e3o for servidora \u2013 por motivo de nascimento de filho, inclusive natimorto, ou da ado\u00e7\u00e3o, em quantia equivalente ao menor vencimento do servi\u00e7o p\u00fablico federal vigente na data do nascimento, sendo acrescido de 50% (cinquenta por cento), por nascituro, [&hellip;]<\/p>\n","protected":false},"author":52,"featured_media":0,"parent":0,"menu_order":0,"comment_status":"closed","ping_status":"closed","template":"","meta":{"footnotes":""},"class_list":["post-23136","page","type-page","status-publish","hentry"],"_links":{"self":[{"href":"https:\/\/wp.ufpel.edu.br\/progep\/wp-json\/wp\/v2\/pages\/23136","targetHints":{"allow":["GET"]}}],"collection":[{"href":"https:\/\/wp.ufpel.edu.br\/progep\/wp-json\/wp\/v2\/pages"}],"about":[{"href":"https:\/\/wp.ufpel.edu.br\/progep\/wp-json\/wp\/v2\/types\/page"}],"author":[{"embeddable":true,"href":"https:\/\/wp.ufpel.edu.br\/progep\/wp-json\/wp\/v2\/users\/52"}],"replies":[{"embeddable":true,"href":"https:\/\/wp.ufpel.edu.br\/progep\/wp-json\/wp\/v2\/comments?post=23136"}],"version-history":[{"count":8,"href":"https:\/\/wp.ufpel.edu.br\/progep\/wp-json\/wp\/v2\/pages\/23136\/revisions"}],"predecessor-version":[{"id":26926,"href":"https:\/\/wp.ufpel.edu.br\/progep\/wp-json\/wp\/v2\/pages\/23136\/revisions\/26926"}],"wp:attachment":[{"href":"https:\/\/wp.ufpel.edu.br\/progep\/wp-json\/wp\/v2\/media?parent=23136"}],"curies":[{"name":"wp","href":"https:\/\/api.w.org\/{rel}","templated":true}]}}