{"id":23130,"date":"2023-04-28T15:14:40","date_gmt":"2023-04-28T18:14:40","guid":{"rendered":"https:\/\/wp.ufpel.edu.br\/progep\/?page_id=23130"},"modified":"2024-10-15T15:22:11","modified_gmt":"2024-10-15T18:22:11","slug":"ausencia-por-motivo-de-falecimento-de-familiar","status":"publish","type":"page","link":"https:\/\/wp.ufpel.edu.br\/progep\/ausencia-por-motivo-de-falecimento-de-familiar\/","title":{"rendered":"Aus\u00eancia por motivo de falecimento de familiar"},"content":{"rendered":"<p><span style=\"font-size: 10pt\"><a href=\"https:\/\/wp.ufpel.edu.br\/sei\/files\/2023\/01\/Ausencia-por-Falecimento-de-Familiar.pdf\">Solicita\u00e7\u00e3o do Servidor para afastamento em caso de falecimento de familiar (c\u00f4njuge, companheiro, pais, madrasta ou padrasto, filhos, enteados, menor sob a guarda ou tutela e irm\u00e3os). O (A) servidor (a) poder\u00e1 ausentar-se por 8 (oito) dias consecutivos. Esta modalidade de afastamento tamb\u00e9m \u00e9 chamada de Licen\u00e7a Nojo.<\/a><\/span><\/p>\n","protected":false},"excerpt":{"rendered":"<p>Solicita\u00e7\u00e3o do Servidor para afastamento em caso de falecimento de familiar (c\u00f4njuge, companheiro, pais, madrasta ou padrasto, filhos, enteados, menor sob a guarda ou tutela e irm\u00e3os). O (A) servidor (a) poder\u00e1 ausentar-se por 8 (oito) dias consecutivos. Esta modalidade de afastamento tamb\u00e9m \u00e9 chamada de Licen\u00e7a Nojo.<\/p>\n","protected":false},"author":52,"featured_media":0,"parent":0,"menu_order":0,"comment_status":"closed","ping_status":"closed","template":"","meta":{"footnotes":""},"class_list":["post-23130","page","type-page","status-publish","hentry"],"_links":{"self":[{"href":"https:\/\/wp.ufpel.edu.br\/progep\/wp-json\/wp\/v2\/pages\/23130","targetHints":{"allow":["GET"]}}],"collection":[{"href":"https:\/\/wp.ufpel.edu.br\/progep\/wp-json\/wp\/v2\/pages"}],"about":[{"href":"https:\/\/wp.ufpel.edu.br\/progep\/wp-json\/wp\/v2\/types\/page"}],"author":[{"embeddable":true,"href":"https:\/\/wp.ufpel.edu.br\/progep\/wp-json\/wp\/v2\/users\/52"}],"replies":[{"embeddable":true,"href":"https:\/\/wp.ufpel.edu.br\/progep\/wp-json\/wp\/v2\/comments?post=23130"}],"version-history":[{"count":3,"href":"https:\/\/wp.ufpel.edu.br\/progep\/wp-json\/wp\/v2\/pages\/23130\/revisions"}],"predecessor-version":[{"id":26930,"href":"https:\/\/wp.ufpel.edu.br\/progep\/wp-json\/wp\/v2\/pages\/23130\/revisions\/26930"}],"wp:attachment":[{"href":"https:\/\/wp.ufpel.edu.br\/progep\/wp-json\/wp\/v2\/media?parent=23130"}],"curies":[{"name":"wp","href":"https:\/\/api.w.org\/{rel}","templated":true}]}}