{"id":23126,"date":"2023-04-28T15:15:16","date_gmt":"2023-04-28T18:15:16","guid":{"rendered":"https:\/\/wp.ufpel.edu.br\/progep\/?page_id=23126"},"modified":"2024-10-15T15:23:08","modified_gmt":"2024-10-15T18:23:08","slug":"ausencia-por-motivo-de-casamento","status":"publish","type":"page","link":"https:\/\/wp.ufpel.edu.br\/progep\/ausencia-por-motivo-de-casamento\/","title":{"rendered":"Aus\u00eancia por motivo de Casamento"},"content":{"rendered":"<p><span style=\"font-size: 10pt\"><a href=\"https:\/\/wp.ufpel.edu.br\/sei\/files\/2023\/01\/Ausencia-por-Motivo-de-Casamento.pdf\">Solicita\u00e7\u00e3o do(a) Servidor(a) para aus\u00eancia por motivo de casamento. O(A) servidor(a) poder\u00e1 ausentar-se por 8 (oito) dias consecutivos a contar do dia do registro civil ou da escritura p\u00fablica declarat\u00f3ria de uni\u00e3o est\u00e1vel.<\/a><\/span><\/p>\n","protected":false},"excerpt":{"rendered":"<p>Solicita\u00e7\u00e3o do(a) Servidor(a) para aus\u00eancia por motivo de casamento. O(A) servidor(a) poder\u00e1 ausentar-se por 8 (oito) dias consecutivos a contar do dia do registro civil ou da escritura p\u00fablica declarat\u00f3ria de uni\u00e3o est\u00e1vel.<\/p>\n","protected":false},"author":52,"featured_media":0,"parent":0,"menu_order":0,"comment_status":"closed","ping_status":"closed","template":"","meta":{"footnotes":""},"class_list":["post-23126","page","type-page","status-publish","hentry"],"_links":{"self":[{"href":"https:\/\/wp.ufpel.edu.br\/progep\/wp-json\/wp\/v2\/pages\/23126","targetHints":{"allow":["GET"]}}],"collection":[{"href":"https:\/\/wp.ufpel.edu.br\/progep\/wp-json\/wp\/v2\/pages"}],"about":[{"href":"https:\/\/wp.ufpel.edu.br\/progep\/wp-json\/wp\/v2\/types\/page"}],"author":[{"embeddable":true,"href":"https:\/\/wp.ufpel.edu.br\/progep\/wp-json\/wp\/v2\/users\/52"}],"replies":[{"embeddable":true,"href":"https:\/\/wp.ufpel.edu.br\/progep\/wp-json\/wp\/v2\/comments?post=23126"}],"version-history":[{"count":3,"href":"https:\/\/wp.ufpel.edu.br\/progep\/wp-json\/wp\/v2\/pages\/23126\/revisions"}],"predecessor-version":[{"id":26931,"href":"https:\/\/wp.ufpel.edu.br\/progep\/wp-json\/wp\/v2\/pages\/23126\/revisions\/26931"}],"wp:attachment":[{"href":"https:\/\/wp.ufpel.edu.br\/progep\/wp-json\/wp\/v2\/media?parent=23126"}],"curies":[{"name":"wp","href":"https:\/\/api.w.org\/{rel}","templated":true}]}}