{"id":23123,"date":"2023-04-28T15:15:46","date_gmt":"2023-04-28T18:15:46","guid":{"rendered":"https:\/\/wp.ufpel.edu.br\/progep\/?page_id=23123"},"modified":"2024-10-15T15:28:52","modified_gmt":"2024-10-15T18:28:52","slug":"ausencia-para-doacao-de-sangue","status":"publish","type":"page","link":"https:\/\/wp.ufpel.edu.br\/progep\/ausencia-para-doacao-de-sangue\/","title":{"rendered":"Aus\u00eancia para Doa\u00e7\u00e3o de Sangue"},"content":{"rendered":"<p><span style=\"font-size: 10pt\"><a href=\"https:\/\/wp.ufpel.edu.br\/sei\/files\/2023\/01\/Ausencia-para-Doacao-de-Sangue.pdf\">Solicita\u00e7\u00e3o do Servidor por aus\u00eancia para doa\u00e7\u00e3o de sangue. O servidor ter\u00e1 direito a 1 dia de aus\u00eancia, correspondente ao dia de doa\u00e7\u00e3o.<\/a><\/span><\/p>\n","protected":false},"excerpt":{"rendered":"<p>Solicita\u00e7\u00e3o do Servidor por aus\u00eancia para doa\u00e7\u00e3o de sangue. O servidor ter\u00e1 direito a 1 dia de aus\u00eancia, correspondente ao dia de doa\u00e7\u00e3o.<\/p>\n","protected":false},"author":52,"featured_media":0,"parent":0,"menu_order":0,"comment_status":"closed","ping_status":"closed","template":"","meta":{"footnotes":""},"class_list":["post-23123","page","type-page","status-publish","hentry"],"_links":{"self":[{"href":"https:\/\/wp.ufpel.edu.br\/progep\/wp-json\/wp\/v2\/pages\/23123","targetHints":{"allow":["GET"]}}],"collection":[{"href":"https:\/\/wp.ufpel.edu.br\/progep\/wp-json\/wp\/v2\/pages"}],"about":[{"href":"https:\/\/wp.ufpel.edu.br\/progep\/wp-json\/wp\/v2\/types\/page"}],"author":[{"embeddable":true,"href":"https:\/\/wp.ufpel.edu.br\/progep\/wp-json\/wp\/v2\/users\/52"}],"replies":[{"embeddable":true,"href":"https:\/\/wp.ufpel.edu.br\/progep\/wp-json\/wp\/v2\/comments?post=23123"}],"version-history":[{"count":3,"href":"https:\/\/wp.ufpel.edu.br\/progep\/wp-json\/wp\/v2\/pages\/23123\/revisions"}],"predecessor-version":[{"id":26934,"href":"https:\/\/wp.ufpel.edu.br\/progep\/wp-json\/wp\/v2\/pages\/23123\/revisions\/26934"}],"wp:attachment":[{"href":"https:\/\/wp.ufpel.edu.br\/progep\/wp-json\/wp\/v2\/media?parent=23123"}],"curies":[{"name":"wp","href":"https:\/\/api.w.org\/{rel}","templated":true}]}}