{"id":23111,"date":"2023-04-28T15:17:14","date_gmt":"2023-04-28T18:17:14","guid":{"rendered":"https:\/\/wp.ufpel.edu.br\/progep\/?page_id=23111"},"modified":"2024-10-15T15:25:13","modified_gmt":"2024-10-15T18:25:13","slug":"afastamento-para-participacao-em-competicao-desportiva","status":"publish","type":"page","link":"https:\/\/wp.ufpel.edu.br\/progep\/afastamento-para-participacao-em-competicao-desportiva\/","title":{"rendered":"Afastamento para Participa\u00e7\u00e3o em Competi\u00e7\u00e3o Desportiva"},"content":{"rendered":"<p><span style=\"font-size: 10pt\"><a href=\"https:\/\/wp.ufpel.edu.br\/sei\/files\/2023\/03\/Afastamento-para-Participacao-em-Competicao-Desportiva.pdf\">Afastamento remunerado concedido ao(a) servidor(a) para participar ou integrar representa\u00e7\u00e3o desportiva nacional, no pa\u00eds ou no exterior.<\/a><\/span><\/p>\n","protected":false},"excerpt":{"rendered":"<p>Afastamento remunerado concedido ao(a) servidor(a) para participar ou integrar representa\u00e7\u00e3o desportiva nacional, no pa\u00eds ou no exterior.<\/p>\n","protected":false},"author":52,"featured_media":0,"parent":0,"menu_order":0,"comment_status":"closed","ping_status":"closed","template":"","meta":{"footnotes":""},"class_list":["post-23111","page","type-page","status-publish","hentry"],"_links":{"self":[{"href":"https:\/\/wp.ufpel.edu.br\/progep\/wp-json\/wp\/v2\/pages\/23111","targetHints":{"allow":["GET"]}}],"collection":[{"href":"https:\/\/wp.ufpel.edu.br\/progep\/wp-json\/wp\/v2\/pages"}],"about":[{"href":"https:\/\/wp.ufpel.edu.br\/progep\/wp-json\/wp\/v2\/types\/page"}],"author":[{"embeddable":true,"href":"https:\/\/wp.ufpel.edu.br\/progep\/wp-json\/wp\/v2\/users\/52"}],"replies":[{"embeddable":true,"href":"https:\/\/wp.ufpel.edu.br\/progep\/wp-json\/wp\/v2\/comments?post=23111"}],"version-history":[{"count":4,"href":"https:\/\/wp.ufpel.edu.br\/progep\/wp-json\/wp\/v2\/pages\/23111\/revisions"}],"predecessor-version":[{"id":26932,"href":"https:\/\/wp.ufpel.edu.br\/progep\/wp-json\/wp\/v2\/pages\/23111\/revisions\/26932"}],"wp:attachment":[{"href":"https:\/\/wp.ufpel.edu.br\/progep\/wp-json\/wp\/v2\/media?parent=23111"}],"curies":[{"name":"wp","href":"https:\/\/api.w.org\/{rel}","templated":true}]}}