{"id":23106,"date":"2023-04-28T15:17:48","date_gmt":"2023-04-28T18:17:48","guid":{"rendered":"https:\/\/wp.ufpel.edu.br\/progep\/?page_id=23106"},"modified":"2023-04-28T15:17:48","modified_gmt":"2023-04-28T18:17:48","slug":"vacancias-2","status":"publish","type":"page","link":"https:\/\/wp.ufpel.edu.br\/progep\/vacancias-2\/","title":{"rendered":"Vac\u00e2ncias"},"content":{"rendered":"<p style=\"text-align: center\"><span style=\"color: #ff6600;font-size: 36pt\"><strong>P\u00c1GINA EM CONSTRU\u00c7\u00c3O<\/strong><\/span><\/p>\n<p style=\"text-align: center\">Em breve disponibilizaremos as informa\u00e7\u00f5es.<\/p>\n","protected":false},"excerpt":{"rendered":"<p>P\u00c1GINA EM CONSTRU\u00c7\u00c3O Em breve disponibilizaremos as informa\u00e7\u00f5es.<\/p>\n","protected":false},"author":52,"featured_media":0,"parent":0,"menu_order":0,"comment_status":"closed","ping_status":"closed","template":"","meta":{"footnotes":""},"class_list":["post-23106","page","type-page","status-publish","hentry"],"_links":{"self":[{"href":"https:\/\/wp.ufpel.edu.br\/progep\/wp-json\/wp\/v2\/pages\/23106","targetHints":{"allow":["GET"]}}],"collection":[{"href":"https:\/\/wp.ufpel.edu.br\/progep\/wp-json\/wp\/v2\/pages"}],"about":[{"href":"https:\/\/wp.ufpel.edu.br\/progep\/wp-json\/wp\/v2\/types\/page"}],"author":[{"embeddable":true,"href":"https:\/\/wp.ufpel.edu.br\/progep\/wp-json\/wp\/v2\/users\/52"}],"replies":[{"embeddable":true,"href":"https:\/\/wp.ufpel.edu.br\/progep\/wp-json\/wp\/v2\/comments?post=23106"}],"version-history":[{"count":1,"href":"https:\/\/wp.ufpel.edu.br\/progep\/wp-json\/wp\/v2\/pages\/23106\/revisions"}],"predecessor-version":[{"id":23108,"href":"https:\/\/wp.ufpel.edu.br\/progep\/wp-json\/wp\/v2\/pages\/23106\/revisions\/23108"}],"wp:attachment":[{"href":"https:\/\/wp.ufpel.edu.br\/progep\/wp-json\/wp\/v2\/media?parent=23106"}],"curies":[{"name":"wp","href":"https:\/\/api.w.org\/{rel}","templated":true}]}}