{"id":23066,"date":"2023-04-28T15:19:28","date_gmt":"2023-04-28T18:19:28","guid":{"rendered":"https:\/\/wp.ufpel.edu.br\/progep\/?page_id=23066"},"modified":"2023-04-28T15:19:28","modified_gmt":"2023-04-28T18:19:28","slug":"reducao-de-carga-horaria-por-saude","status":"publish","type":"page","link":"https:\/\/wp.ufpel.edu.br\/progep\/reducao-de-carga-horaria-por-saude\/","title":{"rendered":"Redu\u00e7\u00e3o de carga hor\u00e1ria por sa\u00fade"},"content":{"rendered":"<p style=\"text-align: center\"><span style=\"font-size: 36pt;color: #ff6600\"><strong>P\u00c1GINA EM CONSTRU\u00c7\u00c3O<\/strong><\/span><\/p>\n<p style=\"text-align: center\">Em breve disponibilizaremos as informa\u00e7\u00f5es.<\/p>\n","protected":false},"excerpt":{"rendered":"<p>P\u00c1GINA EM CONSTRU\u00c7\u00c3O Em breve disponibilizaremos as informa\u00e7\u00f5es.<\/p>\n","protected":false},"author":52,"featured_media":0,"parent":0,"menu_order":0,"comment_status":"closed","ping_status":"closed","template":"","meta":{"footnotes":""},"class_list":["post-23066","page","type-page","status-publish","hentry"],"_links":{"self":[{"href":"https:\/\/wp.ufpel.edu.br\/progep\/wp-json\/wp\/v2\/pages\/23066","targetHints":{"allow":["GET"]}}],"collection":[{"href":"https:\/\/wp.ufpel.edu.br\/progep\/wp-json\/wp\/v2\/pages"}],"about":[{"href":"https:\/\/wp.ufpel.edu.br\/progep\/wp-json\/wp\/v2\/types\/page"}],"author":[{"embeddable":true,"href":"https:\/\/wp.ufpel.edu.br\/progep\/wp-json\/wp\/v2\/users\/52"}],"replies":[{"embeddable":true,"href":"https:\/\/wp.ufpel.edu.br\/progep\/wp-json\/wp\/v2\/comments?post=23066"}],"version-history":[{"count":2,"href":"https:\/\/wp.ufpel.edu.br\/progep\/wp-json\/wp\/v2\/pages\/23066\/revisions"}],"predecessor-version":[{"id":23080,"href":"https:\/\/wp.ufpel.edu.br\/progep\/wp-json\/wp\/v2\/pages\/23066\/revisions\/23080"}],"wp:attachment":[{"href":"https:\/\/wp.ufpel.edu.br\/progep\/wp-json\/wp\/v2\/media?parent=23066"}],"curies":[{"name":"wp","href":"https:\/\/api.w.org\/{rel}","templated":true}]}}