{"id":23058,"date":"2023-04-28T15:20:23","date_gmt":"2023-04-28T18:20:23","guid":{"rendered":"https:\/\/wp.ufpel.edu.br\/progep\/?page_id=23058"},"modified":"2026-01-05T10:49:14","modified_gmt":"2026-01-05T13:49:14","slug":"programa-viva-bem-ufpel","status":"publish","type":"page","link":"https:\/\/wp.ufpel.edu.br\/progep\/programa-viva-bem-ufpel\/","title":{"rendered":"Programa Viva Bem UFPEL"},"content":{"rendered":"\n<div class=\"wp-block-group\"><div class=\"wp-block-group__inner-container is-layout-constrained wp-block-group-is-layout-constrained\">\n<div class=\"logoTituloModelStyle\"><img class=\"size-medium wp-image-27184 alignleft\" src=\"https:\/\/wp.ufpel.edu.br\/progep\/files\/2025\/03\/logo-progep_atualizacao-nome_AZUL.png\" alt=\"\" \/><\/p>\n<div><strong>Programa VIVA BEM UFPEL<\/strong><\/div>\n<\/div>\n<hr class=\"hrModelStyle\" \/>\n<div class=\"descriptionModelStyle\">O Programa <strong>VIVA BEM UFPEL<\/strong> se dedica a acolher e cuidar da sa\u00fade f\u00edsica e emocional dos servidores, promovendo qualidade de vida e prevenindo doen\u00e7as no ambiente de trabalho.<\/div>\n<\/div><\/div>\n\n\n<div class=\"programa-bv botaoStyle\">\n<a href=\"https:\/\/ccs2.ufpel.edu.br\/wp\/wp-content\/uploads\/2024\/01\/Relatorio-Viva-Bem.pdf\" target=\"_blank\" rel=\"noopener\"><img class=\"aligncenter wp-image-27868 size-medium\" src=\"https:\/\/wp.ufpel.edu.br\/progep\/files\/2025\/01\/Captura-de-tela-de-2025-01-07-14-56-26-310x400.png\" alt=\"\" width=\"180\" height=\"230\" \/>Relat\u00f3rio 2023<\/a><br \/>\n<a href=\"https:\/\/wp.ufpel.edu.br\/progep\/files\/2025\/01\/Relato\u0301rio-final-2024.pdf\" target=\"_blank\" rel=\"noopener\"><img class=\"wp-image-27869 size-medium aligncenter\" src=\"https:\/\/wp.ufpel.edu.br\/progep\/files\/2025\/01\/Captura-de-tela-de-2025-01-07-14-55-33-308x400.png\" alt=\"\" width=\"180\" height=\"230\" \/>Relat\u00f3rio 2024<\/a>\n\n\n<a href=\"https:\/\/wp.ufpel.edu.br\/progep\/files\/2026\/01\/Relatorio-final-2025.pdf\" target=\"_blank\" rel=\"noopener\"><img class=\"wp-image-27869 size-medium aligncenter\" width=\"180\" height=\"230\" src=\"https:\/\/wp.ufpel.edu.br\/progep\/files\/2026\/01\/relatorio-viva-bem-2025.png\" \/>Relat\u00f3rio 2025<\/a>\n\n\n<\/div>\n<div class=\"titleComumStyle\">Material Informativo<\/div>\n<div class=\"botaoStyle botaoMediumStyle botaoRedePGD\"><a href=\"https:\/\/wp.ufpel.edu.br\/progep\/files\/2025\/12\/Gestao-de-Conflitos.pdf\"> Folder sobre Gest\u00e3o de Conflitos<\/a><\/div>\n\n\n\n\n<p><\/p>\n","protected":false},"excerpt":{"rendered":"<p>Programa VIVA BEM UFPEL O Programa VIVA BEM UFPEL se dedica a acolher e cuidar da sa\u00fade f\u00edsica e emocional dos servidores, promovendo qualidade de vida e prevenindo doen\u00e7as no ambiente de trabalho. Relat\u00f3rio 2023 Relat\u00f3rio 2024 Relat\u00f3rio 2025 Material Informativo Folder sobre Gest\u00e3o de Conflitos<\/p>\n","protected":false},"author":52,"featured_media":0,"parent":0,"menu_order":0,"comment_status":"closed","ping_status":"closed","template":"","meta":{"footnotes":""},"class_list":["post-23058","page","type-page","status-publish","hentry"],"_links":{"self":[{"href":"https:\/\/wp.ufpel.edu.br\/progep\/wp-json\/wp\/v2\/pages\/23058","targetHints":{"allow":["GET"]}}],"collection":[{"href":"https:\/\/wp.ufpel.edu.br\/progep\/wp-json\/wp\/v2\/pages"}],"about":[{"href":"https:\/\/wp.ufpel.edu.br\/progep\/wp-json\/wp\/v2\/types\/page"}],"author":[{"embeddable":true,"href":"https:\/\/wp.ufpel.edu.br\/progep\/wp-json\/wp\/v2\/users\/52"}],"replies":[{"embeddable":true,"href":"https:\/\/wp.ufpel.edu.br\/progep\/wp-json\/wp\/v2\/comments?post=23058"}],"version-history":[{"count":3,"href":"https:\/\/wp.ufpel.edu.br\/progep\/wp-json\/wp\/v2\/pages\/23058\/revisions"}],"predecessor-version":[{"id":39905,"href":"https:\/\/wp.ufpel.edu.br\/progep\/wp-json\/wp\/v2\/pages\/23058\/revisions\/39905"}],"wp:attachment":[{"href":"https:\/\/wp.ufpel.edu.br\/progep\/wp-json\/wp\/v2\/media?parent=23058"}],"curies":[{"name":"wp","href":"https:\/\/api.w.org\/{rel}","templated":true}]}}