{"id":22937,"date":"2023-04-19T12:58:50","date_gmt":"2023-04-19T15:58:50","guid":{"rendered":"https:\/\/wp.ufpel.edu.br\/progep\/?page_id=22937"},"modified":"2023-07-28T17:25:10","modified_gmt":"2023-07-28T20:25:10","slug":"roda-de-conversa-comunicacao-publica-na-universidade","status":"publish","type":"page","link":"https:\/\/wp.ufpel.edu.br\/progep\/roda-de-conversa-comunicacao-publica-na-universidade\/","title":{"rendered":"Capacita\u00e7\u00e3o: Comunica\u00e7\u00e3o P\u00fablica na Universidade"},"content":{"rendered":"<p><span style=\"font-size: 12pt\"><strong>Facilitadores:\u00a0<\/strong>Caroline Casali (Docente e Coordenadora do Curso de Gest\u00e3o P\u00fablica, no Centro de Ci\u00eancias S\u00f3cio-Organizacionais &#8211; CCSO\/UFPel)<\/span><\/p>\n<p><span style=\"font-size: 12pt\"><strong>Data:<\/strong> 02\/03\/2023 (quinta-feira)<\/span><\/p>\n<p><span style=\"font-size: 12pt\"><strong>Hor\u00e1rio: <\/strong>das 15h \u00e0s 17h<\/span><\/p>\n<p><span style=\"font-size: 12pt\"><strong>Realiza\u00e7\u00e3o:<\/strong> presencial, Gabinete da Reitoria.<\/span><\/p>\n<p><span style=\"font-size: 12pt\"><strong>Ementa:\u00a0<\/strong><\/span><br \/>\n<span style=\"font-size: 12pt\">\u2022\u00a0Organiza\u00e7\u00e3o dos fluxos de comunica\u00e7\u00e3o na UFPel;<\/span><br \/>\n<span style=\"font-size: 12pt\">\u2022\u00a0Rela\u00e7\u00f5es da Universidade com as m\u00eddias;<\/span><br \/>\n<span style=\"font-size: 12pt\">\u2022\u00a0Gest\u00e3o da comunica\u00e7\u00e3o em site e sites de redes sociais;<\/span><br \/>\n<span style=\"font-size: 12pt\">\u2022\u00a0A\u00e7\u00f5es poss\u00edveis em comunica\u00e7\u00e3o na UFPel.<\/span><\/p>\n<hr \/>\n<p>&nbsp;<\/p>\n","protected":false},"excerpt":{"rendered":"<p>Facilitadores:\u00a0Caroline Casali (Docente e Coordenadora do Curso de Gest\u00e3o P\u00fablica, no Centro de Ci\u00eancias S\u00f3cio-Organizacionais &#8211; CCSO\/UFPel) Data: 02\/03\/2023 (quinta-feira) Hor\u00e1rio: das 15h \u00e0s 17h Realiza\u00e7\u00e3o: presencial, Gabinete da Reitoria. Ementa:\u00a0 \u2022\u00a0Organiza\u00e7\u00e3o dos fluxos de comunica\u00e7\u00e3o na UFPel; \u2022\u00a0Rela\u00e7\u00f5es da Universidade com as m\u00eddias; \u2022\u00a0Gest\u00e3o da comunica\u00e7\u00e3o em site e sites de redes sociais; \u2022\u00a0A\u00e7\u00f5es [&hellip;]<\/p>\n","protected":false},"author":21,"featured_media":0,"parent":0,"menu_order":0,"comment_status":"closed","ping_status":"closed","template":"","meta":{"footnotes":""},"class_list":["post-22937","page","type-page","status-publish","hentry"],"_links":{"self":[{"href":"https:\/\/wp.ufpel.edu.br\/progep\/wp-json\/wp\/v2\/pages\/22937","targetHints":{"allow":["GET"]}}],"collection":[{"href":"https:\/\/wp.ufpel.edu.br\/progep\/wp-json\/wp\/v2\/pages"}],"about":[{"href":"https:\/\/wp.ufpel.edu.br\/progep\/wp-json\/wp\/v2\/types\/page"}],"author":[{"embeddable":true,"href":"https:\/\/wp.ufpel.edu.br\/progep\/wp-json\/wp\/v2\/users\/21"}],"replies":[{"embeddable":true,"href":"https:\/\/wp.ufpel.edu.br\/progep\/wp-json\/wp\/v2\/comments?post=22937"}],"version-history":[{"count":5,"href":"https:\/\/wp.ufpel.edu.br\/progep\/wp-json\/wp\/v2\/pages\/22937\/revisions"}],"predecessor-version":[{"id":24230,"href":"https:\/\/wp.ufpel.edu.br\/progep\/wp-json\/wp\/v2\/pages\/22937\/revisions\/24230"}],"wp:attachment":[{"href":"https:\/\/wp.ufpel.edu.br\/progep\/wp-json\/wp\/v2\/media?parent=22937"}],"curies":[{"name":"wp","href":"https:\/\/api.w.org\/{rel}","templated":true}]}}