{"id":22924,"date":"2023-04-19T10:16:47","date_gmt":"2023-04-19T13:16:47","guid":{"rendered":"https:\/\/wp.ufpel.edu.br\/progep\/?page_id=22924"},"modified":"2025-06-30T14:33:01","modified_gmt":"2025-06-30T17:33:01","slug":"lei-geral-de-protecao-de-dados-lgpd-definicoes-e-impactos","status":"publish","type":"page","link":"https:\/\/wp.ufpel.edu.br\/progep\/lei-geral-de-protecao-de-dados-lgpd-definicoes-e-impactos\/","title":{"rendered":"Capacita\u00e7\u00e3o: Capacita na Web: Lei Geral de Prote\u00e7\u00e3o de Dados Pessoais (LGPD): Defini\u00e7\u00f5es e Impactos"},"content":{"rendered":"<p style=\"text-align: justify\"><span style=\"font-size: 12pt\"><strong>O que \u00e9 a LGPD?\u00a0<\/strong> \u00c9 a Lei Geral de Prote\u00e7\u00e3o de Dados Pessoais estabelece regras e diretrizes para o tratamento de dados pessoais por empresas e institui\u00e7\u00f5es p\u00fablicas. A lei foi criada com o objetivo de proteger os direitos fundamentais de privacidade e liberdade dos indiv\u00edduos, garantindo que suas informa\u00e7\u00f5es pessoais sejam tratadas de forma segura e transparente.<\/span><\/p>\n<p style=\"text-align: justify\"><span style=\"font-size: 12pt\"><strong>Qual a import\u00e2ncia da LGPD?<\/strong> A LGPD \u00e9 importante porque o uso indevido de dados pessoais pode levar a diversas viola\u00e7\u00f5es de privacidade e seguran\u00e7a, incluindo fraudes, roubo de identidade e outras pr\u00e1ticas prejudiciais.<\/span><\/p>\n<p><span style=\"font-size: 12pt\"><strong>Facilitadora: <\/strong>Tha\u00eds Ettinger Oliveira Salgado (Docente da Universidade Federal de Sergipe &#8211; UFS)<\/span><\/p>\n<p><span style=\"font-size: 12pt\"><strong>Data:<\/strong> 10\/05\/2023 (quarta-feira)<\/span><\/p>\n<p><span style=\"font-size: 12pt\"><strong>Hor\u00e1rio: <\/strong>das 09h \u00e0s 11h30min<\/span><\/p>\n<p><span style=\"font-size: 12pt\"><strong>Realiza\u00e7\u00e3o:<\/strong> Plataforma Webconf da UFPel (na modalidade\u00a0<em>online)<\/em><\/span><\/p>\n<p><span style=\"font-size: 12pt\"><strong>Ementa: <\/strong>A capacita\u00e7\u00e3o ir\u00e1 abordar os seguintes t\u00f3picos:<\/span><br \/>\n<span style=\"font-size: 12pt\">1. Dados como riqueza da sociedade digital<\/span><br \/>\n<span style=\"font-size: 12pt\">2. LGPD: Trajet\u00f3ria hist\u00f3rica e conceitual<\/span><br \/>\n<span style=\"font-size: 12pt\">3. Dados pessoais e dados pessoais sens\u00edveis<\/span><br \/>\n<span style=\"font-size: 12pt\">4. Tratamento de dados<\/span><br \/>\n<span style=\"font-size: 12pt\">5. Agentes de tratamento<\/span><br \/>\n<span style=\"font-size: 12pt\">6. Princ\u00edpios da LGPD<\/span><br \/>\n<span style=\"font-size: 12pt\">7. Bases legais<\/span><br \/>\n<span style=\"font-size: 12pt\">8. LGPD na administra\u00e7\u00e3o p\u00fablica<\/span><br \/>\n<span style=\"font-size: 12pt\">8. Direito dos titulares<\/span><br \/>\n<span style=\"font-size: 12pt\">9. Privacy by design<\/span><br \/>\n<span style=\"font-size: 12pt\">10. San\u00e7\u00f5es<\/span><br \/>\n<span style=\"font-size: 12pt\">11. Adequa\u00e7\u00f5es<\/span><\/p>\n<p><span style=\"font-size: 12pt\"><strong>P\u00fablico Alvo<\/strong>: Servidores docentes e TAE\u2019s ativos*<\/span><\/p>\n<p><span style=\"font-size: 12pt\"><strong>Per\u00edodo de inscri\u00e7\u00e3o<\/strong>: 19\/04 a 07\/05\/2023<\/span><\/p>\n<p><span style=\"font-size: 12pt\"><strong>Divulga\u00e7\u00e3o das inscri\u00e7\u00f5es homologadas<\/strong>: 08\/05**, nesta p\u00e1gina.<\/span><\/p>\n<p><span style=\"font-size: 12pt\">*Considerando a Pol\u00edtica Nacional de Desenvolvimento de Pessoas, conforme Decreto n\u00ba 9.991\/19, somente ser\u00e3o certificados os servidores p\u00fablicos pertencentes ao Quadro Efetivo da UFPel.<\/span><\/p>\n<p><span style=\"font-size: 12pt\">**Quando homologadas as inscri\u00e7\u00f5es, os selecionados receber\u00e3o e-mail com instru\u00e7\u00f5es de acesso \u00e0 sala de Webconf da UFPel.<\/span><\/p>\n<p><span style=\"color: #ff6600;background-color: #f2f7ff;font-size: 12pt\"><strong><a style=\"color: #ff6600;background-color: #f2f7ff\" href=\"https:\/\/wp.ufpel.edu.br\/progep\/files\/2023\/05\/Homologados-Capacita-na-Web-LGPD-10-05-2023.pdf\" target=\"_blank\" rel=\"noopener\">INSCRI\u00c7\u00d5ES HOMOLOGADAS<\/a><\/strong><\/span><\/p>\n","protected":false},"excerpt":{"rendered":"<p>O que \u00e9 a LGPD?\u00a0 \u00c9 a Lei Geral de Prote\u00e7\u00e3o de Dados Pessoais estabelece regras e diretrizes para o tratamento de dados pessoais por empresas e institui\u00e7\u00f5es p\u00fablicas. A lei foi criada com o objetivo de proteger os direitos fundamentais de privacidade e liberdade dos indiv\u00edduos, garantindo que suas informa\u00e7\u00f5es pessoais sejam tratadas de [&hellip;]<\/p>\n","protected":false},"author":21,"featured_media":0,"parent":0,"menu_order":0,"comment_status":"closed","ping_status":"closed","template":"","meta":{"footnotes":""},"class_list":["post-22924","page","type-page","status-publish","hentry"],"_links":{"self":[{"href":"https:\/\/wp.ufpel.edu.br\/progep\/wp-json\/wp\/v2\/pages\/22924","targetHints":{"allow":["GET"]}}],"collection":[{"href":"https:\/\/wp.ufpel.edu.br\/progep\/wp-json\/wp\/v2\/pages"}],"about":[{"href":"https:\/\/wp.ufpel.edu.br\/progep\/wp-json\/wp\/v2\/types\/page"}],"author":[{"embeddable":true,"href":"https:\/\/wp.ufpel.edu.br\/progep\/wp-json\/wp\/v2\/users\/21"}],"replies":[{"embeddable":true,"href":"https:\/\/wp.ufpel.edu.br\/progep\/wp-json\/wp\/v2\/comments?post=22924"}],"version-history":[{"count":16,"href":"https:\/\/wp.ufpel.edu.br\/progep\/wp-json\/wp\/v2\/pages\/22924\/revisions"}],"predecessor-version":[{"id":34082,"href":"https:\/\/wp.ufpel.edu.br\/progep\/wp-json\/wp\/v2\/pages\/22924\/revisions\/34082"}],"wp:attachment":[{"href":"https:\/\/wp.ufpel.edu.br\/progep\/wp-json\/wp\/v2\/media?parent=22924"}],"curies":[{"name":"wp","href":"https:\/\/api.w.org\/{rel}","templated":true}]}}