{"id":22921,"date":"2023-04-19T13:19:45","date_gmt":"2023-04-19T16:19:45","guid":{"rendered":"https:\/\/wp.ufpel.edu.br\/progep\/?page_id=22921"},"modified":"2025-06-30T14:33:07","modified_gmt":"2025-06-30T17:33:07","slug":"trilhas-de-formacao-desenvolvimento-na-carreira-dos-servidores-tecnico-administrativos-em-educacao","status":"publish","type":"page","link":"https:\/\/wp.ufpel.edu.br\/progep\/trilhas-de-formacao-desenvolvimento-na-carreira-dos-servidores-tecnico-administrativos-em-educacao\/","title":{"rendered":"Capacita\u00e7\u00e3o: Trilhas de Forma\u00e7\u00e3o: Desenvolvimento na Carreira dos Servidores T\u00e9cnico-Administrativos em Educa\u00e7\u00e3o"},"content":{"rendered":"<p style=\"text-align: left\"><span style=\"font-size: 12pt\"><strong>Facilitadores(as):<\/strong> Equipe da Coordena\u00e7\u00e3o de Desenvolvimento de Pessoal na PROGEP\/UFPel<\/span><\/p>\n<p style=\"text-align: left\"><span style=\"font-size: 12pt\"><strong>Data:<\/strong> 09\/05\/2023 (ter\u00e7a-feira)<\/span><\/p>\n<p style=\"text-align: left\"><span style=\"font-size: 12pt\"><strong>Hor\u00e1rio: <\/strong>das 14h \u00e0s 15h30min<\/span><\/p>\n<p style=\"text-align: left\"><span style=\"font-size: 12pt\"><strong>Realiza\u00e7\u00e3o:<\/strong> plataforma WebConf da UFPel (na modalidade\u00a0<em>online)<\/em><\/span><\/p>\n<p style=\"text-align: left\"><span style=\"font-size: 12pt\"><strong>Ementa:<\/strong> Temas relativos \u00e0 Carreira dos T\u00e9cnico-Administrativos em Educa\u00e7\u00e3o: Progress\u00e3o por M\u00e9rito, Progress\u00e3o por Capacita\u00e7\u00e3o e Incentivo \u00e0 Qualifica\u00e7\u00e3o.<\/span><\/p>\n<p style=\"text-align: left\"><span style=\"font-size: 12pt\"><strong>P\u00fablico Alvo<\/strong>: Servidores docentes e TAEs ativos da UFPel*<\/span><\/p>\n<p style=\"text-align: left\"><span style=\"font-size: 12pt\"><strong>Per\u00edodo de inscri\u00e7\u00e3o<\/strong>: 19\/04 a 07\/05\/2023<\/span><\/p>\n<p style=\"text-align: left\"><span style=\"font-size: 12pt\"><strong>Divulga\u00e7\u00e3o das inscri\u00e7\u00f5es homologadas<\/strong>: 08\/05**, nesta p\u00e1gina.<\/span><\/p>\n<p style=\"text-align: left\"><span style=\"font-size: 12pt\">*Considerando a Pol\u00edtica Nacional de Desenvolvimento de Pessoas, conforme Decreto n\u00ba 9.991\/19, somente ser\u00e3o certificados os servidores p\u00fablicos pertencentes ao Quadro Efetivo da UFPel.<\/span><\/p>\n<p style=\"text-align: left\"><span style=\"font-size: 12pt\">**Quando homologadas as inscri\u00e7\u00f5es, os selecionados receber\u00e3o e-mail com instru\u00e7\u00f5es de acesso \u00e0 sala de Webconf da UFPel.<\/span><\/p>\n<p><span style=\"color: #ff6600;font-size: 12pt\"><strong><a style=\"color: #ff6600\" href=\"https:\/\/wp.ufpel.edu.br\/progep\/files\/2023\/05\/Homologacao-Trilhas-de-Formacao-Desenvolvimento-na-Carreira-dos-Servidores-Tecnico-Administrativos-em-Educacao.pdf\" target=\"_blank\" rel=\"noopener\">INSCRI\u00c7\u00d5ES HOMOLOGADAS<\/a><\/strong><\/span><\/p>\n<p>&nbsp;<\/p>\n","protected":false},"excerpt":{"rendered":"<p>Facilitadores(as): Equipe da Coordena\u00e7\u00e3o de Desenvolvimento de Pessoal na PROGEP\/UFPel Data: 09\/05\/2023 (ter\u00e7a-feira) Hor\u00e1rio: das 14h \u00e0s 15h30min Realiza\u00e7\u00e3o: plataforma WebConf da UFPel (na modalidade\u00a0online) Ementa: Temas relativos \u00e0 Carreira dos T\u00e9cnico-Administrativos em Educa\u00e7\u00e3o: Progress\u00e3o por M\u00e9rito, Progress\u00e3o por Capacita\u00e7\u00e3o e Incentivo \u00e0 Qualifica\u00e7\u00e3o. P\u00fablico Alvo: Servidores docentes e TAEs ativos da UFPel* Per\u00edodo de [&hellip;]<\/p>\n","protected":false},"author":21,"featured_media":0,"parent":0,"menu_order":0,"comment_status":"closed","ping_status":"closed","template":"","meta":{"footnotes":""},"class_list":["post-22921","page","type-page","status-publish","hentry"],"_links":{"self":[{"href":"https:\/\/wp.ufpel.edu.br\/progep\/wp-json\/wp\/v2\/pages\/22921","targetHints":{"allow":["GET"]}}],"collection":[{"href":"https:\/\/wp.ufpel.edu.br\/progep\/wp-json\/wp\/v2\/pages"}],"about":[{"href":"https:\/\/wp.ufpel.edu.br\/progep\/wp-json\/wp\/v2\/types\/page"}],"author":[{"embeddable":true,"href":"https:\/\/wp.ufpel.edu.br\/progep\/wp-json\/wp\/v2\/users\/21"}],"replies":[{"embeddable":true,"href":"https:\/\/wp.ufpel.edu.br\/progep\/wp-json\/wp\/v2\/comments?post=22921"}],"version-history":[{"count":10,"href":"https:\/\/wp.ufpel.edu.br\/progep\/wp-json\/wp\/v2\/pages\/22921\/revisions"}],"predecessor-version":[{"id":34083,"href":"https:\/\/wp.ufpel.edu.br\/progep\/wp-json\/wp\/v2\/pages\/22921\/revisions\/34083"}],"wp:attachment":[{"href":"https:\/\/wp.ufpel.edu.br\/progep\/wp-json\/wp\/v2\/media?parent=22921"}],"curies":[{"name":"wp","href":"https:\/\/api.w.org\/{rel}","templated":true}]}}