{"id":22869,"date":"2023-04-14T15:32:39","date_gmt":"2023-04-14T18:32:39","guid":{"rendered":"https:\/\/wp.ufpel.edu.br\/progep\/?page_id=22869"},"modified":"2023-04-27T17:03:37","modified_gmt":"2023-04-27T20:03:37","slug":"chamada-publica-no02","status":"publish","type":"page","link":"https:\/\/wp.ufpel.edu.br\/progep\/chamada-publica-2023\/chamada-publica-no02\/","title":{"rendered":"Chamada P\u00fablica 02\/2023"},"content":{"rendered":"<p><a href=\"https:\/\/wp.ufpel.edu.br\/progep\/files\/2023\/04\/SEI_UFPel-2129382-Edital-PROGEP.pdf\">Chamada P\u00fablica de Remo\u00e7\u00e3o 02\/2023<\/a><\/p>\n<p><a href=\"https:\/\/wp.ufpel.edu.br\/progep\/files\/2023\/04\/SEI_UFPel-2147927-Edital-PROGEP.pdf\">RESULTADO FINAL<\/a><\/p>\n","protected":false},"excerpt":{"rendered":"<p>Chamada P\u00fablica de Remo\u00e7\u00e3o 02\/2023 RESULTADO FINAL<\/p>\n","protected":false},"author":52,"featured_media":0,"parent":22610,"menu_order":0,"comment_status":"closed","ping_status":"closed","template":"","meta":{"footnotes":""},"class_list":["post-22869","page","type-page","status-publish","hentry"],"_links":{"self":[{"href":"https:\/\/wp.ufpel.edu.br\/progep\/wp-json\/wp\/v2\/pages\/22869","targetHints":{"allow":["GET"]}}],"collection":[{"href":"https:\/\/wp.ufpel.edu.br\/progep\/wp-json\/wp\/v2\/pages"}],"about":[{"href":"https:\/\/wp.ufpel.edu.br\/progep\/wp-json\/wp\/v2\/types\/page"}],"author":[{"embeddable":true,"href":"https:\/\/wp.ufpel.edu.br\/progep\/wp-json\/wp\/v2\/users\/52"}],"replies":[{"embeddable":true,"href":"https:\/\/wp.ufpel.edu.br\/progep\/wp-json\/wp\/v2\/comments?post=22869"}],"version-history":[{"count":5,"href":"https:\/\/wp.ufpel.edu.br\/progep\/wp-json\/wp\/v2\/pages\/22869\/revisions"}],"predecessor-version":[{"id":23211,"href":"https:\/\/wp.ufpel.edu.br\/progep\/wp-json\/wp\/v2\/pages\/22869\/revisions\/23211"}],"up":[{"embeddable":true,"href":"https:\/\/wp.ufpel.edu.br\/progep\/wp-json\/wp\/v2\/pages\/22610"}],"wp:attachment":[{"href":"https:\/\/wp.ufpel.edu.br\/progep\/wp-json\/wp\/v2\/media?parent=22869"}],"curies":[{"name":"wp","href":"https:\/\/api.w.org\/{rel}","templated":true}]}}