{"id":22798,"date":"2023-04-17T16:36:55","date_gmt":"2023-04-17T19:36:55","guid":{"rendered":"https:\/\/wp.ufpel.edu.br\/progep\/?page_id=22798"},"modified":"2025-06-30T14:32:37","modified_gmt":"2025-06-30T17:32:37","slug":"palestras-empreender-com-maturidade-novos-planos-novas-oportunidades-e-educacao-financeira-nao-tem-idade","status":"publish","type":"page","link":"https:\/\/wp.ufpel.edu.br\/progep\/palestras-empreender-com-maturidade-novos-planos-novas-oportunidades-e-educacao-financeira-nao-tem-idade\/","title":{"rendered":"Capacita\u00e7\u00e3o: Palestras &#8220;Empreender com Maturidade: Novos Planos, Novas Oportunidades&#8221; e &#8220;Educa\u00e7\u00e3o Financeira N\u00e3o Tem Idade&#8221;"},"content":{"rendered":"<p style=\"text-align: center\"><span style=\"font-size: 12pt\"><strong><span style=\"text-decoration: underline\">Empreender com Maturidade: Novos Planos, Novas Oportunidades<\/span><\/strong><\/span><br \/>\n<span style=\"font-size: 12pt\"><strong>(02\/05\/2023 &#8211; das 8h \u00e0s 10h)<\/strong><\/span><\/p>\n<p><span style=\"font-size: 12pt\"><strong>Ministrante:<\/strong> Ana Paula Lemos Centeno (Docente &#8211; Centro de Ci\u00eancias S\u00f3cio-Organizacionais &#8211; CCSO\/UFPel)<\/span><\/p>\n<p style=\"text-align: left\"><span style=\"font-size: 12pt\"><strong>Ementa:<\/strong><\/span><br \/>\n<span style=\"font-size: 12pt\">\u2022 Elementos inerentes ao Empreendedorismo;<\/span><br \/>\n<span style=\"font-size: 12pt\">\u2022 Tipos de Empreendedorismo;<\/span><br \/>\n<span style=\"font-size: 12pt\">\u2022 Como identificar oportunidades para empreender;<\/span><br \/>\n<span style=\"font-size: 12pt\">\u2022 Estrutura\u00e7\u00e3o do empreendimento: caminhos e oportunidades.<\/span><\/p>\n<p>&nbsp;<\/p>\n<p style=\"text-align: center\"><span style=\"font-size: 12pt\"><strong><span style=\"text-decoration: underline\">Educa\u00e7\u00e3o Financeira N\u00e3o Tem Idade<\/span><\/strong><\/span><br \/>\n<span style=\"font-size: 12pt\"><strong>(02\/05\/2023 &#8211; das 10h \u00e0s 12h)<\/strong><\/span><\/p>\n<p><span style=\"font-size: 12pt\"><strong>Ministrante<\/strong>: Leonardo Pinto Ortiz (Contador Geral &#8211; PRA\/UFPel)<\/span><\/p>\n<p><span style=\"font-size: 12pt\"><strong>Ementa:<\/strong><\/span><br \/>\n<span style=\"font-size: 12pt\">\u2022 Conceitos sobre Educa\u00e7\u00e3o Financeira; Poupan\u00e7a; Tesouro Direto; Cart\u00e3o de Cr\u00e9dito como aliado; Fundos de Investimentos, entre outros.<\/span><\/p>\n<hr \/>\n<p><span style=\"font-size: 12pt\"><strong>Local de realiza\u00e7\u00e3o<\/strong>: presencial, no Audit\u00f3rio Acad\u00eamico \u2013 4\u00b0 andar do Campus Anglo da UFPel<\/span><\/p>\n<p style=\"text-align: justify\"><span style=\"font-size: 12pt\"><strong>P\u00fablico Alvo das atividades<\/strong>: Servidores docentes e TAEs efetivos\u00a0 da UFPel*<\/span><\/p>\n<p style=\"text-align: justify\"><span style=\"font-size: 12pt\"><strong>Per\u00edodo de inscri\u00e7\u00e3o<\/strong>: 17 a 27\/04\/2023<\/span><\/p>\n<p style=\"text-align: justify\"><span style=\"font-size: 12pt\"><strong>Divulga\u00e7\u00e3o das inscri\u00e7\u00f5es homologadas<\/strong>: 28\/04\/2023**, nesta p\u00e1gina<\/span><\/p>\n<p style=\"text-align: justify\"><span style=\"font-size: 12pt\"><strong><span style=\"text-decoration: underline\">Importante<\/span><\/strong>:<strong style=\"color: #ff6600\"><br \/>\n&#8211; As palestras fazem parte do Programa de Educa\u00e7\u00e3o para Aposentadoria dos Servidores da UFPel \u2013 Evoluidade 2023, por\u00e9m, tamb\u00e9m s\u00e3o abertas a todos os servidores docentes e TAEs efetivos da UFPel, <span style=\"text-decoration: underline\">mediante inscri\u00e7\u00e3o<\/span> no link abaixo.<\/strong><\/span><\/p>\n<p style=\"text-align: justify\"><span style=\"color: #ff6600;font-size: 12pt\"><strong>&#8211; Os servidores que j\u00e1 participam das Turmas A e B do <span style=\"text-decoration: underline\">Evoluidade 2023<\/span> est\u00e3o automaticamente inscritos.<\/strong><\/span><\/p>\n<p style=\"text-align: justify\"><span style=\"font-size: 12pt\">*Considerando a Pol\u00edtica Nacional de Desenvolvimento de Pessoas, conforme Decreto n\u00ba 9.991\/19, somente ser\u00e3o certificados os servidores p\u00fablicos pertencentes ao Quadro Efetivo da UFPel.<\/span><\/p>\n<p><span style=\"font-size: 12pt\">**Quando homologadas as inscri\u00e7\u00f5es, os selecionados receber\u00e3o e-mail de confirma\u00e7\u00e3o.<\/span><\/p>\n<p>&nbsp;<\/p>\n<p><span style=\"font-size: 12pt\"><strong><span style=\"color: #ff6600\"><a style=\"color: #ff6600\" href=\"https:\/\/wp.ufpel.edu.br\/progep\/files\/2023\/04\/Homologacao-Palestras-Evoluidade-02-05-2023.pdf\" target=\"_blank\" rel=\"noopener\">INSCRI\u00c7\u00d5ES HOMOLOGADAS<\/a><\/span><\/strong><\/span><\/p>\n","protected":false},"excerpt":{"rendered":"<p>Empreender com Maturidade: Novos Planos, Novas Oportunidades (02\/05\/2023 &#8211; das 8h \u00e0s 10h) Ministrante: Ana Paula Lemos Centeno (Docente &#8211; Centro de Ci\u00eancias S\u00f3cio-Organizacionais &#8211; CCSO\/UFPel) Ementa: \u2022 Elementos inerentes ao Empreendedorismo; \u2022 Tipos de Empreendedorismo; \u2022 Como identificar oportunidades para empreender; \u2022 Estrutura\u00e7\u00e3o do empreendimento: caminhos e oportunidades. &nbsp; Educa\u00e7\u00e3o Financeira N\u00e3o Tem Idade [&hellip;]<\/p>\n","protected":false},"author":21,"featured_media":0,"parent":0,"menu_order":0,"comment_status":"closed","ping_status":"closed","template":"","meta":{"footnotes":""},"class_list":["post-22798","page","type-page","status-publish","hentry"],"_links":{"self":[{"href":"https:\/\/wp.ufpel.edu.br\/progep\/wp-json\/wp\/v2\/pages\/22798","targetHints":{"allow":["GET"]}}],"collection":[{"href":"https:\/\/wp.ufpel.edu.br\/progep\/wp-json\/wp\/v2\/pages"}],"about":[{"href":"https:\/\/wp.ufpel.edu.br\/progep\/wp-json\/wp\/v2\/types\/page"}],"author":[{"embeddable":true,"href":"https:\/\/wp.ufpel.edu.br\/progep\/wp-json\/wp\/v2\/users\/21"}],"replies":[{"embeddable":true,"href":"https:\/\/wp.ufpel.edu.br\/progep\/wp-json\/wp\/v2\/comments?post=22798"}],"version-history":[{"count":22,"href":"https:\/\/wp.ufpel.edu.br\/progep\/wp-json\/wp\/v2\/pages\/22798\/revisions"}],"predecessor-version":[{"id":34080,"href":"https:\/\/wp.ufpel.edu.br\/progep\/wp-json\/wp\/v2\/pages\/22798\/revisions\/34080"}],"wp:attachment":[{"href":"https:\/\/wp.ufpel.edu.br\/progep\/wp-json\/wp\/v2\/media?parent=22798"}],"curies":[{"name":"wp","href":"https:\/\/api.w.org\/{rel}","templated":true}]}}