{"id":22796,"date":"2023-04-12T15:50:32","date_gmt":"2023-04-12T18:50:32","guid":{"rendered":"https:\/\/wp.ufpel.edu.br\/progep\/?page_id=22796"},"modified":"2025-06-30T14:32:26","modified_gmt":"2025-06-30T17:32:26","slug":"curso-redacao-oficial-conceito-estrutura-e-topicos-de-norma-padrao-da-lingua-portuguesa","status":"publish","type":"page","link":"https:\/\/wp.ufpel.edu.br\/progep\/curso-redacao-oficial-conceito-estrutura-e-topicos-de-norma-padrao-da-lingua-portuguesa\/","title":{"rendered":"Capacita\u00e7\u00e3o: Curso Reda\u00e7\u00e3o Oficial: Conceito, Estrutura e T\u00f3picos de Norma-Padr\u00e3o da L\u00edngua Portuguesa"},"content":{"rendered":"<p><span style=\"font-size: 12pt\"><strong>Facilitadora:<\/strong> Aline Neuschrank (Docente no Centro de Letras e Comunica\u00e7\u00e3o &#8211; CLC\/UFPel)<\/span><\/p>\n<p><span style=\"font-size: 12pt\"><strong>Carga hor\u00e1ria:<\/strong> Total 30 horas<\/span><\/p>\n<p class=\"v1MsoNormal\"><span style=\"font-size: 12pt\"><strong>Per\u00edodo<\/strong>: <del>de 02\/05 a 09\/06\/2023<\/del>\u00a0 ||\u00a0 <span style=\"color: #ff6600\"><strong>De 12\/06 a 21\/07\/2023 (altera\u00e7\u00e3o em raz\u00e3o das f\u00e9rias acad\u00eamicas).<\/strong><\/span><\/span><\/p>\n<p class=\"v1MsoNormal\"><span style=\"font-size: 12pt\"><strong>Realiza\u00e7\u00e3o<\/strong>: <em>online<\/em> e ass\u00edncrona, atrav\u00e9s da plataforma <strong>e-Projeto<\/strong> da UFPel<\/span><\/p>\n<p><span style=\"font-size: 12pt\"><strong>S\u00famula do Programa<\/strong>:<\/span><br \/>\n<span style=\"font-size: 12pt\">1. Reda\u00e7\u00e3o Oficial e suas caracter\u00edsticas;<\/span><br \/>\n<span style=\"font-size: 12pt\">2. Adequa\u00e7\u00e3o da linguagem: destinat\u00e1rio; formalidade\/informalidade;<\/span><br \/>\n<span style=\"font-size: 12pt\">3. Constru\u00e7\u00e3o de par\u00e1grafos: coes\u00e3o e coer\u00eancia;<\/span><br \/>\n<span style=\"font-size: 12pt\">4. Constru\u00e7\u00e3o de par\u00e1grafos: clareza, concis\u00e3o, corre\u00e7\u00e3o;<\/span><br \/>\n<span style=\"font-size: 12pt\">5. T\u00f3picos de norma-padr\u00e3o: ortografia, acentua\u00e7\u00e3o, pontua\u00e7\u00e3o;<\/span><br \/>\n<span style=\"font-size: 12pt\">6. T\u00f3picos de norma-padr\u00e3o: concord\u00e2ncia, reg\u00eancia, coloca\u00e7\u00e3o pronominal;<\/span><br \/>\n<span style=\"font-size: 12pt\">7. Reda\u00e7\u00e3o oficial: modelos, conceitos e estrutura;<\/span><br \/>\n<span style=\"font-size: 12pt\">8. Funcionamento b\u00e1sico do SEI.<\/span><\/p>\n<p><span style=\"font-size: 12pt\"><b><strong>Avalia\u00e7\u00e3o: <\/strong><\/b>Frequ\u00eancia m\u00ednima de 75%, verificada por meio da participa\u00e7\u00e3o nos f\u00f3runs semanais<\/span><\/p>\n<p><span style=\"font-size: 12pt\"><strong>Avalia\u00e7\u00e3o final<\/strong>: ass\u00edncrona, dispon\u00edvel durante a \u00faltima semana prevista para o curso<\/span><br \/>\n<span style=\"font-size: 12pt\">(Peso: 10,0 | M\u00e9dia para aprova\u00e7\u00e3o: 7,0)<\/span><\/p>\n<p class=\"v1MsoNormal\"><span style=\"font-size: 12pt\"><strong>P\u00fablico Alvo<\/strong>: Servidores docentes e T\u00e9c. Administrativos ativos da UFPel*<\/span><\/p>\n<p><span style=\"font-size: 12pt\"><strong>N\u00famero de vagas: <span style=\"color: #ff6600\">30 vagas<\/span><\/strong> (limitadas por ordem de inscri\u00e7\u00e3o)**<\/span><\/p>\n<p><span style=\"font-size: 12pt\"><strong>Inscri\u00e7\u00f5es<\/strong>: <span style=\"color: #ff6600\"><strong>11 a 21\/05\/2023<\/strong><\/span> &#8211; Per\u00edodo para os servidores previamente inscritos no curso preencherem o formul\u00e1rio de manifesta\u00e7\u00e3o de interesse de participa\u00e7\u00e3o na nova data (enviado por e-mail).<\/span><\/p>\n<p><span style=\"font-size: 12pt\"><strong>Divulga\u00e7\u00e3o das inscri\u00e7\u00f5es homologadas<\/strong>: <strong><span style=\"color: #ff6600\">07\/06\/2023<\/span><\/strong>***, nesta p\u00e1gina.<\/span><\/p>\n<p><span style=\"font-size: 12pt\">*Considerando a Pol\u00edtica Nacional de Desenvolvimento de Pessoas, conforme Decreto n\u00ba 9.991\/19, somente ser\u00e3o certificados os servidores p\u00fablicos pertencentes ao Quadro Efetivo da UFPel.<\/span><br \/>\n<span style=\"font-size: 12pt\">**Vagas destinadas \u00e0 servidores pertencentes ao Quadro Efetivo da UFPel, preferencialmente.<\/span><br \/>\n<span style=\"font-size: 12pt\">***Quando homologadas as inscri\u00e7\u00f5es, os selecionados receber\u00e3o e-mail com instru\u00e7\u00f5es de acesso \u00e0 plataforma e-Projeto da UFPel.<\/span><\/p>\n<p><span style=\"color: #ff6600;font-size: 12pt\"><strong><a style=\"color: #ff6600\" href=\"https:\/\/wp.ufpel.edu.br\/progep\/files\/2023\/06\/Homologados-Curso-Redacao-Oficial-Conceito-Estrutura-e-Topicos-de-Norma-Padrao-da-Lingua-Portuguesa-12-06-a-21-07-2023.pdf\" target=\"_blank\" rel=\"noopener\">INSCRI\u00c7\u00d5ES HOMOLOGADAS<\/a><\/strong><\/span><\/p>\n<p>&nbsp;<\/p>\n<table class=\"aligncenter\" style=\"height: 300px;width: 522px;border-style: solid;border-color: #212121\" border=\"1\" width=\"740\">\n<tbody>\n<tr style=\"height: 21px\">\n<td style=\"width: 513.351px;height: 10px;vertical-align: middle;background-color: #ffffff;text-align: center\" colspan=\"2\"><span style=\"font-size: 12pt;font-family: tahoma, arial, helvetica, sans-serif\"><strong>CRONOGRAMA &#8211; Curso de Reda\u00e7\u00e3o Oficial<\/strong><\/span><\/td>\n<\/tr>\n<tr style=\"height: 14px\">\n<td style=\"width: 122.049px;height: 14px;vertical-align: middle;background-color: #c8c8c8;text-align: center\"><span style=\"font-size: 12pt;font-family: tahoma, arial, helvetica, sans-serif\"><strong>Data<\/strong><\/span><\/td>\n<td style=\"width: 385.99px;height: 14px;vertical-align: middle;background-color: #c8c8c8\"><span style=\"font-size: 12pt;font-family: tahoma, arial, helvetica, sans-serif\"><strong>Etapa<\/strong><\/span><\/td>\n<\/tr>\n<tr style=\"height: 23px\">\n<td style=\"width: 122.049px;height: 10px;text-align: center\"><span style=\"font-family: tahoma, arial, helvetica, sans-serif;font-size: 12pt\"><strong><span style=\"text-decoration: line-through;color: #ff0000\">12 a 27\/04<\/span><\/strong><\/span><\/td>\n<td style=\"width: 385.99px;height: 10px\"><span style=\"text-decoration: line-through;font-size: 12pt;color: #ff0000;font-family: tahoma, arial, helvetica, sans-serif\">\u00a0Per\u00edodo de inscri\u00e7\u00f5es<\/span><\/td>\n<\/tr>\n<tr style=\"height: 23px\">\n<td style=\"width: 122.049px;height: 10px;background-color: #f0f0f0;vertical-align: middle;text-align: center\"><span style=\"font-family: tahoma, arial, helvetica, sans-serif;font-size: 12pt\"><strong><span style=\"text-decoration: line-through;color: #ff0000\">28\/04<\/span><\/strong><\/span><\/td>\n<td style=\"width: 385.99px;height: 10px;background-color: #f0f0f0;vertical-align: middle\"><span style=\"text-decoration: line-through;font-size: 12pt;color: #ff0000;font-family: tahoma, arial, helvetica, sans-serif\">\u00a0Data de homologa\u00e7\u00e3o das inscri\u00e7\u00f5es<\/span><\/td>\n<\/tr>\n<tr style=\"height: 23px\">\n<td style=\"width: 122.049px;height: 10px;text-align: center\"><span style=\"font-family: tahoma, arial, helvetica, sans-serif;font-size: 12pt\"><strong><span style=\"text-decoration: line-through;color: #ff0000\">02\/05 a 09\/06<\/span><\/strong><\/span><\/td>\n<td style=\"width: 385.99px;height: 10px\"><span style=\"text-decoration: line-through;font-size: 12pt;color: #ff0000;font-family: tahoma, arial, helvetica, sans-serif\">\u00a0Per\u00edodo de realiza\u00e7\u00e3o do curso<\/span><\/td>\n<\/tr>\n<tr style=\"height: 75px\">\n<td style=\"width: 122.049px;height: 10px;background-color: #f0f0f0;vertical-align: middle;text-align: center\"><span style=\"font-size: 12pt;font-family: tahoma, arial, helvetica, sans-serif\"><strong>11 a 21\/05<\/strong><\/span><\/td>\n<td style=\"width: 385.99px;height: 10px;background-color: #f0f0f0;vertical-align: middle;text-align: left\"><span style=\"font-size: 12pt;font-family: tahoma, arial, helvetica, sans-serif\">Per\u00edodo para os servidores previamente inscritos no curso preencherem o formul\u00e1rio de manifesta\u00e7\u00e3o de interesse de participa\u00e7\u00e3o na nova data <strong>(enviado por e-mail)<\/strong>.<\/span><\/td>\n<\/tr>\n<tr style=\"height: 37px\">\n<td style=\"width: 122.049px;height: 10px;text-align: center\"><span style=\"font-size: 12pt;font-family: tahoma, arial, helvetica, sans-serif\"><strong>07\/06<\/strong><\/span><\/td>\n<td style=\"width: 385.99px;height: 10px\"><span style=\"font-size: 12pt;font-family: tahoma, arial, helvetica, sans-serif\">Nova data de homologa\u00e7\u00e3o das inscri\u00e7\u00f5es<\/span><\/td>\n<\/tr>\n<tr style=\"height: 32px\">\n<td style=\"width: 122.049px;height: 10px;background-color: #f0f0f0;vertical-align: middle;text-align: center\"><span style=\"font-size: 12pt;font-family: tahoma, arial, helvetica, sans-serif\"><strong>12\/06 a 21\/07<\/strong><\/span><\/td>\n<td style=\"width: 385.99px;height: 10px;background-color: #f0f0f0;vertical-align: middle\"><span style=\"font-size: 12pt;font-family: tahoma, arial, helvetica, sans-serif\">Novo per\u00edodo de realiza\u00e7\u00e3o do curso<\/span><\/td>\n<\/tr>\n<\/tbody>\n<\/table>\n<p style=\"text-align: center\">\n","protected":false},"excerpt":{"rendered":"<p>Facilitadora: Aline Neuschrank (Docente no Centro de Letras e Comunica\u00e7\u00e3o &#8211; CLC\/UFPel) Carga hor\u00e1ria: Total 30 horas Per\u00edodo: de 02\/05 a 09\/06\/2023\u00a0 ||\u00a0 De 12\/06 a 21\/07\/2023 (altera\u00e7\u00e3o em raz\u00e3o das f\u00e9rias acad\u00eamicas). Realiza\u00e7\u00e3o: online e ass\u00edncrona, atrav\u00e9s da plataforma e-Projeto da UFPel S\u00famula do Programa: 1. Reda\u00e7\u00e3o Oficial e suas caracter\u00edsticas; 2. Adequa\u00e7\u00e3o da [&hellip;]<\/p>\n","protected":false},"author":21,"featured_media":0,"parent":0,"menu_order":0,"comment_status":"closed","ping_status":"closed","template":"","meta":{"footnotes":""},"class_list":["post-22796","page","type-page","status-publish","hentry"],"_links":{"self":[{"href":"https:\/\/wp.ufpel.edu.br\/progep\/wp-json\/wp\/v2\/pages\/22796","targetHints":{"allow":["GET"]}}],"collection":[{"href":"https:\/\/wp.ufpel.edu.br\/progep\/wp-json\/wp\/v2\/pages"}],"about":[{"href":"https:\/\/wp.ufpel.edu.br\/progep\/wp-json\/wp\/v2\/types\/page"}],"author":[{"embeddable":true,"href":"https:\/\/wp.ufpel.edu.br\/progep\/wp-json\/wp\/v2\/users\/21"}],"replies":[{"embeddable":true,"href":"https:\/\/wp.ufpel.edu.br\/progep\/wp-json\/wp\/v2\/comments?post=22796"}],"version-history":[{"count":25,"href":"https:\/\/wp.ufpel.edu.br\/progep\/wp-json\/wp\/v2\/pages\/22796\/revisions"}],"predecessor-version":[{"id":34077,"href":"https:\/\/wp.ufpel.edu.br\/progep\/wp-json\/wp\/v2\/pages\/22796\/revisions\/34077"}],"wp:attachment":[{"href":"https:\/\/wp.ufpel.edu.br\/progep\/wp-json\/wp\/v2\/media?parent=22796"}],"curies":[{"name":"wp","href":"https:\/\/api.w.org\/{rel}","templated":true}]}}