{"id":22748,"date":"2023-03-30T19:15:04","date_gmt":"2023-03-30T22:15:04","guid":{"rendered":"https:\/\/wp.ufpel.edu.br\/progep\/?page_id=22748"},"modified":"2025-06-30T14:32:15","modified_gmt":"2025-06-30T17:32:15","slug":"trilhas-de-formacao-mapeamento-de-processos-o-papel-do-escritorio-de-processos-da-ufpel","status":"publish","type":"page","link":"https:\/\/wp.ufpel.edu.br\/progep\/trilhas-de-formacao-mapeamento-de-processos-o-papel-do-escritorio-de-processos-da-ufpel\/","title":{"rendered":"Capacita\u00e7\u00e3o: Trilhas de Forma\u00e7\u00e3o: Mapeamento de Processos &#8211; O papel do Escrit\u00f3rio de Processos da UFPel"},"content":{"rendered":"<p style=\"text-align: left\"><span style=\"font-size: 12pt\"><strong>Facilitador:<\/strong> Milton Luis Rodrigues Bresque (Servidor T\u00e9cnico-Administrativo e Chefe do Escrit\u00f3rio de Processos da UFPel)<\/span><\/p>\n<p style=\"text-align: left\"><span style=\"font-size: 12pt\"><strong>Data:<\/strong> 13\/04\/2023 (Quinta-feira)<\/span><\/p>\n<p style=\"text-align: left\"><span style=\"font-size: 12pt\"><strong>Hor\u00e1rio: <\/strong>das 14h \u00e0s 16h<\/span><\/p>\n<p style=\"text-align: left\"><span style=\"font-size: 12pt\"><strong>Realiza\u00e7\u00e3o:<\/strong> plataforma WebConf da UFPel (na modalidade\u00a0<em>online)<\/em><\/span><\/p>\n<p style=\"text-align: left\"><span style=\"font-size: 12pt\"><strong>Ementa:<\/strong><\/span><\/p>\n<p style=\"text-align: left\"><span style=\"font-size: 12pt\">\u00bb <span style=\"text-decoration: underline\">Mapeamento de Processos<\/span>:<\/span><br \/>\n<span style=\"font-size: 12pt\">&#8211; An\u00e1lise das etapas de processo juntamente com os envolvidos (AS IS);<\/span><br \/>\n<span style=\"font-size: 12pt\">&#8211; Identifica\u00e7\u00e3o de gargalos e pontos a melhorar;<\/span><br \/>\n<span style=\"font-size: 12pt\">&#8211; Elabora\u00e7\u00e3o de a\u00e7\u00f5es de melhoria, buscando legisla\u00e7\u00f5es e boas pr\u00e1ticas;<\/span><br \/>\n<span style=\"font-size: 12pt\">&#8211; Reuni\u00e3o dos envolvidos e elabora\u00e7\u00e3o de um novo fluxo para o processo com as melhorias (TO BE);<\/span><br \/>\n<span style=\"font-size: 12pt\">&#8211; Realiza\u00e7\u00e3o do acompanhamento;<\/span><br \/>\n<span style=\"font-size: 12pt\">&#8211; Utiliza\u00e7\u00e3o das ferramentas: Bizagi (software gratuito para diagrama\u00e7\u00e3o dos processos) e Excel (planilha eletr\u00f4nica para registrar as melhorias propostas).<\/span><\/p>\n<p style=\"text-align: left\"><span style=\"font-size: 12pt\">\u00bb <span style=\"text-decoration: underline\">Mapeamento de Processo para Automa\u00e7\u00e3o<\/span>:<\/span><br \/>\n<span style=\"font-size: 12pt\">&#8211; Realiza\u00e7\u00e3o de mapeamento do processo;<\/span><br \/>\n<span style=\"font-size: 12pt\">&#8211; Elabora\u00e7\u00e3o de uma proposta de sistema;<\/span><br \/>\n<span style=\"font-size: 12pt\">&#8211; Envio da proposta \u00e0 CSI para an\u00e1lise e desenvolvimento do sistema;<\/span><br \/>\n<span style=\"font-size: 12pt\">&#8211; Utiliza\u00e7\u00e3o das ferramentas: Bizagi, Excel, FreeMind (software para elabora\u00e7\u00e3o de mapa mental contendo todos os perfil e funcionalidades necess\u00e1rias no sistema a ser desenvolvido).<\/span><\/p>\n<p style=\"text-align: left\"><span style=\"font-size: 12pt\">\u00bb\u00a0<span style=\"text-decoration: underline\">Base de Conhecimento (criar\/alterar\/excluir)<\/span>:<\/span><br \/>\n<span style=\"font-size: 12pt\">&#8211; Elabora\u00e7\u00e3o das Bases de Conhecimento no SEI;<\/span><br \/>\n<span style=\"font-size: 12pt\">&#8211; Documento em word com a descri\u00e7\u00e3o da tarefa, legisla\u00e7\u00e3o, condi\u00e7\u00f5es necess\u00e1rias e envolvidos, al\u00e9m de uma tabela com as etapas;<\/span><br \/>\n<span style=\"font-size: 12pt\">&#8211; Utiliza\u00e7\u00e3o das ferramentas: Bizagi (para diagrama\u00e7\u00e3o do fluxo da tarefa), SEI (para incluir ou publicar uma base), Word e Excel.<\/span><\/p>\n<p style=\"text-align: left\"><span style=\"font-size: 12pt\"><strong>P\u00fablico Alvo<\/strong>: Servidores docentes e TAEs ativos da UFPel*<\/span><\/p>\n<p style=\"text-align: left\"><span style=\"font-size: 12pt\"><strong>N\u00famero de Vagas<\/strong>: 40 vagas<\/span><\/p>\n<p style=\"text-align: left\"><span style=\"font-size: 12pt\"><strong>Per\u00edodo de inscri\u00e7\u00e3o<\/strong>: 30\/03 a 10\/04\/2023<\/span><\/p>\n<p style=\"text-align: left\"><span style=\"font-size: 12pt\"><strong>Divulga\u00e7\u00e3o das inscri\u00e7\u00f5es homologadas<\/strong>: 11\/04**, nesta p\u00e1gina.<\/span><\/p>\n<p style=\"text-align: left\"><span style=\"font-size: 12pt\">*Considerando a Pol\u00edtica Nacional de Desenvolvimento de Pessoas, conforme Decreto n\u00ba 9.991\/19, somente ser\u00e3o certificados os servidores p\u00fablicos pertencentes ao Quadro Efetivo da UFPel.<\/span><\/p>\n<p style=\"text-align: left\"><span style=\"font-size: 12pt\">**Quando homologadas as inscri\u00e7\u00f5es, os selecionados receber\u00e3o e-mail com instru\u00e7\u00f5es de acesso \u00e0 sala de Webconf da UFPel.<\/span><\/p>\n<p style=\"text-align: left\"><span style=\"color: #ff6600;font-size: 12pt\"><strong><a style=\"color: #ff6600\" href=\"https:\/\/wp.ufpel.edu.br\/progep\/files\/2023\/04\/Homologacao-Trilhas-de-Formacao-Escritorio-de-Processos.pdf\" target=\"_blank\" rel=\"noopener\">INSCRI\u00c7\u00d5ES HOMOLOGADAS<\/a><\/strong><\/span><\/p>\n","protected":false},"excerpt":{"rendered":"<p>Facilitador: Milton Luis Rodrigues Bresque (Servidor T\u00e9cnico-Administrativo e Chefe do Escrit\u00f3rio de Processos da UFPel) Data: 13\/04\/2023 (Quinta-feira) Hor\u00e1rio: das 14h \u00e0s 16h Realiza\u00e7\u00e3o: plataforma WebConf da UFPel (na modalidade\u00a0online) Ementa: \u00bb Mapeamento de Processos: &#8211; An\u00e1lise das etapas de processo juntamente com os envolvidos (AS IS); &#8211; Identifica\u00e7\u00e3o de gargalos e pontos a melhorar; [&hellip;]<\/p>\n","protected":false},"author":21,"featured_media":0,"parent":0,"menu_order":0,"comment_status":"closed","ping_status":"closed","template":"","meta":{"footnotes":""},"class_list":["post-22748","page","type-page","status-publish","hentry"],"_links":{"self":[{"href":"https:\/\/wp.ufpel.edu.br\/progep\/wp-json\/wp\/v2\/pages\/22748","targetHints":{"allow":["GET"]}}],"collection":[{"href":"https:\/\/wp.ufpel.edu.br\/progep\/wp-json\/wp\/v2\/pages"}],"about":[{"href":"https:\/\/wp.ufpel.edu.br\/progep\/wp-json\/wp\/v2\/types\/page"}],"author":[{"embeddable":true,"href":"https:\/\/wp.ufpel.edu.br\/progep\/wp-json\/wp\/v2\/users\/21"}],"replies":[{"embeddable":true,"href":"https:\/\/wp.ufpel.edu.br\/progep\/wp-json\/wp\/v2\/comments?post=22748"}],"version-history":[{"count":11,"href":"https:\/\/wp.ufpel.edu.br\/progep\/wp-json\/wp\/v2\/pages\/22748\/revisions"}],"predecessor-version":[{"id":34075,"href":"https:\/\/wp.ufpel.edu.br\/progep\/wp-json\/wp\/v2\/pages\/22748\/revisions\/34075"}],"wp:attachment":[{"href":"https:\/\/wp.ufpel.edu.br\/progep\/wp-json\/wp\/v2\/media?parent=22748"}],"curies":[{"name":"wp","href":"https:\/\/api.w.org\/{rel}","templated":true}]}}