{"id":22716,"date":"2023-04-11T09:00:53","date_gmt":"2023-04-11T12:00:53","guid":{"rendered":"https:\/\/wp.ufpel.edu.br\/progep\/?page_id=22716"},"modified":"2025-06-30T14:32:20","modified_gmt":"2025-06-30T17:32:20","slug":"capacita-na-web-seguranca-da-informacao","status":"publish","type":"page","link":"https:\/\/wp.ufpel.edu.br\/progep\/capacita-na-web-seguranca-da-informacao\/","title":{"rendered":"Capacita\u00e7\u00e3o: Capacita na Web &#8211; Seguran\u00e7a da Informa\u00e7\u00e3o"},"content":{"rendered":"<p><span style=\"font-size: 12pt\"><strong>Facilitador:<\/strong> Rafael Padilha da Silva (Analista de Tecnologia da Informa\u00e7\u00e3o na SGTIC\/UFPel)<\/span><\/p>\n<p><span style=\"font-size: 12pt\"><strong>Data:<\/strong> 26\/04\/2023 (Quarta-feira)<\/span><\/p>\n<p><span style=\"font-size: 12pt\"><strong>Hor\u00e1rio: <\/strong>das 9h \u00e0s 10h<\/span><\/p>\n<p><span style=\"font-size: 12pt\"><strong>Local: <\/strong>plataforma WebConf da UFPel (modalidade <em>online<\/em>)<\/span><\/p>\n<p><span style=\"font-size: 12pt\"><strong>Ementa:\u00a0<\/strong>Fortalecimento da cultura de Seguran\u00e7a da Informa\u00e7\u00e3o abordando assuntos como privacidade de dados, phishing, VPN e outras formas de nos mantermos seguros.<\/span><\/p>\n<p><span style=\"font-size: 12pt\"><strong>P\u00fablico Alvo<\/strong>: Servidores docentes e TAE\u2019s ativos*<\/span><\/p>\n<p><span style=\"font-size: 12pt\"><strong>Per\u00edodo de inscri\u00e7\u00e3o<\/strong>: 11 a 23\/04\/2023<\/span><\/p>\n<p><span style=\"font-size: 12pt\"><strong>Vagas<\/strong>: 50 vagas, por ordem de inscri\u00e7\u00e3o<\/span><\/p>\n<p><span style=\"font-size: 12pt\"><strong>Divulga\u00e7\u00e3o das inscri\u00e7\u00f5es homologadas<\/strong>: 24\/04**, nesta p\u00e1gina.<\/span><\/p>\n<p><span style=\"font-size: 12pt\">*Considerando a Pol\u00edtica Nacional de Desenvolvimento de Pessoas, conforme Decreto n\u00ba 9.991\/19, somente ser\u00e3o certificados os servidores p\u00fablicos pertencentes ao Quadro Efetivo da UFPel.<\/span><\/p>\n<p><span style=\"font-size: 12pt\">**Quando homologadas as inscri\u00e7\u00f5es, os selecionados receber\u00e3o e-mail de confirma\u00e7\u00e3o com mais informa\u00e7\u00f5es.<\/span><\/p>\n<p>&nbsp;<\/p>\n<p><span style=\"color: #ff6600;font-size: 12pt\"><strong><a style=\"color: #ff6600\" href=\"https:\/\/wp.ufpel.edu.br\/progep\/files\/2023\/04\/Homologados-Capacita-na-Web-Seguranca-da-Informacao-26-04-2023.pdf\" target=\"_blank\" rel=\"noopener\">INSCRI\u00c7\u00d5ES HOMOLOGADAS<\/a><\/strong><\/span><\/p>\n<p>&nbsp;<\/p>\n<p>&nbsp;<\/p>\n","protected":false},"excerpt":{"rendered":"<p>Facilitador: Rafael Padilha da Silva (Analista de Tecnologia da Informa\u00e7\u00e3o na SGTIC\/UFPel) Data: 26\/04\/2023 (Quarta-feira) Hor\u00e1rio: das 9h \u00e0s 10h Local: plataforma WebConf da UFPel (modalidade online) Ementa:\u00a0Fortalecimento da cultura de Seguran\u00e7a da Informa\u00e7\u00e3o abordando assuntos como privacidade de dados, phishing, VPN e outras formas de nos mantermos seguros. P\u00fablico Alvo: Servidores docentes e TAE\u2019s [&hellip;]<\/p>\n","protected":false},"author":21,"featured_media":0,"parent":0,"menu_order":0,"comment_status":"closed","ping_status":"closed","template":"","meta":{"footnotes":""},"class_list":["post-22716","page","type-page","status-publish","hentry"],"_links":{"self":[{"href":"https:\/\/wp.ufpel.edu.br\/progep\/wp-json\/wp\/v2\/pages\/22716","targetHints":{"allow":["GET"]}}],"collection":[{"href":"https:\/\/wp.ufpel.edu.br\/progep\/wp-json\/wp\/v2\/pages"}],"about":[{"href":"https:\/\/wp.ufpel.edu.br\/progep\/wp-json\/wp\/v2\/types\/page"}],"author":[{"embeddable":true,"href":"https:\/\/wp.ufpel.edu.br\/progep\/wp-json\/wp\/v2\/users\/21"}],"replies":[{"embeddable":true,"href":"https:\/\/wp.ufpel.edu.br\/progep\/wp-json\/wp\/v2\/comments?post=22716"}],"version-history":[{"count":11,"href":"https:\/\/wp.ufpel.edu.br\/progep\/wp-json\/wp\/v2\/pages\/22716\/revisions"}],"predecessor-version":[{"id":34076,"href":"https:\/\/wp.ufpel.edu.br\/progep\/wp-json\/wp\/v2\/pages\/22716\/revisions\/34076"}],"wp:attachment":[{"href":"https:\/\/wp.ufpel.edu.br\/progep\/wp-json\/wp\/v2\/media?parent=22716"}],"curies":[{"name":"wp","href":"https:\/\/api.w.org\/{rel}","templated":true}]}}