{"id":22635,"date":"2023-03-28T18:51:57","date_gmt":"2023-03-28T21:51:57","guid":{"rendered":"https:\/\/wp.ufpel.edu.br\/progep\/?page_id=22635"},"modified":"2025-06-30T14:32:04","modified_gmt":"2025-06-30T17:32:04","slug":"evoluidade-2023-palestra-cuidando-da-alimentacao-e-atividade-fisica-somos-feitos-para-o-movimento","status":"publish","type":"page","link":"https:\/\/wp.ufpel.edu.br\/progep\/evoluidade-2023-palestra-cuidando-da-alimentacao-e-atividade-fisica-somos-feitos-para-o-movimento\/","title":{"rendered":"Capacita\u00e7\u00e3o: Palestras &#8220;Cuidando da Alimenta\u00e7\u00e3o&#8221; e &#8220;Somos Feitos Para o Movimento&#8221;"},"content":{"rendered":"<p style=\"text-align: center\"><span style=\"text-decoration: underline\"><span style=\"font-size: 14pt\"><strong>Cuidando da Alimenta\u00e7\u00e3o<\/strong><\/span><\/span><br \/>\n<strong>(12\/04\/2023 &#8211; das 14h \u00e0s 16h)<\/strong><\/p>\n<p><strong>Facilitadora:<\/strong> Prof.\u00aa Anne y Castro Marques (Faculdade de Nutri\u00e7\u00e3o \u2013 FN\/UFPel)<\/p>\n<p style=\"text-align: left\"><strong>Ementa:<\/strong><br \/>\n\u2022 Introdu\u00e7\u00e3o;<br \/>\n\u2022 Alimenta\u00e7\u00e3o <em>versus<\/em> doen\u00e7a;<br \/>\n\u2022 Bases de uma alimenta\u00e7\u00e3o saud\u00e1vel;<br \/>\n\u2022 Orienta\u00e7\u00f5es nutricionais.<\/p>\n<p style=\"text-align: center\"><span style=\"text-decoration: underline\"><span style=\"font-size: 14pt\"><strong>Somos Feitos Para o Movimento<\/strong><\/span><\/span><br \/>\n<strong>(12\/04\/2023 &#8211; das 16h \u00e0s 18h)<\/strong><\/p>\n<p><strong>Facilitadora<\/strong>: T\u00e9c. Desportiva Eliana K\u00f6hler Kr\u00f6ning (Coordena\u00e7\u00e3o de Sa\u00fade e Qualidade de Vida &#8211; CSQV\/PROGEP &#8211; UFPel)<\/p>\n<p><strong>Ementa:<\/strong><br \/>\n\u2022 O que \u00e9 atividade f\u00edsica?;<br \/>\n\u2022 O impacto da evolu\u00e7\u00e3o no estilo de vida da humanidade;<br \/>\n\u2022 Comportamento sedent\u00e1rio e quem \u00e9 considerado sedent\u00e1rio?;<br \/>\n\u2022 A import\u00e2ncia do estilo de vida ativo;<br \/>\n\u2022 Diferen\u00e7a entre atividade f\u00edsica e exerc\u00edcio f\u00edsico;<br \/>\n\u2022 Popula\u00e7\u00e3o ativa por faixa et\u00e1ria;<br \/>\n\u2022 Principais barreiras para a pr\u00e1tica da atividade f\u00edsica;<br \/>\n\u2022 Benef\u00edcios da pr\u00e1tica regular de atividade f\u00edsica.<\/p>\n<hr \/>\n<p style=\"text-align: justify\"><del><strong>Local:<\/strong> Audit\u00f3rio 2 &#8211; Centro de Artes (Rua \u00c1lvaro Chaves, n\u00ba 65)<\/del><\/p>\n<p><span style=\"color: #ff0000\"><strong>Local:<\/strong> Sala de Reuni\u00f5es da PROPLAN, 4\u00ba andar, campus Anglo, da UFPel.<\/span><\/p>\n<p style=\"text-align: justify\"><strong>P\u00fablico Alvo das atividades<\/strong>: Servidores docentes e TAEs ativos da UFPel*<\/p>\n<p style=\"text-align: justify\"><strong>Per\u00edodo de inscri\u00e7\u00e3o<\/strong>: 28\/03 a 11\/04\/2023 ao meio dia.<\/p>\n<p style=\"text-align: justify\"><strong>Divulga\u00e7\u00e3o das inscri\u00e7\u00f5es homologadas<\/strong>: 11\/04\/2023**, nesta p\u00e1gina.<\/p>\n<p style=\"text-align: justify\"><strong><span style=\"text-decoration: underline\">Importante<\/span><\/strong>:<strong style=\"color: #ff6600;font-size: 10pt\"><br \/>\n&#8211; As palestras fazem parte do Programa de Educa\u00e7\u00e3o para Aposentadoria dos Servidores da UFPel \u2013 Evoluidade 2023, por\u00e9m, tamb\u00e9m s\u00e3o abertas aos demais servidores docentes e TAEs ativos da UFPel, mediante inscri\u00e7\u00e3o no link abaixo.<\/strong><\/p>\n<p style=\"text-align: justify\"><span style=\"color: #ff6600;font-size: 10pt\"><strong>&#8211; Os servidores que j\u00e1 participam das Turmas A e B do <span style=\"text-decoration: underline\">Evoluidade 2023<\/span> est\u00e3o automaticamente inscritos.<\/strong><\/span><\/p>\n<p style=\"text-align: justify\">*Considerando a Pol\u00edtica Nacional de Desenvolvimento de Pessoas, conforme Decreto n\u00ba 9.991\/19, somente ser\u00e3o certificados os servidores p\u00fablicos pertencentes ao Quadro Efetivo da UFPel.<\/p>\n<p>**Quando homologadas as inscri\u00e7\u00f5es, os selecionados receber\u00e3o e-mail de confirma\u00e7\u00e3o.<\/p>\n<p>&nbsp;<\/p>\n<p style=\"text-align: justify\"><span style=\"color: #ff6600\"><strong><a style=\"color: #ff6600\" href=\"https:\/\/wp.ufpel.edu.br\/progep\/files\/2023\/04\/Homologacao-Palestras-Evoluidade-12-04-2023.pdf\" target=\"_blank\" rel=\"noopener\">INSCRI\u00c7\u00d5ES HOMOLOGADAS<\/a><\/strong><\/span><\/p>\n<p>&nbsp;<\/p>\n","protected":false},"excerpt":{"rendered":"<p>Cuidando da Alimenta\u00e7\u00e3o (12\/04\/2023 &#8211; das 14h \u00e0s 16h) Facilitadora: Prof.\u00aa Anne y Castro Marques (Faculdade de Nutri\u00e7\u00e3o \u2013 FN\/UFPel) Ementa: \u2022 Introdu\u00e7\u00e3o; \u2022 Alimenta\u00e7\u00e3o versus doen\u00e7a; \u2022 Bases de uma alimenta\u00e7\u00e3o saud\u00e1vel; \u2022 Orienta\u00e7\u00f5es nutricionais. Somos Feitos Para o Movimento (12\/04\/2023 &#8211; das 16h \u00e0s 18h) Facilitadora: T\u00e9c. Desportiva Eliana K\u00f6hler Kr\u00f6ning (Coordena\u00e7\u00e3o de [&hellip;]<\/p>\n","protected":false},"author":21,"featured_media":0,"parent":0,"menu_order":0,"comment_status":"closed","ping_status":"closed","template":"","meta":{"footnotes":""},"class_list":["post-22635","page","type-page","status-publish","hentry"],"_links":{"self":[{"href":"https:\/\/wp.ufpel.edu.br\/progep\/wp-json\/wp\/v2\/pages\/22635","targetHints":{"allow":["GET"]}}],"collection":[{"href":"https:\/\/wp.ufpel.edu.br\/progep\/wp-json\/wp\/v2\/pages"}],"about":[{"href":"https:\/\/wp.ufpel.edu.br\/progep\/wp-json\/wp\/v2\/types\/page"}],"author":[{"embeddable":true,"href":"https:\/\/wp.ufpel.edu.br\/progep\/wp-json\/wp\/v2\/users\/21"}],"replies":[{"embeddable":true,"href":"https:\/\/wp.ufpel.edu.br\/progep\/wp-json\/wp\/v2\/comments?post=22635"}],"version-history":[{"count":26,"href":"https:\/\/wp.ufpel.edu.br\/progep\/wp-json\/wp\/v2\/pages\/22635\/revisions"}],"predecessor-version":[{"id":34073,"href":"https:\/\/wp.ufpel.edu.br\/progep\/wp-json\/wp\/v2\/pages\/22635\/revisions\/34073"}],"wp:attachment":[{"href":"https:\/\/wp.ufpel.edu.br\/progep\/wp-json\/wp\/v2\/media?parent=22635"}],"curies":[{"name":"wp","href":"https:\/\/api.w.org\/{rel}","templated":true}]}}