{"id":22594,"date":"2023-03-16T08:49:42","date_gmt":"2023-03-16T11:49:42","guid":{"rendered":"https:\/\/wp.ufpel.edu.br\/progep\/?page_id=22594"},"modified":"2025-06-30T14:31:59","modified_gmt":"2025-06-30T17:31:59","slug":"capacita-na-web-chatgpt-e-outras-plataformas-de-inteligencia-artificial-ia-problemas-usos-e-impactos-no-ensino-superior","status":"publish","type":"page","link":"https:\/\/wp.ufpel.edu.br\/progep\/capacita-na-web-chatgpt-e-outras-plataformas-de-inteligencia-artificial-ia-problemas-usos-e-impactos-no-ensino-superior\/","title":{"rendered":"Capacita\u00e7\u00e3o: Capacita na Web \u2013 ChatGPT e outras plataformas de Intelig\u00eancia Artificial (IA), problemas, usos e impactos no Ensino Superior"},"content":{"rendered":"<p><strong>Facilitadores:<\/strong><br \/>\n&#8211; Prof. Christiano Martino Otero Avila (Centro de Engenharias &#8211; CENG\/UFPel)<br \/>\n&#8211; Prof.\u00aa Carla Denize Ott Felcher (Instituto de F\u00edsica e Matem\u00e1tica &#8211; IFM\/UFPel)<\/p>\n<p><strong>Data:<\/strong> 31\/03\/2023 (sexta-feira)<\/p>\n<p><strong>Hor\u00e1rio: <\/strong>das 9h \u00e0s 11h<\/p>\n<p><strong>Realiza\u00e7\u00e3o:<\/strong>\u00a0plataforma Webconf da UFPel (na modalidade\u00a0<em>online)<\/em><\/p>\n<p><strong>Ementa:\u00a0<\/strong><br \/>\n\u2022 Introdu\u00e7\u00e3o ao ChatGPT: O que \u00e9 e como funciona?;<br \/>\n\u2022 Problemas ou pontos fracos da plataforma;<br \/>\n\u2022 Sugest\u00f5es de utiliza\u00e7\u00e3o da plataforma para docentes e estudantes;<br \/>\n\u2022 Sugest\u00f5es de orienta\u00e7\u00f5es aos alunos para uma boa utiliza\u00e7\u00e3o do ChatGPT;<br \/>\n\u2022 Outras aplica\u00e7\u00f5es e plataformas de IA;<br \/>\n\u2022 Conclus\u00f5es.<\/p>\n<p><strong>P\u00fablico Alvo<\/strong>: Servidores docentes e TAE\u2019s ativos*<\/p>\n<p><strong>N\u00famero de vagas:<\/strong>\u00a050 (limitadas por ordem de inscri\u00e7\u00e3o)<\/p>\n<p><strong>Per\u00edodo de inscri\u00e7\u00e3o<\/strong>: 16\/03 a 28\/03\/2023<\/p>\n<p><strong>Divulga\u00e7\u00e3o das inscri\u00e7\u00f5es homologadas<\/strong>: 29\/03**, nesta p\u00e1gina.<\/p>\n<p>*Considerando a Pol\u00edtica Nacional de Desenvolvimento de Pessoas, conforme Decreto n\u00ba 9.991\/19, somente ser\u00e3o certificados os servidores p\u00fablicos pertencentes ao Quadro Efetivo da UFPel.<\/p>\n<p>**Quando homologadas as inscri\u00e7\u00f5es, os selecionados receber\u00e3o e-mail com instru\u00e7\u00f5es de acesso \u00e0 sala de Webconf da UFPel.<\/p>\n<p><span style=\"color: #ff6600\"><strong><a style=\"color: #ff6600\" href=\"https:\/\/wp.ufpel.edu.br\/progep\/files\/2023\/03\/Homologados-Capacita-na-Web-ChatGPT-e-outras-plataformas-de-Inteligencia-Artificial-IA-problemas-usos-e-impactos-no-Ensino-Superior.pdf\" target=\"_blank\" rel=\"noopener\">INSCRI\u00c7\u00d5ES HOMOLOGADAS<\/a><\/strong><\/span><\/p>\n<p>&nbsp;<\/p>\n","protected":false},"excerpt":{"rendered":"<p>Facilitadores: &#8211; Prof. Christiano Martino Otero Avila (Centro de Engenharias &#8211; CENG\/UFPel) &#8211; Prof.\u00aa Carla Denize Ott Felcher (Instituto de F\u00edsica e Matem\u00e1tica &#8211; IFM\/UFPel) Data: 31\/03\/2023 (sexta-feira) Hor\u00e1rio: das 9h \u00e0s 11h Realiza\u00e7\u00e3o:\u00a0plataforma Webconf da UFPel (na modalidade\u00a0online) Ementa:\u00a0 \u2022 Introdu\u00e7\u00e3o ao ChatGPT: O que \u00e9 e como funciona?; \u2022 Problemas ou pontos fracos [&hellip;]<\/p>\n","protected":false},"author":21,"featured_media":0,"parent":0,"menu_order":0,"comment_status":"closed","ping_status":"closed","template":"","meta":{"footnotes":""},"class_list":["post-22594","page","type-page","status-publish","hentry"],"_links":{"self":[{"href":"https:\/\/wp.ufpel.edu.br\/progep\/wp-json\/wp\/v2\/pages\/22594","targetHints":{"allow":["GET"]}}],"collection":[{"href":"https:\/\/wp.ufpel.edu.br\/progep\/wp-json\/wp\/v2\/pages"}],"about":[{"href":"https:\/\/wp.ufpel.edu.br\/progep\/wp-json\/wp\/v2\/types\/page"}],"author":[{"embeddable":true,"href":"https:\/\/wp.ufpel.edu.br\/progep\/wp-json\/wp\/v2\/users\/21"}],"replies":[{"embeddable":true,"href":"https:\/\/wp.ufpel.edu.br\/progep\/wp-json\/wp\/v2\/comments?post=22594"}],"version-history":[{"count":9,"href":"https:\/\/wp.ufpel.edu.br\/progep\/wp-json\/wp\/v2\/pages\/22594\/revisions"}],"predecessor-version":[{"id":34072,"href":"https:\/\/wp.ufpel.edu.br\/progep\/wp-json\/wp\/v2\/pages\/22594\/revisions\/34072"}],"wp:attachment":[{"href":"https:\/\/wp.ufpel.edu.br\/progep\/wp-json\/wp\/v2\/media?parent=22594"}],"curies":[{"name":"wp","href":"https:\/\/api.w.org\/{rel}","templated":true}]}}