{"id":22558,"date":"2023-03-14T18:26:20","date_gmt":"2023-03-14T21:26:20","guid":{"rendered":"https:\/\/wp.ufpel.edu.br\/progep\/?page_id=22558"},"modified":"2025-06-30T14:31:53","modified_gmt":"2025-06-30T17:31:53","slug":"capacita-na-web-ferramentas-digitais-para-o-ensino-possibilidades-e-reflexoes","status":"publish","type":"page","link":"https:\/\/wp.ufpel.edu.br\/progep\/capacita-na-web-ferramentas-digitais-para-o-ensino-possibilidades-e-reflexoes\/","title":{"rendered":"Capacita\u00e7\u00e3o: Capacita na Web \u2013 Ferramentas Digitais Para o Ensino: Possibilidades e Reflex\u00f5es"},"content":{"rendered":"<p><strong>Facilitadoras:<\/strong><br \/>\nProf\u00aa. Carla Denize Ott Felcher (Docente no Instituto de F\u00edsica e Matem\u00e1tica &#8211; IFM\/UFPel)<br \/>\nProf\u00aa. Tanise Paula Novello (Universidade Federal de Santa Catarina &#8211; UFSC)<\/p>\n<p><strong>Data:<\/strong> 14\/04\/2023 (Sexta-feira)<\/p>\n<p><strong>Hor\u00e1rio: <\/strong>das 9h \u00e0s 11h<\/p>\n<p><strong>Realiza\u00e7\u00e3o:<\/strong>\u00a0plataforma Webconf da UFPel (na modalidade\u00a0<em>online)<\/em><\/p>\n<p style=\"text-align: justify\"><strong>Ementa:<\/strong><br \/>\n<strong>\u2022<\/strong> Utiliza\u00e7\u00e3o de ferramentas digitais na pr\u00e1tica pedag\u00f3gica do professor do Ensino Superior, uso esse intensificado pelo ensino remoto;<br \/>\n<strong>\u2022<\/strong> Ferramentas digitais Jamboard, Padlet e Mentimeter &#8211; funcionamento e uso pedag\u00f3gico, a partir da experiencia\u00e7\u00e3o e intera\u00e7\u00e3o entre os participantes;<br \/>\n<strong>\u2022<\/strong> Prop\u00f5e-se uma reflex\u00e3o sobre a import\u00e2ncia de supera\u00e7\u00e3o do uso domesticado das tecnologias digitais, potencializando, assim, que os processos pedag\u00f3gicos sejam mais significativos, din\u00e2micos e coletivos.<\/p>\n<p><strong>P\u00fablico Alvo<\/strong>: Servidores docentes e TAEs ativos*<\/p>\n<p><strong>Per\u00edodo de inscri\u00e7\u00e3o<\/strong>: 28\/03 a 11\/04\/2023<\/p>\n<p><strong>Divulga\u00e7\u00e3o das inscri\u00e7\u00f5es homologadas<\/strong>: 12\/04**, nesta p\u00e1gina.<\/p>\n<p>*Considerando a Pol\u00edtica Nacional de Desenvolvimento de Pessoas, conforme Decreto n\u00ba 9.991\/19, somente ser\u00e3o certificados os servidores p\u00fablicos pertencentes ao Quadro Efetivo da UFPel.<\/p>\n<p>**Quando homologadas as inscri\u00e7\u00f5es, os selecionados receber\u00e3o e-mail com instru\u00e7\u00f5es de acesso \u00e0 sala de Webconf da UFPel.<\/p>\n<p><span style=\"color: #ff6600\"><strong><a style=\"color: #ff6600\" href=\"https:\/\/wp.ufpel.edu.br\/progep\/files\/2023\/04\/Homologados-Capacita-na-Web-Ferramentas-Digitais.pdf\" target=\"_blank\" rel=\"noopener\">INSCRI\u00c7\u00d5ES HOMOLOGADAS<\/a><\/strong><\/span><\/p>\n","protected":false},"excerpt":{"rendered":"<p>Facilitadoras: Prof\u00aa. Carla Denize Ott Felcher (Docente no Instituto de F\u00edsica e Matem\u00e1tica &#8211; IFM\/UFPel) Prof\u00aa. Tanise Paula Novello (Universidade Federal de Santa Catarina &#8211; UFSC) Data: 14\/04\/2023 (Sexta-feira) Hor\u00e1rio: das 9h \u00e0s 11h Realiza\u00e7\u00e3o:\u00a0plataforma Webconf da UFPel (na modalidade\u00a0online) Ementa: \u2022 Utiliza\u00e7\u00e3o de ferramentas digitais na pr\u00e1tica pedag\u00f3gica do professor do Ensino Superior, uso [&hellip;]<\/p>\n","protected":false},"author":21,"featured_media":0,"parent":0,"menu_order":0,"comment_status":"closed","ping_status":"closed","template":"","meta":{"footnotes":""},"class_list":["post-22558","page","type-page","status-publish","hentry"],"_links":{"self":[{"href":"https:\/\/wp.ufpel.edu.br\/progep\/wp-json\/wp\/v2\/pages\/22558","targetHints":{"allow":["GET"]}}],"collection":[{"href":"https:\/\/wp.ufpel.edu.br\/progep\/wp-json\/wp\/v2\/pages"}],"about":[{"href":"https:\/\/wp.ufpel.edu.br\/progep\/wp-json\/wp\/v2\/types\/page"}],"author":[{"embeddable":true,"href":"https:\/\/wp.ufpel.edu.br\/progep\/wp-json\/wp\/v2\/users\/21"}],"replies":[{"embeddable":true,"href":"https:\/\/wp.ufpel.edu.br\/progep\/wp-json\/wp\/v2\/comments?post=22558"}],"version-history":[{"count":15,"href":"https:\/\/wp.ufpel.edu.br\/progep\/wp-json\/wp\/v2\/pages\/22558\/revisions"}],"predecessor-version":[{"id":34071,"href":"https:\/\/wp.ufpel.edu.br\/progep\/wp-json\/wp\/v2\/pages\/22558\/revisions\/34071"}],"wp:attachment":[{"href":"https:\/\/wp.ufpel.edu.br\/progep\/wp-json\/wp\/v2\/media?parent=22558"}],"curies":[{"name":"wp","href":"https:\/\/api.w.org\/{rel}","templated":true}]}}