{"id":22504,"date":"2023-03-09T11:08:52","date_gmt":"2023-03-09T14:08:52","guid":{"rendered":"https:\/\/wp.ufpel.edu.br\/progep\/?page_id=22504"},"modified":"2025-06-30T14:31:42","modified_gmt":"2025-06-30T17:31:42","slug":"capacita-na-web-obesidade-re-pense","status":"publish","type":"page","link":"https:\/\/wp.ufpel.edu.br\/progep\/capacita-na-web-obesidade-re-pense\/","title":{"rendered":"Capacita\u00e7\u00e3o: Capacita na Web \u2013 Obesidade: re-pense!"},"content":{"rendered":"<p><strong>Facilitadora:<\/strong> Prof.\u00aa Anne y Castro Marques (Faculdade de Nutri\u00e7\u00e3o &#8211; FN\/UFPel)<\/p>\n<p><strong>Data:<\/strong> 29\/03\/2023 (quarta-feira)<\/p>\n<p><strong>Hor\u00e1rio: <\/strong>das 14h \u00e0s 16h<\/p>\n<p><strong>Realiza\u00e7\u00e3o:<\/strong>\u00a0plataforma Webconf da UFPel (na modalidade\u00a0<em>online)<\/em><\/p>\n<p><strong>Ementa:<\/strong><br \/>\n\u2022 Obesidade e gordofobia;<br \/>\n\u2022 Diagn\u00f3stico;<br \/>\n\u2022 Tratamento;<br \/>\n\u2022 Orienta\u00e7\u00f5es nutricionais.<\/p>\n<p><strong>P\u00fablico Alvo<\/strong>: Servidores docentes e TAE\u2019s ativos*<\/p>\n<p><strong>Per\u00edodo de inscri\u00e7\u00e3o<\/strong>: 09\/03 a 26\/03\/2022<\/p>\n<p><strong>Divulga\u00e7\u00e3o das inscri\u00e7\u00f5es homologadas<\/strong>: 27\/03**, nesta p\u00e1gina.<\/p>\n<p>*Considerando a Pol\u00edtica Nacional de Desenvolvimento de Pessoas, conforme Decreto n\u00ba 9.991\/19, somente ser\u00e3o certificados os servidores p\u00fablicos pertencentes ao Quadro Efetivo da UFPel.<\/p>\n<p>**Quando homologadas as inscri\u00e7\u00f5es, os selecionados receber\u00e3o e-mail com instru\u00e7\u00f5es de acesso \u00e0 sala de Webconf da UFPel.<\/p>\n<p>&nbsp;<\/p>\n<p><span style=\"color: #ff6600\"><strong><a style=\"color: #ff6600\" href=\"https:\/\/wp.ufpel.edu.br\/progep\/files\/2023\/03\/Homologacao-Capacita-na-Web-Obesidade-re-pense.pdf\">INSCRI\u00c7\u00d5ES HOMOLOGADAS<\/a><\/strong><\/span><\/p>\n<p>&nbsp;<\/p>\n","protected":false},"excerpt":{"rendered":"<p>Facilitadora: Prof.\u00aa Anne y Castro Marques (Faculdade de Nutri\u00e7\u00e3o &#8211; FN\/UFPel) Data: 29\/03\/2023 (quarta-feira) Hor\u00e1rio: das 14h \u00e0s 16h Realiza\u00e7\u00e3o:\u00a0plataforma Webconf da UFPel (na modalidade\u00a0online) Ementa: \u2022 Obesidade e gordofobia; \u2022 Diagn\u00f3stico; \u2022 Tratamento; \u2022 Orienta\u00e7\u00f5es nutricionais. P\u00fablico Alvo: Servidores docentes e TAE\u2019s ativos* Per\u00edodo de inscri\u00e7\u00e3o: 09\/03 a 26\/03\/2022 Divulga\u00e7\u00e3o das inscri\u00e7\u00f5es homologadas: 27\/03**, [&hellip;]<\/p>\n","protected":false},"author":21,"featured_media":0,"parent":0,"menu_order":0,"comment_status":"closed","ping_status":"closed","template":"","meta":{"footnotes":""},"class_list":["post-22504","page","type-page","status-publish","hentry"],"_links":{"self":[{"href":"https:\/\/wp.ufpel.edu.br\/progep\/wp-json\/wp\/v2\/pages\/22504","targetHints":{"allow":["GET"]}}],"collection":[{"href":"https:\/\/wp.ufpel.edu.br\/progep\/wp-json\/wp\/v2\/pages"}],"about":[{"href":"https:\/\/wp.ufpel.edu.br\/progep\/wp-json\/wp\/v2\/types\/page"}],"author":[{"embeddable":true,"href":"https:\/\/wp.ufpel.edu.br\/progep\/wp-json\/wp\/v2\/users\/21"}],"replies":[{"embeddable":true,"href":"https:\/\/wp.ufpel.edu.br\/progep\/wp-json\/wp\/v2\/comments?post=22504"}],"version-history":[{"count":9,"href":"https:\/\/wp.ufpel.edu.br\/progep\/wp-json\/wp\/v2\/pages\/22504\/revisions"}],"predecessor-version":[{"id":34069,"href":"https:\/\/wp.ufpel.edu.br\/progep\/wp-json\/wp\/v2\/pages\/22504\/revisions\/34069"}],"wp:attachment":[{"href":"https:\/\/wp.ufpel.edu.br\/progep\/wp-json\/wp\/v2\/media?parent=22504"}],"curies":[{"name":"wp","href":"https:\/\/api.w.org\/{rel}","templated":true}]}}