{"id":22484,"date":"2023-03-01T17:07:45","date_gmt":"2023-03-01T20:07:45","guid":{"rendered":"https:\/\/wp.ufpel.edu.br\/progep\/?page_id=22484"},"modified":"2025-06-30T14:31:35","modified_gmt":"2025-06-30T17:31:35","slug":"capacita-na-web-produtividade-e-gestao-do-tempo","status":"publish","type":"page","link":"https:\/\/wp.ufpel.edu.br\/progep\/capacita-na-web-produtividade-e-gestao-do-tempo\/","title":{"rendered":"Capacita\u00e7\u00e3o: Capacita na Web &#8211; Produtividade e Gest\u00e3o do Tempo"},"content":{"rendered":"<p><strong>Facilitadora:<\/strong> Ana Paula Lemos Centeno (Docente da UFPEL)<\/p>\n<p><strong>Data:<\/strong> 15\/03\/2023 (quarta-feira)<\/p>\n<p><strong>Hor\u00e1rio: <\/strong>14h \u00e0s 16h<\/p>\n<p><strong>Realiza\u00e7\u00e3o:<\/strong>\u00a0plataforma Webconf da UFPel (na modalidade\u00a0<em>online)<\/em><\/p>\n<p><strong>Ementa:<\/strong> Produtividade e Gest\u00e3o do Tempo: conceitos, contextos, elementos e ferramentas.<\/p>\n<p><strong>P\u00fablico Alvo<\/strong>: Servidores docentes e TAE\u2019s ativos*<\/p>\n<p><strong>Per\u00edodo de inscri\u00e7\u00e3o<\/strong>: 01\/03 a 12\/03\/2023<\/p>\n<p><strong>Divulga\u00e7\u00e3o das inscri\u00e7\u00f5es homologadas<\/strong>: 13\/03**, nesta p\u00e1gina.<\/p>\n<p>*Considerando a Pol\u00edtica Nacional de Desenvolvimento de Pessoas, conforme Decreto n\u00ba 9.991\/19, somente ser\u00e3o certificados os servidores p\u00fablicos pertencentes ao Quadro Efetivo da UFPel.<\/p>\n<p>**Quando homologadas as inscri\u00e7\u00f5es, os selecionados receber\u00e3o e-mail com instru\u00e7\u00f5es de acesso \u00e0 sala de Webconf da UFPel.<\/p>\n<p><span style=\"color: #ff6600\"><strong><a style=\"color: #ff6600\" href=\"https:\/\/wp.ufpel.edu.br\/progep\/files\/2023\/03\/Homologacao-Capacita-na-Web-Produtividade-e-Gestao-do-Tempo.pdf\" target=\"_blank\" rel=\"noopener\">INSCRI\u00c7\u00d5ES HOMOLOGADAS<\/a><\/strong><\/span><\/p>\n<p>&nbsp;<\/p>\n","protected":false},"excerpt":{"rendered":"<p>Facilitadora: Ana Paula Lemos Centeno (Docente da UFPEL) Data: 15\/03\/2023 (quarta-feira) Hor\u00e1rio: 14h \u00e0s 16h Realiza\u00e7\u00e3o:\u00a0plataforma Webconf da UFPel (na modalidade\u00a0online) Ementa: Produtividade e Gest\u00e3o do Tempo: conceitos, contextos, elementos e ferramentas. P\u00fablico Alvo: Servidores docentes e TAE\u2019s ativos* Per\u00edodo de inscri\u00e7\u00e3o: 01\/03 a 12\/03\/2023 Divulga\u00e7\u00e3o das inscri\u00e7\u00f5es homologadas: 13\/03**, nesta p\u00e1gina. *Considerando a Pol\u00edtica [&hellip;]<\/p>\n","protected":false},"author":21,"featured_media":0,"parent":0,"menu_order":0,"comment_status":"closed","ping_status":"closed","template":"","meta":{"footnotes":""},"class_list":["post-22484","page","type-page","status-publish","hentry"],"_links":{"self":[{"href":"https:\/\/wp.ufpel.edu.br\/progep\/wp-json\/wp\/v2\/pages\/22484","targetHints":{"allow":["GET"]}}],"collection":[{"href":"https:\/\/wp.ufpel.edu.br\/progep\/wp-json\/wp\/v2\/pages"}],"about":[{"href":"https:\/\/wp.ufpel.edu.br\/progep\/wp-json\/wp\/v2\/types\/page"}],"author":[{"embeddable":true,"href":"https:\/\/wp.ufpel.edu.br\/progep\/wp-json\/wp\/v2\/users\/21"}],"replies":[{"embeddable":true,"href":"https:\/\/wp.ufpel.edu.br\/progep\/wp-json\/wp\/v2\/comments?post=22484"}],"version-history":[{"count":8,"href":"https:\/\/wp.ufpel.edu.br\/progep\/wp-json\/wp\/v2\/pages\/22484\/revisions"}],"predecessor-version":[{"id":34067,"href":"https:\/\/wp.ufpel.edu.br\/progep\/wp-json\/wp\/v2\/pages\/22484\/revisions\/34067"}],"wp:attachment":[{"href":"https:\/\/wp.ufpel.edu.br\/progep\/wp-json\/wp\/v2\/media?parent=22484"}],"curies":[{"name":"wp","href":"https:\/\/api.w.org\/{rel}","templated":true}]}}