{"id":22436,"date":"2023-02-28T16:31:50","date_gmt":"2023-02-28T19:31:50","guid":{"rendered":"https:\/\/wp.ufpel.edu.br\/progep\/?page_id=22436"},"modified":"2025-06-30T14:31:06","modified_gmt":"2025-06-30T17:31:06","slug":"capacita-na-web-transtorno-do-espectro-autista-abordagens-e-reflexoes","status":"publish","type":"page","link":"https:\/\/wp.ufpel.edu.br\/progep\/capacita-na-web-transtorno-do-espectro-autista-abordagens-e-reflexoes\/","title":{"rendered":"Capacita\u00e7\u00e3o: Capacita na Web &#8211; Transtorno do Espectro Autista: abordagens e reflex\u00f5es"},"content":{"rendered":"<p><strong>Facilitadora: <\/strong>Rita de C\u00e1ssia Morem C\u00f3ssio Rodriguez (Docente da UFPel)<\/p>\n<p><strong>Data: <\/strong>30\/03\/2023 (quinta-feira)<\/p>\n<p><strong>Hor\u00e1rio: <\/strong>das 09h \u00e0s 11h<\/p>\n<p><strong>Realiza\u00e7\u00e3o:<\/strong>\u00a0plataforma Webconf da UFPel (na modalidade\u00a0<em>on-line)<\/em><\/p>\n<p><strong>Ementa:<br \/>\n<\/strong>Possibilitar conhecimentos gerais sobre transtorno do espectro autista (TEA) e caminhos para a inclus\u00e3o.<\/p>\n<p><strong>P\u00fablico Alvo<\/strong>: Servidores docentes e TAE\u2019s ativos*<\/p>\n<p><strong>Per\u00edodo de inscri\u00e7\u00e3o<\/strong>: 28\/02 a 27\/03\/2023<\/p>\n<p><strong>Divulga\u00e7\u00e3o das inscri\u00e7\u00f5es homologadas<\/strong>: 28\/03**, nesta p\u00e1gina.<\/p>\n<p>*Considerando a Pol\u00edtica Nacional de Desenvolvimento de Pessoas, conforme Decreto n\u00ba 9.991\/19, somente ser\u00e3o certificados os servidores p\u00fablicos pertencentes ao Quadro Efetivo da UFPel.<\/p>\n<p>**Quando homologadas as inscri\u00e7\u00f5es, os selecionados receber\u00e3o e-mail com instru\u00e7\u00f5es de acesso \u00e0 sala de Webconf da UFPel.<\/p>\n<p><span style=\"color: #ff6600\"><strong><a style=\"color: #ff6600\" href=\"https:\/\/wp.ufpel.edu.br\/progep\/files\/2023\/03\/Homologados-Capacita-na-Web-Transtorno-do-Espectro-Autista-abordagens-e-reflexoes.pdf\" target=\"_blank\" rel=\"noopener\">INSCRI\u00c7\u00d5ES HOMOLOGADAS<\/a><\/strong><\/span><\/p>\n","protected":false},"excerpt":{"rendered":"<p>Facilitadora: Rita de C\u00e1ssia Morem C\u00f3ssio Rodriguez (Docente da UFPel) Data: 30\/03\/2023 (quinta-feira) Hor\u00e1rio: das 09h \u00e0s 11h Realiza\u00e7\u00e3o:\u00a0plataforma Webconf da UFPel (na modalidade\u00a0on-line) Ementa: Possibilitar conhecimentos gerais sobre transtorno do espectro autista (TEA) e caminhos para a inclus\u00e3o. P\u00fablico Alvo: Servidores docentes e TAE\u2019s ativos* Per\u00edodo de inscri\u00e7\u00e3o: 28\/02 a 27\/03\/2023 Divulga\u00e7\u00e3o das inscri\u00e7\u00f5es [&hellip;]<\/p>\n","protected":false},"author":21,"featured_media":0,"parent":0,"menu_order":0,"comment_status":"closed","ping_status":"closed","template":"","meta":{"footnotes":""},"class_list":["post-22436","page","type-page","status-publish","hentry"],"_links":{"self":[{"href":"https:\/\/wp.ufpel.edu.br\/progep\/wp-json\/wp\/v2\/pages\/22436","targetHints":{"allow":["GET"]}}],"collection":[{"href":"https:\/\/wp.ufpel.edu.br\/progep\/wp-json\/wp\/v2\/pages"}],"about":[{"href":"https:\/\/wp.ufpel.edu.br\/progep\/wp-json\/wp\/v2\/types\/page"}],"author":[{"embeddable":true,"href":"https:\/\/wp.ufpel.edu.br\/progep\/wp-json\/wp\/v2\/users\/21"}],"replies":[{"embeddable":true,"href":"https:\/\/wp.ufpel.edu.br\/progep\/wp-json\/wp\/v2\/comments?post=22436"}],"version-history":[{"count":8,"href":"https:\/\/wp.ufpel.edu.br\/progep\/wp-json\/wp\/v2\/pages\/22436\/revisions"}],"predecessor-version":[{"id":34064,"href":"https:\/\/wp.ufpel.edu.br\/progep\/wp-json\/wp\/v2\/pages\/22436\/revisions\/34064"}],"wp:attachment":[{"href":"https:\/\/wp.ufpel.edu.br\/progep\/wp-json\/wp\/v2\/media?parent=22436"}],"curies":[{"name":"wp","href":"https:\/\/api.w.org\/{rel}","templated":true}]}}