{"id":22426,"date":"2023-02-28T16:26:24","date_gmt":"2023-02-28T19:26:24","guid":{"rendered":"https:\/\/wp.ufpel.edu.br\/progep\/?page_id=22426"},"modified":"2025-06-30T14:30:59","modified_gmt":"2025-06-30T17:30:59","slug":"capacita-programa-de-educacao-para-aposentadoria-dos-das-servidores-as-da-ufpel-evoluidade-2023","status":"publish","type":"page","link":"https:\/\/wp.ufpel.edu.br\/progep\/capacita-programa-de-educacao-para-aposentadoria-dos-das-servidores-as-da-ufpel-evoluidade-2023\/","title":{"rendered":"Capacita\u00e7\u00e3o: Programa de Educa\u00e7\u00e3o para Aposentadoria dos\/das servidores\/as da UFPel Evoluidade 2023"},"content":{"rendered":"<p><strong>Ministrantes\/Facilitadora:<\/strong> Maria Helena Concei\u00e7\u00e3o Silveira (Psic\u00f3loga da Coordena\u00e7\u00e3o de Sa\u00fade e Qualidade de Vida &#8211; CSQV\/PROGEP &#8211; UFPel)<strong><br \/>\n<\/strong><\/p>\n<p><b>Modalidade: <\/b>Presencial<\/p>\n<p><strong>&gt; <span style=\"text-decoration: underline\">Turma A<\/span> &#8211; Ter\u00e7a-feira (Manh\u00e3): <\/strong>sala 427, 4\u00ba andar &#8211; Campus Anglo<\/p>\n<p><strong>&gt; <span style=\"text-decoration: underline\">Turma B<\/span> &#8211; Quarta-feira (Tarde): <\/strong><del>sala 101, Campus das Ci\u00eancias Humanas e Sociais (CCHS) &#8211; Rua Cel. Alberto Rosa, 154\u00a0<\/del><br \/>\n<span style=\"color: #ff0000\">&#8211;\u00a0 A partir do dia <span style=\"text-decoration: underline\"><strong>05 de abril<\/strong><\/span>\u00a0as atividades da <strong>Turma B (tarde)<\/strong> ser\u00e3o realizadas em novo local: <strong>Sala de Reuni\u00f5es da Secretaria dos Conselhos Superiores<\/strong>, no 4\u00ba andar (pr\u00f3ximo \u00e0 Reitoria) no campus Anglo.<\/span><\/p>\n<p><strong>Per\u00edodo<\/strong>:<br \/>\n<strong>\u00a0\u00bb Turma A &#8211; Ter\u00e7a-feira (Manh\u00e3): <\/strong>de 14\/03 a 23\/05\/2023<br \/>\n<strong>\u00a0\u00bb Turma B &#8211; Quarta-feira (Tarde): <\/strong>de 15\/03 a 24\/05\/2023<\/p>\n<p><strong>Carga hor\u00e1ria: <\/strong>44 horas<\/p>\n<p><strong>S\u00famula<\/strong>:<\/p>\n<ul>\n<li>Identidade, Trabalho e Aposentadoria;<\/li>\n<li>\u00c1reas da Vida e Mudan\u00e7a de Comportamento;<\/li>\n<li>Relacionamento Social, Familiar e Afetivo na Aposentadoria;<\/li>\n<li>Cuidando do Lazer;<\/li>\n<li>Envelhecimento ativo;<\/li>\n<li>Atividade f\u00edsica;<\/li>\n<li>Cuidando da alimenta\u00e7\u00e3o;<\/li>\n<li>Cuidados com a Sa\u00fade F\u00edsica e Emocional;<\/li>\n<li>Espiritualidade, Promo\u00e7\u00e3o de Sa\u00fade e Aposentadoria;<\/li>\n<li>Sempre \u00e9 tempo de empreender;<\/li>\n<li>Educa\u00e7\u00e3o Financeira;<\/li>\n<li>Etapas de adapta\u00e7\u00e3o \u00e0 aposentadoria;<\/li>\n<li>Projeto de Vida;<\/li>\n<li>Fechando Ciclos\/ Encerramento.<\/li>\n<\/ul>\n<p style=\"text-align: justify\"><b><strong>Avalia\u00e7\u00e3o: <\/strong><\/b>Frequ\u00eancia m\u00ednima de 75% e aproveitamento mensurado conforme crit\u00e9rios definidos pelo(s) ministrante(s).<\/p>\n<p class=\"v1MsoNormal\"><strong>P\u00fablico Alvo<\/strong>: Servidores docentes e TAE\u2019s ativos*<\/p>\n<p><strong>N\u00famero de vagas:<\/strong> 20 vagas por turma (crit\u00e9rios em ordem de prioridade)**<br \/>\n&#8211; Maior tempo de servi\u00e7o p\u00fablico;<br \/>\n&#8211; Maior tempo de trabalho na UFPel;<br \/>\n&#8211; Maior idade.<\/p>\n<p><strong>Per\u00edodo de inscri\u00e7\u00e3o<\/strong>: <strong>Turma A &#8211;<\/strong> 28\/02 a 09\/03\/2023 e <strong>Turma B &#8211;<\/strong> 28\/02 a 12\/03\/2023<\/p>\n<p><strong>Divulga\u00e7\u00e3o das inscri\u00e7\u00f5es homologadas<\/strong>: Turma A &#8211; 10\/03\/2023 e Turma B &#8211; 13\/03\/2023***, nesta p\u00e1gina.<\/p>\n<p>*Considerando a Pol\u00edtica Nacional de Desenvolvimento de Pessoas, conforme Decreto n\u00ba 9.991\/19, somente ser\u00e3o certificados os servidores p\u00fablicos pertencentes ao Quadro Efetivo da UFPel.<\/p>\n<p>**Vagas destinadas \u00e0 servidores pertencentes ao Quadro Efetivo da UFPel, preferencialmente.<\/p>\n<p>***Quando homologadas as inscri\u00e7\u00f5es, os selecionados receber\u00e3o e-mail com informa\u00e7\u00f5es a respeito do local de realiza\u00e7\u00e3o da capacita\u00e7\u00e3o.<\/p>\n<p>&nbsp;<\/p>\n<p><span style=\"color: #0000ff\"><strong><a style=\"color: #0000ff\" href=\"https:\/\/wp.ufpel.edu.br\/progep\/files\/2023\/03\/Homologacao-EVOLUIDADE-2023-TURMA-A_Local_retificado.pdf\" target=\"_blank\" rel=\"noopener\">INSCRI\u00c7\u00d5ES HOMOLOGADAS &#8211; TURMA A<\/a><\/strong><\/span><\/p>\n<p><span style=\"color: #ff6600\"><strong><a style=\"color: #ff6600\" href=\"https:\/\/wp.ufpel.edu.br\/progep\/files\/2023\/04\/Homologacao-EVOLUIDADE-2023-TURMA-B_Local_retificado__2.pdf\" target=\"_blank\" rel=\"noopener\">INSCRI\u00c7\u00d5ES HOMOLOGADAS \u2013 TURMA B (com local de realiza\u00e7\u00e3o retificado)<\/a><\/strong><\/span><\/p>\n","protected":false},"excerpt":{"rendered":"<p>Ministrantes\/Facilitadora: Maria Helena Concei\u00e7\u00e3o Silveira (Psic\u00f3loga da Coordena\u00e7\u00e3o de Sa\u00fade e Qualidade de Vida &#8211; CSQV\/PROGEP &#8211; UFPel) Modalidade: Presencial &gt; Turma A &#8211; Ter\u00e7a-feira (Manh\u00e3): sala 427, 4\u00ba andar &#8211; Campus Anglo &gt; Turma B &#8211; Quarta-feira (Tarde): sala 101, Campus das Ci\u00eancias Humanas e Sociais (CCHS) &#8211; Rua Cel. Alberto Rosa, 154\u00a0 &#8211;\u00a0 [&hellip;]<\/p>\n","protected":false},"author":21,"featured_media":0,"parent":0,"menu_order":0,"comment_status":"closed","ping_status":"closed","template":"","meta":{"footnotes":""},"class_list":["post-22426","page","type-page","status-publish","hentry"],"_links":{"self":[{"href":"https:\/\/wp.ufpel.edu.br\/progep\/wp-json\/wp\/v2\/pages\/22426","targetHints":{"allow":["GET"]}}],"collection":[{"href":"https:\/\/wp.ufpel.edu.br\/progep\/wp-json\/wp\/v2\/pages"}],"about":[{"href":"https:\/\/wp.ufpel.edu.br\/progep\/wp-json\/wp\/v2\/types\/page"}],"author":[{"embeddable":true,"href":"https:\/\/wp.ufpel.edu.br\/progep\/wp-json\/wp\/v2\/users\/21"}],"replies":[{"embeddable":true,"href":"https:\/\/wp.ufpel.edu.br\/progep\/wp-json\/wp\/v2\/comments?post=22426"}],"version-history":[{"count":30,"href":"https:\/\/wp.ufpel.edu.br\/progep\/wp-json\/wp\/v2\/pages\/22426\/revisions"}],"predecessor-version":[{"id":34063,"href":"https:\/\/wp.ufpel.edu.br\/progep\/wp-json\/wp\/v2\/pages\/22426\/revisions\/34063"}],"wp:attachment":[{"href":"https:\/\/wp.ufpel.edu.br\/progep\/wp-json\/wp\/v2\/media?parent=22426"}],"curies":[{"name":"wp","href":"https:\/\/api.w.org\/{rel}","templated":true}]}}