{"id":22391,"date":"2023-02-15T14:26:22","date_gmt":"2023-02-15T17:26:22","guid":{"rendered":"https:\/\/wp.ufpel.edu.br\/progep\/?page_id=22391"},"modified":"2025-06-30T14:29:42","modified_gmt":"2025-06-30T17:29:42","slug":"roda-de-conversa-reflexoes-gerais-sobre-o-uso-e-abuso-de-substancias-psicoativas","status":"publish","type":"page","link":"https:\/\/wp.ufpel.edu.br\/progep\/roda-de-conversa-reflexoes-gerais-sobre-o-uso-e-abuso-de-substancias-psicoativas\/","title":{"rendered":"Capacita\u00e7\u00e3o: Roda de Conversa \u2013 Reflex\u00f5es gerais sobre o uso e abuso de subst\u00e2ncias psicoativas."},"content":{"rendered":"<p><strong>Facilitadoras:<\/strong><br \/>\n\u2022 Michele Mandagar\u00e1 de Oliveira (Doutora em Enfermagem em Sa\u00fade P\u00fablica e Docente da Faculdade de Enfermagem\/UFPel);<br \/>\n\u2022 Eliana K\u00f6hler Kr\u00f6ning (Mestra em Educa\u00e7\u00e3o F\u00edsica e servidora T\u00e9c. Administrativa da PROGEP\/UFPel).<\/p>\n<p><strong>Data:<\/strong> 28\/02\/2023 (ter\u00e7a-feira)<\/p>\n<p><strong>Hor\u00e1rio: <\/strong>das 10h \u00e0s 11h30min<\/p>\n<p><strong>Realiza\u00e7\u00e3o:<\/strong> Sala 440, 4\u00aa andar \u2013 Campus Anglo da UFPel<\/p>\n<p><strong>Ementa:<\/strong><br \/>\n\u2022 Pol\u00edticas p\u00fablicas sobre \u00e1lcool e outras drogas;<br \/>\n\u2022 Desafios, redu\u00e7\u00e3o de danos e servi\u00e7os;<br \/>\n\u2022 T\u00e9cnicas de controle de ansiedade.<\/p>\n<p><strong>P\u00fablico Alvo<\/strong>: Servidores docentes e TAE\u2019s ativos*<\/p>\n<p><strong>Vagas<\/strong>:\u00a0<span style=\"color: #ff0000\"><strong>25 vagas<\/strong><\/span>, por ordem de inscri\u00e7\u00e3o.<\/p>\n<p><strong>Per\u00edodo de inscri\u00e7\u00e3o<\/strong>: 15\/02 a 26\/02\/2023<\/p>\n<p><strong>Divulga\u00e7\u00e3o das inscri\u00e7\u00f5es homologadas<\/strong>: 27\/02\/2023**, nesta p\u00e1gina.<\/p>\n<p>*Considerando a Pol\u00edtica Nacional de Desenvolvimento de Pessoas, conforme Decreto n\u00ba 9.991\/19, somente ser\u00e3o certificados os servidores p\u00fablicos pertencentes ao Quadro Efetivo da UFPel.<\/p>\n<p>**Quando homologadas as inscri\u00e7\u00f5es, os selecionados receber\u00e3o e-mail de confirma\u00e7\u00e3o.<\/p>\n<p><strong><span style=\"color: #ff6600\"><a style=\"color: #ff6600\" href=\"https:\/\/wp.ufpel.edu.br\/progep\/files\/2023\/02\/Homologacao-Roda-de-Conversa-Reflexoes-gerais-sobre-o-uso-e-abuso-de-substancias-psicoativas-28-02-2023.pdf\" target=\"_blank\" rel=\"noopener\">INSCRI\u00c7\u00d5ES HOMOLOGADAS<\/a><\/span><\/strong><\/p>\n","protected":false},"excerpt":{"rendered":"<p>Facilitadoras: \u2022 Michele Mandagar\u00e1 de Oliveira (Doutora em Enfermagem em Sa\u00fade P\u00fablica e Docente da Faculdade de Enfermagem\/UFPel); \u2022 Eliana K\u00f6hler Kr\u00f6ning (Mestra em Educa\u00e7\u00e3o F\u00edsica e servidora T\u00e9c. Administrativa da PROGEP\/UFPel). Data: 28\/02\/2023 (ter\u00e7a-feira) Hor\u00e1rio: das 10h \u00e0s 11h30min Realiza\u00e7\u00e3o: Sala 440, 4\u00aa andar \u2013 Campus Anglo da UFPel Ementa: \u2022 Pol\u00edticas p\u00fablicas sobre [&hellip;]<\/p>\n","protected":false},"author":21,"featured_media":0,"parent":0,"menu_order":0,"comment_status":"closed","ping_status":"closed","template":"","meta":{"footnotes":""},"class_list":["post-22391","page","type-page","status-publish","hentry"],"_links":{"self":[{"href":"https:\/\/wp.ufpel.edu.br\/progep\/wp-json\/wp\/v2\/pages\/22391","targetHints":{"allow":["GET"]}}],"collection":[{"href":"https:\/\/wp.ufpel.edu.br\/progep\/wp-json\/wp\/v2\/pages"}],"about":[{"href":"https:\/\/wp.ufpel.edu.br\/progep\/wp-json\/wp\/v2\/types\/page"}],"author":[{"embeddable":true,"href":"https:\/\/wp.ufpel.edu.br\/progep\/wp-json\/wp\/v2\/users\/21"}],"replies":[{"embeddable":true,"href":"https:\/\/wp.ufpel.edu.br\/progep\/wp-json\/wp\/v2\/comments?post=22391"}],"version-history":[{"count":6,"href":"https:\/\/wp.ufpel.edu.br\/progep\/wp-json\/wp\/v2\/pages\/22391\/revisions"}],"predecessor-version":[{"id":34062,"href":"https:\/\/wp.ufpel.edu.br\/progep\/wp-json\/wp\/v2\/pages\/22391\/revisions\/34062"}],"wp:attachment":[{"href":"https:\/\/wp.ufpel.edu.br\/progep\/wp-json\/wp\/v2\/media?parent=22391"}],"curies":[{"name":"wp","href":"https:\/\/api.w.org\/{rel}","templated":true}]}}