{"id":22375,"date":"2023-02-09T11:13:59","date_gmt":"2023-02-09T14:13:59","guid":{"rendered":"https:\/\/wp.ufpel.edu.br\/progep\/?page_id=22375"},"modified":"2025-07-04T15:43:03","modified_gmt":"2025-07-04T18:43:03","slug":"nomeacoes-edital-19-2022","status":"publish","type":"page","link":"https:\/\/wp.ufpel.edu.br\/progep\/nomeacoes-edital-19-2022\/","title":{"rendered":"Nomea\u00e7\u00f5es &#8211; Edital 19\/2022"},"content":{"rendered":"\n<div class=\"wp-block-group\"><div class=\"wp-block-group__inner-container is-layout-constrained wp-block-group-is-layout-constrained\">\n<div class=\"logoTituloModelStyle\"><img class=\"size-medium wp-image-27184 alignleft\" src=\"https:\/\/wp.ufpel.edu.br\/progep\/files\/2025\/03\/logo-progep_atualizacao-nome_AZUL.png\" alt=\"\" \/><\/p>\n<div style=\"padding:2rem 0\"><strong>Nomea\u00e7\u00f5es &#8211; Edital 19\/2022<\/strong><\/div>\n<\/div>\n<hr class=\"hrModelStyle\" \/>\n<div class=\"descriptionModelStyle\">Acompanhe nesta p\u00e1gina a publica\u00e7\u00e3o dos\/as nomeados\/as para servidores\/as docentes na UFPEL.<\/div>\n<\/div><\/div>\n\n\n<div class=\"pagNomeacoesStyle\">\n<div class=\"cargosNomeConvStyle\">\n<div class=\"cargosTitleStyle\"> Cargos nesta p\u00e1gina:<\/div>\n<div class=\"tabelasRepoDoc\" style=\"color: black;text-align: center\">\n<span class=\"collapseomatic \" id=\"id69e4dae90a233\"  tabindex=\"0\" title=\"Cargos deste edital\"    >Cargos deste edital<\/span><div id=\"target-id69e4dae90a233\" class=\"collapseomatic_content \"> <\/p>\n<div class=\"cargosStyle\">\n<p>Lingu\u00edstica \u2013 Lingu\u00edstica Aplicada: Lingu\u00edstica e Libras<\/p>\n<p>L\u00edngua Portuguesa: Ensino da L\u00edngua Portuguesa como L1 e como L2 para surdos<\/p>\n<p>Letras \u2013 Literatura Brasileira: Literatura Surda e Libras<\/p>\n<\/div>\n<\/div>\n<\/p><\/div>\n<\/div>\n<p> Confira a p\u00e1gina com as informa\u00e7\u00f5es a respeito do certame: <\/p>\n<p><a href=\"http:\/\/ces.ufpel.edu.br\/conctecadmed0019_2022\/\" target=\"_blank\">Certame do Edital 19\/2022<\/a><\/p>\n<div class=\"titleStyle\"><strong>Ampla Concorr\u00eancia &amp; Cotas PcD<\/strong><\/div>\n\n<table id=\"tablepress-122\" class=\"tablepress tablepress-id-122\">\n<thead>\n<tr class=\"row-1\">\n\t<th class=\"column-1\">Modalidade<\/th><th class=\"column-2\">Unidade\/\u00c1rea\/Processo<\/th><th class=\"column-3\">Classif.<\/th><th class=\"column-4\">Aprovados<\/th><th class=\"column-5\">Situa\u00e7\u00e3o<\/th>\n<\/tr>\n<\/thead>\n<tbody class=\"row-striping row-hover\">\n<tr class=\"row-2\">\n\t<td class=\"column-1\">Ampla Concorr\u00eancia<\/td><td class=\"column-2\"><strong>Centro de Letras e Comunica\u00e7\u00e3o \u2013 CLC<\/strong><br \/>\nLingu\u00edstica \u2013 Lingu\u00edstica Aplicada: Lingu\u00edstica e Libras<\/td><td class=\"column-3\">1\u00ba<\/td><td class=\"column-4\">ANTONIELLE CANTARELLI MARTINS<\/td><td class=\"column-5\">Nomeada em 19\/04\/2023<\/td>\n<\/tr>\n<tr class=\"row-3\">\n\t<td class=\"column-1\">Ampla Concorr\u00eancia<\/td><td class=\"column-2\"><\/td><td class=\"column-3\">2\u00ba<\/td><td class=\"column-4\">LEIDIANI DA SILVA REIS<\/td><td class=\"column-5\"><\/td>\n<\/tr>\n<tr class=\"row-4\">\n\t<td class=\"column-1\">Ampla Concorr\u00eancia<\/td><td class=\"column-2\"><strong>Centro de Letras e Comunica\u00e7\u00e3o \u2013 CLC<\/strong><br \/>\nL\u00edngua Portuguesa: Ensino da L\u00edngua Portuguesa como L1 e como L2 para surdos<\/td><td class=\"column-3\">1\u00ba<\/td><td class=\"column-4\">ROGERS ROCHA<\/td><td class=\"column-5\">Nomeado em 31\/01\/2023<\/td>\n<\/tr>\n<tr class=\"row-5\">\n\t<td class=\"column-1\">Ampla Concorr\u00eancia<\/td><td class=\"column-2\"><strong>Centro de Letras e Comunica\u00e7\u00e3o \u2013 CLC<\/strong><br \/>\nLetras \u2013 Literatura Brasileira: Literatura Surda e Libras<\/td><td class=\"column-3\">1\u00ba<\/td><td class=\"column-4\">BRUNA DA SILVA BRANCO<\/td><td class=\"column-5\">Nomeada em 31\/01\/2023<br \/>\nTornada s\/efeito<\/td>\n<\/tr>\n<tr class=\"row-6\">\n\t<td class=\"column-1\">PcD<\/td><td class=\"column-2\"><strong>Centro de Letras e Comunica\u00e7\u00e3o \u2013 CLC<\/strong><\/td><td class=\"column-3\">1\u00ba<\/td><td class=\"column-4\">BRUNA DA SILVA BRANCO<\/td><td class=\"column-5\"><\/td>\n<\/tr>\n<\/tbody>\n<\/table>\n<!-- #tablepress-122 from cache -->\n<\/div>","protected":false},"excerpt":{"rendered":"<p>Nomea\u00e7\u00f5es &#8211; Edital 19\/2022 Acompanhe nesta p\u00e1gina a publica\u00e7\u00e3o dos\/as nomeados\/as para servidores\/as docentes na UFPEL. Cargos nesta p\u00e1gina: Confira a p\u00e1gina com as informa\u00e7\u00f5es a respeito do certame: Certame do Edital 19\/2022 Ampla Concorr\u00eancia &amp; Cotas PcD<\/p>\n","protected":false},"author":52,"featured_media":0,"parent":0,"menu_order":0,"comment_status":"closed","ping_status":"closed","template":"","meta":{"footnotes":""},"class_list":["post-22375","page","type-page","status-publish","hentry"],"_links":{"self":[{"href":"https:\/\/wp.ufpel.edu.br\/progep\/wp-json\/wp\/v2\/pages\/22375","targetHints":{"allow":["GET"]}}],"collection":[{"href":"https:\/\/wp.ufpel.edu.br\/progep\/wp-json\/wp\/v2\/pages"}],"about":[{"href":"https:\/\/wp.ufpel.edu.br\/progep\/wp-json\/wp\/v2\/types\/page"}],"author":[{"embeddable":true,"href":"https:\/\/wp.ufpel.edu.br\/progep\/wp-json\/wp\/v2\/users\/52"}],"replies":[{"embeddable":true,"href":"https:\/\/wp.ufpel.edu.br\/progep\/wp-json\/wp\/v2\/comments?post=22375"}],"version-history":[{"count":8,"href":"https:\/\/wp.ufpel.edu.br\/progep\/wp-json\/wp\/v2\/pages\/22375\/revisions"}],"predecessor-version":[{"id":34841,"href":"https:\/\/wp.ufpel.edu.br\/progep\/wp-json\/wp\/v2\/pages\/22375\/revisions\/34841"}],"wp:attachment":[{"href":"https:\/\/wp.ufpel.edu.br\/progep\/wp-json\/wp\/v2\/media?parent=22375"}],"curies":[{"name":"wp","href":"https:\/\/api.w.org\/{rel}","templated":true}]}}