{"id":22370,"date":"2023-02-09T11:01:22","date_gmt":"2023-02-09T14:01:22","guid":{"rendered":"https:\/\/wp.ufpel.edu.br\/progep\/?page_id=22370"},"modified":"2025-07-04T15:43:19","modified_gmt":"2025-07-04T18:43:19","slug":"nomeacoes-edital-18-2022","status":"publish","type":"page","link":"https:\/\/wp.ufpel.edu.br\/progep\/nomeacoes-edital-18-2022\/","title":{"rendered":"Nomea\u00e7\u00f5es &#8211; Edital 18\/2022"},"content":{"rendered":"\n<div class=\"wp-block-group\"><div class=\"wp-block-group__inner-container is-layout-constrained wp-block-group-is-layout-constrained\">\n<div class=\"logoTituloModelStyle\"><img class=\"size-medium wp-image-27184 alignleft\" src=\"https:\/\/wp.ufpel.edu.br\/progep\/files\/2025\/03\/logo-progep_atualizacao-nome_AZUL.png\" style=\"padding:0\" alt=\"\" \/><\/p>\n<div style=\"padding:2rem 0\"><strong>Nomea\u00e7\u00f5es &#8211; Edital 18\/2022<\/strong><\/div>\n<\/div>\n<hr class=\"hrModelStyle\" \/>\n<div class=\"descriptionModelStyle\">Acompanhe nesta p\u00e1gina a publica\u00e7\u00e3o dos\/as nomeados\/as para servidores\/as docentes na UFPEL.<\/div>\n<\/div><\/div>\n\n\n<div class=\"pagNomeacoesStyle\">\n<div class=\"cargosNomeConvStyle\">\n<div class=\"cargosTitleStyle\"> Cargos nesta p\u00e1gina:<\/div>\n<div class=\"tabelasRepoDoc\" style=\"color: black;text-align: center\">\n<span class=\"collapseomatic \" id=\"id69e4daf3d7f90\"  tabindex=\"0\" title=\"Cargos deste edital\"    >Cargos deste edital<\/span><div id=\"target-id69e4daf3d7f90\" class=\"collapseomatic_content \"> \n<div class=\"cargosStyle\">\n\n<p>Educa\u00e7\u00e3o Musical<\/p>\n\n\n<p>Artes \u2013 Game Design<\/p>\n\n\n<p>Artes \u2013 Anima\u00e7\u00e3o e Modelagem 2D e 3D<\/p>\n\n\n<p>Interpreta\u00e7\u00e3o Teatral: Pr\u00e1ticas Performativas e Rela\u00e7\u00f5es \u00c9tnico-Raciais<\/p>\n\n\n<p>Lingu\u00edstica<\/p>\n\n\n<p>Engenharia de Computa\u00e7\u00e3o: Medidas El\u00e9tricas, Magn\u00e9ticas e Eletr\u00f4nicas, Instrumenta\u00e7\u00e3o OU Eletr\u00f4nica Industrial, Sistemas e Controles Eletr\u00f4nicos OU Telecomunica\u00e7\u00f5es<\/p>\n\n\n<p>Geod\u00e9sia<\/p>\n\n\n<p>Educa\u00e7\u00e3o Especial<\/p>\n\n\n<p>Fitopatologia<\/p>\n\n\n<p>Extens\u00e3o Rural ou Sociologia Rural<\/p>\n\n\n<p>Cirurgia<\/p>\n\n\n<p>Pr\u00f3tese Dental<\/p>\n\n\n<p>Museologia<\/p>\n\n\n<p>Probabilidade e Estat\u00edstica<\/p>\n\n\n<p>L\u00edngua Portuguesa: Ensino da L\u00edngua Portuguesa como L1 e como L2 para surdos<\/p>\n\n\n<p>Letras \u2013 Literatura Brasileira: Literatura Surda e Libras<\/p>\n\n<\/div>\n<\/div>\n\n<\/div>\n<\/div>\n<p> Confira a p\u00e1gina com as informa\u00e7\u00f5es a respeito do certame: <\/p>\n<p><a href=\"http:\/\/ces.ufpel.edu.br\/conctecadmed0018_2022\/\" target=\"_blank\">Certame do Edital 18\/2022<\/a><\/p>\n<div class=\"titleStyle\"><strong>Ampla Concorr\u00eancia<\/strong><\/div> \n\n<table id=\"tablepress-123\" class=\"tablepress tablepress-id-123\">\n<thead>\n<tr class=\"row-1\">\n\t<th class=\"column-1\">Unidade\/\u00c1rea\/Processo<\/th><th class=\"column-2\">Classif.<\/th><th class=\"column-3\">Aprovados<\/th><th class=\"column-4\">Situa\u00e7\u00e3o<\/th>\n<\/tr>\n<\/thead>\n<tbody class=\"row-striping row-hover\">\n<tr class=\"row-2\">\n\t<td class=\"column-1\"><strong>Centro de Artes \u2013 CA<\/strong><br \/>\nEduca\u00e7\u00e3o Musical<\/td><td class=\"column-2\">1\u00ba<\/td><td class=\"column-3\">TAMAR GENZ GAULKE<\/td><td class=\"column-4\"><\/td>\n<\/tr>\n<tr class=\"row-3\">\n\t<td class=\"column-1\"><\/td><td class=\"column-2\">2\u00ba<\/td><td class=\"column-3\">FELIPE DA SILVA MARTINS<\/td><td class=\"column-4\">Nomeado nas cotas em 28\/03\/2023<\/td>\n<\/tr>\n<tr class=\"row-4\">\n\t<td class=\"column-1\"><\/td><td class=\"column-2\">3\u00ba<\/td><td class=\"column-3\">CLARICE DE CAMPOS BOURSCHEID<\/td><td class=\"column-4\"><\/td>\n<\/tr>\n<tr class=\"row-5\">\n\t<td class=\"column-1\"><\/td><td class=\"column-2\">4\u00ba<\/td><td class=\"column-3\">PEDRO FERNANDO ACOSTA DA ROSA<\/td><td class=\"column-4\"><\/td>\n<\/tr>\n<tr class=\"row-6\">\n\t<td class=\"column-1\"><strong>Centro de Artes \u2013 CA<\/strong><br \/><br \/>\n<br \/>\nArtes \u2013 Game Design<\/td><td class=\"column-2\">1\u00ba<\/td><td class=\"column-3\">BERNARDO CORTIZO DE AGUIAR<\/td><td class=\"column-4\">Nomeado em 31\/01\/2023<\/td>\n<\/tr>\n<tr class=\"row-7\">\n\t<td class=\"column-1\"><\/td><td class=\"column-2\">2\u00ba<\/td><td class=\"column-3\">GUILHERME PAROLIN<\/td><td class=\"column-4\"><\/td>\n<\/tr>\n<tr class=\"row-8\">\n\t<td class=\"column-1\"><\/td><td class=\"column-2\">3\u00ba<\/td><td class=\"column-3\">WAGNER VALENTE DOS PASSOS<\/td><td class=\"column-4\"><\/td>\n<\/tr>\n<tr class=\"row-9\">\n\t<td class=\"column-1\"><\/td><td class=\"column-2\">4\u00ba<\/td><td class=\"column-3\">JOS\u00c9 OXLEI DE SOUZA ORTIZ<\/td><td class=\"column-4\"><\/td>\n<\/tr>\n<tr class=\"row-10\">\n\t<td class=\"column-1\"><strong>Centro de Artes \u2013 CA<\/strong><br \/>\n<br \/>\nArtes \u2013 Anima\u00e7\u00e3o e Modelagem 2D e 3D<\/td><td class=\"column-2\">1\u00ba<\/td><td class=\"column-3\">DAVI FREDERICO DO AMARAL DENARDI<\/td><td class=\"column-4\">Nomeado em 31\/01\/2023<\/td>\n<\/tr>\n<tr class=\"row-11\">\n\t<td class=\"column-1\"><\/td><td class=\"column-2\">2\u00ba<\/td><td class=\"column-3\">CRISTIANO FLORES DOS SANTOS<\/td><td class=\"column-4\"><\/td>\n<\/tr>\n<tr class=\"row-12\">\n\t<td class=\"column-1\"><strong>Centro de Artes \u2013 CA<\/strong><br \/>\nInterpreta\u00e7\u00e3o Teatral: Pr\u00e1ticas Performativas e Rela\u00e7\u00f5es \u00c9tnico-Raciais<\/td><td class=\"column-2\">1\u00ba<\/td><td class=\"column-3\">DANIEL DOS SANTOS COLIN<\/td><td class=\"column-4\">Nomeado em 25\/06\/2025<\/td>\n<\/tr>\n<tr class=\"row-13\">\n\t<td class=\"column-1\"><\/td><td class=\"column-2\">2\u00ba<\/td><td class=\"column-3\">THIAGO PIRAJIRA CONCEI\u00c7\u00c3O<\/td><td class=\"column-4\">Nomeado nas cotas em 28\/03\/2023<\/td>\n<\/tr>\n<tr class=\"row-14\">\n\t<td class=\"column-1\"><\/td><td class=\"column-2\">3\u00ba<\/td><td class=\"column-3\">JENNIFER JACOMINI DE JESUS<\/td><td class=\"column-4\"><\/td>\n<\/tr>\n<tr class=\"row-15\">\n\t<td class=\"column-1\"><\/td><td class=\"column-2\">4\u00ba<\/td><td class=\"column-3\">JEFERSON DE OLIVEIRA CABRAL<\/td><td class=\"column-4\"><\/td>\n<\/tr>\n<tr class=\"row-16\">\n\t<td class=\"column-1\"><strong>Centro de Letras e Comunica\u00e7\u00e3o \u2013 CLC<\/strong><br \/>\nLingu\u00edstica<\/td><td class=\"column-2\">1\u00ba<\/td><td class=\"column-3\">JAEL SANERA SIGALES GON\u00c7ALVES<\/td><td class=\"column-4\">Nomeada em 28\/03\/2023<\/td>\n<\/tr>\n<tr class=\"row-17\">\n\t<td class=\"column-1\"><\/td><td class=\"column-2\">2\u00ba<\/td><td class=\"column-3\">LUCIANE BOTELHO MARTINS<\/td><td class=\"column-4\">Nomeada em 11\/04\/203<\/td>\n<\/tr>\n<tr class=\"row-18\">\n\t<td class=\"column-1\"><\/td><td class=\"column-2\">3\u00ba<\/td><td class=\"column-3\">CLAUDIO PRIMO DELANOY<\/td><td class=\"column-4\"><\/td>\n<\/tr>\n<tr class=\"row-19\">\n\t<td class=\"column-1\"><\/td><td class=\"column-2\">4\u00ba<\/td><td class=\"column-3\">ANE CRISTINA THUROW<\/td><td class=\"column-4\"><\/td>\n<\/tr>\n<tr class=\"row-20\">\n\t<td class=\"column-1\"><\/td><td class=\"column-2\">5\u00ba<\/td><td class=\"column-3\">IVERTON GESSE RIBEIRO GON\u00c7ALVES<\/td><td class=\"column-4\"><\/td>\n<\/tr>\n<tr class=\"row-21\">\n\t<td class=\"column-1\"><strong>Centro de Desenvolvimento Tecnol\u00f3gico \u2013 CDTEC<\/strong><br \/>\nEngenharia de Computa\u00e7\u00e3o: Medidas El\u00e9tricas, <br \/><br \/>\nMagn\u00e9ticas e Eletr\u00f4nicas, Instrumenta\u00e7\u00e3o <br \/><br \/>\nOU Eletr\u00f4nica Industrial, Sistemas <br \/><br \/>\ne Controles Eletr\u00f4nicos <br \/><br \/>\nOU Telecomunica\u00e7\u00f5es<\/td><td class=\"column-2\">1\u00ba<\/td><td class=\"column-3\">BERNARDO BARANCELLI SCHWEDERSKY<\/td><td class=\"column-4\">Nomeado em 03\/02\/2023<\/td>\n<\/tr>\n<tr class=\"row-22\">\n\t<td class=\"column-1\"><strong>Centro de Engenharias \u2013 CENG<\/strong><br \/>\nGeod\u00e9sia<\/td><td class=\"column-2\">1\u00ba<\/td><td class=\"column-3\">MARCIANO CARNEIRO<\/td><td class=\"column-4\">Nomeado em 28\/04\/2023<\/td>\n<\/tr>\n<tr class=\"row-23\">\n\t<td class=\"column-1\"><\/td><td class=\"column-2\">2\u00ba<\/td><td class=\"column-3\">DEIVID ARAUJO MAGANO<\/td><td class=\"column-4\"><\/td>\n<\/tr>\n<tr class=\"row-24\">\n\t<td class=\"column-1\"><\/td><td class=\"column-2\">3\u00ba<\/td><td class=\"column-3\">MARINE JUSIANE BASTOS DA SILVA<\/td><td class=\"column-4\"><\/td>\n<\/tr>\n<tr class=\"row-25\">\n\t<td class=\"column-1\"><\/td><td class=\"column-2\">4\u00ba<\/td><td class=\"column-3\">ROGERIO DALTRO KNUTH<\/td><td class=\"column-4\"><\/td>\n<\/tr>\n<tr class=\"row-26\">\n\t<td class=\"column-1\"><strong>Faculdade de Educa\u00e7\u00e3o \u2013 FaE<\/strong><br \/>\nEduca\u00e7\u00e3o Especial<\/td><td class=\"column-2\">1\u00ba<\/td><td class=\"column-3\">DEISE ANDREIA ENZWEILER<\/td><td class=\"column-4\"><\/td>\n<\/tr>\n<tr class=\"row-27\">\n\t<td class=\"column-1\"><\/td><td class=\"column-2\">2\u00ba<\/td><td class=\"column-3\">CARLA DOS REIS REZER<\/td><td class=\"column-4\"><\/td>\n<\/tr>\n<tr class=\"row-28\">\n\t<td class=\"column-1\"><\/td><td class=\"column-2\">3\u00ba<\/td><td class=\"column-3\">SIBILA LUFT<\/td><td class=\"column-4\"><\/td>\n<\/tr>\n<tr class=\"row-29\">\n\t<td class=\"column-1\"><\/td><td class=\"column-2\">4\u00ba<\/td><td class=\"column-3\">CARLA MARIELLY ROSA<\/td><td class=\"column-4\"><\/td>\n<\/tr>\n<tr class=\"row-30\">\n\t<td class=\"column-1\"><strong>Faculdade de Agronomia Eliseu Maciel \u2013 FAEM<\/strong><br \/>\nFitopatologia<\/td><td class=\"column-2\">1\u00ba<\/td><td class=\"column-3\">JULIO CESAR BARBOSA<\/td><td class=\"column-4\">Nomeado em 31\/01\/2023<\/td>\n<\/tr>\n<tr class=\"row-31\">\n\t<td class=\"column-1\"><\/td><td class=\"column-2\">2\u00ba<\/td><td class=\"column-3\">RENATA MOCCELLIN<\/td><td class=\"column-4\"><\/td>\n<\/tr>\n<tr class=\"row-32\">\n\t<td class=\"column-1\"><\/td><td class=\"column-2\">3\u00ba<\/td><td class=\"column-3\">RAFAELE REGINA MOREIRA<\/td><td class=\"column-4\"><\/td>\n<\/tr>\n<tr class=\"row-33\">\n\t<td class=\"column-1\"><\/td><td class=\"column-2\">4\u00ba<\/td><td class=\"column-3\">WELLINGTON RODRIGUES DA SILVA<\/td><td class=\"column-4\"><\/td>\n<\/tr>\n<tr class=\"row-34\">\n\t<td class=\"column-1\"><strong>Faculdade de Agronomia Eliseu Maciel (FAEM)<\/strong><br \/>\nExtens\u00e3o Rural ou Sociologia Rural<\/td><td class=\"column-2\">1\u00ba<\/td><td class=\"column-3\">CLAUDIO BECKER<\/td><td class=\"column-4\">Nomeado em 28\/03\/2023<\/td>\n<\/tr>\n<tr class=\"row-35\">\n\t<td class=\"column-1\"><\/td><td class=\"column-2\">2\u00ba<\/td><td class=\"column-3\">MARIELEN PRISCILA KAUFMANN<\/td><td class=\"column-4\">Nomeada em 28\/03\/2023<\/td>\n<\/tr>\n<tr class=\"row-36\">\n\t<td class=\"column-1\"><\/td><td class=\"column-2\">3\u00ba<\/td><td class=\"column-3\">VANDERLEI FRANCK THIES<\/td><td class=\"column-4\"><s>Nomeado em 12\/09\/2025 <\/s>- Tornada sem efeito-Solicitou reclassifica\u00e7\u00e3o ao final da fila<\/td>\n<\/tr>\n<tr class=\"row-37\">\n\t<td class=\"column-1\"><\/td><td class=\"column-2\">4\u00ba<\/td><td class=\"column-3\">CASSIANE DA COSTA<\/td><td class=\"column-4\">Nomeada em 15\/09\/2025<\/td>\n<\/tr>\n<tr class=\"row-38\">\n\t<td class=\"column-1\"><\/td><td class=\"column-2\">5\u00ba<\/td><td class=\"column-3\">SILVIO CALGARO NETO<\/td><td class=\"column-4\"><\/td>\n<\/tr>\n<tr class=\"row-39\">\n\t<td class=\"column-1\"><\/td><td class=\"column-2\">6\u00ba<\/td><td class=\"column-3\">ALISSON VICENTE ZARNOTT<\/td><td class=\"column-4\"><\/td>\n<\/tr>\n<tr class=\"row-40\">\n\t<td class=\"column-1\"><\/td><td class=\"column-2\">7\u00ba<\/td><td class=\"column-3\">FERNANDA NOVO DA SILVA<\/td><td class=\"column-4\"><\/td>\n<\/tr>\n<tr class=\"row-41\">\n\t<td class=\"column-1\"><\/td><td class=\"column-2\">8\u00ba<\/td><td class=\"column-3\">GUSTAVO ROVETTA PEREIRA<\/td><td class=\"column-4\"><\/td>\n<\/tr>\n<tr class=\"row-42\">\n\t<td class=\"column-1\"><\/td><td class=\"column-2\">9\u00ba<\/td><td class=\"column-3\">LETICIA PALUDO VARGAS<\/td><td class=\"column-4\"><\/td>\n<\/tr>\n<tr class=\"row-43\">\n\t<td class=\"column-1\"><\/td><td class=\"column-2\">10\u00ba<\/td><td class=\"column-3\">VANDERLEI FRANCK THIES<\/td><td class=\"column-4\"><\/td>\n<\/tr>\n<tr class=\"row-44\">\n\t<td class=\"column-1\"><strong>Faculdade de Medicina \u2013 FAMED<\/strong><br \/>\nCirurgia<\/td><td class=\"column-2\">1\u00ba<\/td><td class=\"column-3\">VICTOR FELIPE DOS SANTOS TEJADA<\/td><td class=\"column-4\">Nomeado em 31\/01\/2023<\/td>\n<\/tr>\n<tr class=\"row-45\">\n\t<td class=\"column-1\"><strong>Faculdade de Odontologia \u2013 FO<\/strong><br \/>\nPr\u00f3tese Dental<\/td><td class=\"column-2\">1\u00ba<\/td><td class=\"column-3\">ANNA PAULA DA ROSA POSSEBON<\/td><td class=\"column-4\">Nomeada em 28\/03\/2023<\/td>\n<\/tr>\n<tr class=\"row-46\">\n\t<td class=\"column-1\"><\/td><td class=\"column-2\">2\u00ba<\/td><td class=\"column-3\">CAMILA DA SILVA RODRIGUES<\/td><td class=\"column-4\"><\/td>\n<\/tr>\n<tr class=\"row-47\">\n\t<td class=\"column-1\"><\/td><td class=\"column-2\">3\u00ba<\/td><td class=\"column-3\">BRUNA MUHLINBERG VETROMILLA<\/td><td class=\"column-4\"><\/td>\n<\/tr>\n<tr class=\"row-48\">\n\t<td class=\"column-1\"><\/td><td class=\"column-2\">4\u00ba<\/td><td class=\"column-3\">AMALIA MACHADO BIELEMANN<\/td><td class=\"column-4\"><\/td>\n<\/tr>\n<tr class=\"row-49\">\n\t<td class=\"column-1\"><\/td><td class=\"column-2\">5\u00ba<\/td><td class=\"column-3\">RENAN VAZ MACHRY<\/td><td class=\"column-4\"><\/td>\n<\/tr>\n<tr class=\"row-50\">\n\t<td class=\"column-1\"><strong>Instituto de Ci\u00eancias Humanas \u2013 ICH<\/strong><br \/>\nMuseologia<\/td><td class=\"column-2\">1\u00ba<\/td><td class=\"column-3\">ANA RAMOS RODRIGUES CASTRO<\/td><td class=\"column-4\"><\/td>\n<\/tr>\n<tr class=\"row-51\">\n\t<td class=\"column-1\"><\/td><td class=\"column-2\">2\u00ba<\/td><td class=\"column-3\">JOSE PAULO SIEFERT BRAHM<\/td><td class=\"column-4\"><\/td>\n<\/tr>\n<tr class=\"row-52\">\n\t<td class=\"column-1\"><\/td><td class=\"column-2\">3\u00ba<\/td><td class=\"column-3\">CARLOS AUGUSTO RIBEIRO JOTTA<\/td><td class=\"column-4\"><\/td>\n<\/tr>\n<tr class=\"row-53\">\n\t<td class=\"column-1\"><strong>Instituto de F\u00edsica e Matem\u00e1tica \u2013 IFM<\/strong><br \/>\nProbabilidade e Estat\u00edstica<\/td><td class=\"column-2\">1\u00ba<\/td><td class=\"column-3\">POLLYANE VIEIRA DA SILVA<\/td><td class=\"column-4\">Nomeada em 28\/03\/2023<\/td>\n<\/tr>\n<tr class=\"row-54\">\n\t<td class=\"column-1\"><\/td><td class=\"column-2\">2\u00ba<\/td><td class=\"column-3\">ANABETH PETRY RADUNZ<\/td><td class=\"column-4\"><\/td>\n<\/tr>\n<tr class=\"row-55\">\n\t<td class=\"column-1\"><\/td><td class=\"column-2\">3\u00ba<\/td><td class=\"column-3\">EDUARDO LUCAS ENSSLIN DOS SANTOS<\/td><td class=\"column-4\"><\/td>\n<\/tr>\n<tr class=\"row-56\">\n\t<td class=\"column-1\"><\/td><td class=\"column-2\">4\u00ba<\/td><td class=\"column-3\">LUAN PORTELLA DA SILVA<\/td><td class=\"column-4\"><\/td>\n<\/tr>\n<\/tbody>\n<\/table>\n<!-- #tablepress-123 from cache -->\n<div class=\"titleStyle\"><strong>Cotas Raciais e PcD<\/strong><\/div>\n\n<table id=\"tablepress-124\" class=\"tablepress tablepress-id-124\">\n<thead>\n<tr class=\"row-1\">\n\t<th class=\"column-1\">Modalidade<\/th><th class=\"column-2\">\u00c1rea<\/th><th class=\"column-3\">Classif.<\/th><th class=\"column-4\">Aprovados<\/th><th class=\"column-5\">Situa\u00e7\u00e3o<\/th>\n<\/tr>\n<\/thead>\n<tbody class=\"row-striping row-hover\">\n<tr class=\"row-2\">\n\t<td class=\"column-1\">Cotas Raciais<\/td><td class=\"column-2\"><strong>Probabilidade e Estat\u00edstica<\/strong><\/td><td class=\"column-3\">1\u00ba<\/td><td class=\"column-4\">POLLYANE VIEIRA DA SILVA<\/td><td class=\"column-5\">Nomeada pela ampla em 28\/03\/2023<\/td>\n<\/tr>\n<tr class=\"row-3\">\n\t<td class=\"column-1\">Cotas Raciais<\/td><td class=\"column-2\"><strong>Educa\u00e7\u00e3o Musical <\/strong><\/td><td class=\"column-3\">2\u00ba<\/td><td class=\"column-4\">FELIPE DA SILVA MARTINS<\/td><td class=\"column-5\">Nomeado em 28\/03\/2023<\/td>\n<\/tr>\n<tr class=\"row-4\">\n\t<td class=\"column-1\">Cotas Raciais<\/td><td class=\"column-2\"><strong>Interpreta\u00e7\u00e3o Teatral: Pr\u00e1ticas Performativas e Rela\u00e7\u00f5es \u00c9tnico-Raciais<\/strong><\/td><td class=\"column-3\">3\u00ba<\/td><td class=\"column-4\">THIAGO PIRAJIRA CONCEI\u00c7\u00c3O<\/td><td class=\"column-5\">Nomeado em 28\/03\/2023<\/td>\n<\/tr>\n<tr class=\"row-5\">\n\t<td class=\"column-1\">Cotas Raciais<\/td><td class=\"column-2\"><strong>Educa\u00e7\u00e3o Especial<\/strong><\/td><td class=\"column-3\">4\u00ba<\/td><td class=\"column-4\">RODRIGO DA SILVA VITAL<\/td><td class=\"column-5\">Nomeado em 28\/03\/2023<\/td>\n<\/tr>\n<tr class=\"row-6\">\n\t<td class=\"column-1\">Cotas Raciais<\/td><td class=\"column-2\"><strong>Geod\u00e9sia<\/strong><\/td><td class=\"column-3\">5\u00ba<\/td><td class=\"column-4\">GEORGE MARINO SOARES GON\u00c7ALVES<\/td><td class=\"column-5\"><\/td>\n<\/tr>\n<tr class=\"row-7\">\n\t<td class=\"column-1\">Cotas PcD<\/td><td class=\"column-2\"><strong>Instituto de Ci\u00eancias Humanas \u2013 ICH<\/strong><br \/>\nMuseologia<\/td><td class=\"column-3\">1\u00ba<\/td><td class=\"column-4\">JOS\u00c9 PAULO SIEFERT BRAHM<\/td><td class=\"column-5\">Nomeado em 19\/04\/2023<\/td>\n<\/tr>\n<\/tbody>\n<\/table>\n<!-- #tablepress-124 from cache -->\n<\/div>\n\n","protected":false},"excerpt":{"rendered":"<p>Nomea\u00e7\u00f5es &#8211; Edital 18\/2022 Acompanhe nesta p\u00e1gina a publica\u00e7\u00e3o dos\/as nomeados\/as para servidores\/as docentes na UFPEL. Cargos nesta p\u00e1gina: Confira a p\u00e1gina com as informa\u00e7\u00f5es a respeito do certame: Certame do Edital 18\/2022 Ampla Concorr\u00eancia Cotas Raciais e PcD<\/p>\n","protected":false},"author":52,"featured_media":0,"parent":0,"menu_order":0,"comment_status":"closed","ping_status":"closed","template":"","meta":{"footnotes":""},"class_list":["post-22370","page","type-page","status-publish","hentry"],"_links":{"self":[{"href":"https:\/\/wp.ufpel.edu.br\/progep\/wp-json\/wp\/v2\/pages\/22370","targetHints":{"allow":["GET"]}}],"collection":[{"href":"https:\/\/wp.ufpel.edu.br\/progep\/wp-json\/wp\/v2\/pages"}],"about":[{"href":"https:\/\/wp.ufpel.edu.br\/progep\/wp-json\/wp\/v2\/types\/page"}],"author":[{"embeddable":true,"href":"https:\/\/wp.ufpel.edu.br\/progep\/wp-json\/wp\/v2\/users\/52"}],"replies":[{"embeddable":true,"href":"https:\/\/wp.ufpel.edu.br\/progep\/wp-json\/wp\/v2\/comments?post=22370"}],"version-history":[{"count":14,"href":"https:\/\/wp.ufpel.edu.br\/progep\/wp-json\/wp\/v2\/pages\/22370\/revisions"}],"predecessor-version":[{"id":34843,"href":"https:\/\/wp.ufpel.edu.br\/progep\/wp-json\/wp\/v2\/pages\/22370\/revisions\/34843"}],"wp:attachment":[{"href":"https:\/\/wp.ufpel.edu.br\/progep\/wp-json\/wp\/v2\/media?parent=22370"}],"curies":[{"name":"wp","href":"https:\/\/api.w.org\/{rel}","templated":true}]}}