{"id":22356,"date":"2023-01-31T21:38:58","date_gmt":"2023-02-01T00:38:58","guid":{"rendered":"https:\/\/wp.ufpel.edu.br\/progep\/?page_id=22356"},"modified":"2025-06-11T09:50:53","modified_gmt":"2025-06-11T12:50:53","slug":"nomeacoes-edital-13-2022","status":"publish","type":"page","link":"https:\/\/wp.ufpel.edu.br\/progep\/nomeacoes-edital-13-2022\/","title":{"rendered":"Nomea\u00e7\u00f5es &#8211; Edital 13\/2022"},"content":{"rendered":"\n<div class=\"wp-block-group\" style=\"padding:0\"><div class=\"wp-block-group__inner-container is-layout-constrained wp-block-group-is-layout-constrained\">\n<div class=\"logoTituloModelStyle\" style=\"padding:0\"><img class=\"size-medium wp-image-27184 alignleft\" src=\"https:\/\/wp.ufpel.edu.br\/progep\/files\/2025\/03\/logo-progep_atualizacao-nome_AZUL.png\" style=\"padding:0\" alt=\"\" \/><\/p>\n<div style=\"padding:2rem 0.3rem\"><strong>Nomea\u00e7\u00f5es &#8211; Edital 13\/2022<\/strong><\/div>\n<\/div>\n<hr class=\"hrModelStyle\" \/>\n<div class=\"descriptionModelStyle\">Acompanhe nesta p\u00e1gina a publica\u00e7\u00e3o dos\/as nomeados\/as para cargos t\u00e9cnicos na UFPEL.<\/div>\n<\/div><\/div>\n\n\n<div class=\"pagNomeacoesStyle\">\n<div class=\"cargosNomeConvStyle\">\n<div class=\"cargosTitleStyle\"> Cargos nesta p\u00e1gina:<\/div>\n<div class=\"cargosStyle\">\n<p>Engenheiro de Seguran\u00e7a do Trabalho<\/p>\n<p>M\u00e9dico\/\u00c1rea: Fisiatria<\/p>\n<p>M\u00e9dico\/\u00c1rea: Ginecologia e Obstetr\u00edcia<\/p>\n<p>M\u00e9dico\/\u00c1rea: Infectologia<\/p>\n<p>M\u00e9dico\/\u00c1rea: Psiquiatria<\/p>\n<p>Nutricionista\/Habilita\u00e7\u00e3o: Alimenta\u00e7\u00e3o Coletiva<\/p>\n<p>Nutricionista\/Habilita\u00e7\u00e3o Cl\u00ednica<\/p>\n<\/div>\n<\/div>\n<p> Confira a p\u00e1gina com as informa\u00e7\u00f5es a respeito do certame: <\/p>\n<a href=\"http:\/\/ces.ufpel.edu.br\/conctecadmed0013_2022\/\" target=\"_blank\">Certame do Edital 13\/2022<\/a>\n<div class=\"titleStyle\"><strong>Ampla Concorr\u00eancia<\/strong><\/div>\n<div class=\"titleStyle\"><strong>Cargo<\/strong>: Engenheiro de Seguran\u00e7a do Trabalho<\/div>\n\n<table id=\"tablepress-61\" class=\"tablepress tablepress-id-61\">\n<thead>\n<tr class=\"row-1\">\n\t<th class=\"column-1\">Posi\u00e7\u00e3o<\/th><th class=\"column-2\">Nome<\/th><th class=\"column-3\">Situa\u00e7\u00e3o<\/th>\n<\/tr>\n<\/thead>\n<tbody class=\"row-striping row-hover\">\n<tr class=\"row-2\">\n\t<td class=\"column-1\">1<\/td><td class=\"column-2\">EDUARDO DOS SANTOS NUNES<\/td><td class=\"column-3\"><s>Nomeado em 26\/04\/2024<\/s><br \/>\nTornado sem efeito<br \/>\nSolicitou reclassifica\u00e7\u00e3o para o  fim da fila<\/td>\n<\/tr>\n<tr class=\"row-3\">\n\t<td class=\"column-1\">2<\/td><td class=\"column-2\">MARIANE COELHO AMARAL<\/td><td class=\"column-3\">Nomeada pelas Cotas PCD em 28\/03\/2023<\/td>\n<\/tr>\n<tr class=\"row-4\">\n\t<td class=\"column-1\">3<\/td><td class=\"column-2\">FLAVIO AIRTON KNUTH<\/td><td class=\"column-3\">Nomeado em 24\/05\/2024<br \/>\nReclassifica\u00e7\u00e3o final da fila DOU:24\/6<\/td>\n<\/tr>\n<tr class=\"row-5\">\n\t<td class=\"column-1\">4<\/td><td class=\"column-2\">EDUARDO DOS SANTOS NUNES<\/td><td class=\"column-3\"><s>Nomeado em 25\/06\/2024<\/s><br \/>\nExonerado no DOU de 1\u00ba\/08\/2024, pois n\u00e3o entrou em exerc\u00edcio no prazo<\/td>\n<\/tr>\n<tr class=\"row-6\">\n\t<td class=\"column-1\">5<\/td><td class=\"column-2\">FLAVIO AIRTON KNUTH<\/td><td class=\"column-3\"><s>Nomeado em 31\/07\/2024<\/s><br \/>\nTornada sem efeito(desistiu) DOU: 19\/08\/2024<\/td>\n<\/tr>\n<\/tbody>\n<\/table>\n<!-- #tablepress-61 from cache -->\n<div class=\"titleStyle\"><strong>Cargo<\/strong>: M\u00e9dico\/\u00c1rea: Fisiatria<\/div>\n\n<table id=\"tablepress-62\" class=\"tablepress tablepress-id-62\">\n<thead>\n<tr class=\"row-1\">\n\t<th class=\"column-1\">Posi\u00e7\u00e3o<\/th><th class=\"column-2\">Nome<\/th><th class=\"column-3\">Situa\u00e7\u00e3o<\/th>\n<\/tr>\n<\/thead>\n<tbody class=\"row-striping row-hover\">\n<tr class=\"row-2\">\n\t<td class=\"column-1\">2<\/td><td class=\"column-2\">RODRIGO MELLO TEIXEIRA<\/td><td class=\"column-3\">Nomeado em 09\/02\/2023<\/td>\n<\/tr>\n<\/tbody>\n<\/table>\n<!-- #tablepress-62 from cache -->\n<div class=\"titleStyle\"><strong>Cargo<\/strong>: M\u00e9dico\/\u00c1rea: Ginecologia e Obstetr\u00edcia<\/div>\n\n<table id=\"tablepress-63\" class=\"tablepress tablepress-id-63\">\n<thead>\n<tr class=\"row-1\">\n\t<th class=\"column-1\">Posi\u00e7\u00e3o<\/th><th class=\"column-2\">Nome<\/th><th class=\"column-3\">Situa\u00e7\u00e3o<\/th>\n<\/tr>\n<\/thead>\n<tbody class=\"row-striping row-hover\">\n<tr class=\"row-2\">\n\t<td class=\"column-1\">1<\/td><td class=\"column-2\">MARIA EDUARDA ACCIOLY SIRENA<\/td><td class=\"column-3\">Nomeada em 09\/02\/2023<\/td>\n<\/tr>\n<tr class=\"row-3\">\n\t<td class=\"column-1\">2<\/td><td class=\"column-2\">NATHALIA DO NASCIMENTO VONTOBEL<\/td><td class=\"column-3\"><\/td>\n<\/tr>\n<tr class=\"row-4\">\n\t<td class=\"column-1\">3<\/td><td class=\"column-2\">ESTHER GONCALVES DE SOUZA E SILVA BALLESTER<\/td><td class=\"column-3\"><\/td>\n<\/tr>\n<tr class=\"row-5\">\n\t<td class=\"column-1\">4<\/td><td class=\"column-2\">MARILIA LAGRANHA TRAMUNT<\/td><td class=\"column-3\"><\/td>\n<\/tr>\n<tr class=\"row-6\">\n\t<td class=\"column-1\">5<\/td><td class=\"column-2\">FELIPE MARTINS VIANNA<\/td><td class=\"column-3\"><\/td>\n<\/tr>\n<\/tbody>\n<\/table>\n<!-- #tablepress-63 from cache -->\n<div class=\"titleStyle\"><strong>Cargo<\/strong>: M\u00e9dico\/\u00c1rea: Infectologia<\/div>\n\n<table id=\"tablepress-64\" class=\"tablepress tablepress-id-64\">\n<thead>\n<tr class=\"row-1\">\n\t<th class=\"column-1\">Posi\u00e7\u00e3o<\/th><th class=\"column-2\">Nome<\/th><th class=\"column-3\">Situa\u00e7\u00e3o<\/th>\n<\/tr>\n<\/thead>\n<tbody class=\"row-striping row-hover\">\n<tr class=\"row-2\">\n\t<td class=\"column-1\">1<\/td><td class=\"column-2\">HILTON LUIS ALVES FILHO<\/td><td class=\"column-3\">Nomeado em 09\/02\/2023<\/td>\n<\/tr>\n<\/tbody>\n<\/table>\n<!-- #tablepress-64 from cache -->\n<div class=\"titleStyle\"><strong>Cargo<\/strong>: M\u00e9dico\/\u00c1rea: Psiquiatria<\/div>\n\n<table id=\"tablepress-65\" class=\"tablepress tablepress-id-65\">\n<thead>\n<tr class=\"row-1\">\n\t<th class=\"column-1\">Posi\u00e7\u00e3o<\/th><th class=\"column-2\">Nome<\/th><th class=\"column-3\">Situa\u00e7\u00e3o<\/th>\n<\/tr>\n<\/thead>\n<tbody class=\"row-striping row-hover\">\n<tr class=\"row-2\">\n\t<td class=\"column-1\">1<\/td><td class=\"column-2\">MARCIO LOREA GONCALVES<\/td><td class=\"column-3\">Nomeado em 28\/03\/2023<\/td>\n<\/tr>\n<\/tbody>\n<\/table>\n<!-- #tablepress-65 from cache -->\n<div class=\"titleStyle\"><strong>Cargo<\/strong>: Nutricionista\/Habilita\u00e7\u00e3o: Alimenta\u00e7\u00e3o Coletiva<\/div>\n\n<table id=\"tablepress-66\" class=\"tablepress tablepress-id-66\">\n<thead>\n<tr class=\"row-1\">\n\t<th class=\"column-1\">Posi\u00e7\u00e3o<\/th><th class=\"column-2\">ome<\/th><th class=\"column-3\">Situa\u00e7\u00e3o<\/th>\n<\/tr>\n<\/thead>\n<tbody class=\"row-striping row-hover\">\n<tr class=\"row-2\">\n\t<td class=\"column-1\">1<\/td><td class=\"column-2\">CAROLINE PEREIRA DAS NEVES<\/td><td class=\"column-3\">Nomeada em 28\/03\/2023<\/td>\n<\/tr>\n<tr class=\"row-3\">\n\t<td class=\"column-1\">2<\/td><td class=\"column-2\">JENIFER LOPES BORCHARDT<\/td><td class=\"column-3\"><\/td>\n<\/tr>\n<tr class=\"row-4\">\n\t<td class=\"column-1\">3<\/td><td class=\"column-2\">SIMONE MUNIZ PACHECO<\/td><td class=\"column-3\"><\/td>\n<\/tr>\n<tr class=\"row-5\">\n\t<td class=\"column-1\">4<\/td><td class=\"column-2\">JARINE AMARAL DO EVANGELHO<\/td><td class=\"column-3\"><\/td>\n<\/tr>\n<tr class=\"row-6\">\n\t<td class=\"column-1\">5<\/td><td class=\"column-2\">ADRIANA FAO CARLOTO<\/td><td class=\"column-3\"><\/td>\n<\/tr>\n<\/tbody>\n<\/table>\n<!-- #tablepress-66 from cache -->\n<div class=\"titleStyle\"><strong>Cargo<\/strong>: Nutricionista\/Habilita\u00e7\u00e3o: Cl\u00ednica<\/div>\n\n<table id=\"tablepress-67\" class=\"tablepress tablepress-id-67\">\n<thead>\n<tr class=\"row-1\">\n\t<th class=\"column-1\">Posi\u00e7\u00e3o<\/th><th class=\"column-2\">Nome<\/th><th class=\"column-3\">Situa\u00e7\u00e3o<\/th>\n<\/tr>\n<\/thead>\n<tbody class=\"row-striping row-hover\">\n<tr class=\"row-2\">\n\t<td class=\"column-1\">1<\/td><td class=\"column-2\">LARISSA AMARAL DE MATOS<\/td><td class=\"column-3\">Nomeada pelas Cotas em 28\/03\/2023<\/td>\n<\/tr>\n<tr class=\"row-3\">\n\t<td class=\"column-1\">2<\/td><td class=\"column-2\">EDUARDA COUTO PLACIDO NUNES<\/td><td class=\"column-3\">Nomeada em 26\/03\/2024<\/td>\n<\/tr>\n<tr class=\"row-4\">\n\t<td class=\"column-1\">3<\/td><td class=\"column-2\">TAINA LIMA LUCAS ROSA<\/td><td class=\"column-3\"><\/td>\n<\/tr>\n<tr class=\"row-5\">\n\t<td class=\"column-1\">4<\/td><td class=\"column-2\">GIOVANA RIBEIRO PEGORARO<\/td><td class=\"column-3\"><\/td>\n<\/tr>\n<tr class=\"row-6\">\n\t<td class=\"column-1\">5<\/td><td class=\"column-2\">ISABELE FRAZAO MASCARENHAS<\/td><td class=\"column-3\"><\/td>\n<\/tr>\n<\/tbody>\n<\/table>\n<!-- #tablepress-67 from cache -->\n<div class=\"titleStyle\"><strong>COTAS RACIAIS<\/strong><\/div>\n\n<table id=\"tablepress-68\" class=\"tablepress tablepress-id-68\">\n<thead>\n<tr class=\"row-1\">\n\t<th class=\"column-1\">Posi\u00e7\u00e3o<\/th><th class=\"column-2\">Nome<\/th><th class=\"column-3\">Situa\u00e7\u00e3o<\/th>\n<\/tr>\n<\/thead>\n<tbody class=\"row-striping row-hover\">\n<tr class=\"row-2\">\n\t<td class=\"column-1\">1<\/td><td class=\"column-2\">LARISSA AMARAL DE MATOS (Nutricionista\/Hab.: Cl\u00ednica)<\/td><td class=\"column-3\">Nomeada em 28\/03\/2023<\/td>\n<\/tr>\n<tr class=\"row-3\">\n\t<td class=\"column-1\">2<\/td><td class=\"column-2\">FABIANA BRAGA CAMPOS (Eng. Seg. Trabalho)<\/td><td class=\"column-3\">Nomeada(aproveitamento Ifsul )23\/10.\/23<\/td>\n<\/tr>\n<tr class=\"row-4\">\n\t<td class=\"column-1\">3<\/td><td class=\"column-2\">FRANCIELE NUNES VIT\u00d3RIA (Nutricionista\/Hab.: Alimenta\u00e7\u00e3o Coletiva)<\/td><td class=\"column-3\"><\/td>\n<\/tr>\n<\/tbody>\n<\/table>\n<!-- #tablepress-68 from cache -->\n<div class=\"titleStyle\"><strong>COTAS PcD<\/strong><\/div>\n\n<table id=\"tablepress-69\" class=\"tablepress tablepress-id-69\">\n<thead>\n<tr class=\"row-1\">\n\t<th class=\"column-1\">Posi\u00e7\u00e3o<\/th><th class=\"column-2\">Nome<\/th><th class=\"column-3\">Situa\u00e7\u00e3o<\/th>\n<\/tr>\n<\/thead>\n<tbody class=\"row-striping row-hover\">\n<tr class=\"row-2\">\n\t<td class=\"column-1\">1<\/td><td class=\"column-2\">MARIANE COELHO AMARAL (Eng. Seg. Trabalho)<\/td><td class=\"column-3\">Nomeada em 28\/03\/2023<\/td>\n<\/tr>\n<tr class=\"row-3\">\n\t<td class=\"column-1\">2<\/td><td class=\"column-2\">M\u00d4NICA SCHIAVON DA COSTA (Nutricionista\/Hab.: Cl\u00ednica)<\/td><td class=\"column-3\"><\/td>\n<\/tr>\n<\/tbody>\n<\/table>\n<!-- #tablepress-69 from cache -->\n<\/div>","protected":false},"excerpt":{"rendered":"<p>Nomea\u00e7\u00f5es &#8211; Edital 13\/2022 Acompanhe nesta p\u00e1gina a publica\u00e7\u00e3o dos\/as nomeados\/as para cargos t\u00e9cnicos na UFPEL. Cargos nesta p\u00e1gina: Engenheiro de Seguran\u00e7a do Trabalho M\u00e9dico\/\u00c1rea: Fisiatria M\u00e9dico\/\u00c1rea: Ginecologia e Obstetr\u00edcia M\u00e9dico\/\u00c1rea: Infectologia M\u00e9dico\/\u00c1rea: Psiquiatria Nutricionista\/Habilita\u00e7\u00e3o: Alimenta\u00e7\u00e3o Coletiva Nutricionista\/Habilita\u00e7\u00e3o Cl\u00ednica Confira a p\u00e1gina com as informa\u00e7\u00f5es a respeito do certame: Certame do Edital 13\/2022 Ampla Concorr\u00eancia [&hellip;]<\/p>\n","protected":false},"author":52,"featured_media":0,"parent":0,"menu_order":0,"comment_status":"closed","ping_status":"closed","template":"","meta":{"footnotes":""},"class_list":["post-22356","page","type-page","status-publish","hentry"],"_links":{"self":[{"href":"https:\/\/wp.ufpel.edu.br\/progep\/wp-json\/wp\/v2\/pages\/22356","targetHints":{"allow":["GET"]}}],"collection":[{"href":"https:\/\/wp.ufpel.edu.br\/progep\/wp-json\/wp\/v2\/pages"}],"about":[{"href":"https:\/\/wp.ufpel.edu.br\/progep\/wp-json\/wp\/v2\/types\/page"}],"author":[{"embeddable":true,"href":"https:\/\/wp.ufpel.edu.br\/progep\/wp-json\/wp\/v2\/users\/52"}],"replies":[{"embeddable":true,"href":"https:\/\/wp.ufpel.edu.br\/progep\/wp-json\/wp\/v2\/comments?post=22356"}],"version-history":[{"count":22,"href":"https:\/\/wp.ufpel.edu.br\/progep\/wp-json\/wp\/v2\/pages\/22356\/revisions"}],"predecessor-version":[{"id":33075,"href":"https:\/\/wp.ufpel.edu.br\/progep\/wp-json\/wp\/v2\/pages\/22356\/revisions\/33075"}],"wp:attachment":[{"href":"https:\/\/wp.ufpel.edu.br\/progep\/wp-json\/wp\/v2\/media?parent=22356"}],"curies":[{"name":"wp","href":"https:\/\/api.w.org\/{rel}","templated":true}]}}