{"id":22227,"date":"2023-01-17T11:10:38","date_gmt":"2023-01-17T14:10:38","guid":{"rendered":"https:\/\/wp.ufpel.edu.br\/progep\/?page_id=22227"},"modified":"2025-07-04T15:43:42","modified_gmt":"2025-07-04T18:43:42","slug":"nomeacoes-edital-17-2022","status":"publish","type":"page","link":"https:\/\/wp.ufpel.edu.br\/progep\/nomeacoes-edital-17-2022\/","title":{"rendered":"Nomea\u00e7\u00f5es &#8211; Edital 17\/2022"},"content":{"rendered":"\n<div class=\"wp-block-group\"><div class=\"wp-block-group__inner-container is-layout-constrained wp-block-group-is-layout-constrained\">\n<div class=\"logoTituloModelStyle\"><img class=\"size-medium wp-image-27184 alignleft\" src=\"https:\/\/wp.ufpel.edu.br\/progep\/files\/2025\/03\/logo-progep_atualizacao-nome_AZUL.png\" alt=\"\" \/><\/p>\n<div style=\"padding:2rem 0\"><strong>Nomea\u00e7\u00f5es &#8211; Edital 17\/2022<\/strong><\/div>\n<\/div>\n<hr class=\"hrModelStyle\" \/>\n<div class=\"descriptionModelStyle\">Acompanhe nesta p\u00e1gina a publica\u00e7\u00e3o dos\/as nomeados\/as para servidores\/as docentes na UFPEL.<\/div>\n<\/div><\/div>\n\n\n<div class=\"pagNomeacoesStyle\">\n<div class=\"cargosNomeConvStyle\">\n<div class=\"cargosTitleStyle\"> Cargos nesta p\u00e1gina:<\/div>\n<div class=\"tabelasRepoDoc\" style=\"color: black;text-align: center\">\n<span class=\"collapseomatic \" id=\"id69e4daeaac30a\"  tabindex=\"0\" title=\"Cargos deste edital\"    >Cargos deste edital<\/span><div id=\"target-id69e4daeaac30a\" class=\"collapseomatic_content \"> \n<div class=\"cargosStyle\">\n\n<p>Artes \u2013 Teoria e Pr\u00e1tica Pedag\u00f3gica<\/p>\n\n\n<p>Ensino de Qu\u00edmica<\/p>\n\n\n<p>Mecaniza\u00e7\u00e3o Agr\u00edcola OU M\u00e1quinas e Implementos Agr\u00edcolas OU Engenharia de Materiais e Metal\u00fargica OU Engenharia Mec\u00e2nica<\/p>\n\n\n<p>Fisioterapia em Sa\u00fade da Mulher OU Fisioterapia Dermatofuncional<\/p>\n\n\n<p>Fertilidade do Solo e Aduba\u00e7\u00e3o<\/p>\n\n\n<p>Qu\u00edmica do Solo<\/p>\n\n\n<p>Psicologia Educacional<\/p>\n\n\n<p>Cl\u00ednica M\u00e9dica<\/p>\n\n\n<p>Ortopedia e Traumatologia<\/p>\n\n\n<p>Terapia Ocupacional na Educa\u00e7\u00e3o<\/p>\n\n\n<p>Dent\u00edstica<\/p>\n\n\n<p>Endodontia<\/p>\n\n\n<p>Parasitologia<\/p>\n\n\n<p>Taxonomia de Cript\u00f3gamos<\/p>\n\n\n<p>Fisiologia Vegetal<\/p>\n\n\n<p>Geografia F\u00edsica<\/p>\n\n<\/div>\n<\/div>\n\n<\/div>\n<\/div>\n<p> Confira a p\u00e1gina com as informa\u00e7\u00f5es a respeito do certame: <\/p>\n<p><a href=\"http:\/\/ces.ufpel.edu.br\/conctecadmed0017_2022\/\" target=\"_blank\">Certame do Edital 17\/2022<\/a><\/p>\n<div class=\"titleStyle\"><strong>Ampla Concorr\u00eancia<\/strong><\/div> \n\n<table id=\"tablepress-125\" class=\"tablepress tablepress-id-125\">\n<thead>\n<tr class=\"row-1\">\n\t<th class=\"column-1\">Unidade\/\u00c1rea\/Processo<\/th><th class=\"column-2\">Classif.<\/th><th class=\"column-3\">Aprovados<\/th><th class=\"column-4\">Situa\u00e7\u00e3o<\/th>\n<\/tr>\n<\/thead>\n<tbody class=\"row-striping row-hover\">\n<tr class=\"row-2\">\n\t<td class=\"column-1\"><strong>Centro de Artes \u2013 CA<\/strong><br \/>\nArtes \u2013 Teoria e Pr\u00e1tica Pedag\u00f3gica<\/td><td class=\"column-2\">1\u00ba<\/td><td class=\"column-3\">DANIEL BRUNO MOMOLI<\/td><td class=\"column-4\">Nomeado em 14\/04\/2023<\/td>\n<\/tr>\n<tr class=\"row-3\">\n\t<td class=\"column-1\"><\/td><td class=\"column-2\">2\u00ba<\/td><td class=\"column-3\">FRANCIELI REGINA GARLET<\/td><td class=\"column-4\"><\/td>\n<\/tr>\n<tr class=\"row-4\">\n\t<td class=\"column-1\"><\/td><td class=\"column-2\">3\u00ba<\/td><td class=\"column-3\">LISLAINE SIRSI CANSI<\/td><td class=\"column-4\"><\/td>\n<\/tr>\n<tr class=\"row-5\">\n\t<td class=\"column-1\"><\/td><td class=\"column-2\">4\u00ba<\/td><td class=\"column-3\">MICHELLE COELHO SALORT<\/td><td class=\"column-4\"><\/td>\n<\/tr>\n<tr class=\"row-6\">\n\t<td class=\"column-1\"><\/td><td class=\"column-2\">5\u00ba<\/td><td class=\"column-3\">CARLA DIAS DE BORBA<\/td><td class=\"column-4\"><\/td>\n<\/tr>\n<tr class=\"row-7\">\n\t<td class=\"column-1\"><strong>Centro de Ci\u00eancias Qu\u00edmicas, Farmac\u00eauticas e de Alimentos \u2013 CCQFA<\/strong><br \/>\nEnsino de Qu\u00edmica<\/td><td class=\"column-2\">1\u00ba<\/td><td class=\"column-3\">BRUNA ADRIANE FARY<\/td><td class=\"column-4\">Nomeada em 18\/01\/2023<\/td>\n<\/tr>\n<tr class=\"row-8\">\n\t<td class=\"column-1\"><\/td><td class=\"column-2\">2\u00ba<\/td><td class=\"column-3\">VIVIANE ARRIGO<\/td><td class=\"column-4\"><\/td>\n<\/tr>\n<tr class=\"row-9\">\n\t<td class=\"column-1\"><\/td><td class=\"column-2\">3\u00ba<\/td><td class=\"column-3\">EDSON FROZZA<\/td><td class=\"column-4\"><\/td>\n<\/tr>\n<tr class=\"row-10\">\n\t<td class=\"column-1\"><strong>Centro de Engenharias \u2013 CENG<\/strong><br \/>\nMecaniza\u00e7\u00e3o Agr\u00edcola <br \/>OU M\u00e1quinas e Implementos Agr\u00edcolas<br \/> OU Engenharia de Materiais e Metal\u00fargica <br \/>OU Engenharia Mec\u00e2nica<\/td><td class=\"column-2\">1\u00ba<\/td><td class=\"column-3\">VANESSA DUMMER MARQUES<\/td><td class=\"column-4\"><\/td>\n<\/tr>\n<tr class=\"row-11\">\n\t<td class=\"column-1\"><\/td><td class=\"column-2\">2\u00ba<\/td><td class=\"column-3\">HENRIQUE TAKASHI IDOGAVA<\/td><td class=\"column-4\"><\/td>\n<\/tr>\n<tr class=\"row-12\">\n\t<td class=\"column-1\"><\/td><td class=\"column-2\">3\u00ba<\/td><td class=\"column-3\">DANIEL DE CASTRO MACIEL<\/td><td class=\"column-4\"><\/td>\n<\/tr>\n<tr class=\"row-13\">\n\t<td class=\"column-1\"><\/td><td class=\"column-2\">4\u00ba<\/td><td class=\"column-3\">AMANDA ALBERTIN XAVIER DA SILVA<\/td><td class=\"column-4\"><\/td>\n<\/tr>\n<tr class=\"row-14\">\n\t<td class=\"column-1\"><\/td><td class=\"column-2\">5\u00ba<\/td><td class=\"column-3\">MARCO PAULSEN RODRIGUES<\/td><td class=\"column-4\"><\/td>\n<\/tr>\n<tr class=\"row-15\">\n\t<td class=\"column-1\"><strong>Escola Superior de Educa\u00e7\u00e3o F\u00edsica (ESEF)<\/strong><br \/>\nFisioterapia em Sa\u00fade da Mulher OU Fisioterapia Dermatofuncional<\/td><td class=\"column-2\">1\u00ba<\/td><td class=\"column-3\">MARIA TERESA BICCA DODE<\/td><td class=\"column-4\">Nomeada em 11\/04\/2023<\/td>\n<\/tr>\n<tr class=\"row-16\">\n\t<td class=\"column-1\"><\/td><td class=\"column-2\">2\u00ba<\/td><td class=\"column-3\">MIKAELA DA SILVA CORREA<\/td><td class=\"column-4\"><\/td>\n<\/tr>\n<tr class=\"row-17\">\n\t<td class=\"column-1\"><\/td><td class=\"column-2\">3\u00ba<\/td><td class=\"column-3\">SHEILA SPOHR NEDEL<\/td><td class=\"column-4\"><\/td>\n<\/tr>\n<tr class=\"row-18\">\n\t<td class=\"column-1\"><\/td><td class=\"column-2\">4\u00ba<\/td><td class=\"column-3\">PRISCILA MARQUES SOSA<\/td><td class=\"column-4\"><\/td>\n<\/tr>\n<tr class=\"row-19\">\n\t<td class=\"column-1\"><\/td><td class=\"column-2\">5\u00ba<\/td><td class=\"column-3\">DANIELA GOMEZ MARTIN ISERHARDT<\/td><td class=\"column-4\"><\/td>\n<\/tr>\n<tr class=\"row-20\">\n\t<td class=\"column-1\"><strong>Faculdade de Agronomia Eliseu Maciel (FAEM)<\/strong><br \/>\nFertilidade do Solo e Aduba\u00e7\u00e3o<\/td><td class=\"column-2\">1\u00ba<\/td><td class=\"column-3\">JAQUELINE PEREIRA MACHADO DE OLIVEIRA<\/td><td class=\"column-4\">Nomeada em 11\/04\/2023<\/td>\n<\/tr>\n<tr class=\"row-21\">\n\t<td class=\"column-1\"><\/td><td class=\"column-2\">2\u00ba<\/td><td class=\"column-3\">NATIELO ALMEIDA SANTANA<\/td><td class=\"column-4\"><\/td>\n<\/tr>\n<tr class=\"row-22\">\n\t<td class=\"column-1\"><\/td><td class=\"column-2\">3\u00ba<\/td><td class=\"column-3\">LINCON OLIVEIRA STEFANELLO DA SILVA<\/td><td class=\"column-4\"><\/td>\n<\/tr>\n<tr class=\"row-23\">\n\t<td class=\"column-1\"><\/td><td class=\"column-2\">4\u00ba<\/td><td class=\"column-3\">CRISTIANO DELA PICCOLLA<\/td><td class=\"column-4\"><\/td>\n<\/tr>\n<tr class=\"row-24\">\n\t<td class=\"column-1\"><\/td><td class=\"column-2\">5\u00ba<\/td><td class=\"column-3\">WILIAN CARLO DEMETRIO<\/td><td class=\"column-4\"><\/td>\n<\/tr>\n<tr class=\"row-25\">\n\t<td class=\"column-1\"><strong>Faculdade de Agronomia Eliseu Maciel (FAEM)<\/strong><br \/>\nQu\u00edmica do Solo<\/td><td class=\"column-2\">1\u00ba<\/td><td class=\"column-3\">TADEU LUIS TIECHER<\/td><td class=\"column-4\"><\/td>\n<\/tr>\n<tr class=\"row-26\">\n\t<td class=\"column-1\"><\/td><td class=\"column-2\">2\u00ba<\/td><td class=\"column-3\">SAMARA ALVES TESTONI<\/td><td class=\"column-4\"><\/td>\n<\/tr>\n<tr class=\"row-27\">\n\t<td class=\"column-1\"><\/td><td class=\"column-2\">3\u00ba<\/td><td class=\"column-3\">JAKELINE ROSA DE OLIVEIRA<\/td><td class=\"column-4\"><\/td>\n<\/tr>\n<tr class=\"row-28\">\n\t<td class=\"column-1\"><\/td><td class=\"column-2\">4\u00ba<\/td><td class=\"column-3\">GUSTAVO FERREIRA COELHO<\/td><td class=\"column-4\"><\/td>\n<\/tr>\n<tr class=\"row-29\">\n\t<td class=\"column-1\"><\/td><td class=\"column-2\">5\u00ba<\/td><td class=\"column-3\">JULIANA BRITO DA SILVA TEIXEIRA<\/td><td class=\"column-4\"><\/td>\n<\/tr>\n<tr class=\"row-30\">\n\t<td class=\"column-1\"><strong>Faculdade de Educa\u00e7\u00e3o \u2013 FaE<\/strong><br \/>\nPsicologia Educacional<\/td><td class=\"column-2\">1\u00ba<\/td><td class=\"column-3\">MARIANE INES OHLWEILER<\/td><td class=\"column-4\">Nomeada em 18\/01\/2023<\/td>\n<\/tr>\n<tr class=\"row-31\">\n\t<td class=\"column-1\"><\/td><td class=\"column-2\">2\u00ba<\/td><td class=\"column-3\">DENISE MACEDO ZILIOTTO<\/td><td class=\"column-4\">Nomeada em 18\/01\/2023<\/td>\n<\/tr>\n<tr class=\"row-32\">\n\t<td class=\"column-1\"><\/td><td class=\"column-2\">3\u00ba<\/td><td class=\"column-3\">JULIA GUIMARAES NEVES<\/td><td class=\"column-4\"><\/td>\n<\/tr>\n<tr class=\"row-33\">\n\t<td class=\"column-1\"><\/td><td class=\"column-2\">4\u00ba<\/td><td class=\"column-3\">BETTIELI BARBOZA DA SILVEIRA<\/td><td class=\"column-4\"><\/td>\n<\/tr>\n<tr class=\"row-34\">\n\t<td class=\"column-1\"><\/td><td class=\"column-2\">5\u00ba<\/td><td class=\"column-3\">CAROLINE ZAMBONI DE SOUZA<\/td><td class=\"column-4\"><\/td>\n<\/tr>\n<tr class=\"row-35\">\n\t<td class=\"column-1\"><\/td><td class=\"column-2\">6\u00ba<\/td><td class=\"column-3\">ISABELA DUTRA CORREA DA SILVA<\/td><td class=\"column-4\"><\/td>\n<\/tr>\n<tr class=\"row-36\">\n\t<td class=\"column-1\"><strong>Faculdade de Medicina \u2013 FAMED<\/strong><br \/>\nCl\u00ednica M\u00e9dica<\/td><td class=\"column-2\">1\u00ba<\/td><td class=\"column-3\">CARLA ALBERICI PASTORE<\/td><td class=\"column-4\">Nomeada em 18\/01\/2023<\/td>\n<\/tr>\n<tr class=\"row-37\">\n\t<td class=\"column-1\"><strong>Faculdade de Medicina \u2013 FAMED<\/strong><br \/>\nOrtopedia e Traumatologia<\/td><td class=\"column-2\">1\u00ba<\/td><td class=\"column-3\">LUIZ FABIANO GOMES GULARTE<\/td><td class=\"column-4\">Nomeado em 18\/01\/2023<\/td>\n<\/tr>\n<tr class=\"row-38\">\n\t<td class=\"column-1\"><strong>Faculdade de Medicina \u2013 FAMED<\/strong><br \/>\nTerapia Ocupacional na Educa\u00e7\u00e3o<\/td><td class=\"column-2\">1\u00ba<\/td><td class=\"column-3\">MAIT\u00ca PERES DE CARVALHO<\/td><td class=\"column-4\">Nomeada em 14\/04\/2023<\/td>\n<\/tr>\n<tr class=\"row-39\">\n\t<td class=\"column-1\"><\/td><td class=\"column-2\">2\u00ba<\/td><td class=\"column-3\">RODRIGO DA SILVA VITAL<\/td><td class=\"column-4\"><\/td>\n<\/tr>\n<tr class=\"row-40\">\n\t<td class=\"column-1\"><strong>Faculdade de Odontologia \u2013 FO<\/strong><br \/>\nDent\u00edstica<\/td><td class=\"column-2\">1\u00ba<\/td><td class=\"column-3\">LUIZ ALEXANDRE CHISINI<\/td><td class=\"column-4\">Nomeado em 18\/01\/2023<\/td>\n<\/tr>\n<tr class=\"row-41\">\n\t<td class=\"column-1\"><\/td><td class=\"column-2\">2\u00ba<\/td><td class=\"column-3\">KAUE FARIAS COLLARES<\/td><td class=\"column-4\">Nomeado em 18\/01\/2023<\/td>\n<\/tr>\n<tr class=\"row-42\">\n\t<td class=\"column-1\"><\/td><td class=\"column-2\">3\u00ba<\/td><td class=\"column-3\">LISIA LOREA VALENTE<\/td><td class=\"column-4\"><\/td>\n<\/tr>\n<tr class=\"row-43\">\n\t<td class=\"column-1\"><\/td><td class=\"column-2\">4\u00ba<\/td><td class=\"column-3\">ANGELA DALLA NORA<\/td><td class=\"column-4\"><\/td>\n<\/tr>\n<tr class=\"row-44\">\n\t<td class=\"column-1\"><\/td><td class=\"column-2\">5\u00ba<\/td><td class=\"column-3\">LAIS RANI SALES OLIVEIRA<\/td><td class=\"column-4\"><\/td>\n<\/tr>\n<tr class=\"row-45\">\n\t<td class=\"column-1\"><\/td><td class=\"column-2\">6\u00ba<\/td><td class=\"column-3\">BRUNA MUHLINBERG VETROMILLA<\/td><td class=\"column-4\"><\/td>\n<\/tr>\n<tr class=\"row-46\">\n\t<td class=\"column-1\"><\/td><td class=\"column-2\">7\u00ba<\/td><td class=\"column-3\">CACIA SIGNORI<\/td><td class=\"column-4\"><\/td>\n<\/tr>\n<tr class=\"row-47\">\n\t<td class=\"column-1\"><\/td><td class=\"column-2\">8\u00ba<\/td><td class=\"column-3\">VICTOR DA MOTA MARTINS<\/td><td class=\"column-4\"><\/td>\n<\/tr>\n<tr class=\"row-48\">\n\t<td class=\"column-1\"><\/td><td class=\"column-2\">9\u00ba<\/td><td class=\"column-3\">PEDRO HENRIQUE DE AZAMBUJA CARVALHO<\/td><td class=\"column-4\"><\/td>\n<\/tr>\n<tr class=\"row-49\">\n\t<td class=\"column-1\"><strong>Faculdade de Odontologia \u2013 FO<\/strong><br \/>\nEndodontia<\/td><td class=\"column-2\">1\u00ba<\/td><td class=\"column-3\">KATERINE JAHNECKE PILOWNI<\/td><td class=\"column-4\">Nomeada em 11\/04\/2023<\/td>\n<\/tr>\n<tr class=\"row-50\">\n\t<td class=\"column-1\"><\/td><td class=\"column-2\">2\u00ba<\/td><td class=\"column-3\">CAROLINA CLASEN VIEIRA<\/td><td class=\"column-4\">Nomeada em 11\/04\/2023<\/td>\n<\/tr>\n<tr class=\"row-51\">\n\t<td class=\"column-1\"><\/td><td class=\"column-2\">3\u00ba<\/td><td class=\"column-3\">OTAVIO DA SILVA SPOSITO<\/td><td class=\"column-4\"><\/td>\n<\/tr>\n<tr class=\"row-52\">\n\t<td class=\"column-1\"><\/td><td class=\"column-2\">4\u00ba<\/td><td class=\"column-3\">MARAISA GREGGIO DELBONI<\/td><td class=\"column-4\"><\/td>\n<\/tr>\n<tr class=\"row-53\">\n\t<td class=\"column-1\"><\/td><td class=\"column-2\">5\u00ba<\/td><td class=\"column-3\">PAULINE MASTELLA LANG<\/td><td class=\"column-4\"><\/td>\n<\/tr>\n<tr class=\"row-54\">\n\t<td class=\"column-1\"><strong>Instituto de Biologia \u2013 IB<\/strong><br \/>\nParasitologia<\/td><td class=\"column-2\">1\u00ba<\/td><td class=\"column-3\">NATALIA BERNE PINHEIRO<\/td><td class=\"column-4\">Nomeada em 30\/06\/2023<\/td>\n<\/tr>\n<tr class=\"row-55\">\n\t<td class=\"column-1\"><\/td><td class=\"column-2\">2\u00ba<\/td><td class=\"column-3\">NATHIELI BIANCHIN BOTTARI<\/td><td class=\"column-4\">Nomeada em 30\/06\/2023<\/td>\n<\/tr>\n<tr class=\"row-56\">\n\t<td class=\"column-1\"><\/td><td class=\"column-2\">3\u00ba<\/td><td class=\"column-3\">LUCIANA LAITANO DIAS DE CASTRO<\/td><td class=\"column-4\">Nomeada em 11\/12\/2025<\/td>\n<\/tr>\n<tr class=\"row-57\">\n\t<td class=\"column-1\"><\/td><td class=\"column-2\">4\u00ba<\/td><td class=\"column-3\">ROSIMEIRE NUNES DE OLIVEIRA<\/td><td class=\"column-4\"><\/td>\n<\/tr>\n<tr class=\"row-58\">\n\t<td class=\"column-1\"><\/td><td class=\"column-2\">5\u00ba<\/td><td class=\"column-3\">JULIANO LESSA PINTO DUARTE<\/td><td class=\"column-4\"><\/td>\n<\/tr>\n<tr class=\"row-59\">\n\t<td class=\"column-1\"><\/td><td class=\"column-2\">6\u00ba<\/td><td class=\"column-3\">PATRICIA DE BRUM VIEIRA<\/td><td class=\"column-4\"><\/td>\n<\/tr>\n<tr class=\"row-60\">\n\t<td class=\"column-1\"><\/td><td class=\"column-2\">7\u00ba<\/td><td class=\"column-3\">GUSTAVO FELIPPELLI<\/td><td class=\"column-4\"><\/td>\n<\/tr>\n<tr class=\"row-61\">\n\t<td class=\"column-1\"><\/td><td class=\"column-2\">8\u00ba<\/td><td class=\"column-3\">MARCIA RAQUEL PEGORARO DE MACEDO<\/td><td class=\"column-4\"><\/td>\n<\/tr>\n<tr class=\"row-62\">\n\t<td class=\"column-1\"><strong>Instituto de Biologia \u2013 IB<\/strong><br \/>\nTaxonomia de Cript\u00f3gamos<\/td><td class=\"column-2\">1\u00ba<\/td><td class=\"column-3\">ELAINE CRISTINA RODRIGUES BARTOZEK<\/td><td class=\"column-4\"><\/td>\n<\/tr>\n<tr class=\"row-63\">\n\t<td class=\"column-1\"><\/td><td class=\"column-2\">2\u00ba<\/td><td class=\"column-3\">MARCIO SILVA DE SOUZA<\/td><td class=\"column-4\"><\/td>\n<\/tr>\n<tr class=\"row-64\">\n\t<td class=\"column-1\"><\/td><td class=\"column-2\">3\u00ba<\/td><td class=\"column-3\">PABLO SANTOS GUIMAR\u00c3ES<\/td><td class=\"column-4\"><\/td>\n<\/tr>\n<tr class=\"row-65\">\n\t<td class=\"column-1\"><\/td><td class=\"column-2\">4\u00ba<\/td><td class=\"column-3\">JOSIMAR KULKAMP<\/td><td class=\"column-4\"><\/td>\n<\/tr>\n<tr class=\"row-66\">\n\t<td class=\"column-1\"><\/td><td class=\"column-2\">5\u00ba<\/td><td class=\"column-3\">MILENA NUNES BERNARDES GOETZ<\/td><td class=\"column-4\"><\/td>\n<\/tr>\n<tr class=\"row-67\">\n\t<td class=\"column-1\"><strong>Instituto de Biologia \u2013 IB<\/strong><br \/>\nFisiologia Vegetal<\/td><td class=\"column-2\">1\u00ba<\/td><td class=\"column-3\">MARILIA SHIBATA<\/td><td class=\"column-4\">Nomeada em 31\/01\/2023<\/td>\n<\/tr>\n<tr class=\"row-68\">\n\t<td class=\"column-1\"><\/td><td class=\"column-2\">2\u00ba<\/td><td class=\"column-3\">MARCELO NOGUEIRA DO AMARAL<\/td><td class=\"column-4\"><\/td>\n<\/tr>\n<tr class=\"row-69\">\n\t<td class=\"column-1\"><\/td><td class=\"column-2\">3\u00ba<\/td><td class=\"column-3\">TANISE LUISA SAUSEN<\/td><td class=\"column-4\"><\/td>\n<\/tr>\n<tr class=\"row-70\">\n\t<td class=\"column-1\"><\/td><td class=\"column-2\">4\u00ba<\/td><td class=\"column-3\">RAISSA SCHWALBERT<\/td><td class=\"column-4\"><\/td>\n<\/tr>\n<tr class=\"row-71\">\n\t<td class=\"column-1\"><\/td><td class=\"column-2\">5\u00ba<\/td><td class=\"column-3\">DOUGLAS ANTONIO POSSO<\/td><td class=\"column-4\"><\/td>\n<\/tr>\n<tr class=\"row-72\">\n\t<td class=\"column-1\"><strong>Instituto de Ci\u00eancias Humanas \u2013 ICH<\/strong><br \/>\nGeografia F\u00edsica<\/td><td class=\"column-2\">1\u00ba<\/td><td class=\"column-3\">MAURICIO RIZZATTI<\/td><td class=\"column-4\">Nomeado em 11\/02\/2025<\/td>\n<\/tr>\n<tr class=\"row-73\">\n\t<td class=\"column-1\"><\/td><td class=\"column-2\">2\u00ba<\/td><td class=\"column-3\">CARLOS EDUARDO DAS NEVES<\/td><td class=\"column-4\"><s>Nomeado em 02\/10\/2025 <\/s> Tornada sem efeito- solicitou reclassifica\u00e7\u00e3o p\/ o final da fila<\/td>\n<\/tr>\n<tr class=\"row-74\">\n\t<td class=\"column-1\"><\/td><td class=\"column-2\">3\u00ba<\/td><td class=\"column-3\">VIVIANE CAPOANE<\/td><td class=\"column-4\"><s>Nomeada em 03\/11\/2025 <\/s>Tornada sem efeito - solicitou reclassifica\u00e7\u00e3o p\/ o final da fila<\/td>\n<\/tr>\n<tr class=\"row-75\">\n\t<td class=\"column-1\"><\/td><td class=\"column-2\">4\u00ba<\/td><td class=\"column-3\">RENATO PEREIRA LOPES<\/td><td class=\"column-4\">Nomeado em 18\/11\/2025<\/td>\n<\/tr>\n<tr class=\"row-76\">\n\t<td class=\"column-1\"><\/td><td class=\"column-2\">5\u00ba<\/td><td class=\"column-3\">ROBERTO LUIZ DOS SANTOS ANTUNES<\/td><td class=\"column-4\"><\/td>\n<\/tr>\n<tr class=\"row-77\">\n\t<td class=\"column-1\"><\/td><td class=\"column-2\">6\u00ba<\/td><td class=\"column-3\">CARLOS EDUARDO DAS NEVES<\/td><td class=\"column-4\"><\/td>\n<\/tr>\n<tr class=\"row-78\">\n\t<td class=\"column-1\"><\/td><td class=\"column-2\">7\u00ba<\/td><td class=\"column-3\">VIVIANE CAPOANE<\/td><td class=\"column-4\"><\/td>\n<\/tr>\n<\/tbody>\n<\/table>\n<!-- #tablepress-125 from cache -->\n<div class=\"titleStyle\"><strong>Cotas Raciais e PcD<\/strong><\/div>\n\n<table id=\"tablepress-126\" class=\"tablepress tablepress-id-126\">\n<thead>\n<tr class=\"row-1\">\n\t<th class=\"column-1\">Modalidade<\/th><th class=\"column-2\">Unidade\/\u00c1rea\/Processo<\/th><th class=\"column-3\">Classif.<\/th><th class=\"column-4\">Aprovados<\/th><th class=\"column-5\">Situa\u00e7\u00e3o<\/th>\n<\/tr>\n<\/thead>\n<tbody class=\"row-striping row-hover\">\n<tr class=\"row-2\">\n\t<td class=\"column-1\">Cotas Raciais<\/td><td class=\"column-2\"><strong>Instituto de Biologia \u2013 IB<\/strong><br \/>\nTaxonomia de Cript\u00f3gamos<\/td><td class=\"column-3\">1\u00ba<\/td><td class=\"column-4\">MARCIO SILVA DE SOUZA<\/td><td class=\"column-5\">Nomeado em 14\/04\/2023<\/td>\n<\/tr>\n<tr class=\"row-3\">\n\t<td class=\"column-1\">Cotas Raciais<\/td><td class=\"column-2\"><strong>Faculdade de Agronomia Eliseu Maciel \u2013 FAEM<\/strong><br \/>\nQu\u00edmica do Solo<\/td><td class=\"column-3\">2\u00ba<\/td><td class=\"column-4\">JAKELINE ROSA DE OLIVEIRA<\/td><td class=\"column-5\">Nomeada em 14\/04\/2023<\/td>\n<\/tr>\n<tr class=\"row-4\">\n\t<td class=\"column-1\">Cotas Raciais<\/td><td class=\"column-2\"><strong>Faculdade de Medicina \u2013 FAMED<\/strong><br \/>\nTerapia Ocupacional na Educa\u00e7\u00e3o<\/td><td class=\"column-3\">3\u00ba<\/td><td class=\"column-4\">RODRIGO DA SILVA VITAL<\/td><td class=\"column-5\">Nomeado em 14\/04\/2023<\/td>\n<\/tr>\n<tr class=\"row-5\">\n\t<td class=\"column-1\">Cotas Raciais<\/td><td class=\"column-2\"><strong>Instituto de Ci\u00eancias Humanas \u2013 ICH<\/strong><br \/>\nGeografia F\u00edsica<\/td><td class=\"column-3\">4\u00ba<\/td><td class=\"column-4\">ROBERTO LUIZ DOS SANTOS ANTUNES<\/td><td class=\"column-5\">Nomeado em 14\/04\/2023<\/td>\n<\/tr>\n<tr class=\"row-6\">\n\t<td class=\"column-1\">Cotas Raciais<\/td><td class=\"column-2\"><strong>Instituto de Biologia \u2013 IB<\/strong><br \/>\nParasitologia<\/td><td class=\"column-3\">5\u00ba<\/td><td class=\"column-4\">LEDA MARGARITA CASTANO BARRIOS<\/td><td class=\"column-5\">Nomeada em 30\/06\/2023<\/td>\n<\/tr>\n<tr class=\"row-7\">\n\t<td class=\"column-1\">Cotas PcD<\/td><td class=\"column-2\"><strong>Centro de Engenharias \u2013 CENG<\/strong><br \/>\nMecaniza\u00e7\u00e3o Agr\u00edcola<br \/> OU M\u00e1quinas e Implementos Agr\u00edcolas <br \/> OU Engenharia de Materiais e Metal\u00fargica <br \/> OU Engenharia Mec\u00e2nica<\/td><td class=\"column-3\">1\u00ba<\/td><td class=\"column-4\">DANIEL DE CASTRO MACIEL<\/td><td class=\"column-5\">19\/06\/2023<\/td>\n<\/tr>\n<\/tbody>\n<\/table>\n<!-- #tablepress-126 from cache -->\n<\/div>\n","protected":false},"excerpt":{"rendered":"<p>Nomea\u00e7\u00f5es &#8211; Edital 17\/2022 Acompanhe nesta p\u00e1gina a publica\u00e7\u00e3o dos\/as nomeados\/as para servidores\/as docentes na UFPEL. Cargos nesta p\u00e1gina: Confira a p\u00e1gina com as informa\u00e7\u00f5es a respeito do certame: Certame do Edital 17\/2022 Ampla Concorr\u00eancia Cotas Raciais e PcD<\/p>\n","protected":false},"author":52,"featured_media":0,"parent":0,"menu_order":0,"comment_status":"closed","ping_status":"closed","template":"","meta":{"footnotes":""},"class_list":["post-22227","page","type-page","status-publish","hentry"],"_links":{"self":[{"href":"https:\/\/wp.ufpel.edu.br\/progep\/wp-json\/wp\/v2\/pages\/22227","targetHints":{"allow":["GET"]}}],"collection":[{"href":"https:\/\/wp.ufpel.edu.br\/progep\/wp-json\/wp\/v2\/pages"}],"about":[{"href":"https:\/\/wp.ufpel.edu.br\/progep\/wp-json\/wp\/v2\/types\/page"}],"author":[{"embeddable":true,"href":"https:\/\/wp.ufpel.edu.br\/progep\/wp-json\/wp\/v2\/users\/52"}],"replies":[{"embeddable":true,"href":"https:\/\/wp.ufpel.edu.br\/progep\/wp-json\/wp\/v2\/comments?post=22227"}],"version-history":[{"count":23,"href":"https:\/\/wp.ufpel.edu.br\/progep\/wp-json\/wp\/v2\/pages\/22227\/revisions"}],"predecessor-version":[{"id":34845,"href":"https:\/\/wp.ufpel.edu.br\/progep\/wp-json\/wp\/v2\/pages\/22227\/revisions\/34845"}],"wp:attachment":[{"href":"https:\/\/wp.ufpel.edu.br\/progep\/wp-json\/wp\/v2\/media?parent=22227"}],"curies":[{"name":"wp","href":"https:\/\/api.w.org\/{rel}","templated":true}]}}