{"id":22196,"date":"2023-04-27T07:16:07","date_gmt":"2023-04-27T10:16:07","guid":{"rendered":"https:\/\/wp.ufpel.edu.br\/progep\/?page_id=22196"},"modified":"2024-10-15T15:14:53","modified_gmt":"2024-10-15T18:14:53","slug":"auxilio-pre-escolar","status":"publish","type":"page","link":"https:\/\/wp.ufpel.edu.br\/progep\/auxilio-pre-escolar\/","title":{"rendered":"Aux\u00edlio Pr\u00e9-Escolar"},"content":{"rendered":"<p><span style=\"font-size: 10pt\"><a href=\"https:\/\/wp.ufpel.edu.br\/sei\/files\/2023\/03\/Auxilio-Pre-Escolar.pdf\">Solicita\u00e7\u00e3o do benef\u00edcio de aux\u00edlio pr\u00e9-escolar concedido \u00e0 servidora \u2013 ou ao pai servidor, quando a m\u00e3e n\u00e3o for servidora &#8211; para auxiliar nas despesas pr\u00e9-escolares de filhos ou dependentes. <\/a><\/span><\/p>\n","protected":false},"excerpt":{"rendered":"<p>Solicita\u00e7\u00e3o do benef\u00edcio de aux\u00edlio pr\u00e9-escolar concedido \u00e0 servidora \u2013 ou ao pai servidor, quando a m\u00e3e n\u00e3o for servidora &#8211; para auxiliar nas despesas pr\u00e9-escolares de filhos ou dependentes.<\/p>\n","protected":false},"author":52,"featured_media":0,"parent":0,"menu_order":0,"comment_status":"closed","ping_status":"closed","template":"","meta":{"footnotes":""},"class_list":["post-22196","page","type-page","status-publish","hentry"],"_links":{"self":[{"href":"https:\/\/wp.ufpel.edu.br\/progep\/wp-json\/wp\/v2\/pages\/22196","targetHints":{"allow":["GET"]}}],"collection":[{"href":"https:\/\/wp.ufpel.edu.br\/progep\/wp-json\/wp\/v2\/pages"}],"about":[{"href":"https:\/\/wp.ufpel.edu.br\/progep\/wp-json\/wp\/v2\/types\/page"}],"author":[{"embeddable":true,"href":"https:\/\/wp.ufpel.edu.br\/progep\/wp-json\/wp\/v2\/users\/52"}],"replies":[{"embeddable":true,"href":"https:\/\/wp.ufpel.edu.br\/progep\/wp-json\/wp\/v2\/comments?post=22196"}],"version-history":[{"count":5,"href":"https:\/\/wp.ufpel.edu.br\/progep\/wp-json\/wp\/v2\/pages\/22196\/revisions"}],"predecessor-version":[{"id":26928,"href":"https:\/\/wp.ufpel.edu.br\/progep\/wp-json\/wp\/v2\/pages\/22196\/revisions\/26928"}],"wp:attachment":[{"href":"https:\/\/wp.ufpel.edu.br\/progep\/wp-json\/wp\/v2\/media?parent=22196"}],"curies":[{"name":"wp","href":"https:\/\/api.w.org\/{rel}","templated":true}]}}