{"id":22037,"date":"2022-12-28T10:47:32","date_gmt":"2022-12-28T13:47:32","guid":{"rendered":"https:\/\/wp.ufpel.edu.br\/progep\/?page_id=22037"},"modified":"2026-01-09T16:37:22","modified_gmt":"2026-01-09T19:37:22","slug":"acoes-externas-de-capacitacao","status":"publish","type":"page","link":"https:\/\/wp.ufpel.edu.br\/progep\/acoes-externas-de-capacitacao\/","title":{"rendered":"Dicas do M\u00eas"},"content":{"rendered":"\n<div class=\"wp-block-group\"><div class=\"wp-block-group__inner-container is-layout-constrained wp-block-group-is-layout-constrained\">\n<div class=\"logoTituloModelStyle\" style=\"padding: 0\"><img class=\"size-medium wp-image-27184 alignleft\" style=\"padding: 0\" src=\"https:\/\/wp.ufpel.edu.br\/progep\/files\/2025\/03\/logo-progep_atualizacao-nome_AZUL.png\" alt=\"\" \/>\n<div style=\"padding: 3rem 0.5rem\"><strong>Dicas do M\u00eas<\/strong><\/div>\n<\/div>\n<hr class=\"hrModelStyle\" \/>\n<div class=\"descriptionModelStyle\">Al\u00e9m das a\u00e7\u00f5es de capacita\u00e7\u00f5es ofertadas pela <strong>Coordena\u00e7\u00e3o de Desenvolvimento de Pessoal &#8211; CDP<\/strong>, os\/as servidores(as) podem a qualquer momento <strong>realizar cursos a dist\u00e2ncia<\/strong> em diversas escolas de governo ou institui\u00e7\u00f5es p\u00fablicas criadas com a finalidade de promover a forma\u00e7\u00e3o e o aperfei\u00e7oamento dos agentes p\u00fablicos, <strong>de forma gratuita, na modalidade a dist\u00e2ncia<\/strong>. Confira uma sele\u00e7\u00e3o feita pela CDP:<\/div>\n<\/div><\/div>\n\n\n<div class=\"calendarioAnualCapacitacoes\">\n<div class=\"mesCapacitacao\">\n<strong>Janeiro<\/strong>\n<a href=\"https:\/\/www.escolavirtual.gov.br\/curso\/293\" target=\"_blank\"><span>ENAP<\/span> No\u00e7\u00f5es B\u00e1sicas do Trabalho Remoto<\/a>\n<a href=\"https:\/\/www.escolavirtual.gov.br\/curso\/290\" target=\"_blank\"><span>ENAP<\/span> Prote\u00e7\u00e3o de Dados Pessoais no Setor P\u00fablico<\/a>\n<a href=\"https:\/\/www.escolavirtual.gov.br\/curso\/11\" target=\"_blank\"><span>ENAP<\/span> Introdu\u00e7\u00e3o \u00e0 Libras<\/a>\n<a href=\"https:\/\/www.escolavirtual.gov.br\/curso\/1013\" target=\"_blank\"><span>ENAP<\/span> Servi\u00e7os no Portal Gov.br: Conceitos e Gest\u00e3o de Cadastros<\/a>\n<\/div>\n<div class=\"mesCapacitacao\">\n<strong>Fevereiro<\/strong>\n<a href=\"https:\/\/www.escolavirtual.gov.br\/curso\/1131\" target=\"_blank\"><span>ENAP<\/span> Como trabalhar e colaborar On-line<\/a>\n<a href=\"https:\/\/www.escolavirtual.gov.br\/curso\/1130\" target=\"_blank\"><span>ENAP<\/span> Como Trabalhar com Computadores e Dispositivos M\u00f3veis<\/a>\n<a href=\"https:\/\/www.escolavirtual.gov.br\/curso\/200\" target=\"_blank\"><span>ENAP<\/span> Prepara\u00e7\u00e3o para Aposentadoria &#8211; Caminhos<\/a>\n<a href=\"https:\/\/www.escolavirtual.gov.br\/curso\/445\" target=\"_blank\"><span>ENAP<\/span> Uso de M\u00eddias Sociais na Comunica\u00e7\u00e3o Institucional<\/a>\n<\/div>\n<div class=\"mesCapacitacao\">\n<strong>Mar\u00e7o<\/strong>\n<a href=\"https:\/\/www.escolavirtual.gov.br\/curso\/1351\" target=\"_blank\"> <span>ENAP<\/span> Inclus\u00e3o social e laboral das pessoas com defici\u00eancia intelectual ou transtorno do espectro autista <\/a>\n<a href=\"https:\/\/www.escolavirtual.gov.br\/curso\/861\" target=\"_blank\"> <span>ENAP<\/span> Intelig\u00eancia Artificial para simplificar o dia a dia <\/a>\n<a href=\"https:\/\/www.escolavirtual.gov.br\/curso\/1347\" target=\"_blank\"> <span>ENAP<\/span> Comunica\u00e7\u00e3o Assertiva: Orat\u00f3ria, Ret\u00f3rica e T\u00e9cnicas de Apresenta\u00e7\u00e3o <\/a>\n<a href=\"https:\/\/www.escolavirtual.gov.br\/curso\/518\" target=\"_blank\"><span>ENAP<\/span> Fundamentos da transforma\u00e7\u00e3o digital: mapeamento e automa\u00e7\u00e3o de processos<\/a>\n<\/div>\n<div class=\"mesCapacitacao\">\n<strong>Abril<\/strong>\n<a href=\"https:\/\/www.escolavirtual.gov.br\/curso\/488\" target=\"_blank\"><span>ENAP<\/span> Comunica\u00e7\u00e3o P\u00fablica e Comunica\u00e7\u00e3o de Governo<\/a>\n<a href=\"https:\/\/www.escolavirtual.gov.br\/curso\/419\" target=\"_blank\"><span>ENAP<\/span> Transforma\u00e7\u00e3o Digital no Servi\u00e7o P\u00fablico<\/a>\n<a href=\"https:\/\/www.escolavirtual.gov.br\/curso\/1054\" target=\"_blank\"><span>ENAP<\/span> Marcos Legais Antirracistas para Igualdade Racial<\/a>\n<a href=\"https:\/\/www.escolavirtual.gov.br\/curso\/836\" target=\"_blank\"><span>ENAP<\/span> Ass\u00e9dio Moral: O que saber e fazer<\/a>\n<a href=\"https:\/\/www.escolavirtual.gov.br\/curso\/377\" target=\"_blank\"><span>ENAP<\/span> Direito e Novas Tecnologias<\/a>\n<\/div>\n<div class=\"mesCapacitacao\">\n<strong>Maio<\/strong>\n<a href=\"https:\/\/www.escolavirtual.gov.br\/curso\/323\" target=\"_blank\"><span>ENAP<\/span> Intelig\u00eancia Artificial no Contexto do Servi\u00e7o P\u00fablico<\/a>\n<a href=\"https:\/\/www.escolavirtual.gov.br\/curso\/672\" target=\"_blank\"><span>ENAP<\/span> Mindfulness para Redu\u00e7\u00e3o de Ansiedade no Teletrabalho<\/a>\n<a href=\"https:\/\/www.escolavirtual.gov.br\/curso\/924\" target=\"_blank\"><span>ENAP<\/span> Inclus\u00e3o de g\u00eanero na ponta da l\u00edngua<\/a>\n<a href=\"https:\/\/www.escolavirtual.gov.br\/curso\/916\" target=\"_blank\"><span>ENAP<\/span> Fundamentos de Seguran\u00e7a da Informa\u00e7\u00e3o na Transforma\u00e7\u00e3o Digital<\/a>\n<\/div>\n<div class=\"mesCapacitacao\">\n<strong>Junho<\/strong>\n<a href=\"https:\/\/www.escolavirtual.gov.br\/curso\/315\" target=\"_blank\"><span>ENAP<\/span> Primeiros passos para uso de Linguagem Simples<\/a>\n<a href=\"https:\/\/www.escolavirtual.gov.br\/curso\/175\" target=\"_blank\"><span>ENAP<\/span> Gest\u00e3o por Compet\u00eancias<\/a>\n<a href=\"https:\/\/www.escolavirtual.gov.br\/curso\/318\" target=\"_blank\"><span>ENAP<\/span> Intelig\u00eancia Emocional<\/a>\n<a href=\"https:\/\/www.escolavirtual.gov.br\/curso\/615\" target=\"_blank\"><span>ENAP<\/span> Acessibilidade na Comunica\u00e7\u00e3o<\/a>\n<a href=\"https:\/\/www.escolavirtual.gov.br\/curso\/301\" target=\"_blank\"><span>ENAP<\/span> Teletrabalho e Educa\u00e7\u00e3o a Dist\u00e2ncia<\/a>\n<\/div>\n<div class=\"mesCapacitacao\">\n<strong>Julho<\/strong>\n<a href=\"https:\/\/www.escolavirtual.gov.br\/curso\/252\" target=\"_blank\"><span>ENAP<\/span> Mundo Conectado \u2013 Manual de Sobreviv\u00eancia<\/a>\n<a href=\"https:\/\/www.escolavirtual.gov.br\/curso\/367\" target=\"_blank\"><span>ENAP<\/span> Novas Tecnologias para a Transforma\u00e7\u00e3o Digital<\/a>\n<a href=\"https:\/\/www.escolavirtual.gov.br\/curso\/395\" target=\"_blank\"><span>ENAP<\/span> Scrum no Contexto do Servi\u00e7o P\u00fablico<\/a>\n<\/div>\n<div class=\"mesCapacitacao\">\n<strong>Agosto<\/strong>\n<a href=\"https:\/\/www.escolavirtual.gov.br\/curso\/553\" target=\"_blank\"><span>ENAP<\/span> Projeto de interface para Servi\u00e7os Digitais<\/a>\n<a href=\"https:\/\/www.escolavirtual.gov.br\/curso\/859\" target=\"_blank\"><span>ENAP<\/span> Uso respons\u00e1vel das TICs<\/a>\n<a href=\"https:\/\/www.escolavirtual.gov.br\/curso\/468\" target=\"_blank\"><span>ENAP<\/span> Gest\u00e3o do Tempo e Produtividade<\/a>\n<\/div>\n<div class=\"mesCapacitacao\">\n<strong>Setembro<\/strong>\n<a href=\"https:\/\/www.escolavirtual.gov.br\/curso\/529\" target=\"_blank\"><span>ENAP<\/span> Como implementar a LGPD: bases, mecanismos e processos<\/a>\n<a href=\"https:\/\/www.escolavirtual.gov.br\/curso\/957\" target=\"_blank\"><span>ENAP<\/span> Gest\u00e3o de Equipes H\u00edbridas e Desafios para a Cultura Organizacional<\/a>\n<a href=\"https:\/\/www.escolavirtual.gov.br\/curso\/459\" target=\"_blank\"><span>ENAP<\/span> Introdu\u00e7\u00e3o ao Excel<\/a>\n<\/div>\n<div class=\"mesCapacitacao\">\n<strong>Outubro<\/strong>\n<a href=\"https:\/\/www.escolavirtual.gov.br\/curso\/1337\" target=\"_blank\"><span>ENAP<\/span> Gest\u00e3o de Conflitos<\/a>\n<a href=\"https:\/\/www.escolavirtual.gov.br\/curso\/1052\" target=\"_blank\"><span>ENAP<\/span> SEI! USAR 4.0<\/a>\n<a href=\"https:\/\/www.escolavirtual.gov.br\/curso\/545\" target=\"_blank\"><span>ENAP<\/span> SEI! Usar para Deficientes Visuais<\/a>\n<a href=\"https:\/\/www.escolavirtual.gov.br\/curso\/1275\" target=\"_blank\"><span>ENAP<\/span> Excel Intermedi\u00e1rio<\/a>\n<\/div>\n<div class=\"mesCapacitacao\">\n<strong>Novembro<\/strong>\n<a href=\"https:\/\/www.escolavirtual.gov.br\/curso\/812\" target=\"_blank\"><span>ENAP<\/span> Soft Skills na Transforma\u00e7\u00e3o Digital<\/a>\n<a href=\"https:\/\/www.escolavirtual.gov.br\/curso\/773\" target=\"_blank\"><span>ENAP<\/span> E-lideran\u00e7a: como gerenciar e liderar equipes em ambientes remotos<\/a>\n<a href=\"https:\/\/www.escolavirtual.gov.br\/curso\/1274\" target=\"_blank\"><span>ENAP<\/span> Excel Avan\u00e7ado<\/a>\n<\/div>\n<div class=\"mesCapacitacao\">\n<strong>Dezembro<\/strong>\n<a href=\"https:\/\/www.escolavirtual.gov.br\/curso\/1439\" target=\"_blank\"><span>ENAP<\/span> Engenharia de prompt eficaz para servidores p\u00fablicos<\/a>\n<a href=\"https:\/\/www.escolavirtual.gov.br\/curso\/1395\" target=\"_blank\"><span>ENAP<\/span> IA &#8211; Aplica\u00e7\u00f5es no Governo Federal<\/a>\n<a href=\"https:\/\/www.escolavirtual.gov.br\/curso\/467\" target=\"_blank\"><span>ENAP<\/span> Criatividade e Inova\u00e7\u00e3o Aplicada ao Servi\u00e7o P\u00fablico<\/a>\n<\/div>\n<\/div>\n<div class=\"paragrafoComumStyle\">Abaixo, disponibilizamos links de algumas plataformas que ofertam cursos a dist\u00e2ncia gratuitos.<\/div>\n<div class=\"acoesContainer\"> <a href=\"https:\/\/www.escolavirtual.gov.br\/catalogo\" target=\"_blank\"><img class=\"aligncenter size-full wp-image-22280\" src=\"https:\/\/wp.ufpel.edu.br\/progep\/files\/2023\/01\/ICONE-EVG.png\" alt=\"\" width=\"328\" height=\"184\" \/><\/a><br \/>\n<a href=\"https:\/\/lumina.ufrgs.br\/\" target=\"_blank\"><img class=\"aligncenter size-medium wp-image-22281\" src=\"https:\/\/wp.ufpel.edu.br\/progep\/files\/2023\/01\/ICONE-LUMINA-400x180.png\" alt=\"\" width=\"400\" height=\"180\" srcset=\"https:\/\/wp.ufpel.edu.br\/progep\/files\/2023\/01\/ICONE-LUMINA-400x180.png 400w, https:\/\/wp.ufpel.edu.br\/progep\/files\/2023\/01\/ICONE-LUMINA.png 516w\" sizes=\"(max-width: 400px) 100vw, 400px\" \/><\/a><br \/>\n<a href=\"https:\/\/poca.ufscar.br\/\" target=\"_blank\"><img class=\"aligncenter size-medium wp-image-22282\" src=\"https:\/\/wp.ufpel.edu.br\/progep\/files\/2023\/01\/ICONE-POCA-400x180.png\" alt=\"\" width=\"400\" height=\"180\" srcset=\"https:\/\/wp.ufpel.edu.br\/progep\/files\/2023\/01\/ICONE-POCA-400x180.png 400w, https:\/\/wp.ufpel.edu.br\/progep\/files\/2023\/01\/ICONE-POCA.png 516w\" sizes=\"(max-width: 400px) 100vw, 400px\" \/><\/a><br \/>\n<a href=\"https:\/\/moodle.ifrs.edu.br\/course\/index.php?categoryid=38\" target=\"_blank\"><img class=\"aligncenter size-medium wp-image-22283\" src=\"https:\/\/wp.ufpel.edu.br\/progep\/files\/2023\/01\/IFSUL-PAGINA-400x165.jpg\" alt=\"\" width=\"400\" height=\"165\" srcset=\"https:\/\/wp.ufpel.edu.br\/progep\/files\/2023\/01\/IFSUL-PAGINA-400x165.jpg 400w, https:\/\/wp.ufpel.edu.br\/progep\/files\/2023\/01\/IFSUL-PAGINA-768x317.jpg 768w, https:\/\/wp.ufpel.edu.br\/progep\/files\/2023\/01\/IFSUL-PAGINA.jpg 854w\" sizes=\"(max-width: 400px) 100vw, 400px\" \/><\/a><br \/>\n<a href=\"https:\/\/www.ev.org.br\/cursos\" target=\"_blank\"><img class=\"aligncenter wp-image-22284\" src=\"https:\/\/wp.ufpel.edu.br\/progep\/files\/2023\/01\/ICONE-FUNDACAO-BRADESCO.png\" alt=\"\" width=\"466\" height=\"61\" \/><\/a><br \/>\n<a href=\"https:\/\/saberes.senado.leg.br\/\" target=\"_blank\"><img class=\"aligncenter size-medium wp-image-22285\" src=\"https:\/\/wp.ufpel.edu.br\/progep\/files\/2023\/01\/ICONE-ILB-400x93.png\" alt=\"\" width=\"400\" height=\"93\" srcset=\"https:\/\/wp.ufpel.edu.br\/progep\/files\/2023\/01\/ICONE-ILB-400x93.png 400w, https:\/\/wp.ufpel.edu.br\/progep\/files\/2023\/01\/ICONE-ILB.png 647w\" sizes=\"(max-width: 400px) 100vw, 400px\" \/><\/a><br \/>\n<a href=\"https:\/\/portal.tcu.gov.br\/instituto-serzedello-correa\" target=\"_blank\"><img class=\"aligncenter size-full wp-image-22286\" src=\"https:\/\/wp.ufpel.edu.br\/progep\/files\/2023\/01\/ICONE-Serzedello.png\" alt=\"\" width=\"200\" height=\"145\" \/><\/a>\n<\/div>","protected":false},"excerpt":{"rendered":"<p>Dicas do M\u00eas Al\u00e9m das a\u00e7\u00f5es de capacita\u00e7\u00f5es ofertadas pela Coordena\u00e7\u00e3o de Desenvolvimento de Pessoal &#8211; CDP, os\/as servidores(as) podem a qualquer momento realizar cursos a dist\u00e2ncia em diversas escolas de governo ou institui\u00e7\u00f5es p\u00fablicas criadas com a finalidade de promover a forma\u00e7\u00e3o e o aperfei\u00e7oamento dos agentes p\u00fablicos, de forma gratuita, na modalidade a [&hellip;]<\/p>\n","protected":false},"author":21,"featured_media":0,"parent":0,"menu_order":0,"comment_status":"closed","ping_status":"closed","template":"page-sem-sidebar.php","meta":{"footnotes":""},"class_list":["post-22037","page","type-page","status-publish","hentry"],"_links":{"self":[{"href":"https:\/\/wp.ufpel.edu.br\/progep\/wp-json\/wp\/v2\/pages\/22037","targetHints":{"allow":["GET"]}}],"collection":[{"href":"https:\/\/wp.ufpel.edu.br\/progep\/wp-json\/wp\/v2\/pages"}],"about":[{"href":"https:\/\/wp.ufpel.edu.br\/progep\/wp-json\/wp\/v2\/types\/page"}],"author":[{"embeddable":true,"href":"https:\/\/wp.ufpel.edu.br\/progep\/wp-json\/wp\/v2\/users\/21"}],"replies":[{"embeddable":true,"href":"https:\/\/wp.ufpel.edu.br\/progep\/wp-json\/wp\/v2\/comments?post=22037"}],"version-history":[{"count":2,"href":"https:\/\/wp.ufpel.edu.br\/progep\/wp-json\/wp\/v2\/pages\/22037\/revisions"}],"predecessor-version":[{"id":39984,"href":"https:\/\/wp.ufpel.edu.br\/progep\/wp-json\/wp\/v2\/pages\/22037\/revisions\/39984"}],"wp:attachment":[{"href":"https:\/\/wp.ufpel.edu.br\/progep\/wp-json\/wp\/v2\/media?parent=22037"}],"curies":[{"name":"wp","href":"https:\/\/api.w.org\/{rel}","templated":true}]}}