{"id":21987,"date":"2023-01-11T10:25:09","date_gmt":"2023-01-11T13:25:09","guid":{"rendered":"https:\/\/wp.ufpel.edu.br\/progep\/?page_id=21987"},"modified":"2025-12-26T18:11:34","modified_gmt":"2025-12-26T21:11:34","slug":"convocacoes-edital-20-2022","status":"publish","type":"page","link":"https:\/\/wp.ufpel.edu.br\/progep\/convocacoes-edital-20-2022\/","title":{"rendered":"Convoca\u00e7\u00f5es &#8211; Edital 20\/2022"},"content":{"rendered":"\n<div class=\"wp-block-group\"><div class=\"wp-block-group__inner-container is-layout-constrained wp-block-group-is-layout-constrained\">\n<div class=\"logoTituloModelStyle\"><img class=\"size-medium wp-image-27184 alignleft\" src=\"https:\/\/wp.ufpel.edu.br\/progep\/files\/2025\/03\/logo-progep_atualizacao-nome_AZUL.png\" style=\"padding:0\" alt=\"\" \/><\/p>\n<div style=\"padding: 2rem 0\"><strong>Convoca\u00e7\u00f5es- Edital 20\/2022<\/strong><\/div>\n<\/div>\n<hr class=\"hrModelStyle\" \/>\n<div class=\"descriptionModelStyle\">Acompanhe nesta p\u00e1gina a publica\u00e7\u00e3o dos\/as nomeados\/as para servidores\/as docentes na UFPEL.<\/div>\n<\/div><\/div>\n\n\n<div class=\"pagNomeacoesStyle\">\n<p> Confira a p\u00e1gina com as informa\u00e7\u00f5es a respeito do certame: <\/p>\n<p><a href=\"https:\/\/ces.ufpel.edu.br\/conctecadmed0020_2022\/\" target=\"_blank\">Certame do Edital 20\/2022<\/a><\/p>\n<div class=\"titleStyle\"><strong>Ampla Concorr\u00eancia<\/strong><\/div> \n\n<table id=\"tablepress-185\" class=\"tablepress tablepress-id-185\">\n<thead>\n<tr class=\"row-1\">\n\t<th class=\"column-1\">Processo\/Unidade\/\u00c1rea<br \/>\nClasse<\/th><th class=\"column-2\">Classif.<\/th><th class=\"column-3\">Aprovados<\/th><th class=\"column-4\">Situa\u00e7\u00e3o<\/th>\n<\/tr>\n<\/thead>\n<tbody class=\"row-striping row-hover\">\n<tr class=\"row-2\">\n\t<td class=\"column-1\"><strong>23110.032332\/2022-25<\/strong><br \/>\n<br \/>\nCentro de Artes<br \/>\n<br \/>\nDan\u00e7as Modernas<\/td><td class=\"column-2\">1\u00b0<\/td><td class=\"column-3\">Jeferson de Oliveira Cabral<\/td><td class=\"column-4\">Convocado em 19\/01\/2023<\/td>\n<\/tr>\n<tr class=\"row-3\">\n\t<td class=\"column-1\"><strong>23110.003341\/2022-17<\/strong><br \/>\n<br \/>\nCentro de Artes<br \/>\n<br \/>\nPr\u00e1tica Art\u00edstico-Pedag\u00f3gica em Dan\u00e7as Afro-Brasileiras<\/td><td class=\"column-2\">1\u00b0<\/td><td class=\"column-3\">Jeferson de Oliveira Cabral<\/td><td class=\"column-4\">Desist\u00eancia<\/td>\n<\/tr>\n<tr class=\"row-4\">\n\t<td class=\"column-1\"><\/td><td class=\"column-2\">2\u00b0<\/td><td class=\"column-3\">Robson Teixeira Porto<\/td><td class=\"column-4\">Convocado em 17\/03\/2023<\/td>\n<\/tr>\n<tr class=\"row-5\">\n\t<td class=\"column-1\"><\/td><td class=\"column-2\">3\u00b0<\/td><td class=\"column-3\">Amanda Santos Silveira<\/td><td class=\"column-4\"><\/td>\n<\/tr>\n<tr class=\"row-6\">\n\t<td class=\"column-1\"><\/td><td class=\"column-2\">4\u00b0<\/td><td class=\"column-3\">Karen Tolentino de Pires<\/td><td class=\"column-4\"><\/td>\n<\/tr>\n<tr class=\"row-7\">\n\t<td class=\"column-1\"><\/td><td class=\"column-2\">5\u00b0<\/td><td class=\"column-3\">J\u00e9ssica Oliveira da Carvalho<\/td><td class=\"column-4\"><\/td>\n<\/tr>\n<tr class=\"row-8\">\n\t<td class=\"column-1\"><strong>23110.032549\/2022-35<\/strong><br \/>\n<br \/>\nCentro de Artes<br \/>\n<br \/>\nM\u00fasica Popular<\/td><td class=\"column-2\">1\u00b0<\/td><td class=\"column-3\">Clarissa Figueir\u00f3 Ferreira<\/td><td class=\"column-4\">Convocada em 17\/01\/2023<\/td>\n<\/tr>\n<tr class=\"row-9\">\n\t<td class=\"column-1\"><\/td><td class=\"column-2\">2\u00b0<\/td><td class=\"column-3\">Matheus Kleber<\/td><td class=\"column-4\"><s>Convocado em 05\/08\/2024<\/s><br \/>\nDesist\u00eancia<\/td>\n<\/tr>\n<tr class=\"row-10\">\n\t<td class=\"column-1\"><\/td><td class=\"column-2\">3\u00b0<\/td><td class=\"column-3\">Davi Raubach Tuchtenhagen<\/td><td class=\"column-4\">Convocado em 15\/08\/2024<\/td>\n<\/tr>\n<tr class=\"row-11\">\n\t<td class=\"column-1\"><strong>23110.033604\/2022-12<\/strong><br \/>\n<br \/>\nCentro de Artes<br \/>\n<br \/>\nViol\u00e3o<\/td><td class=\"column-2\">1\u00b0<\/td><td class=\"column-3\">Alu\u00edsio Coelho Barros<\/td><td class=\"column-4\">Convocado em 18\/01\/2023<\/td>\n<\/tr>\n<tr class=\"row-12\">\n\t<td class=\"column-1\"><strong>23110.033603\/2022-60<\/strong><br \/>\n<br \/>\nCentro de Artes<br \/>\n<br \/>\nCanto<\/td><td class=\"column-2\">1\u00b0<\/td><td class=\"column-3\">Yasmini Thomas de Vargas<\/td><td class=\"column-4\">Desist\u00eancia<\/td>\n<\/tr>\n<tr class=\"row-13\">\n\t<td class=\"column-1\"><strong>23110.031200\/2022-86<\/strong><br \/>\n<br \/>\nCentro de Ci\u00eancias Socio-Organizacionais<br \/>\n<br \/>\nCi\u00eancias Sociais Aplicadas: Administra\u00e7\u00e3o<\/td><td class=\"column-2\">1\u00b0<\/td><td class=\"column-3\">Rodrigo Duarte Faccin<\/td><td class=\"column-4\">Desist\u00eancia<\/td>\n<\/tr>\n<tr class=\"row-14\">\n\t<td class=\"column-1\"><\/td><td class=\"column-2\">2\u00b0<\/td><td class=\"column-3\">Amanda Ribeiro da Luz<\/td><td class=\"column-4\">Desist\u00eancia<\/td>\n<\/tr>\n<tr class=\"row-15\">\n\t<td class=\"column-1\"><\/td><td class=\"column-2\">3\u00b0<\/td><td class=\"column-3\">Lia Beatriz Gomes Vict\u00f3ria<\/td><td class=\"column-4\">Convocada em 23\/01\/2023<\/td>\n<\/tr>\n<tr class=\"row-16\">\n\t<td class=\"column-1\"><strong>23110.027377\/2022-88<\/strong><br \/>\n<br \/>\nCentro de Integra\u00e7\u00e3o do Mercosul<br \/>\n<br \/>\nAdministra\u00e7\u00e3o OU Hotelaria<\/td><td class=\"column-2\">1\u00b0<\/td><td class=\"column-3\">Let\u00edcia Oliveira de Menezes<\/td><td class=\"column-4\">Convocada em 19\/01\/2023<\/td>\n<\/tr>\n<tr class=\"row-17\">\n\t<td class=\"column-1\"><\/td><td class=\"column-2\">2\u00b0<\/td><td class=\"column-3\">Cristiane Hoffmann Moreira<\/td><td class=\"column-4\"><\/td>\n<\/tr>\n<tr class=\"row-18\">\n\t<td class=\"column-1\"><\/td><td class=\"column-2\">3\u00b0<\/td><td class=\"column-3\">Alessandra Bandeira da Rosa<\/td><td class=\"column-4\"><\/td>\n<\/tr>\n<tr class=\"row-19\">\n\t<td class=\"column-1\"><\/td><td class=\"column-2\">4\u00b0<\/td><td class=\"column-3\">Gisele Magrini Garcia<\/td><td class=\"column-4\"><\/td>\n<\/tr>\n<tr class=\"row-20\">\n\t<td class=\"column-1\"><\/td><td class=\"column-2\">5\u00b0<\/td><td class=\"column-3\">Fernanda Winck Moraes<\/td><td class=\"column-4\"><\/td>\n<\/tr>\n<tr class=\"row-21\">\n\t<td class=\"column-1\"><strong>23110.003848\/2022-62<\/strong><br \/>\n<br \/>\nCentro de Desenvolvimento Tecnol\u00f3gico<br \/>\n<br \/>\nCi\u00eancia da Computa\u00e7\u00e3o<\/td><td class=\"column-2\">1\u00b0<\/td><td class=\"column-3\">Maicon Schneider Cardoso<\/td><td class=\"column-4\">Convocado em 18\/01\/2023<\/td>\n<\/tr>\n<tr class=\"row-22\">\n\t<td class=\"column-1\"><\/td><td class=\"column-2\">2\u00b0<\/td><td class=\"column-3\">Mirian Blank Born<\/td><td class=\"column-4\">Convocada em 03\/04\/2023<\/td>\n<\/tr>\n<tr class=\"row-23\">\n\t<td class=\"column-1\"><\/td><td class=\"column-2\">3\u00b0<\/td><td class=\"column-3\">Diogo Jo\u00e3o Cardoso<\/td><td class=\"column-4\">Convocado em 21\/12\/2023<\/td>\n<\/tr>\n<tr class=\"row-24\">\n\t<td class=\"column-1\"><strong>23110.032116\/2022-80<\/strong><br \/>\n<br \/>\nCentro de Letras e Comunica\u00e7\u00e3o<br \/>\n<br \/>\nJornalismo e Editora\u00e7\u00e3o<\/td><td class=\"column-2\">1\u00b0<\/td><td class=\"column-3\">Guilherme Oliveira Curi<\/td><td class=\"column-4\">Convocado em 16\/02\/2023<\/td>\n<\/tr>\n<tr class=\"row-25\">\n\t<td class=\"column-1\"><\/td><td class=\"column-2\">2\u00b0<\/td><td class=\"column-3\">Marlon Santa Maria Dias<\/td><td class=\"column-4\">Convocado em 18\/06\/2024<br \/>\n<br \/>\nDesist\u00eancia<\/td>\n<\/tr>\n<tr class=\"row-26\">\n\t<td class=\"column-1\"><\/td><td class=\"column-2\">3\u00b0<\/td><td class=\"column-3\">Ciro Augusto Francisconi Gotz<\/td><td class=\"column-4\">Convocado em 19\/06\/2024<\/td>\n<\/tr>\n<tr class=\"row-27\">\n\t<td class=\"column-1\"><\/td><td class=\"column-2\">4\u00b0<\/td><td class=\"column-3\">Marizandra Rutilli<\/td><td class=\"column-4\"><\/td>\n<\/tr>\n<tr class=\"row-28\">\n\t<td class=\"column-1\"><\/td><td class=\"column-2\">5\u00b0<\/td><td class=\"column-3\">Taiane de Oliveira Volcan<\/td><td class=\"column-4\"><\/td>\n<\/tr>\n<tr class=\"row-29\">\n\t<td class=\"column-1\"><strong>23110.031947\/2022-34<\/strong><br \/>\n<br \/>\nCentro de Letras e Comunica\u00e7\u00e3o<br \/>\n<br \/>\nLiteratura<\/td><td class=\"column-2\">1\u00b0<\/td><td class=\"column-3\">Patr\u00edcia dos Santos Silveira<\/td><td class=\"column-4\">Convocada em 16\/02\/2023<\/td>\n<\/tr>\n<tr class=\"row-30\">\n\t<td class=\"column-1\"><\/td><td class=\"column-2\">2\u00b0<\/td><td class=\"column-3\">Priscila Oliveira Monteiro Moreira<\/td><td class=\"column-4\">Convocada em 13\/03\/2024<\/td>\n<\/tr>\n<tr class=\"row-31\">\n\t<td class=\"column-1\"><strong>23110.031921\/2022-96<\/strong><br \/>\n<br \/>\nCentro de Letras e Comunica\u00e7\u00e3o<br \/>\n<br \/>\nL\u00ednguas Estrangeiras Modernas \u2013 L\u00edngua Francesa<\/td><td class=\"column-2\">1\u00b0<\/td><td class=\"column-3\">Renata Lopes Ara\u00fajo<\/td><td class=\"column-4\">Convocada em 06\/04\/2023<\/td>\n<\/tr>\n<tr class=\"row-32\">\n\t<td class=\"column-1\"><strong>23110.031950\/2022-58<\/strong><br \/>\n<br \/>\nCentro de Letras e Comunica\u00e7\u00e3o<br \/>\n<br \/>\nLingu\u00edstica e Ensino<\/td><td class=\"column-2\">1\u00b0<\/td><td class=\"column-3\">Marlise Buchweitz Klug<\/td><td class=\"column-4\">Convocada em 19\/01\/2023<\/td>\n<\/tr>\n<tr class=\"row-33\">\n\t<td class=\"column-1\"><\/td><td class=\"column-2\">2\u00b0<\/td><td class=\"column-3\">Alessandra Belletti Figueira Mulling<\/td><td class=\"column-4\">Desist\u00eancia<\/td>\n<\/tr>\n<tr class=\"row-34\">\n\t<td class=\"column-1\"><strong>23110.032497\/2022-05<\/strong><br \/>\n<br \/>\nFaculdade de Agronomia Eliseu Maciel<br \/>\n<br \/>\nSilvicultura<\/td><td class=\"column-2\">1\u00b0<\/td><td class=\"column-3\">Jessica Mengue Rolim<\/td><td class=\"column-4\">Desist\u00eancia<\/td>\n<\/tr>\n<tr class=\"row-35\">\n\t<td class=\"column-1\"><\/td><td class=\"column-2\">2\u00b0<\/td><td class=\"column-3\">Renan Navroski<\/td><td class=\"column-4\">Desist\u00eancia<\/td>\n<\/tr>\n<tr class=\"row-36\">\n\t<td class=\"column-1\"><\/td><td class=\"column-2\">3\u00b0<\/td><td class=\"column-3\">Marines Batalha Moreno Kirinus<\/td><td class=\"column-4\">Desist\u00eancia<\/td>\n<\/tr>\n<tr class=\"row-37\">\n\t<td class=\"column-1\"><strong>23110.031194\/2022-67<\/strong><br \/>\n<br \/>\nFaculdade de Arquitetura e Urbanismo<br \/>\n<br \/>\nEstrutura e Instala\u00e7\u00f5es<\/td><td class=\"column-2\">1\u00b0<\/td><td class=\"column-3\">Luiz Gustavo Zuliani da Silva<\/td><td class=\"column-4\">Convocado em 18\/01\/2023<\/td>\n<\/tr>\n<tr class=\"row-38\">\n\t<td class=\"column-1\"><strong>23110.036419\/2022-71<\/strong><br \/>\n<br \/>\nFaculdade de Direito<br \/>\n<br \/>\nPr\u00e1tica Penal e Trabalhista<\/td><td class=\"column-2\">1\u00b0<\/td><td class=\"column-3\">Rafaela Peres Castanho<\/td><td class=\"column-4\">Convocada em 24\/01\/2023<\/td>\n<\/tr>\n<tr class=\"row-39\">\n\t<td class=\"column-1\"><\/td><td class=\"column-2\">2\u00b0<\/td><td class=\"column-3\">Nat\u00e1lia Centeno Rodrigues<\/td><td class=\"column-4\">Convocada em 09\/02\/2024<\/td>\n<\/tr>\n<tr class=\"row-40\">\n\t<td class=\"column-1\"><\/td><td class=\"column-2\">3\u00b0<\/td><td class=\"column-3\">Ta\u00edsa Gabriela Soares<\/td><td class=\"column-4\">Convocada em 26\/02\/2024<\/td>\n<\/tr>\n<tr class=\"row-41\">\n\t<td class=\"column-1\"><\/td><td class=\"column-2\">4\u00b0<\/td><td class=\"column-3\">Marina Nogueira Madruga<\/td><td class=\"column-4\"><\/td>\n<\/tr>\n<tr class=\"row-42\">\n\t<td class=\"column-1\"><\/td><td class=\"column-2\">5\u00b0<\/td><td class=\"column-3\">Aline Louren\u00e7o de Ornel<\/td><td class=\"column-4\"><\/td>\n<\/tr>\n<tr class=\"row-43\">\n\t<td class=\"column-1\"><strong>23110.034041\/2022-71<\/strong><br \/>\n<br \/>\nFaculdade de Enfermagem<br \/>\n<br \/>\nEnfermagem \u2013 Sa\u00fade do Adulto e Fam\u00edlia<\/td><td class=\"column-2\">1\u00b0<\/td><td class=\"column-3\">Josiele de Lima Neves<\/td><td class=\"column-4\">Convocada em 06\/04\/2023<\/td>\n<\/tr>\n<tr class=\"row-44\">\n\t<td class=\"column-1\"><\/td><td class=\"column-2\">2\u00b0<\/td><td class=\"column-3\">Lilian Cruz Souto de Oliveira Sperb<\/td><td class=\"column-4\">Convocada em 08\/03\/2024<\/td>\n<\/tr>\n<tr class=\"row-45\">\n\t<td class=\"column-1\"><strong>23110.026472\/2022-64<\/strong><br \/>\n<br \/>\nFaculdade de Medicina<br \/>\n<br \/>\nCl\u00ednica M\u00e9dica \u2013 Gastroenterologia<\/td><td class=\"column-2\">1\u00b0<\/td><td class=\"column-3\">Gustavo Gonzales Real<\/td><td class=\"column-4\">Desist\u00eancia<\/td>\n<\/tr>\n<tr class=\"row-46\">\n\t<td class=\"column-1\"><\/td><td class=\"column-2\">2\u00b0<\/td><td class=\"column-3\">Caroline Borges de Castro<\/td><td class=\"column-4\">Convocada em 24\/01\/2023<\/td>\n<\/tr>\n<tr class=\"row-47\">\n\t<td class=\"column-1\"><strong>23110.022414\/2022-61<\/strong><br \/>\n<br \/>\nFaculdade de Medicina<br \/>\n<br \/>\nEpidemiologia<\/td><td class=\"column-2\">1\u00b0<\/td><td class=\"column-3\">Francine dos Santos Costa<\/td><td class=\"column-4\">Convocada em 19\/01\/2023<\/td>\n<\/tr>\n<tr class=\"row-48\">\n\t<td class=\"column-1\"><\/td><td class=\"column-2\">2\u00b0<\/td><td class=\"column-3\">Thayn\u00e3 Ramos Flores Nunes<\/td><td class=\"column-4\"><\/td>\n<\/tr>\n<tr class=\"row-49\">\n\t<td class=\"column-1\"><\/td><td class=\"column-2\">3\u00b0<\/td><td class=\"column-3\">Ot\u00e1vio Amaral de Andrade Le\u00e3o<\/td><td class=\"column-4\"><\/td>\n<\/tr>\n<tr class=\"row-50\">\n\t<td class=\"column-1\"><strong>23110.025765\/2022-24<\/strong><br \/>\n<br \/>\nFaculdade de Medicina<br \/>\n<br \/>\nAten\u00e7\u00e3o B\u00e1sica \u00e0 Sa\u00fade<\/td><td class=\"column-2\">1\u00b0<\/td><td class=\"column-3\">Mateus Guimar\u00e3es Kuss<\/td><td class=\"column-4\">Convocado em 17\/01\/2023<\/td>\n<\/tr>\n<tr class=\"row-51\">\n\t<td class=\"column-1\"><strong>23110.032778\/2022-50<\/strong><br \/>\n<br \/>\nFaculdade de Nutri\u00e7\u00e3o<br \/>\n<br \/>\nGastronomia<\/td><td class=\"column-2\">1\u00b0<\/td><td class=\"column-3\">Iuri Yudi Furukita Baptista<\/td><td class=\"column-4\">Convocado em 01\/03\/2023<\/td>\n<\/tr>\n<tr class=\"row-52\">\n\t<td class=\"column-1\"><\/td><td class=\"column-2\">2\u00b0<\/td><td class=\"column-3\">Guilherme Rodrigues de Rodrigues<\/td><td class=\"column-4\">Desist\u00eancia<\/td>\n<\/tr>\n<tr class=\"row-53\">\n\t<td class=\"column-1\"><\/td><td class=\"column-2\">3\u00b0<\/td><td class=\"column-3\">Izabel Cristina Fernandes de Souza<\/td><td class=\"column-4\">Convocada em 04\/07\/2023<\/td>\n<\/tr>\n<tr class=\"row-54\">\n\t<td class=\"column-1\"><\/td><td class=\"column-2\">4\u00b0<\/td><td class=\"column-3\">Mar\u00edlia Ribeiro Azambuja<\/td><td class=\"column-4\">Convocada em 07\/07\/2023<\/td>\n<\/tr>\n<tr class=\"row-55\">\n\t<td class=\"column-1\"><\/td><td class=\"column-2\">5\u00b0<\/td><td class=\"column-3\">Jos\u00e9 Alves Lag\u00f4a Junior<\/td><td class=\"column-4\">Convocado em 30\/10\/2023<\/td>\n<\/tr>\n<tr class=\"row-56\">\n\t<td class=\"column-1\"><strong>23110.037476\/2022-78<\/strong><br \/>\n<br \/>\nFaculdade de Veterin\u00e1ria<br \/>\n<br \/>\nReprodu\u00e7\u00e3o Animal<\/td><td class=\"column-2\">1\u00b0<\/td><td class=\"column-3\">Sergio Farias Vargas J\u00fanior<\/td><td class=\"column-4\">Convocado em 18\/01\/2023<\/td>\n<\/tr>\n<tr class=\"row-57\">\n\t<td class=\"column-1\"><\/td><td class=\"column-2\">2\u00b0<\/td><td class=\"column-3\">Fabiane Pereira de Moraes<\/td><td class=\"column-4\">Convocada em 19\/01\/2023<\/td>\n<\/tr>\n<tr class=\"row-58\">\n\t<td class=\"column-1\"><\/td><td class=\"column-2\">3\u00b0<\/td><td class=\"column-3\">Maria Eduarda Bicca Dode<\/td><td class=\"column-4\"><\/td>\n<\/tr>\n<tr class=\"row-59\">\n\t<td class=\"column-1\"><strong>23110.031902\/2022-60<\/strong><br \/>\n<br \/>\nInstituto de Ci\u00eancias Humanas<br \/>\n<br \/>\nM\u00e9todos Quantitativos em Economia<\/td><td class=\"column-2\">1\u00b0<\/td><td class=\"column-3\">Alexandre Rodrigues Loures<\/td><td class=\"column-4\">Convocado em 18\/01\/2023<\/td>\n<\/tr>\n<tr class=\"row-60\">\n\t<td class=\"column-1\"><strong>23110.033043\/2022-43<\/strong><br \/>\n<br \/>\nInstituto de Ci\u00eancias Humanas<br \/>\n<br \/>\nGeografia Humana<\/td><td class=\"column-2\">1\u00b0<\/td><td class=\"column-3\">Theo Soares de Lima<\/td><td class=\"column-4\">Convocado em 17\/02\/2023<\/td>\n<\/tr>\n<tr class=\"row-61\">\n\t<td class=\"column-1\"><\/td><td class=\"column-2\">2\u00b0<\/td><td class=\"column-3\">Rog\u00e9rio Amaral Pereira<\/td><td class=\"column-4\">Convocado em 04\/07\/2023<\/td>\n<\/tr>\n<tr class=\"row-62\">\n\t<td class=\"column-1\"><\/td><td class=\"column-2\">3\u00b0<\/td><td class=\"column-3\">Nat\u00e1lia Daniela Soares S\u00e1 Britto<\/td><td class=\"column-4\">Convocada em 11\/07\/2024<\/td>\n<\/tr>\n<tr class=\"row-63\">\n\t<td class=\"column-1\"><\/td><td class=\"column-2\">4\u00b0<\/td><td class=\"column-3\">Andrea Maio Ortigara<\/td><td class=\"column-4\"><\/td>\n<\/tr>\n<tr class=\"row-64\">\n\t<td class=\"column-1\"><strong>23110.031619\/2022-38<\/strong><br \/>\n<br \/>\nInstituto de Ci\u00eancias Humanas<br \/>\n<br \/>\nHist\u00f3ria<\/td><td class=\"column-2\">1\u00b0<\/td><td class=\"column-3\">Olivia Silva Nery<\/td><td class=\"column-4\">Convocada em 17\/02\/2023<\/td>\n<\/tr>\n<tr class=\"row-65\">\n\t<td class=\"column-1\"><\/td><td class=\"column-2\">2\u00b0<\/td><td class=\"column-3\">Nat\u00e1lia Garcia Pinto<\/td><td class=\"column-4\">Desist\u00eancia<\/td>\n<\/tr>\n<tr class=\"row-66\">\n\t<td class=\"column-1\"><\/td><td class=\"column-2\">3\u00b0<\/td><td class=\"column-3\">Leonardo de Oliveira Conedera<\/td><td class=\"column-4\">Convocado em 01\/04\/2024<\/td>\n<\/tr>\n<tr class=\"row-67\">\n\t<td class=\"column-1\"><\/td><td class=\"column-2\">4\u00b0<\/td><td class=\"column-3\">Mariluci Cardoso de Vargas<\/td><td class=\"column-4\"><\/td>\n<\/tr>\n<tr class=\"row-68\">\n\t<td class=\"column-1\"><\/td><td class=\"column-2\">5\u00b0<\/td><td class=\"column-3\">Biane Peverada Jaques<\/td><td class=\"column-4\"><\/td>\n<\/tr>\n<tr class=\"row-69\">\n\t<td class=\"column-1\"><strong>23110.032903\/2022-21<\/strong><br \/>\n<br \/>\nInstituto de Filosofia, Sociologia e Pol\u00edtica<br \/>\n<br \/>\nSociologia <\/td><td class=\"column-2\">1\u00b0<\/td><td class=\"column-3\">S\u00edlvio C\u00e9sar Camargo<\/td><td class=\"column-4\">Convocado em 02\/06\/2023<\/td>\n<\/tr>\n<tr class=\"row-70\">\n\t<td class=\"column-1\"><\/td><td class=\"column-2\">2\u00b0<\/td><td class=\"column-3\">Ana Paula Ferreira D\u2019Avila<\/td><td class=\"column-4\">Convocada em 24\/06\/2024<\/td>\n<\/tr>\n<tr class=\"row-71\">\n\t<td class=\"column-1\"><\/td><td class=\"column-2\">3\u00b0<\/td><td class=\"column-3\">Vin\u00edcius Foletto Bevilaqua<\/td><td class=\"column-4\"><s>Convocado em 04\/07\/2024<br \/>\nDesist\u00eancia<\/td>\n<\/tr>\n<tr class=\"row-72\">\n\t<td class=\"column-1\"><\/td><td class=\"column-2\">4\u00b0<\/td><td class=\"column-3\">Treicy Giovanella da Silveira<\/td><td class=\"column-4\"><s>Convocada em 08\/07\/2024<\/s><br \/>\nDesist\u00eancia<\/td>\n<\/tr>\n<tr class=\"row-73\">\n\t<td class=\"column-1\"><\/td><td class=\"column-2\">5\u00b0<\/td><td class=\"column-3\">L\u00edvio Silva de Oliveira<\/td><td class=\"column-4\">Convocado em 26\/04\/2023<\/td>\n<\/tr>\n<tr class=\"row-74\">\n\t<td class=\"column-1\"><strong>23110.033544\/2022-20<\/strong><br \/>\n<br \/>\nInstituto de F\u00edsica e Matem\u00e1tica<br \/>\n<br \/>\nEduca\u00e7\u00e3o Matem\u00e1tica<\/td><td class=\"column-2\">1\u00b0<\/td><td class=\"column-3\">Juliana Batista Pereira dos Santos<\/td><td class=\"column-4\">Desist\u00eancia<\/td>\n<\/tr>\n<tr class=\"row-75\">\n\t<td class=\"column-1\"><\/td><td class=\"column-2\">2\u00b0<\/td><td class=\"column-3\">Vanessa Silva da Luz<\/td><td class=\"column-4\">Convocada em 08\/02\/2023<\/td>\n<\/tr>\n<tr class=\"row-76\">\n\t<td class=\"column-1\"><\/td><td class=\"column-2\">3\u00b0<\/td><td class=\"column-3\">Luana Leal Alves<\/td><td class=\"column-4\"><s>Convocada em 10\/07\/2023<\/s><br \/>\nDesist\u00eancia<\/td>\n<\/tr>\n<\/tbody>\n<\/table>\n<!-- #tablepress-185 from cache -->\n<div class=\"titleStyle\"><strong> COTAS RACIAIS<\/strong><\/div>\n\n<table id=\"tablepress-186\" class=\"tablepress tablepress-id-186\">\n<thead>\n<tr class=\"row-1\">\n\t<th class=\"column-1\">Processo\/Unidade\/\u00c1rea<br \/>\nClasse<\/th><th class=\"column-2\">Classif.<\/th><th class=\"column-3\">Aprovados<\/th><th class=\"column-4\">Situa\u00e7\u00e3o<\/th>\n<\/tr>\n<\/thead>\n<tbody class=\"row-striping row-hover\">\n<tr class=\"row-2\">\n\t<td class=\"column-1\"><strong>23110.003341\/2022-17<\/strong><br \/>\n<br \/>\nCentro de Artes<br \/>\n<br \/>\nPr\u00e1tica Art\u00edstico-Pedag\u00f3gica em Dan\u00e7as Afro-Brasileira<\/td><td class=\"column-2\">1\u00b0<\/td><td class=\"column-3\">Robson Teixeira Porto<\/td><td class=\"column-4\">Convocado em 17\/03\/2023<\/td>\n<\/tr>\n<tr class=\"row-3\">\n\t<td class=\"column-1\"><strong>23110.032903\/2022-21<\/strong><br \/>\n<br \/>\nInstituto de Filosofia, Sociologia e Pol\u00edtica<br \/>\n<br \/>\nSociologia<\/td><td class=\"column-2\">2\u00b0<\/td><td class=\"column-3\">L\u00edvio Silva de Oliveira<\/td><td class=\"column-4\">Convocado em 26\/04\/2023<\/td>\n<\/tr>\n<\/tbody>\n<\/table>\n<!-- #tablepress-186 from cache -->\n<div class=\"titleStyle\"><strong> COTAS PCD<\/strong><\/div>\n<p style=\"text-align:center\">&#8212;&#8211;<\/p>\n<\/div>\n\n","protected":false},"excerpt":{"rendered":"<p>Convoca\u00e7\u00f5es- Edital 20\/2022 Acompanhe nesta p\u00e1gina a publica\u00e7\u00e3o dos\/as nomeados\/as para servidores\/as docentes na UFPEL. Confira a p\u00e1gina com as informa\u00e7\u00f5es a respeito do certame: Certame do Edital 20\/2022 Ampla Concorr\u00eancia COTAS RACIAIS COTAS PCD &#8212;&#8211;<\/p>\n","protected":false},"author":52,"featured_media":0,"parent":0,"menu_order":0,"comment_status":"closed","ping_status":"closed","template":"","meta":{"footnotes":""},"class_list":["post-21987","page","type-page","status-publish","hentry"],"_links":{"self":[{"href":"https:\/\/wp.ufpel.edu.br\/progep\/wp-json\/wp\/v2\/pages\/21987","targetHints":{"allow":["GET"]}}],"collection":[{"href":"https:\/\/wp.ufpel.edu.br\/progep\/wp-json\/wp\/v2\/pages"}],"about":[{"href":"https:\/\/wp.ufpel.edu.br\/progep\/wp-json\/wp\/v2\/types\/page"}],"author":[{"embeddable":true,"href":"https:\/\/wp.ufpel.edu.br\/progep\/wp-json\/wp\/v2\/users\/52"}],"replies":[{"embeddable":true,"href":"https:\/\/wp.ufpel.edu.br\/progep\/wp-json\/wp\/v2\/comments?post=21987"}],"version-history":[{"count":3,"href":"https:\/\/wp.ufpel.edu.br\/progep\/wp-json\/wp\/v2\/pages\/21987\/revisions"}],"predecessor-version":[{"id":39814,"href":"https:\/\/wp.ufpel.edu.br\/progep\/wp-json\/wp\/v2\/pages\/21987\/revisions\/39814"}],"wp:attachment":[{"href":"https:\/\/wp.ufpel.edu.br\/progep\/wp-json\/wp\/v2\/media?parent=21987"}],"curies":[{"name":"wp","href":"https:\/\/api.w.org\/{rel}","templated":true}]}}