{"id":21847,"date":"2023-04-28T10:06:24","date_gmt":"2023-04-28T13:06:24","guid":{"rendered":"https:\/\/wp.ufpel.edu.br\/progep\/?page_id=21847"},"modified":"2025-07-11T11:33:15","modified_gmt":"2025-07-11T14:33:15","slug":"direitos_e_deveres_nova","status":"publish","type":"page","link":"https:\/\/wp.ufpel.edu.br\/progep\/direitos_e_deveres_nova\/","title":{"rendered":"Direitos e Vantagens"},"content":{"rendered":"\n<div class=\"wp-block-group\"><div class=\"wp-block-group__inner-container is-layout-constrained wp-block-group-is-layout-constrained\">\n<div class=\"logoTituloModelStyle\"><img class=\"size-medium wp-image-27184 alignleft\" src=\"https:\/\/wp.ufpel.edu.br\/progep\/files\/2025\/03\/logo-progep_atualizacao-nome_AZUL.png\" alt=\"\" \/><\/p>\n<div><strong>Direitos e Vantagens<\/strong><\/div>\n<\/div>\n<hr class=\"hrModelStyle\" \/>\n<div class=\"descriptionModelStyle\">Nesta p\u00e1gina, voc\u00ea encontrar\u00e1 <strong>licen\u00e7as, afastamentos, aus\u00eancias, aux\u00edlios<\/strong> e <em>outros procedimentos de natureza similar<\/em>. Selecione abaixo clicando no bot\u00e3o a p\u00e1gina desejada.<\/div>\n<\/div><\/div>\n\n<div class=\"direitosStyle\">\n<div class=\"afastamentoStyle\">\n<strong class=\"collapseomatic \" id=\"id69d01af20bd53\" rel=\"-highlander\" tabindex=\"0\" title=\"Afastamentos\"    >Afastamentos<\/strong><div id=\"target-id69d01af20bd53\" class=\"collapseomatic_content \">\n<p><a href=\"https:\/\/wp.ufpel.edu.br\/progep\/?page_id=22171&amp;preview=true\">Afastamento para Mandato Eletivo<\/a><br \/>\n<a href=\"https:\/\/wp.ufpel.edu.br\/progep\/?page_id=23111&amp;preview=true\">Afastamento para Participa\u00e7\u00e3o em Competi\u00e7\u00e3o Desportiva<\/a><br \/>\n<a href=\"https:\/\/wp.ufpel.edu.br\/progep\/afastamento-para-pos-graduacao-pos-doutorado\/\" rel=\"noopener\">Afastamento para P\u00f3s-Gradua\u00e7\u00e3o\/P\u00f3s-Doutorado \n<\/a><br \/>\n<a href=\"https:\/\/wp.ufpel.edu.br\/progep\/?page_id=23114&amp;preview=true\">Afastamento para servir como Jurado e outros servi\u00e7os obrigat\u00f3rios por lei\u00a0<\/a><br \/>\n<\/div>\n<\/div>\n<div class=\"direitoUm\">\n<strong class=\"collapseomatic \" id=\"id69d01af20bddf\" rel=\"-highlander\" tabindex=\"0\" title=\"Direitos e Vantagens - A\"    >Direitos e Vantagens - A<\/strong><div id=\"target-id69d01af20bddf\" class=\"collapseomatic_content \">\n<p><a href=\"https:\/\/wp.ufpel.edu.br\/progep\/?page_id=22168&amp;preview=true\">Abono de Perman\u00eancia<\/a><br \/>\n<a href=\"https:\/\/wp.ufpel.edu.br\/progep\/acao-de-desenvolvimento-em-servico-2\/\" rel=\"noopener\">A\u00e7\u00e3o de Desenvolvimento em Servi\u00e7o<\/a><br \/>\n<a href=\"https:\/\/wp.ufpel.edu.br\/progep\/administracao-de-pessoal\/manual-do-servidor\/acumulo-de-cargos-empregos-e-funcoes\/\">Ac\u00famulo de Cargos, Empregos e Fun\u00e7\u00f5es<\/a><br \/>\n<a href=\"https:\/\/wp.ufpel.edu.br\/progep\/adicional-noturno\/\">Adicional Noturno<\/a><br \/>\n<a href=\"https:\/\/wp.ufpel.edu.br\/progep\/?page_id=22191&amp;preview=true\">Altera\u00e7\u00e3o de Dados Banc\u00e1rios<\/a><br \/>\n<a href=\"https:\/\/wp.ufpel.edu.br\/progep\/administracao-de-pessoal\/manual-do-servidor\/alteracao-de-regime-de-trabalho\/\">Altera\u00e7\u00e3o de Jornada de Trabalho<\/a><br \/>\n<a href=\"https:\/\/wp.ufpel.edu.br\/progep\/?page_id=23117&amp;preview=true\">Atestados e declara\u00e7\u00f5es<\/a><br \/>\n<a href=\"https:\/\/wp.ufpel.edu.br\/progep\/administracao-de-pessoal\/manual-do-servidor\/atualizacao-cadastral\/\">Atualiza\u00e7\u00e3o Cadastral<\/a><br \/>\n<a href=\"https:\/\/wp.ufpel.edu.br\/progep\/administracao-de-pessoal\/manual-do-servidor\/averbacao-de-tempo-de-servicocontribuicao\/\">Averba\u00e7\u00e3o de Tempo de Contribui\u00e7\u00e3o<\/a><br \/>\n<\/div>\n<\/div>\n<div class=\"direitoUm\">\n<strong class=\"collapseomatic \" id=\"id69d01af20be0f\" rel=\"-highlander\" tabindex=\"0\" title=\"Direitos e Vantagens - C-Z\"    >Direitos e Vantagens - C-Z<\/strong><div id=\"target-id69d01af20be0f\" class=\"collapseomatic_content \">\n<p><a href=\"https:\/\/wp.ufpel.edu.br\/progep\/direitos-e-vantagens-2\/\">Cadastro\/Altera\u00e7\u00e3o\/Exclus\u00e3o de Dependente<\/a><br \/>\n<a href=\"https:\/\/wp.ufpel.edu.br\/progep\/administracao-de-pessoal\/manual-do-servidor\/certidao-de-tempo-de-contribuicao\/\">Contagem\/Certid\u00e3o de Tempo de Contribui\u00e7\u00e3o<\/a><br \/>\n<a href=\"https:\/\/wp.ufpel.edu.br\/progep\/?page_id=23142&amp;preview=true\">Dispensa por Servi\u00e7o Prestado \u00e0 Justi\u00e7a Eleitoral<\/a><br \/>\n<a href=\"https:\/\/wp.ufpel.edu.br\/progep\/administracao-de-pessoal\/manual-do-servidor\/ferias-web\/\">F\u00e9rias (programa\u00e7\u00e3o, altera\u00e7\u00e3o e interrup\u00e7\u00e3o)<\/a><br \/>\n<a href=\"https:\/\/wp.ufpel.edu.br\/progep\/cdp\/horario-especial\/\" rel=\"noopener\">Hor\u00e1rio Especial ao servidor Estudante<\/a><br \/>\n<a href=\"https:\/\/wp.ufpel.edu.br\/progep\/?page_id=23145&amp;preview=true\">Pens\u00e3o Civil<\/a><br \/>\n<a href=\"https:\/\/wp.ufpel.edu.br\/progep\/sigepe-frequencia\/\" rel=\"noopener\">SIGEPE Frequ\u00eancia<\/a><br \/>\n<a href=\"https:\/\/wp.ufpel.edu.br\/progep\/?page_id=23154&amp;preview=true\">SISREF<\/a><br \/>\n<a href=\"https:\/\/wp.ufpel.edu.br\/progep\/?page_id=23157&amp;preview=true\">Substitui\u00e7\u00e3o de Chefia (pagamento)<\/a><br \/>\n<\/div>\n<\/div>\n<div class=\"ausenciaStyle\">\n<strong class=\"collapseomatic \" id=\"id69d01af20be38\" rel=\"-highlander\" tabindex=\"0\" title=\"Aus\u00eancias\"    >Aus\u00eancias<\/strong><div id=\"target-id69d01af20be38\" class=\"collapseomatic_content \">\n<p><a href=\"https:\/\/wp.ufpel.edu.br\/progep\/?page_id=23120&amp;preview=true\">Aus\u00eancia para Alistamento ou Recadastramento Eleitoral<\/a><br \/>\n<a href=\"https:\/\/wp.ufpel.edu.br\/progep\/?page_id=23123&amp;preview=true\">Aus\u00eancia para Doa\u00e7\u00e3o de Sangue<\/a><br \/>\n<a href=\"https:\/\/wp.ufpel.edu.br\/progep\/?page_id=23126&amp;preview=true\">Aus\u00eancia por motivo de Casamento<\/a><br \/>\n<a href=\"https:\/\/wp.ufpel.edu.br\/progep\/?page_id=23130&amp;preview=true\">Aus\u00eancia por motivo de Falecimento de familiar<\/a><br \/>\n<\/div>\n<\/div>\n<div class=\"auxilioStyle\">\n<strong class=\"collapseomatic \" id=\"id69d01af20be5c\" rel=\"-highlander\" tabindex=\"0\" title=\"Aux\u00edlios\"    >Aux\u00edlios<\/strong><div id=\"target-id69d01af20be5c\" class=\"collapseomatic_content \">\n<p><a href=\"https:\/\/wp.ufpel.edu.br\/progep\/?page_id=23133&amp;preview=true\">Aux\u00edlio Funeral<\/a><br \/>\n<a href=\"https:\/\/wp.ufpel.edu.br\/sei\/files\/2023\/03\/Auxilio-Natalidade.pdf\">Aux\u00edlio-Natalidade<\/a><br \/>\n<a href=\"https:\/\/wp.ufpel.edu.br\/sei\/files\/2023\/03\/Auxilio-Natalidade-Pai.pdf\">Aux\u00edlio-Natalidade (Pai)<\/a><br \/>\n<a href=\"https:\/\/wp.ufpel.edu.br\/sei\/files\/2023\/03\/Auxilio-Pre-Escolar.pdf\">Aux\u00edlio Pr\u00e9-Escolar<\/a><br \/>\n<a href=\"https:\/\/wp.ufpel.edu.br\/progep\/?page_id=23139&amp;preview=true\">Aux\u00edlio Reclus\u00e3o<\/a><br \/>\n<a href=\"https:\/\/wp.ufpel.edu.br\/sei\/files\/2024\/08\/Auxilio-Transporte.pdf\">Aux\u00edlio Transporte<\/a><br \/>\n<\/div>\n<\/div>\n<div class=\"licencaStyle\">\n<strong class=\"collapseomatic \" id=\"id69d01af20be80\" rel=\"-highlander\" tabindex=\"0\" title=\"Licen\u00e7a\"    >Licen\u00e7a<\/strong><div id=\"target-id69d01af20be80\" class=\"collapseomatic_content \">\n<p><a href=\"https:\/\/wp.ufpel.edu.br\/sei\/files\/2018\/06\/Licen%C3%A7a-Adotante-Prorrogra%C3%A7%C3%A3o-de-Lince%C3%A7a-Adotante.pdf\">Licen\u00e7a Adotante e Prorroga\u00e7\u00e3o de Licen\u00e7a Adotante<\/a><br \/>\n<a href=\"https:\/\/wp.ufpel.edu.br\/sei\/files\/2023\/01\/Licenca-Gestante-e-Prorrogacao.pdf\">Licen\u00e7a Gestante e Prorroga\u00e7\u00e3o<\/a><br \/>\n<a href=\"https:\/\/wp.ufpel.edu.br\/sei\/files\/2023\/03\/Licenca-Maternidade-e-Prorrogacao-para-Contratadas-Temporariamente.pdf\">Licen\u00e7a Maternidade e Prorroga\u00e7\u00e3o (para Contratadas Temporariamente)<\/a><br \/>\n<a href=\"https:\/\/wp.ufpel.edu.br\/sei\/files\/2023\/10\/Licenca-Paternidade-e-Prorrogacao.pdf\">Licen\u00e7a Paternidade e Prorroga\u00e7\u00e3o<\/a><br \/>\n<a href=\"https:\/\/wp.ufpel.edu.br\/sei\/files\/2024\/09\/Licenca-para-Acompanhar-Conjuge-ou-Companheiroa.pdf\">Licen\u00e7a para Acompanhar C\u00f4njuge ou Companheiro(a)<\/a><br \/>\n<a href=\"https:\/\/wp.ufpel.edu.br\/sei\/files\/2023\/10\/Licenca-para-Atividade-Politica.pdf\">Licen\u00e7a para Atividade Pol\u00edtica<\/a><br \/>\n<a href=\"https:\/\/wp.ufpel.edu.br\/progep\/licenca-para-capacitacao-2\/\" rel=\"noopener\">Licen\u00e7a para Capacita\u00e7\u00e3o &#8211; TAE e Docentes<\/a><br \/>\n<a href=\"https:\/\/wp.ufpel.edu.br\/sei\/files\/2023\/10\/Licenca-para-o-Desempenho-de-Mandato-Classista.pdf\">Licen\u00e7a para o Desempenho de Mandato Classista<\/a><br \/>\n<a href=\"https:\/\/wp.ufpel.edu.br\/sei\/files\/2024\/08\/Licenca-para-Tratar-de-Interesses-Particulares.pdf\">Licen\u00e7a para Tratar de Interesses Particulares<\/a><br \/>\n<\/div>\n<\/div>\n<\/div>","protected":false},"excerpt":{"rendered":"<p>Direitos e Vantagens Nesta p\u00e1gina, voc\u00ea encontrar\u00e1 licen\u00e7as, afastamentos, aus\u00eancias, aux\u00edlios e outros procedimentos de natureza similar. Selecione abaixo clicando no bot\u00e3o a p\u00e1gina desejada.<\/p>\n","protected":false},"author":21,"featured_media":0,"parent":0,"menu_order":0,"comment_status":"closed","ping_status":"closed","template":"","meta":{"footnotes":""},"class_list":["post-21847","page","type-page","status-publish","hentry"],"_links":{"self":[{"href":"https:\/\/wp.ufpel.edu.br\/progep\/wp-json\/wp\/v2\/pages\/21847","targetHints":{"allow":["GET"]}}],"collection":[{"href":"https:\/\/wp.ufpel.edu.br\/progep\/wp-json\/wp\/v2\/pages"}],"about":[{"href":"https:\/\/wp.ufpel.edu.br\/progep\/wp-json\/wp\/v2\/types\/page"}],"author":[{"embeddable":true,"href":"https:\/\/wp.ufpel.edu.br\/progep\/wp-json\/wp\/v2\/users\/21"}],"replies":[{"embeddable":true,"href":"https:\/\/wp.ufpel.edu.br\/progep\/wp-json\/wp\/v2\/comments?post=21847"}],"version-history":[{"count":51,"href":"https:\/\/wp.ufpel.edu.br\/progep\/wp-json\/wp\/v2\/pages\/21847\/revisions"}],"predecessor-version":[{"id":34990,"href":"https:\/\/wp.ufpel.edu.br\/progep\/wp-json\/wp\/v2\/pages\/21847\/revisions\/34990"}],"wp:attachment":[{"href":"https:\/\/wp.ufpel.edu.br\/progep\/wp-json\/wp\/v2\/media?parent=21847"}],"curies":[{"name":"wp","href":"https:\/\/api.w.org\/{rel}","templated":true}]}}