{"id":21838,"date":"2023-04-28T10:06:06","date_gmt":"2023-04-28T13:06:06","guid":{"rendered":"https:\/\/wp.ufpel.edu.br\/progep\/?page_id=21838"},"modified":"2026-04-01T10:45:35","modified_gmt":"2026-04-01T13:45:35","slug":"carreira_nova","status":"publish","type":"page","link":"https:\/\/wp.ufpel.edu.br\/progep\/carreira_nova\/","title":{"rendered":"CARREIRA"},"content":{"rendered":"\n<div class=\"wp-block-group\"><div class=\"wp-block-group__inner-container is-layout-constrained wp-block-group-is-layout-constrained\">\n<div class=\"logoTituloModelStyle\"><img class=\"size-medium wp-image-27184 alignleft\" src=\"https:\/\/wp.ufpel.edu.br\/progep\/files\/2025\/03\/logo-progep_atualizacao-nome_AZUL.png\" alt=\"\" \/><\/p>\n<div style=\"font-size: 50pt;padding: 1rem 0 2rem\"><strong>Carreira<\/strong><\/div>\n<\/div>\n<hr class=\"hrModelStyle\" \/>\n<div class=\"descriptionModelStyle\">Encontre nessas p\u00e1ginas a sua carreira. <strong>Servidor\/a Docente e T\u00e9cnico\/a Administrativo\/a<\/strong>, aqui voc\u00ea consultar\u00e1 procedimentos realizados ao longo de sua jornada enquanto servidor(a).<\/div>\n<\/div><\/div>\n\n\n<div class=\"carreiraStyle\">\n<div class=\"carreiraName\" style=\"font-size: 18pt\">T\u00e9cnicos Administrativos<\/div>\n<div class=\"carreiraContent\"><a href=\"https:\/\/wp.ufpel.edu.br\/progep\/reposicionamento-da-carreira-tae-medida-provisoria\/\">Reposicionamento da carreira TAE <br \/>Lei n\u00ba 15.141\/2025<\/a><br \/><a href=\"https:\/\/wp.ufpel.edu.br\/progep\/sobre-a-carreira-tae\/\">Sobre a Carreira TAE<\/a><br \/><a href=\"https:\/\/wp.ufpel.edu.br\/progep\/avaliacao-de-desempenho-de-tecnico-administrativo\/\" rel=\"noopener\">Avalia\u00e7\u00e3o de Desempenho<\/a><br \/><a href=\"https:\/\/wp.ufpel.edu.br\/progep\/aceleracao-da-progressao-por-capacitacao\/\" rel=\"noopener\">Acelera\u00e7\u00e3o da Progress\u00e3o por Capacita\u00e7\u00e3o<\/a><br \/><a href=\"https:\/\/wp.ufpel.edu.br\/progep\/cdp\/estagio-probatorio\/\" rel=\"noopener\">Est\u00e1gio Probat\u00f3rio<\/a><br \/><a href=\"https:\/\/wp.ufpel.edu.br\/progep\/incentivo-a-qualificacao-de-tecnico-administrativo\/\" rel=\"noopener\">Incentivo \u00e0 Qualifica\u00e7\u00e3o<\/a>\n<a href=\"https:\/\/wp.ufpel.edu.br\/progep\/reconhecimento-de-saberes-e-competencias\/\">Reconhecimento de Saberes e Compet\u00eancias<\/a>\n<br \/><a href=\"https:\/\/wp.ufpel.edu.br\/progep\/progressao-por-merito\/\" rel=\"noopener\">Progress\u00e3o por M\u00e9rito<\/a><\/div>\n<\/div>\n<div class=\"carreiraStyle\">\n<div class=\"carreiraName\" style=\"font-size: 18pt\">Docentes<\/div>\n<div class=\"carreiraContent\"><a href=\"https:\/\/wp.ufpel.edu.br\/progep\/reposicionamento-da-carreira-docente-medida-provisoria\/\" rel=\"noopener\">Reposicionamento da carreira Docente  <br \/>Lei n\u00ba 15.141\/2025<\/a> <br \/><a href=\"https:\/\/wp.ufpel.edu.br\/progep\/remuneracao-servidores-as-docentes\/\" rel=\"noopener\">Remunera\u00e7\u00e3o Servidores\/as Docentes<\/a><br \/><a href=\"https:\/\/wp.ufpel.edu.br\/progep\/estagio-probatorio-docente\/\" rel=\"noopener\">Est\u00e1gio Probat\u00f3rio\u00a0<\/a><br \/><a href=\"https:\/\/wp.ufpel.edu.br\/progep\/promocao-e-progressao-docente\/\">Progress\u00e3o e Promo\u00e7\u00e3o Funcional Docente<\/a><br \/><a href=\"https:\/\/wp.ufpel.edu.br\/progep\/cdp\/retribuicao-por-titulacao-de-docentes\/\" rel=\"noopener\">Retribui\u00e7\u00e3o por Titula\u00e7\u00e3o<\/a><\/div>\n<\/div>","protected":false},"excerpt":{"rendered":"<p>Carreira Encontre nessas p\u00e1ginas a sua carreira. Servidor\/a Docente e T\u00e9cnico\/a Administrativo\/a, aqui voc\u00ea consultar\u00e1 procedimentos realizados ao longo de sua jornada enquanto servidor(a). T\u00e9cnicos Administrativos Reposicionamento da carreira TAE Lei n\u00ba 15.141\/2025Sobre a Carreira TAEAvalia\u00e7\u00e3o de DesempenhoAcelera\u00e7\u00e3o da Progress\u00e3o por Capacita\u00e7\u00e3oEst\u00e1gio Probat\u00f3rioIncentivo \u00e0 Qualifica\u00e7\u00e3o Reconhecimento de Saberes e Compet\u00eancias Progress\u00e3o por M\u00e9rito Docentes Reposicionamento [&hellip;]<\/p>\n","protected":false},"author":21,"featured_media":0,"parent":0,"menu_order":0,"comment_status":"closed","ping_status":"closed","template":"","meta":{"footnotes":""},"class_list":["post-21838","page","type-page","status-publish","hentry"],"_links":{"self":[{"href":"https:\/\/wp.ufpel.edu.br\/progep\/wp-json\/wp\/v2\/pages\/21838","targetHints":{"allow":["GET"]}}],"collection":[{"href":"https:\/\/wp.ufpel.edu.br\/progep\/wp-json\/wp\/v2\/pages"}],"about":[{"href":"https:\/\/wp.ufpel.edu.br\/progep\/wp-json\/wp\/v2\/types\/page"}],"author":[{"embeddable":true,"href":"https:\/\/wp.ufpel.edu.br\/progep\/wp-json\/wp\/v2\/users\/21"}],"replies":[{"embeddable":true,"href":"https:\/\/wp.ufpel.edu.br\/progep\/wp-json\/wp\/v2\/comments?post=21838"}],"version-history":[{"count":3,"href":"https:\/\/wp.ufpel.edu.br\/progep\/wp-json\/wp\/v2\/pages\/21838\/revisions"}],"predecessor-version":[{"id":40998,"href":"https:\/\/wp.ufpel.edu.br\/progep\/wp-json\/wp\/v2\/pages\/21838\/revisions\/40998"}],"wp:attachment":[{"href":"https:\/\/wp.ufpel.edu.br\/progep\/wp-json\/wp\/v2\/media?parent=21838"}],"curies":[{"name":"wp","href":"https:\/\/api.w.org\/{rel}","templated":true}]}}