{"id":21788,"date":"2022-11-17T09:34:40","date_gmt":"2022-11-17T12:34:40","guid":{"rendered":"https:\/\/wp.ufpel.edu.br\/progep\/?page_id=21788"},"modified":"2025-06-30T14:27:46","modified_gmt":"2025-06-30T17:27:46","slug":"oficina-teorica-e-pratica-de-plantas-medicinais-no-cuidado-a-feridas","status":"publish","type":"page","link":"https:\/\/wp.ufpel.edu.br\/progep\/oficina-teorica-e-pratica-de-plantas-medicinais-no-cuidado-a-feridas\/","title":{"rendered":"Capacita\u00e7\u00e3o: Oficina (te\u00f3rica e pr\u00e1tica) de plantas medicinais no cuidado a feridas"},"content":{"rendered":"<p><strong>Facilitadora:<\/strong> Prof\u00aa Teila Ceolin (Docente da Faculdade de Enfermagem &#8211; UFPel)<\/p>\n<p><strong>Data:<\/strong> 29\/11\/2022 (ter\u00e7a-feira)<\/p>\n<p><strong>Hor\u00e1rio: <\/strong>das 14h \u00e0s 16h<\/p>\n<p><strong>Realiza\u00e7\u00e3o:<\/strong> Presencial &#8211; <del>laborat\u00f3rio na sala 256<\/del>, Faculdade de Enfermagem, 2\u00ba andar no Campus Anglo.<br \/>\n<span style=\"color: #0000ff\"><strong>O local sofreu altera\u00e7\u00e3o para a sala 257 (laborat\u00f3rio).<\/strong><\/span><\/p>\n<p><strong>Ementa: <\/strong>Ser\u00e1 realizada uma oficina te\u00f3rica e pr\u00e1tica sobre plantas medicinais com potencial no cuidado de feridas. Durante a atividade pr\u00e1tica, os participantes preparar\u00e3o uma pomada a partir de plantas medicinais.<\/p>\n<p><strong>P\u00fablico Alvo<\/strong>: Servidores docentes e TAE\u2019s ativos*<\/p>\n<p><strong>N\u00famero de vagas<\/strong>: 20 vagas, limitadas por ordem de inscri\u00e7\u00e3o<\/p>\n<p><strong>Per\u00edodo de inscri\u00e7\u00e3o<\/strong>: 17\/11 a 27\/11\/2022<\/p>\n<p><strong>Divulga\u00e7\u00e3o das inscri\u00e7\u00f5es homologadas<\/strong>: 28\/11**, nesta p\u00e1gina.<\/p>\n<p><span style=\"color: #0000ff\"><strong>Importante<\/strong>: Solicita-se aos participantes que levem um pequeno vidro para acondicionamento da pomada preparada<\/span>.<\/p>\n<p>*Considerando a Pol\u00edtica Nacional de Desenvolvimento de Pessoas, conforme Decreto n\u00ba 9.991\/19, somente ser\u00e3o certificados os servidores p\u00fablicos pertencentes ao Quadro Efetivo da UFPel.<\/p>\n<p>**Quando homologadas as inscri\u00e7\u00f5es, os selecionados receber\u00e3o e-mail com instru\u00e7\u00f5es de acesso \u00e0 sala de Webconf da UFPel.<\/p>\n<p><span style=\"color: #ff6600\"><strong><a style=\"color: #ff6600\" href=\"https:\/\/wp.ufpel.edu.br\/progep\/files\/2022\/11\/Homologacao-Oficina-de-Plantas-Medicinais.pdf\" target=\"_blank\" rel=\"noopener\">INSCRI\u00c7\u00d5ES HOMOLOGADAS<\/a><\/strong><\/span><\/p>\n<p>&nbsp;<\/p>\n","protected":false},"excerpt":{"rendered":"<p>Facilitadora: Prof\u00aa Teila Ceolin (Docente da Faculdade de Enfermagem &#8211; UFPel) Data: 29\/11\/2022 (ter\u00e7a-feira) Hor\u00e1rio: das 14h \u00e0s 16h Realiza\u00e7\u00e3o: Presencial &#8211; laborat\u00f3rio na sala 256, Faculdade de Enfermagem, 2\u00ba andar no Campus Anglo. O local sofreu altera\u00e7\u00e3o para a sala 257 (laborat\u00f3rio). Ementa: Ser\u00e1 realizada uma oficina te\u00f3rica e pr\u00e1tica sobre plantas medicinais com [&hellip;]<\/p>\n","protected":false},"author":21,"featured_media":0,"parent":0,"menu_order":0,"comment_status":"closed","ping_status":"closed","template":"","meta":{"footnotes":""},"class_list":["post-21788","page","type-page","status-publish","hentry"],"_links":{"self":[{"href":"https:\/\/wp.ufpel.edu.br\/progep\/wp-json\/wp\/v2\/pages\/21788","targetHints":{"allow":["GET"]}}],"collection":[{"href":"https:\/\/wp.ufpel.edu.br\/progep\/wp-json\/wp\/v2\/pages"}],"about":[{"href":"https:\/\/wp.ufpel.edu.br\/progep\/wp-json\/wp\/v2\/types\/page"}],"author":[{"embeddable":true,"href":"https:\/\/wp.ufpel.edu.br\/progep\/wp-json\/wp\/v2\/users\/21"}],"replies":[{"embeddable":true,"href":"https:\/\/wp.ufpel.edu.br\/progep\/wp-json\/wp\/v2\/comments?post=21788"}],"version-history":[{"count":9,"href":"https:\/\/wp.ufpel.edu.br\/progep\/wp-json\/wp\/v2\/pages\/21788\/revisions"}],"predecessor-version":[{"id":34056,"href":"https:\/\/wp.ufpel.edu.br\/progep\/wp-json\/wp\/v2\/pages\/21788\/revisions\/34056"}],"wp:attachment":[{"href":"https:\/\/wp.ufpel.edu.br\/progep\/wp-json\/wp\/v2\/media?parent=21788"}],"curies":[{"name":"wp","href":"https:\/\/api.w.org\/{rel}","templated":true}]}}