{"id":21787,"date":"2022-11-17T09:39:39","date_gmt":"2022-11-17T12:39:39","guid":{"rendered":"https:\/\/wp.ufpel.edu.br\/progep\/?page_id=21787"},"modified":"2025-06-30T14:27:50","modified_gmt":"2025-06-30T17:27:50","slug":"capacita-na-web-pare-veja-e-ouca-o-que-precisamos-saber-sobre-a-saude-do-homem","status":"publish","type":"page","link":"https:\/\/wp.ufpel.edu.br\/progep\/capacita-na-web-pare-veja-e-ouca-o-que-precisamos-saber-sobre-a-saude-do-homem\/","title":{"rendered":"Capacita\u00e7\u00e3o: Capacita na Web: Pare, veja e ou\u00e7a: o que precisamos saber sobre a sa\u00fade do homem"},"content":{"rendered":"<p><strong>Facilitador:<\/strong> Luis Ol\u00edmpio Dias Jord\u00e3o (M\u00e9dico Urologista, servidor T\u00e9cnico Administrativo do Hospital Escola &#8211; UFPel)<\/p>\n<p><strong>Data:<\/strong> 30\/11\/2022 (quarta-feira)<\/p>\n<p><strong>Hor\u00e1rio: <\/strong>das 10h \u00e0s 11h30min<\/p>\n<p><strong>Realiza\u00e7\u00e3o:<\/strong>\u00a0plataforma Webconf da UFPel (na modalidade\u00a0<em>on-line)<\/em><\/p>\n<p><strong>Ementa:<\/strong> Checklist da sa\u00fade masculina.<\/p>\n<p><strong>P\u00fablico Alvo<\/strong>: Servidores docentes e TAE\u2019s ativos*<\/p>\n<p><strong>Per\u00edodo de inscri\u00e7\u00e3o<\/strong>: 17\/11 a 27\/11\/2022<\/p>\n<p><strong>Divulga\u00e7\u00e3o das inscri\u00e7\u00f5es homologadas<\/strong>: 28\/11**, nesta p\u00e1gina.<\/p>\n<p>*Considerando a Pol\u00edtica Nacional de Desenvolvimento de Pessoas, conforme Decreto n\u00ba 9.991\/19, somente ser\u00e3o certificados os servidores p\u00fablicos pertencentes ao Quadro Efetivo da UFPel.<\/p>\n<p>**Quando homologadas as inscri\u00e7\u00f5es, os selecionados receber\u00e3o e-mail com instru\u00e7\u00f5es de acesso \u00e0 sala de Webconf da UFPel.<\/p>\n<p><span style=\"color: #ff6600\"><strong><a style=\"color: #ff6600\" href=\"https:\/\/wp.ufpel.edu.br\/progep\/files\/2022\/11\/Homologacao-Saude-do-Homem-Novembro-azul.pdf\" target=\"_blank\" rel=\"noopener\">INSCRI\u00c7\u00d5ES HOMOLOGADAS<\/a><\/strong><\/span><\/p>\n","protected":false},"excerpt":{"rendered":"<p>Facilitador: Luis Ol\u00edmpio Dias Jord\u00e3o (M\u00e9dico Urologista, servidor T\u00e9cnico Administrativo do Hospital Escola &#8211; UFPel) Data: 30\/11\/2022 (quarta-feira) Hor\u00e1rio: das 10h \u00e0s 11h30min Realiza\u00e7\u00e3o:\u00a0plataforma Webconf da UFPel (na modalidade\u00a0on-line) Ementa: Checklist da sa\u00fade masculina. P\u00fablico Alvo: Servidores docentes e TAE\u2019s ativos* Per\u00edodo de inscri\u00e7\u00e3o: 17\/11 a 27\/11\/2022 Divulga\u00e7\u00e3o das inscri\u00e7\u00f5es homologadas: 28\/11**, nesta p\u00e1gina. *Considerando [&hellip;]<\/p>\n","protected":false},"author":21,"featured_media":0,"parent":0,"menu_order":0,"comment_status":"closed","ping_status":"closed","template":"","meta":{"footnotes":""},"class_list":["post-21787","page","type-page","status-publish","hentry"],"_links":{"self":[{"href":"https:\/\/wp.ufpel.edu.br\/progep\/wp-json\/wp\/v2\/pages\/21787","targetHints":{"allow":["GET"]}}],"collection":[{"href":"https:\/\/wp.ufpel.edu.br\/progep\/wp-json\/wp\/v2\/pages"}],"about":[{"href":"https:\/\/wp.ufpel.edu.br\/progep\/wp-json\/wp\/v2\/types\/page"}],"author":[{"embeddable":true,"href":"https:\/\/wp.ufpel.edu.br\/progep\/wp-json\/wp\/v2\/users\/21"}],"replies":[{"embeddable":true,"href":"https:\/\/wp.ufpel.edu.br\/progep\/wp-json\/wp\/v2\/comments?post=21787"}],"version-history":[{"count":6,"href":"https:\/\/wp.ufpel.edu.br\/progep\/wp-json\/wp\/v2\/pages\/21787\/revisions"}],"predecessor-version":[{"id":34057,"href":"https:\/\/wp.ufpel.edu.br\/progep\/wp-json\/wp\/v2\/pages\/21787\/revisions\/34057"}],"wp:attachment":[{"href":"https:\/\/wp.ufpel.edu.br\/progep\/wp-json\/wp\/v2\/media?parent=21787"}],"curies":[{"name":"wp","href":"https:\/\/api.w.org\/{rel}","templated":true}]}}