{"id":21734,"date":"2022-11-01T14:56:03","date_gmt":"2022-11-01T17:56:03","guid":{"rendered":"https:\/\/wp.ufpel.edu.br\/progep\/?page_id=21734"},"modified":"2022-11-11T16:45:51","modified_gmt":"2022-11-11T19:45:51","slug":"capacitacao-para-o-programa-de-gestao-e-desempenho-pgd","status":"publish","type":"page","link":"https:\/\/wp.ufpel.edu.br\/progep\/capacitacao-para-o-programa-de-gestao-e-desempenho-pgd\/","title":{"rendered":"Capacita\u00e7\u00e3o para o Programa de Gest\u00e3o e Desempenho &#8211; PGD"},"content":{"rendered":"<p><b>Modalidade: <\/b>On-line, sem tutoria, ass\u00edncrono<\/p>\n<p><strong>Realiza\u00e7\u00e3o:<\/strong> e-PROJETO<\/p>\n<p><strong>Carga Hor\u00e1ria:<\/strong> 2 horas<\/p>\n<p><strong>Data de in\u00edcio:<\/strong> 16\/11\/2022 (quarta-feira)<\/p>\n<p><strong>Ementa: <\/strong>A capacita\u00e7\u00e3o visa preparar os servidores para o Programa de Gest\u00e3o e Desempenho &#8211; PGD, da UFPel.<\/p>\n<p><strong>P\u00fablico Alvo<\/strong>: TAE\u2019s ativos*<\/p>\n<p><strong>Per\u00edodo de inscri\u00e7\u00e3o<\/strong>: 01\/11 a 10\/11\/2022<\/p>\n<p><strong>Divulga\u00e7\u00e3o das inscri\u00e7\u00f5es homologadas<\/strong>: 11\/11**, nesta p\u00e1gina.<\/p>\n<p>*Considerando a Pol\u00edtica Nacional de Desenvolvimento de Pessoas, conforme Decreto n\u00ba 9.991\/19, somente ser\u00e3o certificados os servidores p\u00fablicos pertencentes ao Quadro Efetivo da UFPel.<\/p>\n<p>**Quando homologadas as inscri\u00e7\u00f5es, os selecionados receber\u00e3o e-mail com instru\u00e7\u00f5es de acesso \u00e0 sala de Webconf da UFPel.<\/p>\n<p><strong><span style=\"color: #ff6600\"><a style=\"color: #ff6600\" href=\"https:\/\/wp.ufpel.edu.br\/progep\/files\/2022\/11\/PGD-completa.pdf\">INSCRI\u00c7\u00d5ES HOMOLOGADAS<\/a><\/span><\/strong><\/p>\n","protected":false},"excerpt":{"rendered":"<p>Modalidade: On-line, sem tutoria, ass\u00edncrono Realiza\u00e7\u00e3o: e-PROJETO Carga Hor\u00e1ria: 2 horas Data de in\u00edcio: 16\/11\/2022 (quarta-feira) Ementa: A capacita\u00e7\u00e3o visa preparar os servidores para o Programa de Gest\u00e3o e Desempenho &#8211; PGD, da UFPel. P\u00fablico Alvo: TAE\u2019s ativos* Per\u00edodo de inscri\u00e7\u00e3o: 01\/11 a 10\/11\/2022 Divulga\u00e7\u00e3o das inscri\u00e7\u00f5es homologadas: 11\/11**, nesta p\u00e1gina. *Considerando a Pol\u00edtica Nacional [&hellip;]<\/p>\n","protected":false},"author":21,"featured_media":0,"parent":0,"menu_order":0,"comment_status":"closed","ping_status":"closed","template":"","meta":{"footnotes":""},"class_list":["post-21734","page","type-page","status-publish","hentry"],"_links":{"self":[{"href":"https:\/\/wp.ufpel.edu.br\/progep\/wp-json\/wp\/v2\/pages\/21734","targetHints":{"allow":["GET"]}}],"collection":[{"href":"https:\/\/wp.ufpel.edu.br\/progep\/wp-json\/wp\/v2\/pages"}],"about":[{"href":"https:\/\/wp.ufpel.edu.br\/progep\/wp-json\/wp\/v2\/types\/page"}],"author":[{"embeddable":true,"href":"https:\/\/wp.ufpel.edu.br\/progep\/wp-json\/wp\/v2\/users\/21"}],"replies":[{"embeddable":true,"href":"https:\/\/wp.ufpel.edu.br\/progep\/wp-json\/wp\/v2\/comments?post=21734"}],"version-history":[{"count":7,"href":"https:\/\/wp.ufpel.edu.br\/progep\/wp-json\/wp\/v2\/pages\/21734\/revisions"}],"predecessor-version":[{"id":21776,"href":"https:\/\/wp.ufpel.edu.br\/progep\/wp-json\/wp\/v2\/pages\/21734\/revisions\/21776"}],"wp:attachment":[{"href":"https:\/\/wp.ufpel.edu.br\/progep\/wp-json\/wp\/v2\/media?parent=21734"}],"curies":[{"name":"wp","href":"https:\/\/api.w.org\/{rel}","templated":true}]}}