{"id":21678,"date":"2022-10-25T10:55:15","date_gmt":"2022-10-25T13:55:15","guid":{"rendered":"https:\/\/wp.ufpel.edu.br\/progep\/?page_id=21678"},"modified":"2025-06-30T14:27:38","modified_gmt":"2025-06-30T17:27:38","slug":"capacita-da-web-afinal-o-que-e-sala-de-aula-invertida","status":"publish","type":"page","link":"https:\/\/wp.ufpel.edu.br\/progep\/capacita-da-web-afinal-o-que-e-sala-de-aula-invertida\/","title":{"rendered":"Capacita\u00e7\u00e3o: Capacita da Web: Afinal, o que \u00e9 sala de aula invertida?"},"content":{"rendered":"<p><strong>Facilitadores:<\/strong> Tanise Paula Novello e Carla Denize Ott Felcher (Professoras do Instituto de F\u00edsica e Matem\u00e1tica da UFPel)<\/p>\n<p><strong>Data:<\/strong> 08\/11\/2022 (ter\u00e7a-feira)<\/p>\n<p><strong>Hor\u00e1rio: <\/strong>das 09h \u00e0s 11h<\/p>\n<p><strong>Realiza\u00e7\u00e3o:<\/strong>\u00a0plataforma Webconf da UFPel (na modalidade\u00a0<em>on-line)<\/em><\/p>\n<p><strong>Ementa:<\/strong> A roda de conversa aborda o que \u00e9 a sala de aula invertida, considerando que \u00e9 uma metodologia ativa e um modelo sustentado de ensino h\u00edbrido. Discute as potencialidades e as limita\u00e7\u00f5es desta metodologia no contexto do ensino superior, al\u00e9m de trazer experi\u00eancias pr\u00e1ticas a respeito da sua implementa\u00e7\u00e3o em sala de aula. Por fim, prop\u00f5e reflex\u00f5es a respeito da sala de aula invertida e dos cr\u00e9ditos EaD em prol da aprendizagem dos graduandos.<\/p>\n<p><strong>P\u00fablico Alvo<\/strong>: Servidores docentes e TAE\u2019s ativos*<\/p>\n<p><strong>Per\u00edodo de inscri\u00e7\u00e3o<\/strong>: 25\/10 a 03\/11\/2022<\/p>\n<p><strong>Divulga\u00e7\u00e3o das inscri\u00e7\u00f5es homologadas<\/strong>: 04\/11**, nesta p\u00e1gina.<\/p>\n<p>*Considerando a Pol\u00edtica Nacional de Desenvolvimento de Pessoas, conforme Decreto n\u00ba 9.991\/19, somente ser\u00e3o certificados os servidores p\u00fablicos pertencentes ao Quadro Efetivo da UFPel.<\/p>\n<p>**Quando homologadas as inscri\u00e7\u00f5es, os selecionados receber\u00e3o e-mail com instru\u00e7\u00f5es de acesso \u00e0 sala de Webconf da UFPel.<\/p>\n<p><strong><span style=\"color: #ff6600\"><a style=\"color: #ff6600\" href=\"https:\/\/wp.ufpel.edu.br\/progep\/files\/2022\/11\/Afinal-o-que-e-sala-de-aula-invertida-1.pdf\">INSCRI\u00c7\u00d5ES HOMOLOGADAS<\/a><\/span><\/strong><\/p>\n<p>&nbsp;<\/p>\n","protected":false},"excerpt":{"rendered":"<p>Facilitadores: Tanise Paula Novello e Carla Denize Ott Felcher (Professoras do Instituto de F\u00edsica e Matem\u00e1tica da UFPel) Data: 08\/11\/2022 (ter\u00e7a-feira) Hor\u00e1rio: das 09h \u00e0s 11h Realiza\u00e7\u00e3o:\u00a0plataforma Webconf da UFPel (na modalidade\u00a0on-line) Ementa: A roda de conversa aborda o que \u00e9 a sala de aula invertida, considerando que \u00e9 uma metodologia ativa e um modelo [&hellip;]<\/p>\n","protected":false},"author":21,"featured_media":0,"parent":0,"menu_order":0,"comment_status":"closed","ping_status":"closed","template":"","meta":{"footnotes":""},"class_list":["post-21678","page","type-page","status-publish","hentry"],"_links":{"self":[{"href":"https:\/\/wp.ufpel.edu.br\/progep\/wp-json\/wp\/v2\/pages\/21678","targetHints":{"allow":["GET"]}}],"collection":[{"href":"https:\/\/wp.ufpel.edu.br\/progep\/wp-json\/wp\/v2\/pages"}],"about":[{"href":"https:\/\/wp.ufpel.edu.br\/progep\/wp-json\/wp\/v2\/types\/page"}],"author":[{"embeddable":true,"href":"https:\/\/wp.ufpel.edu.br\/progep\/wp-json\/wp\/v2\/users\/21"}],"replies":[{"embeddable":true,"href":"https:\/\/wp.ufpel.edu.br\/progep\/wp-json\/wp\/v2\/comments?post=21678"}],"version-history":[{"count":9,"href":"https:\/\/wp.ufpel.edu.br\/progep\/wp-json\/wp\/v2\/pages\/21678\/revisions"}],"predecessor-version":[{"id":34055,"href":"https:\/\/wp.ufpel.edu.br\/progep\/wp-json\/wp\/v2\/pages\/21678\/revisions\/34055"}],"wp:attachment":[{"href":"https:\/\/wp.ufpel.edu.br\/progep\/wp-json\/wp\/v2\/media?parent=21678"}],"curies":[{"name":"wp","href":"https:\/\/api.w.org\/{rel}","templated":true}]}}